{"id":452,"date":"2025-06-24T06:33:21","date_gmt":"2025-06-24T06:33:21","guid":{"rendered":"https:\/\/alliance-helvetique.ch\/?post_type=product&#038;p=452"},"modified":"2025-08-06T10:18:03","modified_gmt":"2025-08-06T10:18:03","slug":"autocollant-alliance-helvetique","status":"publish","type":"product","link":"https:\/\/alliance-helvetique.ch\/it\/prodotto\/autocollant-alliance-helvetique\/","title":{"rendered":"Autocollant Alliance Helv\u00e9tique"},"content":{"rendered":"<p>Autocollant Alliance Helv\u00e9tique (en fran\u00e7ais)<\/p>\n<p>A coller sur votre voiture, sur votre bo\u00eete-aux-lettres ou sur tout autre support<\/p>\n<p>Dimensions : 14 cm x 4.6 cm<\/p>\n<p>Autocollant avec logo et lettres d\u00e9coup\u00e9es, sans fond.<\/p>\n<p>1 pi\u00e8ce<\/p>","protected":false},"excerpt":{"rendered":"<p>Autocollant Alliance Helv\u00e9tique (en fran\u00e7ais) A coller sur votre voiture, sur votre bo\u00eete-aux-lettres ou sur tout autre support Dimensions : 14 cm x 4.6 cm Autocollant avec logo et lettres d\u00e9coup\u00e9es, sans fond. 1 pi\u00e8ce<\/p>","protected":false},"featured_media":1045,"comment_status":"open","ping_status":"closed","template":"","meta":{"_et_pb_use_builder":"","_et_pb_old_content":"","_et_gb_content_width":""},"product_brand":[],"product_cat":[135],"product_tag":[63,62,65,64,66],"class_list":{"0":"post-452","1":"product","2":"type-product","3":"status-publish","4":"has-post-thumbnail","6":"product_cat-autocollants","7":"product_tag-alliance","8":"product_tag-autocollant","9":"product_tag-francais","10":"product_tag-helvetique","11":"product_tag-stickers","13":"first","14":"instock","15":"shipping-taxable","16":"purchasable","17":"product-type-simple"},"yoast_head":"<!-- This site is optimized with the Yoast SEO plugin v25.7 - https:\/\/yoast.com\/wordpress\/plugins\/seo\/ -->\n<title>Autocollant Alliance Helv\u00e9tique - Alliance Helv\u00e9tique<\/title>\n<meta name=\"robots\" content=\"index, follow, max-snippet:-1, max-image-preview:large, max-video-preview:-1\" \/>\n<link rel=\"canonical\" href=\"https:\/\/alliance-helvetique.ch\/it\/prodotto\/autocollant-alliance-helvetique\/\" \/>\n<meta property=\"og:locale\" content=\"it_IT\" \/>\n<meta property=\"og:type\" content=\"article\" \/>\n<meta property=\"og:title\" content=\"Autocollant Alliance Helv\u00e9tique - Alliance Helv\u00e9tique\" \/>\n<meta property=\"og:description\" content=\"Autocollant Alliance Helv\u00e9tique (en fran\u00e7ais) A coller sur votre voiture, sur votre bo\u00eete-aux-lettres ou sur tout autre support Dimensions : 14 cm x 4.6 cm Autocollant avec logo et lettres d\u00e9coup\u00e9es, sans fond. 1 pi\u00e8ce\" \/>\n<meta property=\"og:url\" content=\"https:\/\/alliance-helvetique.ch\/it\/prodotto\/autocollant-alliance-helvetique\/\" \/>\n<meta property=\"og:site_name\" content=\"Alliance Helv\u00e9tique\" \/>\n<meta property=\"article:modified_time\" content=\"2025-08-06T10:18:03+00:00\" \/>\n<meta property=\"og:image\" content=\"https:\/\/alliance-helvetique.ch\/wp-content\/uploads\/2025\/06\/voiture-fr.jpg\" \/>\n\t<meta property=\"og:image:width\" content=\"1080\" \/>\n\t<meta property=\"og:image:height\" content=\"1080\" \/>\n\t<meta property=\"og:image:type\" content=\"image\/jpeg\" \/>\n<meta name=\"twitter:card\" content=\"summary_large_image\" \/>\n<script type=\"application\/ld+json\" class=\"yoast-schema-graph\">{\"@context\":\"https:\/\/schema.org\",\"@graph\":[{\"@type\":\"WebPage\",\"@id\":\"https:\/\/alliance-helvetique.ch\/produit\/autocollant-alliance-helvetique\/\",\"url\":\"https:\/\/alliance-helvetique.ch\/produit\/autocollant-alliance-helvetique\/\",\"name\":\"Autocollant Alliance Helv\u00e9tique - Alliance Helv\u00e9tique\",\"isPartOf\":{\"@id\":\"https:\/\/alliance-helvetique.ch\/#website\"},\"primaryImageOfPage\":{\"@id\":\"https:\/\/alliance-helvetique.ch\/produit\/autocollant-alliance-helvetique\/#primaryimage\"},\"image\":{\"@id\":\"https:\/\/alliance-helvetique.ch\/produit\/autocollant-alliance-helvetique\/#primaryimage\"},\"thumbnailUrl\":\"https:\/\/alliance-helvetique.ch\/wp-content\/uploads\/2025\/06\/voiture-fr.jpg\",\"datePublished\":\"2025-06-24T06:33:21+00:00\",\"dateModified\":\"2025-08-06T10:18:03+00:00\",\"breadcrumb\":{\"@id\":\"https:\/\/alliance-helvetique.ch\/produit\/autocollant-alliance-helvetique\/#breadcrumb\"},\"inLanguage\":\"it-IT\",\"potentialAction\":[{\"@type\":\"ReadAction\",\"target\":[\"https:\/\/alliance-helvetique.ch\/produit\/autocollant-alliance-helvetique\/\"]}]},{\"@type\":\"ImageObject\",\"inLanguage\":\"it-IT\",\"@id\":\"https:\/\/alliance-helvetique.ch\/produit\/autocollant-alliance-helvetique\/#primaryimage\",\"url\":\"https:\/\/alliance-helvetique.ch\/wp-content\/uploads\/2025\/06\/voiture-fr.jpg\",\"contentUrl\":\"https:\/\/alliance-helvetique.ch\/wp-content\/uploads\/2025\/06\/voiture-fr.jpg\",\"width\":1080,\"height\":1080},{\"@type\":\"BreadcrumbList\",\"@id\":\"https:\/\/alliance-helvetique.ch\/produit\/autocollant-alliance-helvetique\/#breadcrumb\",\"itemListElement\":[{\"@type\":\"ListItem\",\"position\":1,\"name\":\"Accueil\",\"item\":\"https:\/\/alliance-helvetique.ch\/\"},{\"@type\":\"ListItem\",\"position\":2,\"name\":\"Boutique\",\"item\":\"https:\/\/alliance-helvetique.ch\/boutique\/\"},{\"@type\":\"ListItem\",\"position\":3,\"name\":\"Autocollant Alliance Helv\u00e9tique\"}]},{\"@type\":\"WebSite\",\"@id\":\"https:\/\/alliance-helvetique.ch\/#website\",\"url\":\"https:\/\/alliance-helvetique.ch\/\",\"name\":\"Alliance Helv\u00e9tique\",\"description\":\"\",\"potentialAction\":[{\"@type\":\"SearchAction\",\"target\":{\"@type\":\"EntryPoint\",\"urlTemplate\":\"https:\/\/alliance-helvetique.ch\/?s={search_term_string}\"},\"query-input\":{\"@type\":\"PropertyValueSpecification\",\"valueRequired\":true,\"valueName\":\"search_term_string\"}}],\"inLanguage\":\"it-IT\"}]}<\/script>\n<!-- \/ Yoast SEO plugin. -->","yoast_head_json":{"title":"Autocollant Alliance Helv\u00e9tique - Alliance Helv\u00e9tique","robots":{"index":"index","follow":"follow","max-snippet":"max-snippet:-1","max-image-preview":"max-image-preview:large","max-video-preview":"max-video-preview:-1"},"canonical":"https:\/\/alliance-helvetique.ch\/it\/prodotto\/autocollant-alliance-helvetique\/","og_locale":"it_IT","og_type":"article","og_title":"Autocollant Alliance Helv\u00e9tique - Alliance Helv\u00e9tique","og_description":"Autocollant Alliance Helv\u00e9tique (en fran\u00e7ais) A coller sur votre voiture, sur votre bo\u00eete-aux-lettres ou sur tout autre support Dimensions : 14 cm x 4.6 cm Autocollant avec logo et lettres d\u00e9coup\u00e9es, sans fond. 1 pi\u00e8ce","og_url":"https:\/\/alliance-helvetique.ch\/it\/prodotto\/autocollant-alliance-helvetique\/","og_site_name":"Alliance Helv\u00e9tique","article_modified_time":"2025-08-06T10:18:03+00:00","og_image":[{"width":1080,"height":1080,"url":"https:\/\/alliance-helvetique.ch\/wp-content\/uploads\/2025\/06\/voiture-fr.jpg","type":"image\/jpeg"}],"twitter_card":"summary_large_image","schema":{"@context":"https:\/\/schema.org","@graph":[{"@type":"WebPage","@id":"https:\/\/alliance-helvetique.ch\/produit\/autocollant-alliance-helvetique\/","url":"https:\/\/alliance-helvetique.ch\/produit\/autocollant-alliance-helvetique\/","name":"Autocollant Alliance Helv\u00e9tique - Alliance Helv\u00e9tique","isPartOf":{"@id":"https:\/\/alliance-helvetique.ch\/#website"},"primaryImageOfPage":{"@id":"https:\/\/alliance-helvetique.ch\/produit\/autocollant-alliance-helvetique\/#primaryimage"},"image":{"@id":"https:\/\/alliance-helvetique.ch\/produit\/autocollant-alliance-helvetique\/#primaryimage"},"thumbnailUrl":"https:\/\/alliance-helvetique.ch\/wp-content\/uploads\/2025\/06\/voiture-fr.jpg","datePublished":"2025-06-24T06:33:21+00:00","dateModified":"2025-08-06T10:18:03+00:00","breadcrumb":{"@id":"https:\/\/alliance-helvetique.ch\/produit\/autocollant-alliance-helvetique\/#breadcrumb"},"inLanguage":"it-IT","potentialAction":[{"@type":"ReadAction","target":["https:\/\/alliance-helvetique.ch\/produit\/autocollant-alliance-helvetique\/"]}]},{"@type":"ImageObject","inLanguage":"it-IT","@id":"https:\/\/alliance-helvetique.ch\/produit\/autocollant-alliance-helvetique\/#primaryimage","url":"https:\/\/alliance-helvetique.ch\/wp-content\/uploads\/2025\/06\/voiture-fr.jpg","contentUrl":"https:\/\/alliance-helvetique.ch\/wp-content\/uploads\/2025\/06\/voiture-fr.jpg","width":1080,"height":1080},{"@type":"BreadcrumbList","@id":"https:\/\/alliance-helvetique.ch\/produit\/autocollant-alliance-helvetique\/#breadcrumb","itemListElement":[{"@type":"ListItem","position":1,"name":"Accueil","item":"https:\/\/alliance-helvetique.ch\/"},{"@type":"ListItem","position":2,"name":"Boutique","item":"https:\/\/alliance-helvetique.ch\/boutique\/"},{"@type":"ListItem","position":3,"name":"Autocollant Alliance Helv\u00e9tique"}]},{"@type":"WebSite","@id":"https:\/\/alliance-helvetique.ch\/#website","url":"https:\/\/alliance-helvetique.ch\/","name":"Alleanza Elvetica","description":"","potentialAction":[{"@type":"SearchAction","target":{"@type":"EntryPoint","urlTemplate":"https:\/\/alliance-helvetique.ch\/?s={search_term_string}"},"query-input":{"@type":"PropertyValueSpecification","valueRequired":true,"valueName":"search_term_string"}}],"inLanguage":"it-IT"}]}},"_links":{"self":[{"href":"https:\/\/alliance-helvetique.ch\/it\/wp-json\/wp\/v2\/product\/452","targetHints":{"allow":["GET"]}}],"collection":[{"href":"https:\/\/alliance-helvetique.ch\/it\/wp-json\/wp\/v2\/product"}],"about":[{"href":"https:\/\/alliance-helvetique.ch\/it\/wp-json\/wp\/v2\/types\/product"}],"replies":[{"embeddable":true,"href":"https:\/\/alliance-helvetique.ch\/it\/wp-json\/wp\/v2\/comments?post=452"}],"wp:featuredmedia":[{"embeddable":true,"href":"https:\/\/alliance-helvetique.ch\/it\/wp-json\/wp\/v2\/media\/1045"}],"wp:attachment":[{"href":"https:\/\/alliance-helvetique.ch\/it\/wp-json\/wp\/v2\/media?parent=452"}],"wp:term":[{"taxonomy":"product_brand","embeddable":true,"href":"https:\/\/alliance-helvetique.ch\/it\/wp-json\/wp\/v2\/product_brand?post=452"},{"taxonomy":"product_cat","embeddable":true,"href":"https:\/\/alliance-helvetique.ch\/it\/wp-json\/wp\/v2\/product_cat?post=452"},{"taxonomy":"product_tag","embeddable":true,"href":"https:\/\/alliance-helvetique.ch\/it\/wp-json\/wp\/v2\/product_tag?post=452"}],"curies":[{"name":"wp","href":"https:\/\/api.w.org\/{rel}","templated":true}]}}