{"id":1434,"date":"2026-01-24T20:32:00","date_gmt":"2026-01-24T20:32:00","guid":{"rendered":"https:\/\/alliance-helvetique.ch\/?post_type=product&#038;p=1434"},"modified":"2026-01-24T20:32:00","modified_gmt":"2026-01-24T20:32:00","slug":"mug-notre-avenir-notre-responsabilite","status":"publish","type":"product","link":"https:\/\/alliance-helvetique.ch\/it\/prodotto\/mug-notre-avenir-notre-responsabilite\/","title":{"rendered":"Mug &#8211; Notre avenir, notre responsabilit\u00e9"},"content":{"rendered":"<p>Id\u00e9al pour la maison ou le bureau, il accompagne vos matins et vos pauses caf\u00e9 avec chaleur et sens.<\/p>\n<p>Mug en c\u00e9ramique de qualit\u00e9, solide et confortable \u00e0 saisir.<br \/>\nImpression durable garantissant un visuel \u00e9clatant qui r\u00e9siste au temps et au lave-vaisselle.<\/p>\n<p>Un cadeau symbolique et utile \u00e0 offrir pour encourager les valeurs responsables.<\/p>","protected":false},"excerpt":{"rendered":"<p>Mug inspirant pour savourer vos pauses tout en pensant \u00e0 un avenir durable.<br \/>\nOffrez ce mug au message porteur \u00ab\u00a0Notre avenir, notre responsabilit\u00e9\u00a0\u00bb : un cadeau qui invite \u00e0 la r\u00e9flexion et \u00e0 l&rsquo;engagement.<\/p>","protected":false},"featured_media":1435,"comment_status":"open","ping_status":"closed","template":"","meta":{"_et_pb_use_builder":"","_et_pb_old_content":"","_et_gb_content_width":""},"product_brand":[],"product_cat":[275],"product_tag":[63,301,64,276,300],"class_list":{"0":"post-1434","1":"product","2":"type-product","3":"status-publish","4":"has-post-thumbnail","6":"product_cat-mugs","7":"product_tag-alliance","8":"product_tag-avenir","9":"product_tag-helvetique","10":"product_tag-mug","11":"product_tag-responsabilite","13":"first","14":"instock","15":"shipping-taxable","16":"purchasable","17":"product-type-simple"},"yoast_head":"<!-- This site is optimized with the Yoast SEO plugin v25.7 - https:\/\/yoast.com\/wordpress\/plugins\/seo\/ -->\n<title>Mug - Notre avenir, notre responsabilit\u00e9 - Alliance Helv\u00e9tique<\/title>\n<meta name=\"robots\" content=\"index, follow, max-snippet:-1, max-image-preview:large, max-video-preview:-1\" \/>\n<link rel=\"canonical\" href=\"https:\/\/alliance-helvetique.ch\/it\/prodotto\/mug-notre-avenir-notre-responsabilite\/\" \/>\n<meta property=\"og:locale\" content=\"it_IT\" \/>\n<meta property=\"og:type\" content=\"article\" \/>\n<meta property=\"og:title\" content=\"Mug - Notre avenir, notre responsabilit\u00e9 - Alliance Helv\u00e9tique\" \/>\n<meta property=\"og:description\" content=\"Mug inspirant pour savourer vos pauses tout en pensant \u00e0 un avenir durable. Offrez ce mug au message porteur &quot;Notre avenir, notre responsabilit\u00e9&quot; : un cadeau qui invite \u00e0 la r\u00e9flexion et \u00e0 l&#039;engagement.\" \/>\n<meta property=\"og:url\" content=\"https:\/\/alliance-helvetique.ch\/it\/prodotto\/mug-notre-avenir-notre-responsabilite\/\" \/>\n<meta property=\"og:site_name\" content=\"Alliance Helv\u00e9tique\" \/>\n<meta property=\"og:image\" content=\"https:\/\/alliance-helvetique.ch\/wp-content\/uploads\/2026\/01\/00-MUG-Notre-avenir-notre-responsabilite.jpg\" \/>\n\t<meta property=\"og:image:width\" content=\"1040\" \/>\n\t<meta property=\"og:image:height\" content=\"1040\" \/>\n\t<meta property=\"og:image:type\" content=\"image\/jpeg\" \/>\n<meta name=\"twitter:card\" content=\"summary_large_image\" \/>\n<meta name=\"twitter:label1\" content=\"Tempo di lettura stimato\" \/>\n\t<meta name=\"twitter:data1\" content=\"1 minuto\" \/>\n<script type=\"application\/ld+json\" class=\"yoast-schema-graph\">{\"@context\":\"https:\/\/schema.org\",\"@graph\":[{\"@type\":\"WebPage\",\"@id\":\"https:\/\/alliance-helvetique.ch\/produit\/mug-notre-avenir-notre-responsabilite\/\",\"url\":\"https:\/\/alliance-helvetique.ch\/produit\/mug-notre-avenir-notre-responsabilite\/\",\"name\":\"Mug - Notre avenir, notre responsabilit\u00e9 - Alliance Helv\u00e9tique\",\"isPartOf\":{\"@id\":\"https:\/\/alliance-helvetique.ch\/#website\"},\"primaryImageOfPage\":{\"@id\":\"https:\/\/alliance-helvetique.ch\/produit\/mug-notre-avenir-notre-responsabilite\/#primaryimage\"},\"image\":{\"@id\":\"https:\/\/alliance-helvetique.ch\/produit\/mug-notre-avenir-notre-responsabilite\/#primaryimage\"},\"thumbnailUrl\":\"https:\/\/alliance-helvetique.ch\/wp-content\/uploads\/2026\/01\/00-MUG-Notre-avenir-notre-responsabilite.jpg\",\"datePublished\":\"2026-01-24T20:32:00+00:00\",\"breadcrumb\":{\"@id\":\"https:\/\/alliance-helvetique.ch\/produit\/mug-notre-avenir-notre-responsabilite\/#breadcrumb\"},\"inLanguage\":\"it-IT\",\"potentialAction\":[{\"@type\":\"ReadAction\",\"target\":[\"https:\/\/alliance-helvetique.ch\/produit\/mug-notre-avenir-notre-responsabilite\/\"]}]},{\"@type\":\"ImageObject\",\"inLanguage\":\"it-IT\",\"@id\":\"https:\/\/alliance-helvetique.ch\/produit\/mug-notre-avenir-notre-responsabilite\/#primaryimage\",\"url\":\"https:\/\/alliance-helvetique.ch\/wp-content\/uploads\/2026\/01\/00-MUG-Notre-avenir-notre-responsabilite.jpg\",\"contentUrl\":\"https:\/\/alliance-helvetique.ch\/wp-content\/uploads\/2026\/01\/00-MUG-Notre-avenir-notre-responsabilite.jpg\",\"width\":1040,\"height\":1040},{\"@type\":\"BreadcrumbList\",\"@id\":\"https:\/\/alliance-helvetique.ch\/produit\/mug-notre-avenir-notre-responsabilite\/#breadcrumb\",\"itemListElement\":[{\"@type\":\"ListItem\",\"position\":1,\"name\":\"Accueil\",\"item\":\"https:\/\/alliance-helvetique.ch\/\"},{\"@type\":\"ListItem\",\"position\":2,\"name\":\"Boutique\",\"item\":\"https:\/\/alliance-helvetique.ch\/boutique\/\"},{\"@type\":\"ListItem\",\"position\":3,\"name\":\"Mug &#8211; Notre avenir, notre responsabilit\u00e9\"}]},{\"@type\":\"WebSite\",\"@id\":\"https:\/\/alliance-helvetique.ch\/#website\",\"url\":\"https:\/\/alliance-helvetique.ch\/\",\"name\":\"Alliance Helv\u00e9tique\",\"description\":\"\",\"potentialAction\":[{\"@type\":\"SearchAction\",\"target\":{\"@type\":\"EntryPoint\",\"urlTemplate\":\"https:\/\/alliance-helvetique.ch\/?s={search_term_string}\"},\"query-input\":{\"@type\":\"PropertyValueSpecification\",\"valueRequired\":true,\"valueName\":\"search_term_string\"}}],\"inLanguage\":\"it-IT\"}]}<\/script>\n<!-- \/ Yoast SEO plugin. -->","yoast_head_json":{"title":"Mug - Notre avenir, notre responsabilit\u00e9 - Alliance Helv\u00e9tique","robots":{"index":"index","follow":"follow","max-snippet":"max-snippet:-1","max-image-preview":"max-image-preview:large","max-video-preview":"max-video-preview:-1"},"canonical":"https:\/\/alliance-helvetique.ch\/it\/prodotto\/mug-notre-avenir-notre-responsabilite\/","og_locale":"it_IT","og_type":"article","og_title":"Mug - Notre avenir, notre responsabilit\u00e9 - Alliance Helv\u00e9tique","og_description":"Mug inspirant pour savourer vos pauses tout en pensant \u00e0 un avenir durable. Offrez ce mug au message porteur \"Notre avenir, notre responsabilit\u00e9\" : un cadeau qui invite \u00e0 la r\u00e9flexion et \u00e0 l'engagement.","og_url":"https:\/\/alliance-helvetique.ch\/it\/prodotto\/mug-notre-avenir-notre-responsabilite\/","og_site_name":"Alliance Helv\u00e9tique","og_image":[{"width":1040,"height":1040,"url":"https:\/\/alliance-helvetique.ch\/wp-content\/uploads\/2026\/01\/00-MUG-Notre-avenir-notre-responsabilite.jpg","type":"image\/jpeg"}],"twitter_card":"summary_large_image","twitter_misc":{"Tempo di lettura stimato":"1 minuto"},"schema":{"@context":"https:\/\/schema.org","@graph":[{"@type":"WebPage","@id":"https:\/\/alliance-helvetique.ch\/produit\/mug-notre-avenir-notre-responsabilite\/","url":"https:\/\/alliance-helvetique.ch\/produit\/mug-notre-avenir-notre-responsabilite\/","name":"Mug - Notre avenir, notre responsabilit\u00e9 - Alliance Helv\u00e9tique","isPartOf":{"@id":"https:\/\/alliance-helvetique.ch\/#website"},"primaryImageOfPage":{"@id":"https:\/\/alliance-helvetique.ch\/produit\/mug-notre-avenir-notre-responsabilite\/#primaryimage"},"image":{"@id":"https:\/\/alliance-helvetique.ch\/produit\/mug-notre-avenir-notre-responsabilite\/#primaryimage"},"thumbnailUrl":"https:\/\/alliance-helvetique.ch\/wp-content\/uploads\/2026\/01\/00-MUG-Notre-avenir-notre-responsabilite.jpg","datePublished":"2026-01-24T20:32:00+00:00","breadcrumb":{"@id":"https:\/\/alliance-helvetique.ch\/produit\/mug-notre-avenir-notre-responsabilite\/#breadcrumb"},"inLanguage":"it-IT","potentialAction":[{"@type":"ReadAction","target":["https:\/\/alliance-helvetique.ch\/produit\/mug-notre-avenir-notre-responsabilite\/"]}]},{"@type":"ImageObject","inLanguage":"it-IT","@id":"https:\/\/alliance-helvetique.ch\/produit\/mug-notre-avenir-notre-responsabilite\/#primaryimage","url":"https:\/\/alliance-helvetique.ch\/wp-content\/uploads\/2026\/01\/00-MUG-Notre-avenir-notre-responsabilite.jpg","contentUrl":"https:\/\/alliance-helvetique.ch\/wp-content\/uploads\/2026\/01\/00-MUG-Notre-avenir-notre-responsabilite.jpg","width":1040,"height":1040},{"@type":"BreadcrumbList","@id":"https:\/\/alliance-helvetique.ch\/produit\/mug-notre-avenir-notre-responsabilite\/#breadcrumb","itemListElement":[{"@type":"ListItem","position":1,"name":"Accueil","item":"https:\/\/alliance-helvetique.ch\/"},{"@type":"ListItem","position":2,"name":"Boutique","item":"https:\/\/alliance-helvetique.ch\/boutique\/"},{"@type":"ListItem","position":3,"name":"Mug &#8211; Notre avenir, notre responsabilit\u00e9"}]},{"@type":"WebSite","@id":"https:\/\/alliance-helvetique.ch\/#website","url":"https:\/\/alliance-helvetique.ch\/","name":"Alleanza Elvetica","description":"","potentialAction":[{"@type":"SearchAction","target":{"@type":"EntryPoint","urlTemplate":"https:\/\/alliance-helvetique.ch\/?s={search_term_string}"},"query-input":{"@type":"PropertyValueSpecification","valueRequired":true,"valueName":"search_term_string"}}],"inLanguage":"it-IT"}]}},"_links":{"self":[{"href":"https:\/\/alliance-helvetique.ch\/it\/wp-json\/wp\/v2\/product\/1434","targetHints":{"allow":["GET"]}}],"collection":[{"href":"https:\/\/alliance-helvetique.ch\/it\/wp-json\/wp\/v2\/product"}],"about":[{"href":"https:\/\/alliance-helvetique.ch\/it\/wp-json\/wp\/v2\/types\/product"}],"replies":[{"embeddable":true,"href":"https:\/\/alliance-helvetique.ch\/it\/wp-json\/wp\/v2\/comments?post=1434"}],"wp:featuredmedia":[{"embeddable":true,"href":"https:\/\/alliance-helvetique.ch\/it\/wp-json\/wp\/v2\/media\/1435"}],"wp:attachment":[{"href":"https:\/\/alliance-helvetique.ch\/it\/wp-json\/wp\/v2\/media?parent=1434"}],"wp:term":[{"taxonomy":"product_brand","embeddable":true,"href":"https:\/\/alliance-helvetique.ch\/it\/wp-json\/wp\/v2\/product_brand?post=1434"},{"taxonomy":"product_cat","embeddable":true,"href":"https:\/\/alliance-helvetique.ch\/it\/wp-json\/wp\/v2\/product_cat?post=1434"},{"taxonomy":"product_tag","embeddable":true,"href":"https:\/\/alliance-helvetique.ch\/it\/wp-json\/wp\/v2\/product_tag?post=1434"}],"curies":[{"name":"wp","href":"https:\/\/api.w.org\/{rel}","templated":true}]}}