{"id":1432,"date":"2026-01-24T20:25:59","date_gmt":"2026-01-24T20:25:59","guid":{"rendered":"https:\/\/alliance-helvetique.ch\/?post_type=product&#038;p=1432"},"modified":"2026-01-24T20:25:59","modified_gmt":"2026-01-24T20:25:59","slug":"mug-la-suisse-notre-engagement","status":"publish","type":"product","link":"https:\/\/alliance-helvetique.ch\/it\/prodotto\/mug-la-suisse-notre-engagement\/","title":{"rendered":"Mug &#8211; La Suisse, notre engagement"},"content":{"rendered":"<p>Que ce soit pour un anniversaire, une f\u00eate ou simplement pour faire plaisir, ce mug saura toucher le c\u0153ur de celui qui le recevra.<br \/>\nId\u00e9al \u00e0 la maison ou au bureau, il accompagne vos petits-d\u00e9jeuners et pauses caf\u00e9 avec style et chaleur.<\/p>\n<p>Sa taille confortable vous permet de profiter pleinement de vos boissons chaudes pr\u00e9f\u00e9r\u00e9es tout au long de la journ\u00e9e.<br \/>\nFabriqu\u00e9 en c\u00e9ramique de qualit\u00e9, ce mug r\u00e9siste bien \u00e0 la chaleur et se nettoie facilement.<br \/>\nL\u2019impression durable garantit des couleurs \u00e9clatantes qui ne s\u2019effacent pas au fil du temps.<\/p>","protected":false},"excerpt":{"rendered":"<p>Offrez un mug aux couleurs de la Suisse, parfait pour savourer chaque pause caf\u00e9 avec fiert\u00e9 et douceur.<br \/>\nCe mug imprim\u00e9 \u00ab\u00a0La Suisse Notre Engagement\u00a0\u00bb est une belle id\u00e9e cadeau pour ceux qui aiment afficher leur attachement \u00e0 notre beau pays.<\/p>","protected":false},"featured_media":1433,"comment_status":"open","ping_status":"closed","template":"","meta":{"_et_pb_use_builder":"","_et_pb_old_content":"","_et_gb_content_width":""},"product_brand":[],"product_cat":[275],"product_tag":[63,282,299,64,276,278],"class_list":{"0":"post-1432","1":"product","2":"type-product","3":"status-publish","4":"has-post-thumbnail","6":"product_cat-mugs","7":"product_tag-alliance","8":"product_tag-cafe","9":"product_tag-engagement","10":"product_tag-helvetique","11":"product_tag-mug","12":"product_tag-suisse","14":"first","15":"instock","16":"shipping-taxable","17":"purchasable","18":"product-type-simple"},"yoast_head":"<!-- This site is optimized with the Yoast SEO plugin v25.7 - https:\/\/yoast.com\/wordpress\/plugins\/seo\/ -->\n<title>Mug - La Suisse, notre engagement - Alliance Helv\u00e9tique<\/title>\n<meta name=\"robots\" content=\"index, follow, max-snippet:-1, max-image-preview:large, max-video-preview:-1\" \/>\n<link rel=\"canonical\" href=\"https:\/\/alliance-helvetique.ch\/it\/prodotto\/mug-la-suisse-notre-engagement\/\" \/>\n<meta property=\"og:locale\" content=\"it_IT\" \/>\n<meta property=\"og:type\" content=\"article\" \/>\n<meta property=\"og:title\" content=\"Mug - La Suisse, notre engagement - Alliance Helv\u00e9tique\" \/>\n<meta property=\"og:description\" content=\"Offrez un mug aux couleurs de la Suisse, parfait pour savourer chaque pause caf\u00e9 avec fiert\u00e9 et douceur. Ce mug imprim\u00e9 &quot;La Suisse Notre Engagement&quot; est une belle id\u00e9e cadeau pour ceux qui aiment afficher leur attachement \u00e0 notre beau pays.\" \/>\n<meta property=\"og:url\" content=\"https:\/\/alliance-helvetique.ch\/it\/prodotto\/mug-la-suisse-notre-engagement\/\" \/>\n<meta property=\"og:site_name\" content=\"Alliance Helv\u00e9tique\" \/>\n<meta property=\"og:image\" content=\"https:\/\/alliance-helvetique.ch\/wp-content\/uploads\/2026\/01\/00-MUG-La-Suisse-notre-engagement.jpg\" \/>\n\t<meta property=\"og:image:width\" content=\"1040\" \/>\n\t<meta property=\"og:image:height\" content=\"1040\" \/>\n\t<meta property=\"og:image:type\" content=\"image\/jpeg\" \/>\n<meta name=\"twitter:card\" content=\"summary_large_image\" \/>\n<meta name=\"twitter:label1\" content=\"Tempo di lettura stimato\" \/>\n\t<meta name=\"twitter:data1\" content=\"1 minuto\" \/>\n<script type=\"application\/ld+json\" class=\"yoast-schema-graph\">{\"@context\":\"https:\/\/schema.org\",\"@graph\":[{\"@type\":\"WebPage\",\"@id\":\"https:\/\/alliance-helvetique.ch\/produit\/mug-la-suisse-notre-engagement\/\",\"url\":\"https:\/\/alliance-helvetique.ch\/produit\/mug-la-suisse-notre-engagement\/\",\"name\":\"Mug - La Suisse, notre engagement - Alliance Helv\u00e9tique\",\"isPartOf\":{\"@id\":\"https:\/\/alliance-helvetique.ch\/#website\"},\"primaryImageOfPage\":{\"@id\":\"https:\/\/alliance-helvetique.ch\/produit\/mug-la-suisse-notre-engagement\/#primaryimage\"},\"image\":{\"@id\":\"https:\/\/alliance-helvetique.ch\/produit\/mug-la-suisse-notre-engagement\/#primaryimage\"},\"thumbnailUrl\":\"https:\/\/alliance-helvetique.ch\/wp-content\/uploads\/2026\/01\/00-MUG-La-Suisse-notre-engagement.jpg\",\"datePublished\":\"2026-01-24T20:25:59+00:00\",\"breadcrumb\":{\"@id\":\"https:\/\/alliance-helvetique.ch\/produit\/mug-la-suisse-notre-engagement\/#breadcrumb\"},\"inLanguage\":\"it-IT\",\"potentialAction\":[{\"@type\":\"ReadAction\",\"target\":[\"https:\/\/alliance-helvetique.ch\/produit\/mug-la-suisse-notre-engagement\/\"]}]},{\"@type\":\"ImageObject\",\"inLanguage\":\"it-IT\",\"@id\":\"https:\/\/alliance-helvetique.ch\/produit\/mug-la-suisse-notre-engagement\/#primaryimage\",\"url\":\"https:\/\/alliance-helvetique.ch\/wp-content\/uploads\/2026\/01\/00-MUG-La-Suisse-notre-engagement.jpg\",\"contentUrl\":\"https:\/\/alliance-helvetique.ch\/wp-content\/uploads\/2026\/01\/00-MUG-La-Suisse-notre-engagement.jpg\",\"width\":1040,\"height\":1040},{\"@type\":\"BreadcrumbList\",\"@id\":\"https:\/\/alliance-helvetique.ch\/produit\/mug-la-suisse-notre-engagement\/#breadcrumb\",\"itemListElement\":[{\"@type\":\"ListItem\",\"position\":1,\"name\":\"Accueil\",\"item\":\"https:\/\/alliance-helvetique.ch\/\"},{\"@type\":\"ListItem\",\"position\":2,\"name\":\"Boutique\",\"item\":\"https:\/\/alliance-helvetique.ch\/boutique\/\"},{\"@type\":\"ListItem\",\"position\":3,\"name\":\"Mug &#8211; La Suisse, notre engagement\"}]},{\"@type\":\"WebSite\",\"@id\":\"https:\/\/alliance-helvetique.ch\/#website\",\"url\":\"https:\/\/alliance-helvetique.ch\/\",\"name\":\"Alliance Helv\u00e9tique\",\"description\":\"\",\"potentialAction\":[{\"@type\":\"SearchAction\",\"target\":{\"@type\":\"EntryPoint\",\"urlTemplate\":\"https:\/\/alliance-helvetique.ch\/?s={search_term_string}\"},\"query-input\":{\"@type\":\"PropertyValueSpecification\",\"valueRequired\":true,\"valueName\":\"search_term_string\"}}],\"inLanguage\":\"it-IT\"}]}<\/script>\n<!-- \/ Yoast SEO plugin. -->","yoast_head_json":{"title":"Mug - La Suisse, notre engagement - Alliance Helv\u00e9tique","robots":{"index":"index","follow":"follow","max-snippet":"max-snippet:-1","max-image-preview":"max-image-preview:large","max-video-preview":"max-video-preview:-1"},"canonical":"https:\/\/alliance-helvetique.ch\/it\/prodotto\/mug-la-suisse-notre-engagement\/","og_locale":"it_IT","og_type":"article","og_title":"Mug - La Suisse, notre engagement - Alliance Helv\u00e9tique","og_description":"Offrez un mug aux couleurs de la Suisse, parfait pour savourer chaque pause caf\u00e9 avec fiert\u00e9 et douceur. Ce mug imprim\u00e9 \"La Suisse Notre Engagement\" est une belle id\u00e9e cadeau pour ceux qui aiment afficher leur attachement \u00e0 notre beau pays.","og_url":"https:\/\/alliance-helvetique.ch\/it\/prodotto\/mug-la-suisse-notre-engagement\/","og_site_name":"Alliance Helv\u00e9tique","og_image":[{"width":1040,"height":1040,"url":"https:\/\/alliance-helvetique.ch\/wp-content\/uploads\/2026\/01\/00-MUG-La-Suisse-notre-engagement.jpg","type":"image\/jpeg"}],"twitter_card":"summary_large_image","twitter_misc":{"Tempo di lettura stimato":"1 minuto"},"schema":{"@context":"https:\/\/schema.org","@graph":[{"@type":"WebPage","@id":"https:\/\/alliance-helvetique.ch\/produit\/mug-la-suisse-notre-engagement\/","url":"https:\/\/alliance-helvetique.ch\/produit\/mug-la-suisse-notre-engagement\/","name":"Mug - La Suisse, notre engagement - Alliance Helv\u00e9tique","isPartOf":{"@id":"https:\/\/alliance-helvetique.ch\/#website"},"primaryImageOfPage":{"@id":"https:\/\/alliance-helvetique.ch\/produit\/mug-la-suisse-notre-engagement\/#primaryimage"},"image":{"@id":"https:\/\/alliance-helvetique.ch\/produit\/mug-la-suisse-notre-engagement\/#primaryimage"},"thumbnailUrl":"https:\/\/alliance-helvetique.ch\/wp-content\/uploads\/2026\/01\/00-MUG-La-Suisse-notre-engagement.jpg","datePublished":"2026-01-24T20:25:59+00:00","breadcrumb":{"@id":"https:\/\/alliance-helvetique.ch\/produit\/mug-la-suisse-notre-engagement\/#breadcrumb"},"inLanguage":"it-IT","potentialAction":[{"@type":"ReadAction","target":["https:\/\/alliance-helvetique.ch\/produit\/mug-la-suisse-notre-engagement\/"]}]},{"@type":"ImageObject","inLanguage":"it-IT","@id":"https:\/\/alliance-helvetique.ch\/produit\/mug-la-suisse-notre-engagement\/#primaryimage","url":"https:\/\/alliance-helvetique.ch\/wp-content\/uploads\/2026\/01\/00-MUG-La-Suisse-notre-engagement.jpg","contentUrl":"https:\/\/alliance-helvetique.ch\/wp-content\/uploads\/2026\/01\/00-MUG-La-Suisse-notre-engagement.jpg","width":1040,"height":1040},{"@type":"BreadcrumbList","@id":"https:\/\/alliance-helvetique.ch\/produit\/mug-la-suisse-notre-engagement\/#breadcrumb","itemListElement":[{"@type":"ListItem","position":1,"name":"Accueil","item":"https:\/\/alliance-helvetique.ch\/"},{"@type":"ListItem","position":2,"name":"Boutique","item":"https:\/\/alliance-helvetique.ch\/boutique\/"},{"@type":"ListItem","position":3,"name":"Mug &#8211; La Suisse, notre engagement"}]},{"@type":"WebSite","@id":"https:\/\/alliance-helvetique.ch\/#website","url":"https:\/\/alliance-helvetique.ch\/","name":"Alleanza Elvetica","description":"","potentialAction":[{"@type":"SearchAction","target":{"@type":"EntryPoint","urlTemplate":"https:\/\/alliance-helvetique.ch\/?s={search_term_string}"},"query-input":{"@type":"PropertyValueSpecification","valueRequired":true,"valueName":"search_term_string"}}],"inLanguage":"it-IT"}]}},"_links":{"self":[{"href":"https:\/\/alliance-helvetique.ch\/it\/wp-json\/wp\/v2\/product\/1432","targetHints":{"allow":["GET"]}}],"collection":[{"href":"https:\/\/alliance-helvetique.ch\/it\/wp-json\/wp\/v2\/product"}],"about":[{"href":"https:\/\/alliance-helvetique.ch\/it\/wp-json\/wp\/v2\/types\/product"}],"replies":[{"embeddable":true,"href":"https:\/\/alliance-helvetique.ch\/it\/wp-json\/wp\/v2\/comments?post=1432"}],"wp:featuredmedia":[{"embeddable":true,"href":"https:\/\/alliance-helvetique.ch\/it\/wp-json\/wp\/v2\/media\/1433"}],"wp:attachment":[{"href":"https:\/\/alliance-helvetique.ch\/it\/wp-json\/wp\/v2\/media?parent=1432"}],"wp:term":[{"taxonomy":"product_brand","embeddable":true,"href":"https:\/\/alliance-helvetique.ch\/it\/wp-json\/wp\/v2\/product_brand?post=1432"},{"taxonomy":"product_cat","embeddable":true,"href":"https:\/\/alliance-helvetique.ch\/it\/wp-json\/wp\/v2\/product_cat?post=1432"},{"taxonomy":"product_tag","embeddable":true,"href":"https:\/\/alliance-helvetique.ch\/it\/wp-json\/wp\/v2\/product_tag?post=1432"}],"curies":[{"name":"wp","href":"https:\/\/api.w.org\/{rel}","templated":true}]}}