{"id":1430,"date":"2026-01-24T20:19:56","date_gmt":"2026-01-24T20:19:56","guid":{"rendered":"https:\/\/alliance-helvetique.ch\/?post_type=product&#038;p=1430"},"modified":"2026-01-24T20:19:57","modified_gmt":"2026-01-24T20:19:57","slug":"mug-ensemble-pour-la-suisse","status":"publish","type":"product","link":"https:\/\/alliance-helvetique.ch\/it\/prodotto\/mug-ensemble-pour-la-suisse\/","title":{"rendered":"Mug &#8211; Ensemble pour la Suisse"},"content":{"rendered":"<p>Id\u00e9al comme cadeau symbolique pour vos proches, il accompagne d\u00e9licatement vos instants de d\u00e9tente, que ce soit \u00e0 la maison ou au bureau.<\/p>\n<p>Ce mug robuste allie design \u00e9l\u00e9gant et qualit\u00e9 sup\u00e9rieure :<br \/>\nCapacit\u00e9 id\u00e9ale pour un caf\u00e9 ou un th\u00e9 bien chaud<br \/>\nImpression durable qui r\u00e9siste au lave-vaisselle<br \/>\nMati\u00e8re en c\u00e9ramique r\u00e9sistante, confortable \u00e0 tenir<\/p>\n<p>Parfait pour d\u00e9marrer la journ\u00e9e ou faire une pause revitalisante.<\/p>\n<p>Un choix simple et charg\u00e9 d&rsquo;\u00e9motions pour marquer l&rsquo;esprit d&rsquo;\u00e9quipe et la fiert\u00e9 locale autour d&rsquo;un bon breuvage.<\/p>","protected":false},"excerpt":{"rendered":"<p>Un mug chaleureux qui c\u00e9l\u00e8bre l&rsquo;unit\u00e9 suisse, parfait pour vos pauses caf\u00e9 \u00e0 la maison ou au bureau.<br \/>\nOffrez ou partagez un moment convivial avec notre mug \u00ab\u00a0Ensemble pour la Suisse\u00a0\u00bb.<\/p>","protected":false},"featured_media":1431,"comment_status":"open","ping_status":"closed","template":"","meta":{"_et_pb_use_builder":"","_et_pb_old_content":"","_et_gb_content_width":""},"product_brand":[],"product_cat":[275],"product_tag":[63,298,64,276,278],"class_list":{"0":"post-1430","1":"product","2":"type-product","3":"status-publish","4":"has-post-thumbnail","6":"product_cat-mugs","7":"product_tag-alliance","8":"product_tag-ensemble","9":"product_tag-helvetique","10":"product_tag-mug","11":"product_tag-suisse","13":"first","14":"instock","15":"shipping-taxable","16":"purchasable","17":"product-type-simple"},"yoast_head":"<!-- This site is optimized with the Yoast SEO plugin v25.7 - https:\/\/yoast.com\/wordpress\/plugins\/seo\/ -->\n<title>Mug - Ensemble pour la Suisse - Alliance Helv\u00e9tique<\/title>\n<meta name=\"robots\" content=\"index, follow, max-snippet:-1, max-image-preview:large, max-video-preview:-1\" \/>\n<link rel=\"canonical\" href=\"https:\/\/alliance-helvetique.ch\/it\/prodotto\/mug-ensemble-pour-la-suisse\/\" \/>\n<meta property=\"og:locale\" content=\"it_IT\" \/>\n<meta property=\"og:type\" content=\"article\" \/>\n<meta property=\"og:title\" content=\"Mug - Ensemble pour la Suisse - Alliance Helv\u00e9tique\" \/>\n<meta property=\"og:description\" content=\"Un mug chaleureux qui c\u00e9l\u00e8bre l&#039;unit\u00e9 suisse, parfait pour vos pauses caf\u00e9 \u00e0 la maison ou au bureau. Offrez ou partagez un moment convivial avec notre mug &quot;Ensemble pour la Suisse&quot;.\" \/>\n<meta property=\"og:url\" content=\"https:\/\/alliance-helvetique.ch\/it\/prodotto\/mug-ensemble-pour-la-suisse\/\" \/>\n<meta property=\"og:site_name\" content=\"Alliance Helv\u00e9tique\" \/>\n<meta property=\"article:modified_time\" content=\"2026-01-24T20:19:57+00:00\" \/>\n<meta property=\"og:image\" content=\"https:\/\/alliance-helvetique.ch\/wp-content\/uploads\/2026\/01\/00-MUG-Ensemble-pour-la-Suisse.jpg\" \/>\n\t<meta property=\"og:image:width\" content=\"1040\" \/>\n\t<meta property=\"og:image:height\" content=\"1040\" \/>\n\t<meta property=\"og:image:type\" content=\"image\/jpeg\" \/>\n<meta name=\"twitter:card\" content=\"summary_large_image\" \/>\n<meta name=\"twitter:label1\" content=\"Tempo di lettura stimato\" \/>\n\t<meta name=\"twitter:data1\" content=\"1 minuto\" \/>\n<script type=\"application\/ld+json\" class=\"yoast-schema-graph\">{\"@context\":\"https:\/\/schema.org\",\"@graph\":[{\"@type\":\"WebPage\",\"@id\":\"https:\/\/alliance-helvetique.ch\/produit\/mug-ensemble-pour-la-suisse\/\",\"url\":\"https:\/\/alliance-helvetique.ch\/produit\/mug-ensemble-pour-la-suisse\/\",\"name\":\"Mug - Ensemble pour la Suisse - Alliance Helv\u00e9tique\",\"isPartOf\":{\"@id\":\"https:\/\/alliance-helvetique.ch\/#website\"},\"primaryImageOfPage\":{\"@id\":\"https:\/\/alliance-helvetique.ch\/produit\/mug-ensemble-pour-la-suisse\/#primaryimage\"},\"image\":{\"@id\":\"https:\/\/alliance-helvetique.ch\/produit\/mug-ensemble-pour-la-suisse\/#primaryimage\"},\"thumbnailUrl\":\"https:\/\/alliance-helvetique.ch\/wp-content\/uploads\/2026\/01\/00-MUG-Ensemble-pour-la-Suisse.jpg\",\"datePublished\":\"2026-01-24T20:19:56+00:00\",\"dateModified\":\"2026-01-24T20:19:57+00:00\",\"breadcrumb\":{\"@id\":\"https:\/\/alliance-helvetique.ch\/produit\/mug-ensemble-pour-la-suisse\/#breadcrumb\"},\"inLanguage\":\"it-IT\",\"potentialAction\":[{\"@type\":\"ReadAction\",\"target\":[\"https:\/\/alliance-helvetique.ch\/produit\/mug-ensemble-pour-la-suisse\/\"]}]},{\"@type\":\"ImageObject\",\"inLanguage\":\"it-IT\",\"@id\":\"https:\/\/alliance-helvetique.ch\/produit\/mug-ensemble-pour-la-suisse\/#primaryimage\",\"url\":\"https:\/\/alliance-helvetique.ch\/wp-content\/uploads\/2026\/01\/00-MUG-Ensemble-pour-la-Suisse.jpg\",\"contentUrl\":\"https:\/\/alliance-helvetique.ch\/wp-content\/uploads\/2026\/01\/00-MUG-Ensemble-pour-la-Suisse.jpg\",\"width\":1040,\"height\":1040},{\"@type\":\"BreadcrumbList\",\"@id\":\"https:\/\/alliance-helvetique.ch\/produit\/mug-ensemble-pour-la-suisse\/#breadcrumb\",\"itemListElement\":[{\"@type\":\"ListItem\",\"position\":1,\"name\":\"Accueil\",\"item\":\"https:\/\/alliance-helvetique.ch\/\"},{\"@type\":\"ListItem\",\"position\":2,\"name\":\"Boutique\",\"item\":\"https:\/\/alliance-helvetique.ch\/boutique\/\"},{\"@type\":\"ListItem\",\"position\":3,\"name\":\"Mug &#8211; Ensemble pour la Suisse\"}]},{\"@type\":\"WebSite\",\"@id\":\"https:\/\/alliance-helvetique.ch\/#website\",\"url\":\"https:\/\/alliance-helvetique.ch\/\",\"name\":\"Alliance Helv\u00e9tique\",\"description\":\"\",\"potentialAction\":[{\"@type\":\"SearchAction\",\"target\":{\"@type\":\"EntryPoint\",\"urlTemplate\":\"https:\/\/alliance-helvetique.ch\/?s={search_term_string}\"},\"query-input\":{\"@type\":\"PropertyValueSpecification\",\"valueRequired\":true,\"valueName\":\"search_term_string\"}}],\"inLanguage\":\"it-IT\"}]}<\/script>\n<!-- \/ Yoast SEO plugin. -->","yoast_head_json":{"title":"Mug - Ensemble pour la Suisse - Alliance Helv\u00e9tique","robots":{"index":"index","follow":"follow","max-snippet":"max-snippet:-1","max-image-preview":"max-image-preview:large","max-video-preview":"max-video-preview:-1"},"canonical":"https:\/\/alliance-helvetique.ch\/it\/prodotto\/mug-ensemble-pour-la-suisse\/","og_locale":"it_IT","og_type":"article","og_title":"Mug - Ensemble pour la Suisse - Alliance Helv\u00e9tique","og_description":"Un mug chaleureux qui c\u00e9l\u00e8bre l'unit\u00e9 suisse, parfait pour vos pauses caf\u00e9 \u00e0 la maison ou au bureau. Offrez ou partagez un moment convivial avec notre mug \"Ensemble pour la Suisse\".","og_url":"https:\/\/alliance-helvetique.ch\/it\/prodotto\/mug-ensemble-pour-la-suisse\/","og_site_name":"Alliance Helv\u00e9tique","article_modified_time":"2026-01-24T20:19:57+00:00","og_image":[{"width":1040,"height":1040,"url":"https:\/\/alliance-helvetique.ch\/wp-content\/uploads\/2026\/01\/00-MUG-Ensemble-pour-la-Suisse.jpg","type":"image\/jpeg"}],"twitter_card":"summary_large_image","twitter_misc":{"Tempo di lettura stimato":"1 minuto"},"schema":{"@context":"https:\/\/schema.org","@graph":[{"@type":"WebPage","@id":"https:\/\/alliance-helvetique.ch\/produit\/mug-ensemble-pour-la-suisse\/","url":"https:\/\/alliance-helvetique.ch\/produit\/mug-ensemble-pour-la-suisse\/","name":"Mug - Ensemble pour la Suisse - Alliance Helv\u00e9tique","isPartOf":{"@id":"https:\/\/alliance-helvetique.ch\/#website"},"primaryImageOfPage":{"@id":"https:\/\/alliance-helvetique.ch\/produit\/mug-ensemble-pour-la-suisse\/#primaryimage"},"image":{"@id":"https:\/\/alliance-helvetique.ch\/produit\/mug-ensemble-pour-la-suisse\/#primaryimage"},"thumbnailUrl":"https:\/\/alliance-helvetique.ch\/wp-content\/uploads\/2026\/01\/00-MUG-Ensemble-pour-la-Suisse.jpg","datePublished":"2026-01-24T20:19:56+00:00","dateModified":"2026-01-24T20:19:57+00:00","breadcrumb":{"@id":"https:\/\/alliance-helvetique.ch\/produit\/mug-ensemble-pour-la-suisse\/#breadcrumb"},"inLanguage":"it-IT","potentialAction":[{"@type":"ReadAction","target":["https:\/\/alliance-helvetique.ch\/produit\/mug-ensemble-pour-la-suisse\/"]}]},{"@type":"ImageObject","inLanguage":"it-IT","@id":"https:\/\/alliance-helvetique.ch\/produit\/mug-ensemble-pour-la-suisse\/#primaryimage","url":"https:\/\/alliance-helvetique.ch\/wp-content\/uploads\/2026\/01\/00-MUG-Ensemble-pour-la-Suisse.jpg","contentUrl":"https:\/\/alliance-helvetique.ch\/wp-content\/uploads\/2026\/01\/00-MUG-Ensemble-pour-la-Suisse.jpg","width":1040,"height":1040},{"@type":"BreadcrumbList","@id":"https:\/\/alliance-helvetique.ch\/produit\/mug-ensemble-pour-la-suisse\/#breadcrumb","itemListElement":[{"@type":"ListItem","position":1,"name":"Accueil","item":"https:\/\/alliance-helvetique.ch\/"},{"@type":"ListItem","position":2,"name":"Boutique","item":"https:\/\/alliance-helvetique.ch\/boutique\/"},{"@type":"ListItem","position":3,"name":"Mug &#8211; Ensemble pour la Suisse"}]},{"@type":"WebSite","@id":"https:\/\/alliance-helvetique.ch\/#website","url":"https:\/\/alliance-helvetique.ch\/","name":"Alleanza Elvetica","description":"","potentialAction":[{"@type":"SearchAction","target":{"@type":"EntryPoint","urlTemplate":"https:\/\/alliance-helvetique.ch\/?s={search_term_string}"},"query-input":{"@type":"PropertyValueSpecification","valueRequired":true,"valueName":"search_term_string"}}],"inLanguage":"it-IT"}]}},"_links":{"self":[{"href":"https:\/\/alliance-helvetique.ch\/it\/wp-json\/wp\/v2\/product\/1430","targetHints":{"allow":["GET"]}}],"collection":[{"href":"https:\/\/alliance-helvetique.ch\/it\/wp-json\/wp\/v2\/product"}],"about":[{"href":"https:\/\/alliance-helvetique.ch\/it\/wp-json\/wp\/v2\/types\/product"}],"replies":[{"embeddable":true,"href":"https:\/\/alliance-helvetique.ch\/it\/wp-json\/wp\/v2\/comments?post=1430"}],"wp:featuredmedia":[{"embeddable":true,"href":"https:\/\/alliance-helvetique.ch\/it\/wp-json\/wp\/v2\/media\/1431"}],"wp:attachment":[{"href":"https:\/\/alliance-helvetique.ch\/it\/wp-json\/wp\/v2\/media?parent=1430"}],"wp:term":[{"taxonomy":"product_brand","embeddable":true,"href":"https:\/\/alliance-helvetique.ch\/it\/wp-json\/wp\/v2\/product_brand?post=1430"},{"taxonomy":"product_cat","embeddable":true,"href":"https:\/\/alliance-helvetique.ch\/it\/wp-json\/wp\/v2\/product_cat?post=1430"},{"taxonomy":"product_tag","embeddable":true,"href":"https:\/\/alliance-helvetique.ch\/it\/wp-json\/wp\/v2\/product_tag?post=1430"}],"curies":[{"name":"wp","href":"https:\/\/api.w.org\/{rel}","templated":true}]}}