{"id":1428,"date":"2026-01-24T20:14:58","date_gmt":"2026-01-24T20:14:58","guid":{"rendered":"https:\/\/alliance-helvetique.ch\/?post_type=product&#038;p=1428"},"modified":"2026-01-24T20:15:16","modified_gmt":"2026-01-24T20:15:16","slug":"mug-a-lecoute-des-citoyens","status":"publish","type":"product","link":"https:\/\/alliance-helvetique.ch\/it\/prodotto\/mug-a-lecoute-des-citoyens\/","title":{"rendered":"Mug &#8211; A l\u2019\u00e9coute des citoyens"},"content":{"rendered":"<p>Que ce soit \u00e0 la maison ou au bureau, ce mug accompagne vos matins et vos pauses caf\u00e9 avec style.<\/p>\n<p>Fabriqu\u00e9 en c\u00e9ramique de qualit\u00e9 r\u00e9sistante Impression durable qui ne s&rsquo;efface pas.<br \/>\nCapacit\u00e9 adapt\u00e9e pour savourer votre boisson chaude pr\u00e9f\u00e9r\u00e9e.<br \/>\nDesign moderne et chaleureux qui invite \u00e0 la discussion.<\/p>\n<p>Offrez-le \u00e0 un proche ou faites-vous plaisir avec ce mug qui c\u00e9l\u00e8bre l\u2019\u00e9coute et le partage.<\/p>","protected":false},"excerpt":{"rendered":"<p>Un mug original pour les amoureux du dialogue et de la convivialit\u00e9, parfait pour vos pauses caf\u00e9.<br \/>\nCe mug imprim\u00e9 \u00ab \u00c0 l\u2019\u00e9coute des citoyens \u00bb est une id\u00e9e cadeau id\u00e9ale pour ceux qui appr\u00e9cient le dialogue ouvert et sinc\u00e8re.<\/p>","protected":false},"featured_media":1429,"comment_status":"open","ping_status":"closed","template":"","meta":{"_et_pb_use_builder":"","_et_pb_old_content":"","_et_gb_content_width":""},"product_brand":[],"product_cat":[275],"product_tag":[282,284,297,276,278],"class_list":{"0":"post-1428","1":"product","2":"type-product","3":"status-publish","4":"has-post-thumbnail","6":"product_cat-mugs","7":"product_tag-cafe","8":"product_tag-citoyens","9":"product_tag-ecoute","10":"product_tag-mug","11":"product_tag-suisse","13":"first","14":"instock","15":"shipping-taxable","16":"purchasable","17":"product-type-simple"},"yoast_head":"<!-- This site is optimized with the Yoast SEO plugin v25.7 - https:\/\/yoast.com\/wordpress\/plugins\/seo\/ -->\n<title>Mug - A l\u2019\u00e9coute des citoyens - Alliance Helv\u00e9tique<\/title>\n<meta name=\"robots\" content=\"index, follow, max-snippet:-1, max-image-preview:large, max-video-preview:-1\" \/>\n<link rel=\"canonical\" href=\"https:\/\/alliance-helvetique.ch\/it\/prodotto\/mug-a-lecoute-des-citoyens\/\" \/>\n<meta property=\"og:locale\" content=\"it_IT\" \/>\n<meta property=\"og:type\" content=\"article\" \/>\n<meta property=\"og:title\" content=\"Mug - A l\u2019\u00e9coute des citoyens - Alliance Helv\u00e9tique\" \/>\n<meta property=\"og:description\" content=\"Un mug original pour les amoureux du dialogue et de la convivialit\u00e9, parfait pour vos pauses caf\u00e9. Ce mug imprim\u00e9 \u00ab \u00c0 l\u2019\u00e9coute des citoyens \u00bb est une id\u00e9e cadeau id\u00e9ale pour ceux qui appr\u00e9cient le dialogue ouvert et sinc\u00e8re.\" \/>\n<meta property=\"og:url\" content=\"https:\/\/alliance-helvetique.ch\/it\/prodotto\/mug-a-lecoute-des-citoyens\/\" \/>\n<meta property=\"og:site_name\" content=\"Alliance Helv\u00e9tique\" \/>\n<meta property=\"article:modified_time\" content=\"2026-01-24T20:15:16+00:00\" \/>\n<meta property=\"og:image\" content=\"https:\/\/alliance-helvetique.ch\/wp-content\/uploads\/2026\/01\/00-MUG-A-lecoute-des-citoyens.jpg\" \/>\n\t<meta property=\"og:image:width\" content=\"1040\" \/>\n\t<meta property=\"og:image:height\" content=\"1040\" \/>\n\t<meta property=\"og:image:type\" content=\"image\/jpeg\" \/>\n<meta name=\"twitter:card\" content=\"summary_large_image\" \/>\n<meta name=\"twitter:label1\" content=\"Tempo di lettura stimato\" \/>\n\t<meta name=\"twitter:data1\" content=\"1 minuto\" \/>\n<script type=\"application\/ld+json\" class=\"yoast-schema-graph\">{\"@context\":\"https:\/\/schema.org\",\"@graph\":[{\"@type\":\"WebPage\",\"@id\":\"https:\/\/alliance-helvetique.ch\/produit\/mug-a-lecoute-des-citoyens\/\",\"url\":\"https:\/\/alliance-helvetique.ch\/produit\/mug-a-lecoute-des-citoyens\/\",\"name\":\"Mug - A l\u2019\u00e9coute des citoyens - Alliance Helv\u00e9tique\",\"isPartOf\":{\"@id\":\"https:\/\/alliance-helvetique.ch\/#website\"},\"primaryImageOfPage\":{\"@id\":\"https:\/\/alliance-helvetique.ch\/produit\/mug-a-lecoute-des-citoyens\/#primaryimage\"},\"image\":{\"@id\":\"https:\/\/alliance-helvetique.ch\/produit\/mug-a-lecoute-des-citoyens\/#primaryimage\"},\"thumbnailUrl\":\"https:\/\/alliance-helvetique.ch\/wp-content\/uploads\/2026\/01\/00-MUG-A-lecoute-des-citoyens.jpg\",\"datePublished\":\"2026-01-24T20:14:58+00:00\",\"dateModified\":\"2026-01-24T20:15:16+00:00\",\"breadcrumb\":{\"@id\":\"https:\/\/alliance-helvetique.ch\/produit\/mug-a-lecoute-des-citoyens\/#breadcrumb\"},\"inLanguage\":\"it-IT\",\"potentialAction\":[{\"@type\":\"ReadAction\",\"target\":[\"https:\/\/alliance-helvetique.ch\/produit\/mug-a-lecoute-des-citoyens\/\"]}]},{\"@type\":\"ImageObject\",\"inLanguage\":\"it-IT\",\"@id\":\"https:\/\/alliance-helvetique.ch\/produit\/mug-a-lecoute-des-citoyens\/#primaryimage\",\"url\":\"https:\/\/alliance-helvetique.ch\/wp-content\/uploads\/2026\/01\/00-MUG-A-lecoute-des-citoyens.jpg\",\"contentUrl\":\"https:\/\/alliance-helvetique.ch\/wp-content\/uploads\/2026\/01\/00-MUG-A-lecoute-des-citoyens.jpg\",\"width\":1040,\"height\":1040},{\"@type\":\"BreadcrumbList\",\"@id\":\"https:\/\/alliance-helvetique.ch\/produit\/mug-a-lecoute-des-citoyens\/#breadcrumb\",\"itemListElement\":[{\"@type\":\"ListItem\",\"position\":1,\"name\":\"Accueil\",\"item\":\"https:\/\/alliance-helvetique.ch\/\"},{\"@type\":\"ListItem\",\"position\":2,\"name\":\"Boutique\",\"item\":\"https:\/\/alliance-helvetique.ch\/boutique\/\"},{\"@type\":\"ListItem\",\"position\":3,\"name\":\"Mug &#8211; A l\u2019\u00e9coute des citoyens\"}]},{\"@type\":\"WebSite\",\"@id\":\"https:\/\/alliance-helvetique.ch\/#website\",\"url\":\"https:\/\/alliance-helvetique.ch\/\",\"name\":\"Alliance Helv\u00e9tique\",\"description\":\"\",\"potentialAction\":[{\"@type\":\"SearchAction\",\"target\":{\"@type\":\"EntryPoint\",\"urlTemplate\":\"https:\/\/alliance-helvetique.ch\/?s={search_term_string}\"},\"query-input\":{\"@type\":\"PropertyValueSpecification\",\"valueRequired\":true,\"valueName\":\"search_term_string\"}}],\"inLanguage\":\"it-IT\"}]}<\/script>\n<!-- \/ Yoast SEO plugin. -->","yoast_head_json":{"title":"Mug - A l\u2019\u00e9coute des citoyens - Alliance Helv\u00e9tique","robots":{"index":"index","follow":"follow","max-snippet":"max-snippet:-1","max-image-preview":"max-image-preview:large","max-video-preview":"max-video-preview:-1"},"canonical":"https:\/\/alliance-helvetique.ch\/it\/prodotto\/mug-a-lecoute-des-citoyens\/","og_locale":"it_IT","og_type":"article","og_title":"Mug - A l\u2019\u00e9coute des citoyens - Alliance Helv\u00e9tique","og_description":"Un mug original pour les amoureux du dialogue et de la convivialit\u00e9, parfait pour vos pauses caf\u00e9. Ce mug imprim\u00e9 \u00ab \u00c0 l\u2019\u00e9coute des citoyens \u00bb est une id\u00e9e cadeau id\u00e9ale pour ceux qui appr\u00e9cient le dialogue ouvert et sinc\u00e8re.","og_url":"https:\/\/alliance-helvetique.ch\/it\/prodotto\/mug-a-lecoute-des-citoyens\/","og_site_name":"Alliance Helv\u00e9tique","article_modified_time":"2026-01-24T20:15:16+00:00","og_image":[{"width":1040,"height":1040,"url":"https:\/\/alliance-helvetique.ch\/wp-content\/uploads\/2026\/01\/00-MUG-A-lecoute-des-citoyens.jpg","type":"image\/jpeg"}],"twitter_card":"summary_large_image","twitter_misc":{"Tempo di lettura stimato":"1 minuto"},"schema":{"@context":"https:\/\/schema.org","@graph":[{"@type":"WebPage","@id":"https:\/\/alliance-helvetique.ch\/produit\/mug-a-lecoute-des-citoyens\/","url":"https:\/\/alliance-helvetique.ch\/produit\/mug-a-lecoute-des-citoyens\/","name":"Mug - A l\u2019\u00e9coute des citoyens - Alliance Helv\u00e9tique","isPartOf":{"@id":"https:\/\/alliance-helvetique.ch\/#website"},"primaryImageOfPage":{"@id":"https:\/\/alliance-helvetique.ch\/produit\/mug-a-lecoute-des-citoyens\/#primaryimage"},"image":{"@id":"https:\/\/alliance-helvetique.ch\/produit\/mug-a-lecoute-des-citoyens\/#primaryimage"},"thumbnailUrl":"https:\/\/alliance-helvetique.ch\/wp-content\/uploads\/2026\/01\/00-MUG-A-lecoute-des-citoyens.jpg","datePublished":"2026-01-24T20:14:58+00:00","dateModified":"2026-01-24T20:15:16+00:00","breadcrumb":{"@id":"https:\/\/alliance-helvetique.ch\/produit\/mug-a-lecoute-des-citoyens\/#breadcrumb"},"inLanguage":"it-IT","potentialAction":[{"@type":"ReadAction","target":["https:\/\/alliance-helvetique.ch\/produit\/mug-a-lecoute-des-citoyens\/"]}]},{"@type":"ImageObject","inLanguage":"it-IT","@id":"https:\/\/alliance-helvetique.ch\/produit\/mug-a-lecoute-des-citoyens\/#primaryimage","url":"https:\/\/alliance-helvetique.ch\/wp-content\/uploads\/2026\/01\/00-MUG-A-lecoute-des-citoyens.jpg","contentUrl":"https:\/\/alliance-helvetique.ch\/wp-content\/uploads\/2026\/01\/00-MUG-A-lecoute-des-citoyens.jpg","width":1040,"height":1040},{"@type":"BreadcrumbList","@id":"https:\/\/alliance-helvetique.ch\/produit\/mug-a-lecoute-des-citoyens\/#breadcrumb","itemListElement":[{"@type":"ListItem","position":1,"name":"Accueil","item":"https:\/\/alliance-helvetique.ch\/"},{"@type":"ListItem","position":2,"name":"Boutique","item":"https:\/\/alliance-helvetique.ch\/boutique\/"},{"@type":"ListItem","position":3,"name":"Mug &#8211; A l\u2019\u00e9coute des citoyens"}]},{"@type":"WebSite","@id":"https:\/\/alliance-helvetique.ch\/#website","url":"https:\/\/alliance-helvetique.ch\/","name":"Alleanza Elvetica","description":"","potentialAction":[{"@type":"SearchAction","target":{"@type":"EntryPoint","urlTemplate":"https:\/\/alliance-helvetique.ch\/?s={search_term_string}"},"query-input":{"@type":"PropertyValueSpecification","valueRequired":true,"valueName":"search_term_string"}}],"inLanguage":"it-IT"}]}},"_links":{"self":[{"href":"https:\/\/alliance-helvetique.ch\/it\/wp-json\/wp\/v2\/product\/1428","targetHints":{"allow":["GET"]}}],"collection":[{"href":"https:\/\/alliance-helvetique.ch\/it\/wp-json\/wp\/v2\/product"}],"about":[{"href":"https:\/\/alliance-helvetique.ch\/it\/wp-json\/wp\/v2\/types\/product"}],"replies":[{"embeddable":true,"href":"https:\/\/alliance-helvetique.ch\/it\/wp-json\/wp\/v2\/comments?post=1428"}],"wp:featuredmedia":[{"embeddable":true,"href":"https:\/\/alliance-helvetique.ch\/it\/wp-json\/wp\/v2\/media\/1429"}],"wp:attachment":[{"href":"https:\/\/alliance-helvetique.ch\/it\/wp-json\/wp\/v2\/media?parent=1428"}],"wp:term":[{"taxonomy":"product_brand","embeddable":true,"href":"https:\/\/alliance-helvetique.ch\/it\/wp-json\/wp\/v2\/product_brand?post=1428"},{"taxonomy":"product_cat","embeddable":true,"href":"https:\/\/alliance-helvetique.ch\/it\/wp-json\/wp\/v2\/product_cat?post=1428"},{"taxonomy":"product_tag","embeddable":true,"href":"https:\/\/alliance-helvetique.ch\/it\/wp-json\/wp\/v2\/product_tag?post=1428"}],"curies":[{"name":"wp","href":"https:\/\/api.w.org\/{rel}","templated":true}]}}