{"id":1424,"date":"2026-01-24T09:08:23","date_gmt":"2026-01-24T09:08:23","guid":{"rendered":"https:\/\/alliance-helvetique.ch\/?post_type=product&#038;p=1424"},"modified":"2026-01-24T09:08:23","modified_gmt":"2026-01-24T09:08:23","slug":"mug-la-suisse-dabord","status":"publish","type":"product","link":"https:\/\/alliance-helvetique.ch\/it\/prodotto\/mug-la-suisse-dabord\/","title":{"rendered":"Mug &#8211; La Suisse d\u2019abord"},"content":{"rendered":"<p>Il invite \u00e0 c\u00e9l\u00e9brer sa fiert\u00e9 suisse \u00e0 chaque gorg\u00e9e, que ce soit \u00e0 la maison ou au bureau.<\/p>\n<p>Fabriqu\u00e9 en c\u00e9ramique de qualit\u00e9, il r\u00e9siste au lave-vaisselle et au micro-ondes pour un usage quotidien facile.<\/p>\n<p>Id\u00e9e cadeau authentique et pleine d&rsquo;\u00e9motion Parfait pour le matin ou toute pause caf\u00e9.<br \/>\nMug robuste et confortable \u00e0 prendre en main.<br \/>\nImpression durable qui conserve ses couleurs.<\/p>\n<p>Un compagnon id\u00e9al pour \u00e9gayer votre table ou votre espace de travail avec une touche de chaleur suisse.<\/p>","protected":false},"excerpt":{"rendered":"<p>Offrez ce mug \u00ab La Suisse d&rsquo;abord \u00bb pour savourer vos pauses caf\u00e9 avec fiert\u00e9 et convivialit\u00e9.<br \/>\nCe mug imprim\u00e9 \u00ab La Suisse d&rsquo;abord \u00bb est un choix parfait pour offrir un cadeau chaleureux et original.<\/p>","protected":false},"featured_media":1425,"comment_status":"open","ping_status":"closed","template":"","meta":{"_et_pb_use_builder":"","_et_pb_old_content":"","_et_gb_content_width":""},"product_brand":[],"product_cat":[275],"product_tag":[293,276,278],"class_list":{"0":"post-1424","1":"product","2":"type-product","3":"status-publish","4":"has-post-thumbnail","6":"product_cat-mugs","7":"product_tag-dabord","8":"product_tag-mug","9":"product_tag-suisse","11":"first","12":"instock","13":"shipping-taxable","14":"purchasable","15":"product-type-simple"},"yoast_head":"<!-- This site is optimized with the Yoast SEO plugin v25.7 - https:\/\/yoast.com\/wordpress\/plugins\/seo\/ -->\n<title>Mug - La Suisse d\u2019abord - Alliance Helv\u00e9tique<\/title>\n<meta name=\"robots\" content=\"index, follow, max-snippet:-1, max-image-preview:large, max-video-preview:-1\" \/>\n<link rel=\"canonical\" href=\"https:\/\/alliance-helvetique.ch\/it\/prodotto\/mug-la-suisse-dabord\/\" \/>\n<meta property=\"og:locale\" content=\"it_IT\" \/>\n<meta property=\"og:type\" content=\"article\" \/>\n<meta property=\"og:title\" content=\"Mug - La Suisse d\u2019abord - Alliance Helv\u00e9tique\" \/>\n<meta property=\"og:description\" content=\"Offrez ce mug \u00ab La Suisse d&#039;abord \u00bb pour savourer vos pauses caf\u00e9 avec fiert\u00e9 et convivialit\u00e9. Ce mug imprim\u00e9 \u00ab La Suisse d&#039;abord \u00bb est un choix parfait pour offrir un cadeau chaleureux et original.\" \/>\n<meta property=\"og:url\" content=\"https:\/\/alliance-helvetique.ch\/it\/prodotto\/mug-la-suisse-dabord\/\" \/>\n<meta property=\"og:site_name\" content=\"Alliance Helv\u00e9tique\" \/>\n<meta property=\"og:image\" content=\"https:\/\/alliance-helvetique.ch\/wp-content\/uploads\/2026\/01\/Mug-La-Suisse-dabord.jpg\" \/>\n\t<meta property=\"og:image:width\" content=\"1040\" \/>\n\t<meta property=\"og:image:height\" content=\"1040\" \/>\n\t<meta property=\"og:image:type\" content=\"image\/jpeg\" \/>\n<meta name=\"twitter:card\" content=\"summary_large_image\" \/>\n<meta name=\"twitter:label1\" content=\"Tempo di lettura stimato\" \/>\n\t<meta name=\"twitter:data1\" content=\"1 minuto\" \/>\n<script type=\"application\/ld+json\" class=\"yoast-schema-graph\">{\"@context\":\"https:\/\/schema.org\",\"@graph\":[{\"@type\":\"WebPage\",\"@id\":\"https:\/\/alliance-helvetique.ch\/produit\/mug-la-suisse-dabord\/\",\"url\":\"https:\/\/alliance-helvetique.ch\/produit\/mug-la-suisse-dabord\/\",\"name\":\"Mug - La Suisse d\u2019abord - Alliance Helv\u00e9tique\",\"isPartOf\":{\"@id\":\"https:\/\/alliance-helvetique.ch\/#website\"},\"primaryImageOfPage\":{\"@id\":\"https:\/\/alliance-helvetique.ch\/produit\/mug-la-suisse-dabord\/#primaryimage\"},\"image\":{\"@id\":\"https:\/\/alliance-helvetique.ch\/produit\/mug-la-suisse-dabord\/#primaryimage\"},\"thumbnailUrl\":\"https:\/\/alliance-helvetique.ch\/wp-content\/uploads\/2026\/01\/Mug-La-Suisse-dabord.jpg\",\"datePublished\":\"2026-01-24T09:08:23+00:00\",\"breadcrumb\":{\"@id\":\"https:\/\/alliance-helvetique.ch\/produit\/mug-la-suisse-dabord\/#breadcrumb\"},\"inLanguage\":\"it-IT\",\"potentialAction\":[{\"@type\":\"ReadAction\",\"target\":[\"https:\/\/alliance-helvetique.ch\/produit\/mug-la-suisse-dabord\/\"]}]},{\"@type\":\"ImageObject\",\"inLanguage\":\"it-IT\",\"@id\":\"https:\/\/alliance-helvetique.ch\/produit\/mug-la-suisse-dabord\/#primaryimage\",\"url\":\"https:\/\/alliance-helvetique.ch\/wp-content\/uploads\/2026\/01\/Mug-La-Suisse-dabord.jpg\",\"contentUrl\":\"https:\/\/alliance-helvetique.ch\/wp-content\/uploads\/2026\/01\/Mug-La-Suisse-dabord.jpg\",\"width\":1040,\"height\":1040},{\"@type\":\"BreadcrumbList\",\"@id\":\"https:\/\/alliance-helvetique.ch\/produit\/mug-la-suisse-dabord\/#breadcrumb\",\"itemListElement\":[{\"@type\":\"ListItem\",\"position\":1,\"name\":\"Accueil\",\"item\":\"https:\/\/alliance-helvetique.ch\/\"},{\"@type\":\"ListItem\",\"position\":2,\"name\":\"Boutique\",\"item\":\"https:\/\/alliance-helvetique.ch\/boutique\/\"},{\"@type\":\"ListItem\",\"position\":3,\"name\":\"Mug &#8211; La Suisse d\u2019abord\"}]},{\"@type\":\"WebSite\",\"@id\":\"https:\/\/alliance-helvetique.ch\/#website\",\"url\":\"https:\/\/alliance-helvetique.ch\/\",\"name\":\"Alliance Helv\u00e9tique\",\"description\":\"\",\"potentialAction\":[{\"@type\":\"SearchAction\",\"target\":{\"@type\":\"EntryPoint\",\"urlTemplate\":\"https:\/\/alliance-helvetique.ch\/?s={search_term_string}\"},\"query-input\":{\"@type\":\"PropertyValueSpecification\",\"valueRequired\":true,\"valueName\":\"search_term_string\"}}],\"inLanguage\":\"it-IT\"}]}<\/script>\n<!-- \/ Yoast SEO plugin. -->","yoast_head_json":{"title":"Mug - La Suisse d\u2019abord - Alliance Helv\u00e9tique","robots":{"index":"index","follow":"follow","max-snippet":"max-snippet:-1","max-image-preview":"max-image-preview:large","max-video-preview":"max-video-preview:-1"},"canonical":"https:\/\/alliance-helvetique.ch\/it\/prodotto\/mug-la-suisse-dabord\/","og_locale":"it_IT","og_type":"article","og_title":"Mug - La Suisse d\u2019abord - Alliance Helv\u00e9tique","og_description":"Offrez ce mug \u00ab La Suisse d'abord \u00bb pour savourer vos pauses caf\u00e9 avec fiert\u00e9 et convivialit\u00e9. Ce mug imprim\u00e9 \u00ab La Suisse d'abord \u00bb est un choix parfait pour offrir un cadeau chaleureux et original.","og_url":"https:\/\/alliance-helvetique.ch\/it\/prodotto\/mug-la-suisse-dabord\/","og_site_name":"Alliance Helv\u00e9tique","og_image":[{"width":1040,"height":1040,"url":"https:\/\/alliance-helvetique.ch\/wp-content\/uploads\/2026\/01\/Mug-La-Suisse-dabord.jpg","type":"image\/jpeg"}],"twitter_card":"summary_large_image","twitter_misc":{"Tempo di lettura stimato":"1 minuto"},"schema":{"@context":"https:\/\/schema.org","@graph":[{"@type":"WebPage","@id":"https:\/\/alliance-helvetique.ch\/produit\/mug-la-suisse-dabord\/","url":"https:\/\/alliance-helvetique.ch\/produit\/mug-la-suisse-dabord\/","name":"Mug - La Suisse d\u2019abord - Alliance Helv\u00e9tique","isPartOf":{"@id":"https:\/\/alliance-helvetique.ch\/#website"},"primaryImageOfPage":{"@id":"https:\/\/alliance-helvetique.ch\/produit\/mug-la-suisse-dabord\/#primaryimage"},"image":{"@id":"https:\/\/alliance-helvetique.ch\/produit\/mug-la-suisse-dabord\/#primaryimage"},"thumbnailUrl":"https:\/\/alliance-helvetique.ch\/wp-content\/uploads\/2026\/01\/Mug-La-Suisse-dabord.jpg","datePublished":"2026-01-24T09:08:23+00:00","breadcrumb":{"@id":"https:\/\/alliance-helvetique.ch\/produit\/mug-la-suisse-dabord\/#breadcrumb"},"inLanguage":"it-IT","potentialAction":[{"@type":"ReadAction","target":["https:\/\/alliance-helvetique.ch\/produit\/mug-la-suisse-dabord\/"]}]},{"@type":"ImageObject","inLanguage":"it-IT","@id":"https:\/\/alliance-helvetique.ch\/produit\/mug-la-suisse-dabord\/#primaryimage","url":"https:\/\/alliance-helvetique.ch\/wp-content\/uploads\/2026\/01\/Mug-La-Suisse-dabord.jpg","contentUrl":"https:\/\/alliance-helvetique.ch\/wp-content\/uploads\/2026\/01\/Mug-La-Suisse-dabord.jpg","width":1040,"height":1040},{"@type":"BreadcrumbList","@id":"https:\/\/alliance-helvetique.ch\/produit\/mug-la-suisse-dabord\/#breadcrumb","itemListElement":[{"@type":"ListItem","position":1,"name":"Accueil","item":"https:\/\/alliance-helvetique.ch\/"},{"@type":"ListItem","position":2,"name":"Boutique","item":"https:\/\/alliance-helvetique.ch\/boutique\/"},{"@type":"ListItem","position":3,"name":"Mug &#8211; La Suisse d\u2019abord"}]},{"@type":"WebSite","@id":"https:\/\/alliance-helvetique.ch\/#website","url":"https:\/\/alliance-helvetique.ch\/","name":"Alleanza Elvetica","description":"","potentialAction":[{"@type":"SearchAction","target":{"@type":"EntryPoint","urlTemplate":"https:\/\/alliance-helvetique.ch\/?s={search_term_string}"},"query-input":{"@type":"PropertyValueSpecification","valueRequired":true,"valueName":"search_term_string"}}],"inLanguage":"it-IT"}]}},"_links":{"self":[{"href":"https:\/\/alliance-helvetique.ch\/it\/wp-json\/wp\/v2\/product\/1424","targetHints":{"allow":["GET"]}}],"collection":[{"href":"https:\/\/alliance-helvetique.ch\/it\/wp-json\/wp\/v2\/product"}],"about":[{"href":"https:\/\/alliance-helvetique.ch\/it\/wp-json\/wp\/v2\/types\/product"}],"replies":[{"embeddable":true,"href":"https:\/\/alliance-helvetique.ch\/it\/wp-json\/wp\/v2\/comments?post=1424"}],"wp:featuredmedia":[{"embeddable":true,"href":"https:\/\/alliance-helvetique.ch\/it\/wp-json\/wp\/v2\/media\/1425"}],"wp:attachment":[{"href":"https:\/\/alliance-helvetique.ch\/it\/wp-json\/wp\/v2\/media?parent=1424"}],"wp:term":[{"taxonomy":"product_brand","embeddable":true,"href":"https:\/\/alliance-helvetique.ch\/it\/wp-json\/wp\/v2\/product_brand?post=1424"},{"taxonomy":"product_cat","embeddable":true,"href":"https:\/\/alliance-helvetique.ch\/it\/wp-json\/wp\/v2\/product_cat?post=1424"},{"taxonomy":"product_tag","embeddable":true,"href":"https:\/\/alliance-helvetique.ch\/it\/wp-json\/wp\/v2\/product_tag?post=1424"}],"curies":[{"name":"wp","href":"https:\/\/api.w.org\/{rel}","templated":true}]}}