{"id":1418,"date":"2026-01-24T09:00:55","date_gmt":"2026-01-24T09:00:55","guid":{"rendered":"https:\/\/alliance-helvetique.ch\/?post_type=product&#038;p=1418"},"modified":"2026-01-24T09:00:55","modified_gmt":"2026-01-24T09:00:55","slug":"mug-pas-parfaits","status":"publish","type":"product","link":"https:\/\/alliance-helvetique.ch\/it\/prodotto\/mug-pas-parfaits\/","title":{"rendered":"Mug &#8211; Pas parfaits"},"content":{"rendered":"<p>Parfait pour accompagner vos matins ou les pauses caf\u00e9 au bureau, il refl\u00e8te avec tendresse nos petites imperfections humaines.<\/p>\n<p>Ce mug est une id\u00e9e cadeau originale et r\u00e9confortante \u00e0 offrir \u00e0 vos proches ou \u00e0 s&rsquo;offrir \u00e0 soi-m\u00eame.<br \/>\nCapacit\u00e9 id\u00e9ale pour votre boisson chaude pr\u00e9f\u00e9r\u00e9e Impression de qualit\u00e9 durable qui r\u00e9siste au lavage.<br \/>\nFabriqu\u00e9 en c\u00e9ramique robuste pour une utilisation quotidienne.<br \/>\nConvient parfaitement \u00e0 la maison comme au bureau.<\/p>\n<p>Appr\u00e9ciez chaque gorg\u00e9e avec un mug qui rappelle que la perfection n\u2019est pas n\u00e9cessaire pour \u00eatre aim\u00e9.<\/p>","protected":false},"excerpt":{"rendered":"<p>Un mug tendre pour savourer vos pauses avec douceur, id\u00e9al maison ou bureau.<br \/>\nOffrez un moment de douceur et d&rsquo;humour avec ce mug imprim\u00e9 \u00ab Pas parfaits \u00bb.<\/p>","protected":false},"featured_media":1419,"comment_status":"open","ping_status":"closed","template":"","meta":{"_et_pb_use_builder":"","_et_pb_old_content":"","_et_gb_content_width":""},"product_brand":[],"product_cat":[275],"product_tag":[276,289,288,278],"class_list":{"0":"post-1418","1":"product","2":"type-product","3":"status-publish","4":"has-post-thumbnail","6":"product_cat-mugs","7":"product_tag-mug","8":"product_tag-parfaits","9":"product_tag-pas","10":"product_tag-suisse","12":"first","13":"instock","14":"shipping-taxable","15":"purchasable","16":"product-type-simple"},"yoast_head":"<!-- This site is optimized with the Yoast SEO plugin v25.7 - https:\/\/yoast.com\/wordpress\/plugins\/seo\/ -->\n<title>Mug - Pas parfaits - Alliance Helv\u00e9tique<\/title>\n<meta name=\"robots\" content=\"index, follow, max-snippet:-1, max-image-preview:large, max-video-preview:-1\" \/>\n<link rel=\"canonical\" href=\"https:\/\/alliance-helvetique.ch\/it\/prodotto\/mug-pas-parfaits\/\" \/>\n<meta property=\"og:locale\" content=\"it_IT\" \/>\n<meta property=\"og:type\" content=\"article\" \/>\n<meta property=\"og:title\" content=\"Mug - Pas parfaits - Alliance Helv\u00e9tique\" \/>\n<meta property=\"og:description\" content=\"Un mug tendre pour savourer vos pauses avec douceur, id\u00e9al maison ou bureau. Offrez un moment de douceur et d&#039;humour avec ce mug imprim\u00e9 \u00ab Pas parfaits \u00bb.\" \/>\n<meta property=\"og:url\" content=\"https:\/\/alliance-helvetique.ch\/it\/prodotto\/mug-pas-parfaits\/\" \/>\n<meta property=\"og:site_name\" content=\"Alliance Helv\u00e9tique\" \/>\n<meta property=\"og:image\" content=\"https:\/\/alliance-helvetique.ch\/wp-content\/uploads\/2026\/01\/Mug-Pas-parfaits.jpg\" \/>\n\t<meta property=\"og:image:width\" content=\"1040\" \/>\n\t<meta property=\"og:image:height\" content=\"1040\" \/>\n\t<meta property=\"og:image:type\" content=\"image\/jpeg\" \/>\n<meta name=\"twitter:card\" content=\"summary_large_image\" \/>\n<meta name=\"twitter:label1\" content=\"Tempo di lettura stimato\" \/>\n\t<meta name=\"twitter:data1\" content=\"1 minuto\" \/>\n<script type=\"application\/ld+json\" class=\"yoast-schema-graph\">{\"@context\":\"https:\/\/schema.org\",\"@graph\":[{\"@type\":\"WebPage\",\"@id\":\"https:\/\/alliance-helvetique.ch\/produit\/mug-pas-parfaits\/\",\"url\":\"https:\/\/alliance-helvetique.ch\/produit\/mug-pas-parfaits\/\",\"name\":\"Mug - Pas parfaits - Alliance Helv\u00e9tique\",\"isPartOf\":{\"@id\":\"https:\/\/alliance-helvetique.ch\/#website\"},\"primaryImageOfPage\":{\"@id\":\"https:\/\/alliance-helvetique.ch\/produit\/mug-pas-parfaits\/#primaryimage\"},\"image\":{\"@id\":\"https:\/\/alliance-helvetique.ch\/produit\/mug-pas-parfaits\/#primaryimage\"},\"thumbnailUrl\":\"https:\/\/alliance-helvetique.ch\/wp-content\/uploads\/2026\/01\/Mug-Pas-parfaits.jpg\",\"datePublished\":\"2026-01-24T09:00:55+00:00\",\"breadcrumb\":{\"@id\":\"https:\/\/alliance-helvetique.ch\/produit\/mug-pas-parfaits\/#breadcrumb\"},\"inLanguage\":\"it-IT\",\"potentialAction\":[{\"@type\":\"ReadAction\",\"target\":[\"https:\/\/alliance-helvetique.ch\/produit\/mug-pas-parfaits\/\"]}]},{\"@type\":\"ImageObject\",\"inLanguage\":\"it-IT\",\"@id\":\"https:\/\/alliance-helvetique.ch\/produit\/mug-pas-parfaits\/#primaryimage\",\"url\":\"https:\/\/alliance-helvetique.ch\/wp-content\/uploads\/2026\/01\/Mug-Pas-parfaits.jpg\",\"contentUrl\":\"https:\/\/alliance-helvetique.ch\/wp-content\/uploads\/2026\/01\/Mug-Pas-parfaits.jpg\",\"width\":1040,\"height\":1040},{\"@type\":\"BreadcrumbList\",\"@id\":\"https:\/\/alliance-helvetique.ch\/produit\/mug-pas-parfaits\/#breadcrumb\",\"itemListElement\":[{\"@type\":\"ListItem\",\"position\":1,\"name\":\"Accueil\",\"item\":\"https:\/\/alliance-helvetique.ch\/\"},{\"@type\":\"ListItem\",\"position\":2,\"name\":\"Boutique\",\"item\":\"https:\/\/alliance-helvetique.ch\/boutique\/\"},{\"@type\":\"ListItem\",\"position\":3,\"name\":\"Mug &#8211; Pas parfaits\"}]},{\"@type\":\"WebSite\",\"@id\":\"https:\/\/alliance-helvetique.ch\/#website\",\"url\":\"https:\/\/alliance-helvetique.ch\/\",\"name\":\"Alliance Helv\u00e9tique\",\"description\":\"\",\"potentialAction\":[{\"@type\":\"SearchAction\",\"target\":{\"@type\":\"EntryPoint\",\"urlTemplate\":\"https:\/\/alliance-helvetique.ch\/?s={search_term_string}\"},\"query-input\":{\"@type\":\"PropertyValueSpecification\",\"valueRequired\":true,\"valueName\":\"search_term_string\"}}],\"inLanguage\":\"it-IT\"}]}<\/script>\n<!-- \/ Yoast SEO plugin. -->","yoast_head_json":{"title":"Mug - Pas parfaits - Alliance Helv\u00e9tique","robots":{"index":"index","follow":"follow","max-snippet":"max-snippet:-1","max-image-preview":"max-image-preview:large","max-video-preview":"max-video-preview:-1"},"canonical":"https:\/\/alliance-helvetique.ch\/it\/prodotto\/mug-pas-parfaits\/","og_locale":"it_IT","og_type":"article","og_title":"Mug - Pas parfaits - Alliance Helv\u00e9tique","og_description":"Un mug tendre pour savourer vos pauses avec douceur, id\u00e9al maison ou bureau. Offrez un moment de douceur et d'humour avec ce mug imprim\u00e9 \u00ab Pas parfaits \u00bb.","og_url":"https:\/\/alliance-helvetique.ch\/it\/prodotto\/mug-pas-parfaits\/","og_site_name":"Alliance Helv\u00e9tique","og_image":[{"width":1040,"height":1040,"url":"https:\/\/alliance-helvetique.ch\/wp-content\/uploads\/2026\/01\/Mug-Pas-parfaits.jpg","type":"image\/jpeg"}],"twitter_card":"summary_large_image","twitter_misc":{"Tempo di lettura stimato":"1 minuto"},"schema":{"@context":"https:\/\/schema.org","@graph":[{"@type":"WebPage","@id":"https:\/\/alliance-helvetique.ch\/produit\/mug-pas-parfaits\/","url":"https:\/\/alliance-helvetique.ch\/produit\/mug-pas-parfaits\/","name":"Mug - Pas parfaits - Alliance Helv\u00e9tique","isPartOf":{"@id":"https:\/\/alliance-helvetique.ch\/#website"},"primaryImageOfPage":{"@id":"https:\/\/alliance-helvetique.ch\/produit\/mug-pas-parfaits\/#primaryimage"},"image":{"@id":"https:\/\/alliance-helvetique.ch\/produit\/mug-pas-parfaits\/#primaryimage"},"thumbnailUrl":"https:\/\/alliance-helvetique.ch\/wp-content\/uploads\/2026\/01\/Mug-Pas-parfaits.jpg","datePublished":"2026-01-24T09:00:55+00:00","breadcrumb":{"@id":"https:\/\/alliance-helvetique.ch\/produit\/mug-pas-parfaits\/#breadcrumb"},"inLanguage":"it-IT","potentialAction":[{"@type":"ReadAction","target":["https:\/\/alliance-helvetique.ch\/produit\/mug-pas-parfaits\/"]}]},{"@type":"ImageObject","inLanguage":"it-IT","@id":"https:\/\/alliance-helvetique.ch\/produit\/mug-pas-parfaits\/#primaryimage","url":"https:\/\/alliance-helvetique.ch\/wp-content\/uploads\/2026\/01\/Mug-Pas-parfaits.jpg","contentUrl":"https:\/\/alliance-helvetique.ch\/wp-content\/uploads\/2026\/01\/Mug-Pas-parfaits.jpg","width":1040,"height":1040},{"@type":"BreadcrumbList","@id":"https:\/\/alliance-helvetique.ch\/produit\/mug-pas-parfaits\/#breadcrumb","itemListElement":[{"@type":"ListItem","position":1,"name":"Accueil","item":"https:\/\/alliance-helvetique.ch\/"},{"@type":"ListItem","position":2,"name":"Boutique","item":"https:\/\/alliance-helvetique.ch\/boutique\/"},{"@type":"ListItem","position":3,"name":"Mug &#8211; Pas parfaits"}]},{"@type":"WebSite","@id":"https:\/\/alliance-helvetique.ch\/#website","url":"https:\/\/alliance-helvetique.ch\/","name":"Alleanza Elvetica","description":"","potentialAction":[{"@type":"SearchAction","target":{"@type":"EntryPoint","urlTemplate":"https:\/\/alliance-helvetique.ch\/?s={search_term_string}"},"query-input":{"@type":"PropertyValueSpecification","valueRequired":true,"valueName":"search_term_string"}}],"inLanguage":"it-IT"}]}},"_links":{"self":[{"href":"https:\/\/alliance-helvetique.ch\/it\/wp-json\/wp\/v2\/product\/1418","targetHints":{"allow":["GET"]}}],"collection":[{"href":"https:\/\/alliance-helvetique.ch\/it\/wp-json\/wp\/v2\/product"}],"about":[{"href":"https:\/\/alliance-helvetique.ch\/it\/wp-json\/wp\/v2\/types\/product"}],"replies":[{"embeddable":true,"href":"https:\/\/alliance-helvetique.ch\/it\/wp-json\/wp\/v2\/comments?post=1418"}],"wp:featuredmedia":[{"embeddable":true,"href":"https:\/\/alliance-helvetique.ch\/it\/wp-json\/wp\/v2\/media\/1419"}],"wp:attachment":[{"href":"https:\/\/alliance-helvetique.ch\/it\/wp-json\/wp\/v2\/media?parent=1418"}],"wp:term":[{"taxonomy":"product_brand","embeddable":true,"href":"https:\/\/alliance-helvetique.ch\/it\/wp-json\/wp\/v2\/product_brand?post=1418"},{"taxonomy":"product_cat","embeddable":true,"href":"https:\/\/alliance-helvetique.ch\/it\/wp-json\/wp\/v2\/product_cat?post=1418"},{"taxonomy":"product_tag","embeddable":true,"href":"https:\/\/alliance-helvetique.ch\/it\/wp-json\/wp\/v2\/product_tag?post=1418"}],"curies":[{"name":"wp","href":"https:\/\/api.w.org\/{rel}","templated":true}]}}