{"id":1406,"date":"2026-01-24T08:36:09","date_gmt":"2026-01-24T08:36:09","guid":{"rendered":"https:\/\/alliance-helvetique.ch\/?post_type=product&#038;p=1406"},"modified":"2026-01-24T08:41:18","modified_gmt":"2026-01-24T08:41:18","slug":"mug-sengager-aujourdhui-pour-demain","status":"publish","type":"product","link":"https:\/\/alliance-helvetique.ch\/it\/prodotto\/mug-sengager-aujourdhui-pour-demain\/","title":{"rendered":"Mug &#8211; S\u2019engager aujourd\u2019hui pour demain"},"content":{"rendered":"<p>Vinyle d&rsquo;impression durable pour un rendu color\u00e9 et r\u00e9sistant.<br \/>\nC\u00e9ramique de qualit\u00e9 assurant robustesse et confort au toucher.<br \/>\nCapacit\u00e9 standard id\u00e9ale pour un caf\u00e9, un th\u00e9 ou une infusion.<br \/>\nConvient au lave-vaisselle et micro-ondes pour un usage facile.<\/p>\n<p>Un cadeau simple et porteur de sens qui fait plaisir \u00e0 offrir comme \u00e0 recevoir.<\/p>\n<p>1 mug<\/p>","protected":false},"excerpt":{"rendered":"<p>Offrez un mug inspirant pour savourer chaque pause avec un message porteur d&rsquo;avenir.<br \/>\nParfait pour la maison ou le bureau, il accompagne vos matins et vos pauses caf\u00e9 avec douceur et motivation.<\/p>","protected":false},"featured_media":1408,"comment_status":"open","ping_status":"closed","template":"","meta":{"_et_pb_use_builder":"","_et_pb_old_content":"","_et_gb_content_width":""},"product_brand":[],"product_cat":[275],"product_tag":[277,276,278],"class_list":{"0":"post-1406","1":"product","2":"type-product","3":"status-publish","4":"has-post-thumbnail","6":"product_cat-mugs","7":"product_tag-engager","8":"product_tag-mug","9":"product_tag-suisse","11":"first","12":"instock","13":"shipping-taxable","14":"purchasable","15":"product-type-simple"},"yoast_head":"<!-- This site is optimized with the Yoast SEO plugin v25.7 - https:\/\/yoast.com\/wordpress\/plugins\/seo\/ -->\n<title>Mug - S\u2019engager aujourd\u2019hui pour demain - Alliance Helv\u00e9tique<\/title>\n<meta name=\"robots\" content=\"index, follow, max-snippet:-1, max-image-preview:large, max-video-preview:-1\" \/>\n<link rel=\"canonical\" href=\"https:\/\/alliance-helvetique.ch\/it\/prodotto\/mug-sengager-aujourdhui-pour-demain\/\" \/>\n<meta property=\"og:locale\" content=\"it_IT\" \/>\n<meta property=\"og:type\" content=\"article\" \/>\n<meta property=\"og:title\" content=\"Mug - S\u2019engager aujourd\u2019hui pour demain - Alliance Helv\u00e9tique\" \/>\n<meta property=\"og:description\" content=\"Offrez un mug inspirant pour savourer chaque pause avec un message porteur d&#039;avenir. Parfait pour la maison ou le bureau, il accompagne vos matins et vos pauses caf\u00e9 avec douceur et motivation.\" \/>\n<meta property=\"og:url\" content=\"https:\/\/alliance-helvetique.ch\/it\/prodotto\/mug-sengager-aujourdhui-pour-demain\/\" \/>\n<meta property=\"og:site_name\" content=\"Alliance Helv\u00e9tique\" \/>\n<meta property=\"article:modified_time\" content=\"2026-01-24T08:41:18+00:00\" \/>\n<meta property=\"og:image\" content=\"https:\/\/alliance-helvetique.ch\/wp-content\/uploads\/2026\/01\/mug-Sengager-aujourdhui-pour-demain.jpg\" \/>\n\t<meta property=\"og:image:width\" content=\"1440\" \/>\n\t<meta property=\"og:image:height\" content=\"1440\" \/>\n\t<meta property=\"og:image:type\" content=\"image\/jpeg\" \/>\n<meta name=\"twitter:card\" content=\"summary_large_image\" \/>\n<meta name=\"twitter:label1\" content=\"Tempo di lettura stimato\" \/>\n\t<meta name=\"twitter:data1\" content=\"1 minuto\" \/>\n<script type=\"application\/ld+json\" class=\"yoast-schema-graph\">{\"@context\":\"https:\/\/schema.org\",\"@graph\":[{\"@type\":\"WebPage\",\"@id\":\"https:\/\/alliance-helvetique.ch\/produit\/mug-sengager-aujourdhui-pour-demain\/\",\"url\":\"https:\/\/alliance-helvetique.ch\/produit\/mug-sengager-aujourdhui-pour-demain\/\",\"name\":\"Mug - S\u2019engager aujourd\u2019hui pour demain - Alliance Helv\u00e9tique\",\"isPartOf\":{\"@id\":\"https:\/\/alliance-helvetique.ch\/#website\"},\"primaryImageOfPage\":{\"@id\":\"https:\/\/alliance-helvetique.ch\/produit\/mug-sengager-aujourdhui-pour-demain\/#primaryimage\"},\"image\":{\"@id\":\"https:\/\/alliance-helvetique.ch\/produit\/mug-sengager-aujourdhui-pour-demain\/#primaryimage\"},\"thumbnailUrl\":\"https:\/\/alliance-helvetique.ch\/wp-content\/uploads\/2026\/01\/mug-Sengager-aujourdhui-pour-demain.jpg\",\"datePublished\":\"2026-01-24T08:36:09+00:00\",\"dateModified\":\"2026-01-24T08:41:18+00:00\",\"breadcrumb\":{\"@id\":\"https:\/\/alliance-helvetique.ch\/produit\/mug-sengager-aujourdhui-pour-demain\/#breadcrumb\"},\"inLanguage\":\"it-IT\",\"potentialAction\":[{\"@type\":\"ReadAction\",\"target\":[\"https:\/\/alliance-helvetique.ch\/produit\/mug-sengager-aujourdhui-pour-demain\/\"]}]},{\"@type\":\"ImageObject\",\"inLanguage\":\"it-IT\",\"@id\":\"https:\/\/alliance-helvetique.ch\/produit\/mug-sengager-aujourdhui-pour-demain\/#primaryimage\",\"url\":\"https:\/\/alliance-helvetique.ch\/wp-content\/uploads\/2026\/01\/mug-Sengager-aujourdhui-pour-demain.jpg\",\"contentUrl\":\"https:\/\/alliance-helvetique.ch\/wp-content\/uploads\/2026\/01\/mug-Sengager-aujourdhui-pour-demain.jpg\",\"width\":1440,\"height\":1440},{\"@type\":\"BreadcrumbList\",\"@id\":\"https:\/\/alliance-helvetique.ch\/produit\/mug-sengager-aujourdhui-pour-demain\/#breadcrumb\",\"itemListElement\":[{\"@type\":\"ListItem\",\"position\":1,\"name\":\"Accueil\",\"item\":\"https:\/\/alliance-helvetique.ch\/\"},{\"@type\":\"ListItem\",\"position\":2,\"name\":\"Boutique\",\"item\":\"https:\/\/alliance-helvetique.ch\/boutique\/\"},{\"@type\":\"ListItem\",\"position\":3,\"name\":\"Mug &#8211; S\u2019engager aujourd\u2019hui pour demain\"}]},{\"@type\":\"WebSite\",\"@id\":\"https:\/\/alliance-helvetique.ch\/#website\",\"url\":\"https:\/\/alliance-helvetique.ch\/\",\"name\":\"Alliance Helv\u00e9tique\",\"description\":\"\",\"potentialAction\":[{\"@type\":\"SearchAction\",\"target\":{\"@type\":\"EntryPoint\",\"urlTemplate\":\"https:\/\/alliance-helvetique.ch\/?s={search_term_string}\"},\"query-input\":{\"@type\":\"PropertyValueSpecification\",\"valueRequired\":true,\"valueName\":\"search_term_string\"}}],\"inLanguage\":\"it-IT\"}]}<\/script>\n<!-- \/ Yoast SEO plugin. -->","yoast_head_json":{"title":"Mug - S\u2019engager aujourd\u2019hui pour demain - Alliance Helv\u00e9tique","robots":{"index":"index","follow":"follow","max-snippet":"max-snippet:-1","max-image-preview":"max-image-preview:large","max-video-preview":"max-video-preview:-1"},"canonical":"https:\/\/alliance-helvetique.ch\/it\/prodotto\/mug-sengager-aujourdhui-pour-demain\/","og_locale":"it_IT","og_type":"article","og_title":"Mug - S\u2019engager aujourd\u2019hui pour demain - Alliance Helv\u00e9tique","og_description":"Offrez un mug inspirant pour savourer chaque pause avec un message porteur d'avenir. Parfait pour la maison ou le bureau, il accompagne vos matins et vos pauses caf\u00e9 avec douceur et motivation.","og_url":"https:\/\/alliance-helvetique.ch\/it\/prodotto\/mug-sengager-aujourdhui-pour-demain\/","og_site_name":"Alliance Helv\u00e9tique","article_modified_time":"2026-01-24T08:41:18+00:00","og_image":[{"width":1440,"height":1440,"url":"https:\/\/alliance-helvetique.ch\/wp-content\/uploads\/2026\/01\/mug-Sengager-aujourdhui-pour-demain.jpg","type":"image\/jpeg"}],"twitter_card":"summary_large_image","twitter_misc":{"Tempo di lettura stimato":"1 minuto"},"schema":{"@context":"https:\/\/schema.org","@graph":[{"@type":"WebPage","@id":"https:\/\/alliance-helvetique.ch\/produit\/mug-sengager-aujourdhui-pour-demain\/","url":"https:\/\/alliance-helvetique.ch\/produit\/mug-sengager-aujourdhui-pour-demain\/","name":"Mug - S\u2019engager aujourd\u2019hui pour demain - Alliance Helv\u00e9tique","isPartOf":{"@id":"https:\/\/alliance-helvetique.ch\/#website"},"primaryImageOfPage":{"@id":"https:\/\/alliance-helvetique.ch\/produit\/mug-sengager-aujourdhui-pour-demain\/#primaryimage"},"image":{"@id":"https:\/\/alliance-helvetique.ch\/produit\/mug-sengager-aujourdhui-pour-demain\/#primaryimage"},"thumbnailUrl":"https:\/\/alliance-helvetique.ch\/wp-content\/uploads\/2026\/01\/mug-Sengager-aujourdhui-pour-demain.jpg","datePublished":"2026-01-24T08:36:09+00:00","dateModified":"2026-01-24T08:41:18+00:00","breadcrumb":{"@id":"https:\/\/alliance-helvetique.ch\/produit\/mug-sengager-aujourdhui-pour-demain\/#breadcrumb"},"inLanguage":"it-IT","potentialAction":[{"@type":"ReadAction","target":["https:\/\/alliance-helvetique.ch\/produit\/mug-sengager-aujourdhui-pour-demain\/"]}]},{"@type":"ImageObject","inLanguage":"it-IT","@id":"https:\/\/alliance-helvetique.ch\/produit\/mug-sengager-aujourdhui-pour-demain\/#primaryimage","url":"https:\/\/alliance-helvetique.ch\/wp-content\/uploads\/2026\/01\/mug-Sengager-aujourdhui-pour-demain.jpg","contentUrl":"https:\/\/alliance-helvetique.ch\/wp-content\/uploads\/2026\/01\/mug-Sengager-aujourdhui-pour-demain.jpg","width":1440,"height":1440},{"@type":"BreadcrumbList","@id":"https:\/\/alliance-helvetique.ch\/produit\/mug-sengager-aujourdhui-pour-demain\/#breadcrumb","itemListElement":[{"@type":"ListItem","position":1,"name":"Accueil","item":"https:\/\/alliance-helvetique.ch\/"},{"@type":"ListItem","position":2,"name":"Boutique","item":"https:\/\/alliance-helvetique.ch\/boutique\/"},{"@type":"ListItem","position":3,"name":"Mug &#8211; S\u2019engager aujourd\u2019hui pour demain"}]},{"@type":"WebSite","@id":"https:\/\/alliance-helvetique.ch\/#website","url":"https:\/\/alliance-helvetique.ch\/","name":"Alleanza Elvetica","description":"","potentialAction":[{"@type":"SearchAction","target":{"@type":"EntryPoint","urlTemplate":"https:\/\/alliance-helvetique.ch\/?s={search_term_string}"},"query-input":{"@type":"PropertyValueSpecification","valueRequired":true,"valueName":"search_term_string"}}],"inLanguage":"it-IT"}]}},"_links":{"self":[{"href":"https:\/\/alliance-helvetique.ch\/it\/wp-json\/wp\/v2\/product\/1406","targetHints":{"allow":["GET"]}}],"collection":[{"href":"https:\/\/alliance-helvetique.ch\/it\/wp-json\/wp\/v2\/product"}],"about":[{"href":"https:\/\/alliance-helvetique.ch\/it\/wp-json\/wp\/v2\/types\/product"}],"replies":[{"embeddable":true,"href":"https:\/\/alliance-helvetique.ch\/it\/wp-json\/wp\/v2\/comments?post=1406"}],"wp:featuredmedia":[{"embeddable":true,"href":"https:\/\/alliance-helvetique.ch\/it\/wp-json\/wp\/v2\/media\/1408"}],"wp:attachment":[{"href":"https:\/\/alliance-helvetique.ch\/it\/wp-json\/wp\/v2\/media?parent=1406"}],"wp:term":[{"taxonomy":"product_brand","embeddable":true,"href":"https:\/\/alliance-helvetique.ch\/it\/wp-json\/wp\/v2\/product_brand?post=1406"},{"taxonomy":"product_cat","embeddable":true,"href":"https:\/\/alliance-helvetique.ch\/it\/wp-json\/wp\/v2\/product_cat?post=1406"},{"taxonomy":"product_tag","embeddable":true,"href":"https:\/\/alliance-helvetique.ch\/it\/wp-json\/wp\/v2\/product_tag?post=1406"}],"curies":[{"name":"wp","href":"https:\/\/api.w.org\/{rel}","templated":true}]}}