{"id":8,"date":"2025-06-05T21:01:36","date_gmt":"2025-06-05T21:01:36","guid":{"rendered":"https:\/\/alliance-helvetique.ch\/?page_id=8"},"modified":"2025-09-03T06:24:16","modified_gmt":"2025-09-03T06:24:16","slug":"accueil","status":"publish","type":"page","link":"https:\/\/alliance-helvetique.ch\/it\/","title":{"rendered":"Home"},"content":{"rendered":"<p>[et_pb_section fb_built=\u00a0\u00bb1&Prime; custom_padding_last_edited=\u00a0\u00bbon|phone\u00a0\u00bb _builder_version=\u00a0\u00bb4.27.4&Prime; _module_preset=\u00a0\u00bbdefault\u00a0\u00bb background_color=\u00a0\u00bbrgba(0,0,0,0.65)\u00a0\u00bb background_image=\u00a0\u00bbhttps:\/\/alliance-helvetique.ch\/wp-content\/uploads\/2025\/06\/230186086.jpg\u00a0\u00bb background_blend=\u00a0\u00bbmultiply\u00a0\u00bb custom_padding=\u00a0\u00bb110px||110px||true|\u00a0\u00bb custom_padding_tablet=\u00a0\u00bb110px||110px||true|\u00a0\u00bb custom_padding_phone=\u00a0\u00bb21px||21px||true|false\u00a0\u00bb global_colors_info=\u00a0\u00bb{}\u00a0\u00bb][et_pb_row _builder_version=\u00a0\u00bb4.27.4&Prime; _module_preset=\u00a0\u00bbdefault\u00a0\u00bb global_colors_info=\u00a0\u00bb{}\u00a0\u00bb][et_pb_column type=\u00a0\u00bb4_4&Prime; _builder_version=\u00a0\u00bb4.27.4&Prime; _module_preset=\u00a0\u00bbdefault\u00a0\u00bb global_colors_info=\u00a0\u00bb{}\u00a0\u00bb][et_pb_text _builder_version=\u00a0\u00bb4.27.4&Prime; _module_preset=\u00a0\u00bbdefault\u00a0\u00bb header_text_color=\u00a0\u00bb#FFFFFF\u00a0\u00bb header_font_size=\u00a0\u00bb70px\u00a0\u00bb header_2_text_color=\u00a0\u00bb#E02B20&Prime; header_2_font_size=\u00a0\u00bb70px\u00a0\u00bb header_2_font_size_tablet=\u00a0\u00bb70px\u00a0\u00bb header_2_font_size_phone=\u00a0\u00bb52px\u00a0\u00bb header_2_font_size_last_edited=\u00a0\u00bbon|phone\u00a0\u00bb global_colors_info=\u00a0\u00bb{}\u00a0\u00bb]<\/p>\n<h1 style=\"text-align: center;\">Alleanza<\/h1>\n<h2 style=\"text-align: center;\">Elvetica<\/h2>\n<p>[\/et_pb_text][\/et_pb_column][\/et_pb_row][\/et_pb_section][et_pb_section fb_built=\u00a0\u00bb1&Prime; _builder_version=\u00a0\u00bb4.27.4&Prime; _module_preset=\u00a0\u00bbdefault\u00a0\u00bb global_colors_info=\u00a0\u00bb{}\u00a0\u00bb][et_pb_row column_structure=\u00a0\u00bb1_2,1_2&Prime; _builder_version=\u00a0\u00bb4.27.4&Prime; _module_preset=\u00a0\u00bbdefault\u00a0\u00bb global_colors_info=\u00a0\u00bb{}\u00a0\u00bb][et_pb_column type=\u00a0\u00bb1_2&Prime; _builder_version=\u00a0\u00bb4.27.4&Prime; _dynamic_attributes=\u00a0\u00bblink_option_url\u00a0\u00bb _module_preset=\u00a0\u00bbdefault\u00a0\u00bb background_color=\u00a0\u00bbrgba(0,0,0,0.66)\u00a0\u00bb background_image=\u00a0\u00bbhttps:\/\/alliance-helvetique.ch\/wp-content\/uploads\/2025\/06\/abve1cyt7hk.jpg\u00a0\u00bb background_blend=\u00a0\u00bbmultiply\u00a0\u00bb custom_padding=\u00a0\u00bb72px||72px||true|false\u00a0\u00bb link_option_url=\u00a0\u00bb@ET-DC@eyJkeW5hbWljIjp0cnVlLCJjb250ZW50IjoicG9zdF9saW5rX3VybF9wYWdlIiwic2V0dGluZ3MiOnsicG9zdF9pZCI6IjM4In19@\u00a0\u00bb global_colors_info=\u00a0\u00bb{}\u00a0\u00bb][et_pb_text _builder_version=\u00a0\u00bb4.27.4&Prime; _dynamic_attributes=\u00a0\u00bblink_option_url\u00a0\u00bb _module_preset=\u00a0\u00bbdefault\u00a0\u00bb header_font_size=\u00a0\u00bb54px\u00a0\u00bb header_2_font_size=\u00a0\u00bb42px\u00a0\u00bb header_3_font=\u00a0\u00bb|700|||||||\u00a0\u00bb header_3_text_color=\u00a0\u00bb#E02B20&Prime; header_3_font_size=\u00a0\u00bb33px\u00a0\u00bb link_option_url=\u00a0\u00bb@ET-DC@eyJkeW5hbWljIjp0cnVlLCJjb250ZW50IjoicG9zdF9saW5rX3VybF9wYWdlIiwic2V0dGluZ3MiOnsicG9zdF9pZCI6IjM4In19@\u00a0\u00bb global_colors_info=\u00a0\u00bb{}\u00a0\u00bb]<\/p>\n<h3 style=\"text-align: center;\">Diventa membro<\/h3>\n<p>[\/et_pb_text][\/et_pb_column][et_pb_column type=\u00a0\u00bb1_2&Prime; _builder_version=\u00a0\u00bb4.27.4&Prime; _dynamic_attributes=\u00a0\u00bblink_option_url\u00a0\u00bb _module_preset=\u00a0\u00bbdefault\u00a0\u00bb background_color=\u00a0\u00bbrgba(0,0,0,0.78)\u00a0\u00bb background_image=\u00a0\u00bbhttps:\/\/alliance-helvetique.ch\/wp-content\/uploads\/2025\/06\/85940328-groupe-d-amis-assis-sur-un-canape-et-en-regardant-leur-gadget-decouvrir-les-uns-les.jpg\u00a0\u00bb background_blend=\u00a0\u00bbmultiply\u00a0\u00bb custom_padding=\u00a0\u00bb70px||70px||true|false\u00a0\u00bb link_option_url=\u00a0\u00bb@ET-DC@eyJkeW5hbWljIjp0cnVlLCJjb250ZW50IjoicG9zdF9saW5rX3VybF9wYWdlIiwic2V0dGluZ3MiOnsicG9zdF9pZCI6Ijc1MSJ9fQ==@\u00a0\u00bb global_colors_info=\u00a0\u00bb{}\u00a0\u00bb][et_pb_text _builder_version=\u00a0\u00bb4.27.4&Prime; _dynamic_attributes=\u00a0\u00bblink_option_url\u00a0\u00bb _module_preset=\u00a0\u00bbdefault\u00a0\u00bb header_font_size=\u00a0\u00bb54px\u00a0\u00bb header_2_font_size=\u00a0\u00bb42px\u00a0\u00bb header_3_font=\u00a0\u00bb|700|||||||\u00a0\u00bb header_3_text_color=\u00a0\u00bb#E02B20&Prime; header_3_font_size=\u00a0\u00bb33px\u00a0\u00bb link_option_url=\u00a0\u00bb@ET-DC@eyJkeW5hbWljIjp0cnVlLCJjb250ZW50IjoicG9zdF9saW5rX3VybF9wYWdlIiwic2V0dGluZ3MiOnsicG9zdF9pZCI6Ijc1MSJ9fQ==@\u00a0\u00bb global_colors_info=\u00a0\u00bb{}\u00a0\u00bb]<\/p>\n<h3 style=\"text-align: center;\">Sezione giovani<\/h3>\n<p>[\/et_pb_text][\/et_pb_column][\/et_pb_row][\/et_pb_section][et_pb_section fb_built=\u00a0\u00bb1&Prime; custom_padding_last_edited=\u00a0\u00bbon|phone\u00a0\u00bb _builder_version=\u00a0\u00bb4.27.4&Prime; _module_preset=\u00a0\u00bbdefault\u00a0\u00bb custom_padding=\u00a0\u00bb||201px|||\u00a0\u00bb custom_padding_tablet=\u00a0\u00bb||201px|||\u00a0\u00bb custom_padding_phone=\u00a0\u00bb||0px||false|false\u00a0\u00bb global_colors_info=\u00a0\u00bb{}\u00a0\u00bb][et_pb_row column_structure=\u00a0\u00bb1_2,1_2&Prime; _builder_version=\u00a0\u00bb4.27.4&Prime; _module_preset=\u00a0\u00bbdefault\u00a0\u00bb global_colors_info=\u00a0\u00bb{}\u00a0\u00bb][et_pb_column type=\u00a0\u00bb1_2&Prime; _builder_version=\u00a0\u00bb4.27.4&Prime; _module_preset=\u00a0\u00bbdefault\u00a0\u00bb background_last_edited=\u00a0\u00bbon|tablet\u00a0\u00bb global_colors_info=\u00a0\u00bb{}\u00a0\u00bb][et_pb_image src=\u00a0\u00bbhttps:\/\/alliance-helvetique.ch\/wp-content\/uploads\/2025\/06\/reunion.jpg\u00a0\u00bb title_text=\u00a0\u00bbreunion\u00a0\u00bb align_tablet=\u00a0\u00bb\u00a0\u00bb align_phone=\u00a0\u00bbcenter\u00a0\u00bb align_last_edited=\u00a0\u00bbon|phone\u00a0\u00bb _builder_version=\u00a0\u00bb4.27.4&Prime; _module_preset=\u00a0\u00bbdefault\u00a0\u00bb custom_margin=\u00a0\u00bb0px|||-69px|false|false\u00a0\u00bb custom_margin_tablet=\u00a0\u00bb0px|||-69px|false|false\u00a0\u00bb custom_margin_phone=\u00a0\u00bb|||1px|false|false\u00a0\u00bb custom_margin_last_edited=\u00a0\u00bbon|phone\u00a0\u00bb custom_padding=\u00a0\u00bb3px|116px|0px|0px||\u00a0\u00bb custom_padding_tablet=\u00a0\u00bb3px|116px|0px|0px||\u00a0\u00bb custom_padding_phone=\u00a0\u00bb0px|0px|0px|0px|false|false\u00a0\u00bb custom_padding_last_edited=\u00a0\u00bbon|phone\u00a0\u00bb global_colors_info=\u00a0\u00bb{}\u00a0\u00bb][\/et_pb_image][et_pb_image src=\u00a0\u00bbhttps:\/\/alliance-helvetique.ch\/wp-content\/uploads\/2025\/06\/AH-LOGO-FR-OFF.jpg\u00a0\u00bb title_text=\u00a0\u00bbAH LOGO FR OFF\u00a0\u00bb src_tablet=\u00a0\u00bbhttps:\/\/alliance-helvetique.ch\/wp-content\/uploads\/2025\/06\/AH-LOGO-FR-OFF.jpg\u00a0\u00bb src_phone=\u00a0\u00bbhttps:\/\/alliance-helvetique.ch\/wp-content\/uploads\/2025\/06\/AH-LOGO-FR-OFF.jpg\u00a0\u00bb src_last_edited=\u00a0\u00bbon|tablet\u00a0\u00bb _builder_version=\u00a0\u00bb4.27.4&Prime; _module_preset=\u00a0\u00bbdefault\u00a0\u00bb custom_margin=\u00a0\u00bb-344px||-122px|||\u00a0\u00bb custom_margin_tablet=\u00a0\u00bb-344px||-122px|||\u00a0\u00bb custom_margin_phone=\u00a0\u00bb3px||1px||false|false\u00a0\u00bb custom_margin_last_edited=\u00a0\u00bbon|tablet\u00a0\u00bb custom_padding=\u00a0\u00bb50px||||false|false\u00a0\u00bb global_colors_info=\u00a0\u00bb{}\u00a0\u00bb][\/et_pb_image][\/et_pb_column][et_pb_column type=\u00a0\u00bb1_2&Prime; _builder_version=\u00a0\u00bb4.27.4&Prime; _module_preset=\u00a0\u00bbdefault\u00a0\u00bb global_colors_info=\u00a0\u00bb{}\u00a0\u00bb][et_pb_text content_tablet=\u00a0\u00bb<\/p>\n<h4 style=\"%22text-align:\" center;%22><strong>Alleanza <span style=\"%22color:\" #ff0000;%22>Elvetica<\/span> !<br \/><\/strong> un nuovo vento politico dal centro<\/h4>\n<p>\u00a0\u00bb content_phone=\u00a0\u00bb<\/p>\n<h4 style=\"%22text-align:\" center;%22><strong>Alleanza <span style=\"%22color:\" #ff0000;%22>Elvetica<\/span> !<br \/><\/strong> un nuovo vento politico dal centro<\/h4>\n<p>\u00a0\u00bb content_last_edited=\u00a0\u00bbon|tablet\u00a0\u00bb _builder_version=\u00a0\u00bb4.27.4&Prime; _module_preset=\u00a0\u00bbdefault\u00a0\u00bb text_font=\u00a0\u00bb|700|||||||\u00a0\u00bb text_text_color=\u00a0\u00bb#000000&Prime; custom_margin=\u00a0\u00bb0px||||false|false\u00a0\u00bb custom_padding=\u00a0\u00bb||||false|false\u00a0\u00bb global_colors_info=\u00a0\u00bb{}\u00a0\u00bb]<\/p>\n<h4 style=\"text-align: center;\"><strong>Alleanza <span style=\"color: #ff0000;\">Elvetica<\/span> !<br \/><\/strong> un nuovo vento politico dal centro<\/h4>\n<p>[\/et_pb_text][et_pb_text content_tablet=\u00a0\u00bb<\/p>\n<p>Due persone, due percorsi, due visioni di uno stesso paese: la Svizzera.<br \/>Al origine eravamo due persone di diverse situazioni, et\u00e0, interessi e confessioni che si interessavano solo lontanamente alla politica. In un incontro organizzato dal RRP abbiamo potuto conoscerci, perch\u00e9 interessati ad alcuni valori economici di questa organizzazione.<\/p>\n<p>Tuttavia, ci siamo resi conto che non eravamo affatto il target di questo gruppo e che le nostre idee erano molto diverse dalle loro.<\/p>\n<p>Questa delusione ci ha spinto a realizzare...<\/p>\n<p>\u00a0\u00bb content_phone=\u00a0\u00bb<\/p>\n<p>Due persone, due percorsi, due visioni di uno stesso paese: la Svizzera.<br \/>Al origine eravamo due persone di diverse situazioni, et\u00e0, interessi e confessioni che si interessavano solo lontanamente alla politica. In un incontro organizzato dal RRP abbiamo potuto conoscerci, perch\u00e9 interessati ad alcuni valori economici di questa organizzazione.<\/p>\n<p>Tuttavia, ci siamo resi conto che non eravamo affatto il target di questo gruppo e che le nostre idee erano molto diverse dalle loro.<\/p>\n<p>Questa delusione ci ha spinto a realizzare...<\/p>\n<p>\u00a0\u00bb content_last_edited=\u00a0\u00bbon|tablet\u00a0\u00bb _builder_version=\u00a0\u00bb4.27.4&Prime; _module_preset=\u00a0\u00bbdefault\u00a0\u00bb custom_margin=\u00a0\u00bb-23px|||||\u00a0\u00bb custom_padding_tablet=\u00a0\u00bb50px||||false|false\u00a0\u00bb custom_padding_phone=\u00a0\u00bb50px||||false|false\u00a0\u00bb custom_padding_last_edited=\u00a0\u00bbon|tablet\u00a0\u00bb global_colors_info=\u00a0\u00bb{}\u00a0\u00bb]<\/p>\n<p>Due persone, due percorsi, due visioni di uno stesso paese: la Svizzera.<br \/>\u00c0 l&rsquo;origine nous \u00e9tions 2 personnes de situations, d&rsquo;\u00e2ge, d&rsquo;int\u00e9r\u00eats et de confession diff\u00e9rentes s&rsquo;int\u00e9ressant seulement de loin \u00e0 la politique. C\u2019est lors d\u2019une rencontre organis\u00e9e par un autre parti que nous avons pu faire connaissance, car int\u00e9ress\u00e9s par certaines valeurs \u00e9conomiques de cette organisation.<\/p>\n<p>Tuttavia, ci siamo resi conto che non eravamo affatto il target di questo gruppo e che le nostre idee erano molto diverse dalle loro.<\/p>\n<p>Questa delusione ci ha spinto a realizzare...<\/p>\n<p>[\/et_pb_text][et_pb_button button_url=\u00a0\u00bb@ET-DC@eyJkeW5hbWljIjp0cnVlLCJjb250ZW50IjoicG9zdF9saW5rX3VybF9wYWdlIiwic2V0dGluZ3MiOnsicG9zdF9pZCI6IjYyMiJ9fQ==@\u00a0\u00bb button_text=\u00a0\u00bbLire plus&#8230;\u00a0\u00bb button_alignment_tablet=\u00a0\u00bb\u00a0\u00bb button_alignment_phone=\u00a0\u00bbcenter\u00a0\u00bb button_alignment_last_edited=\u00a0\u00bbon|phone\u00a0\u00bb _builder_version=\u00a0\u00bb4.27.4&Prime; _dynamic_attributes=\u00a0\u00bbbutton_url\u00a0\u00bb _module_preset=\u00a0\u00bbdefault\u00a0\u00bb custom_button=\u00a0\u00bbon\u00a0\u00bb button_text_color=\u00a0\u00bb#FFFFFF\u00a0\u00bb button_bg_color=\u00a0\u00bb#E02B20&Prime; button_border_width=\u00a0\u00bb0px\u00a0\u00bb global_colors_info=\u00a0\u00bb{}\u00a0\u00bb][\/et_pb_button][\/et_pb_column][\/et_pb_row][\/et_pb_section][et_pb_section fb_built=\u00a0\u00bb1&Prime; prev_background_color=\u00a0\u00bb#ffffff\u00a0\u00bb _builder_version=\u00a0\u00bb4.27.4&Prime; _module_preset=\u00a0\u00bbdefault\u00a0\u00bb background_color=\u00a0\u00bb#E02B20&Prime; custom_margin=\u00a0\u00bb28px|||||\u00a0\u00bb top_divider_style=\u00a0\u00bbasymmetric2&Prime; global_colors_info=\u00a0\u00bb{}\u00a0\u00bb][et_pb_row _builder_version=\u00a0\u00bb4.27.4&Prime; _module_preset=\u00a0\u00bbdefault\u00a0\u00bb custom_padding=\u00a0\u00bb80px|||||\u00a0\u00bb global_colors_info=\u00a0\u00bb{}\u00a0\u00bb][et_pb_column type=\u00a0\u00bb4_4&Prime; _builder_version=\u00a0\u00bb4.27.4&Prime; _module_preset=\u00a0\u00bbdefault\u00a0\u00bb global_colors_info=\u00a0\u00bb{}\u00a0\u00bb][et_pb_text _builder_version=\u00a0\u00bb4.27.4&Prime; _module_preset=\u00a0\u00bbdefault\u00a0\u00bb text_text_color=\u00a0\u00bb#FFFFFF\u00a0\u00bb header_text_color=\u00a0\u00bb#FFFFFF\u00a0\u00bb header_font_size=\u00a0\u00bb70px\u00a0\u00bb header_2_text_color=\u00a0\u00bb#FFFFFF\u00a0\u00bb header_2_font_size=\u00a0\u00bb70px\u00a0\u00bb header_2_font_size_tablet=\u00a0\u00bb70px\u00a0\u00bb header_2_font_size_phone=\u00a0\u00bb36px\u00a0\u00bb header_2_font_size_last_edited=\u00a0\u00bbon|phone\u00a0\u00bb global_colors_info=\u00a0\u00bb{}\u00a0\u00bb]<\/p>\n<h2 style=\"text-align: center;\">Notizie svizzere e internazionali<\/h2>\n<p>[\/et_pb_text][et_pb_blog fullwidth=\u00a0\u00bboff\u00a0\u00bb include_categories=\u00a0\u00bball\u00a0\u00bb _builder_version=\u00a0\u00bb4.27.4&Prime; _module_preset=\u00a0\u00bbdefault\u00a0\u00bb global_colors_info=\u00a0\u00bb{}\u00a0\u00bb][\/et_pb_blog][\/et_pb_column][\/et_pb_row][\/et_pb_section]<\/p>","protected":false},"excerpt":{"rendered":"<p>Alliance Helv\u00e9tiqueDevenir membreSection jeunesseAlliance Helv\u00e9tique ! un nouveau souffle politique venu du centreDeux personnes, deux parcours, deux visions d\u2019un m\u00eame pays : la Suisse.\u00c0 l&rsquo;origine nous \u00e9tions 2 personnes de situations, d&rsquo;\u00e2ge, d&rsquo;int\u00e9r\u00eats et de confession diff\u00e9rentes s&rsquo;int\u00e9ressant seulement de loin \u00e0 la politique. C\u2019est lors d\u2019une rencontre organis\u00e9e par un autre parti que nous [&hellip;]<\/p>","protected":false},"author":1,"featured_media":0,"parent":0,"menu_order":0,"comment_status":"closed","ping_status":"closed","template":"","meta":{"_et_pb_use_builder":"on","_et_pb_old_content":"","_et_gb_content_width":"","footnotes":""},"class_list":["post-8","page","type-page","status-publish","hentry"],"yoast_head":"<!-- This site is optimized with the Yoast SEO plugin v25.7 - https:\/\/yoast.com\/wordpress\/plugins\/seo\/ -->\n<title>Accueil - Alliance Helv\u00e9tique<\/title>\n<meta name=\"description\" content=\"Alliance helv\u00e9tique est un nouveau parti proposant un centrisme alternatif, des positions \u00e9conomiquement sociales et moralement conservatrices, regroupant des citoyens suisses aux profils vari\u00e9s mais unis par une m\u00eame convention\" \/>\n<meta name=\"robots\" content=\"index, follow, max-snippet:-1, max-image-preview:large, max-video-preview:-1\" \/>\n<link rel=\"canonical\" href=\"https:\/\/alliance-helvetique.ch\/it\/\" \/>\n<meta property=\"og:locale\" content=\"it_IT\" \/>\n<meta property=\"og:type\" content=\"article\" \/>\n<meta property=\"og:title\" content=\"Qu&#039;est ce que l&#039;Alliance Helv\u00e9tique ?\" \/>\n<meta property=\"og:description\" content=\"Alliance helv\u00e9tique est un nouveau parti proposant un centrisme alternatif, des positions \u00e9conomiquement sociales et moralement conservatrices, regroupant des citoyens suisses aux profils vari\u00e9s mais unis par une m\u00eame convention\" \/>\n<meta property=\"og:url\" content=\"https:\/\/alliance-helvetique.ch\/it\/\" \/>\n<meta property=\"og:site_name\" content=\"Alliance Helv\u00e9tique\" \/>\n<meta property=\"article:modified_time\" content=\"2025-09-03T06:24:16+00:00\" \/>\n<meta property=\"og:image\" content=\"https:\/\/alliance-helvetique.ch\/wp-content\/uploads\/2025\/06\/AH-LOGO-FR-OFF.jpg\" \/>\n\t<meta property=\"og:image:width\" content=\"2500\" \/>\n\t<meta property=\"og:image:height\" content=\"1085\" \/>\n\t<meta property=\"og:image:type\" content=\"image\/jpeg\" \/>\n<meta name=\"twitter:card\" content=\"summary_large_image\" \/>\n<meta name=\"twitter:title\" content=\"Qu&#039;est ce que l&#039;Alliance Helv\u00e9tique ?\" \/>\n<meta name=\"twitter:description\" content=\"Alliance helv\u00e9tique est un nouveau parti proposant un centrisme alternatif, des positions \u00e9conomiquement sociales et moralement conservatrices, regroupant des citoyens suisses aux profils vari\u00e9s mais unis par une m\u00eame convention\" \/>\n<meta name=\"twitter:image\" content=\"https:\/\/alliance-helvetique.ch\/wp-content\/uploads\/2025\/06\/AH-LOGO-FR-OFF.jpg\" \/>\n<meta name=\"twitter:label1\" content=\"Tempo di lettura stimato\" \/>\n\t<meta name=\"twitter:data1\" content=\"6 minuti\" \/>\n<script type=\"application\/ld+json\" class=\"yoast-schema-graph\">{\"@context\":\"https:\/\/schema.org\",\"@graph\":[{\"@type\":\"WebPage\",\"@id\":\"https:\/\/alliance-helvetique.ch\/\",\"url\":\"https:\/\/alliance-helvetique.ch\/\",\"name\":\"Accueil - Alliance Helv\u00e9tique\",\"isPartOf\":{\"@id\":\"https:\/\/alliance-helvetique.ch\/#website\"},\"datePublished\":\"2025-06-05T21:01:36+00:00\",\"dateModified\":\"2025-09-03T06:24:16+00:00\",\"description\":\"Alliance helv\u00e9tique est un nouveau parti proposant un centrisme alternatif, des positions \u00e9conomiquement sociales et moralement conservatrices, regroupant des citoyens suisses aux profils vari\u00e9s mais unis par une m\u00eame convention\",\"breadcrumb\":{\"@id\":\"https:\/\/alliance-helvetique.ch\/#breadcrumb\"},\"inLanguage\":\"it-IT\",\"potentialAction\":[{\"@type\":\"ReadAction\",\"target\":[\"https:\/\/alliance-helvetique.ch\/\"]}]},{\"@type\":\"BreadcrumbList\",\"@id\":\"https:\/\/alliance-helvetique.ch\/#breadcrumb\",\"itemListElement\":[{\"@type\":\"ListItem\",\"position\":1,\"name\":\"Accueil\",\"item\":\"https:\/\/alliance-helvetique.ch\/\"},{\"@type\":\"ListItem\",\"position\":2,\"name\":\"Accueil\"}]},{\"@type\":\"WebSite\",\"@id\":\"https:\/\/alliance-helvetique.ch\/#website\",\"url\":\"https:\/\/alliance-helvetique.ch\/\",\"name\":\"Alliance Helv\u00e9tique\",\"description\":\"\",\"potentialAction\":[{\"@type\":\"SearchAction\",\"target\":{\"@type\":\"EntryPoint\",\"urlTemplate\":\"https:\/\/alliance-helvetique.ch\/?s={search_term_string}\"},\"query-input\":{\"@type\":\"PropertyValueSpecification\",\"valueRequired\":true,\"valueName\":\"search_term_string\"}}],\"inLanguage\":\"it-IT\"}]}<\/script>\n<!-- \/ Yoast SEO plugin. -->","yoast_head_json":{"title":"Accueil - Alliance Helv\u00e9tique","description":"Alliance helv\u00e9tique est un nouveau parti proposant un centrisme alternatif, des positions \u00e9conomiquement sociales et moralement conservatrices, regroupant des citoyens suisses aux profils vari\u00e9s mais unis par une m\u00eame convention","robots":{"index":"index","follow":"follow","max-snippet":"max-snippet:-1","max-image-preview":"max-image-preview:large","max-video-preview":"max-video-preview:-1"},"canonical":"https:\/\/alliance-helvetique.ch\/it\/","og_locale":"it_IT","og_type":"article","og_title":"Qu'est ce que l'Alliance Helv\u00e9tique ?","og_description":"Alliance helv\u00e9tique est un nouveau parti proposant un centrisme alternatif, des positions \u00e9conomiquement sociales et moralement conservatrices, regroupant des citoyens suisses aux profils vari\u00e9s mais unis par une m\u00eame convention","og_url":"https:\/\/alliance-helvetique.ch\/it\/","og_site_name":"Alliance Helv\u00e9tique","article_modified_time":"2025-09-03T06:24:16+00:00","og_image":[{"width":2500,"height":1085,"url":"https:\/\/alliance-helvetique.ch\/wp-content\/uploads\/2025\/06\/AH-LOGO-FR-OFF.jpg","type":"image\/jpeg"}],"twitter_card":"summary_large_image","twitter_title":"Qu'est ce que l'Alliance Helv\u00e9tique ?","twitter_description":"Alliance helv\u00e9tique est un nouveau parti proposant un centrisme alternatif, des positions \u00e9conomiquement sociales et moralement conservatrices, regroupant des citoyens suisses aux profils vari\u00e9s mais unis par une m\u00eame convention","twitter_image":"https:\/\/alliance-helvetique.ch\/wp-content\/uploads\/2025\/06\/AH-LOGO-FR-OFF.jpg","twitter_misc":{"Tempo di lettura stimato":"6 minuti"},"schema":{"@context":"https:\/\/schema.org","@graph":[{"@type":"WebPage","@id":"https:\/\/alliance-helvetique.ch\/","url":"https:\/\/alliance-helvetique.ch\/","name":"Accueil - Alliance Helv\u00e9tique","isPartOf":{"@id":"https:\/\/alliance-helvetique.ch\/#website"},"datePublished":"2025-06-05T21:01:36+00:00","dateModified":"2025-09-03T06:24:16+00:00","description":"Alliance helv\u00e9tique est un nouveau parti proposant un centrisme alternatif, des positions \u00e9conomiquement sociales et moralement conservatrices, regroupant des citoyens suisses aux profils vari\u00e9s mais unis par une m\u00eame convention","breadcrumb":{"@id":"https:\/\/alliance-helvetique.ch\/#breadcrumb"},"inLanguage":"it-IT","potentialAction":[{"@type":"ReadAction","target":["https:\/\/alliance-helvetique.ch\/"]}]},{"@type":"BreadcrumbList","@id":"https:\/\/alliance-helvetique.ch\/#breadcrumb","itemListElement":[{"@type":"ListItem","position":1,"name":"Accueil","item":"https:\/\/alliance-helvetique.ch\/"},{"@type":"ListItem","position":2,"name":"Accueil"}]},{"@type":"WebSite","@id":"https:\/\/alliance-helvetique.ch\/#website","url":"https:\/\/alliance-helvetique.ch\/","name":"Alleanza Elvetica","description":"","potentialAction":[{"@type":"SearchAction","target":{"@type":"EntryPoint","urlTemplate":"https:\/\/alliance-helvetique.ch\/?s={search_term_string}"},"query-input":{"@type":"PropertyValueSpecification","valueRequired":true,"valueName":"search_term_string"}}],"inLanguage":"it-IT"}]}},"_links":{"self":[{"href":"https:\/\/alliance-helvetique.ch\/it\/wp-json\/wp\/v2\/pages\/8","targetHints":{"allow":["GET"]}}],"collection":[{"href":"https:\/\/alliance-helvetique.ch\/it\/wp-json\/wp\/v2\/pages"}],"about":[{"href":"https:\/\/alliance-helvetique.ch\/it\/wp-json\/wp\/v2\/types\/page"}],"author":[{"embeddable":true,"href":"https:\/\/alliance-helvetique.ch\/it\/wp-json\/wp\/v2\/users\/1"}],"replies":[{"embeddable":true,"href":"https:\/\/alliance-helvetique.ch\/it\/wp-json\/wp\/v2\/comments?post=8"}],"version-history":[{"count":46,"href":"https:\/\/alliance-helvetique.ch\/it\/wp-json\/wp\/v2\/pages\/8\/revisions"}],"predecessor-version":[{"id":1150,"href":"https:\/\/alliance-helvetique.ch\/it\/wp-json\/wp\/v2\/pages\/8\/revisions\/1150"}],"wp:attachment":[{"href":"https:\/\/alliance-helvetique.ch\/it\/wp-json\/wp\/v2\/media?parent=8"}],"curies":[{"name":"wp","href":"https:\/\/api.w.org\/{rel}","templated":true}]}}