{"id":35,"date":"2025-06-16T16:35:22","date_gmt":"2025-06-16T16:35:22","guid":{"rendered":"https:\/\/alliance-helvetique.ch\/?page_id=35"},"modified":"2025-07-25T07:52:10","modified_gmt":"2025-07-25T07:52:10","slug":"statuts","status":"publish","type":"page","link":"https:\/\/alliance-helvetique.ch\/it\/statuts\/","title":{"rendered":"Statuti"},"content":{"rendered":"<p>[et_pb_section fb_built=\u00a0\u00bb1&Prime; _builder_version=\u00a0\u00bb4.27.4&Prime; _module_preset=\u00a0\u00bbdefault\u00a0\u00bb background_image=\u00a0\u00bbhttps:\/\/alliance-helvetique.ch\/wp-content\/uploads\/2025\/06\/drapeau.jpg\u00a0\u00bb global_colors_info=\u00a0\u00bb{}\u00a0\u00bb][et_pb_row _builder_version=\u00a0\u00bb4.27.4&Prime; _module_preset=\u00a0\u00bbdefault\u00a0\u00bb global_colors_info=\u00a0\u00bb{}\u00a0\u00bb][et_pb_column type=\u00a0\u00bb4_4&Prime; _builder_version=\u00a0\u00bb4.27.4&Prime; _module_preset=\u00a0\u00bbdefault\u00a0\u00bb global_colors_info=\u00a0\u00bb{}\u00a0\u00bb][\/et_pb_column][\/et_pb_row][\/et_pb_section][et_pb_section fb_built=\u00a0\u00bb1&Prime; _builder_version=\u00a0\u00bb4.27.4&Prime; _module_preset=\u00a0\u00bbdefault\u00a0\u00bb global_colors_info=\u00a0\u00bb{}\u00a0\u00bb][et_pb_row _builder_version=\u00a0\u00bb4.27.4&Prime; _module_preset=\u00a0\u00bbdefault\u00a0\u00bb global_colors_info=\u00a0\u00bb{}\u00a0\u00bb][et_pb_column type=\u00a0\u00bb4_4&Prime; _builder_version=\u00a0\u00bb4.27.4&Prime; _module_preset=\u00a0\u00bbdefault\u00a0\u00bb global_colors_info=\u00a0\u00bb{}\u00a0\u00bb][et_pb_text _builder_version=\u00a0\u00bb4.27.4&Prime; _module_preset=\u00a0\u00bbdefault\u00a0\u00bb hover_enabled=\u00a0\u00bb0&Prime; global_colors_info=\u00a0\u00bb{}\u00a0\u00bb sticky_enabled=\u00a0\u00bb0&Prime;]<\/p>\n<h1 style=\"text-align: center;\"><strong>Lo Statuto dell'Associazione<\/strong><br \/>Alleanza Elvetica<\/h1>\n<p><strong>\u00a0I. Associazione e obiettivi<\/strong><br \/>Art. 1<br \/>Con la denominazione \u00abAlleanza elvetica\u00bb \u00e8 costituita un'associazione, in appresso denominata Alleanza elvetica ai sensi degli articoli 60 e seguenti del Codice civile svizzero.<br \/>\u00c8 disciplinata dal diritto svizzero e dai presenti statuti.<br \/>Riunisce organizzazioni politiche e singoli membri.<br \/>La sua sede \u00e8 a Sion.<\/p>\n<p>Art. 2<br \/>L'obiettivo dell'Alleanza Elvetica \u00e8 di promuovere un movimento cittadino democratico.<\/p>\n<p>Art. 3<br \/>L'Alleanza Elvetica risponde dei suoi impegni unicamente con il suo patrimonio sociale. \u00c8 esclusa ogni responsabilit\u00e0 personale dei Membri, dei Presidenti, del Segretario Generale, dei segretari, dei membri dei comitati.<br \/>L'associazione \u00e8 validamente impegnata con la firma individuale di un solo membro del Consiglio Esecutivo per tutti i punti di gestione del Partito e per tutte le decisioni che non superino un investimento finanziario superiore a CHF 500. -. Per le decisioni relative alle modifiche o cancellazione dell'Associazione Alleanza Elvetica o qualsiasi impegno di importo superiore a CHF 500. -, la firma collettiva di due membri del Consiglio Esecutivo \u00e8 necessaria.<br \/>Le risorse finanziarie dell'Alleanza Elvetica sono costituite da contributi, sovvenzioni, donazioni e dal prodotto delle attivit\u00e0 dell'associazione.<br \/>I contributi finanziari richiesti ai Membri sono decisi dal Consiglio Esecutivo.<\/p>\n<p><strong>II. Membri<\/strong><br \/>Art. 4<br \/>I membri sono suddivisi in:<br \/>a) Membri attivi<br \/>\u00c8 riconosciuto membro attivo, ogni individuo di 18 anni compiuti, accettato dal Consiglio Esecutivo e che abbia pagato la sua quota. Possono partecipare alle assemblee e hanno diritto di voto.<br \/>b) Membri sostenitori<br \/>I membri sostenitori sono coloro che versano un contributo finanziario all'Alleanza elvetica. Non possono partecipare all'assemblea e non hanno diritto di voto.<br \/>c) Membri donatori<br \/>I membri donatori sono coloro che sostengono l'Alleanza elvetica con una o pi\u00f9 donazioni annuali, per un importo di CHF 200. - minimo. Possono partecipare all'assemblea e hanno diritto di voto.<br \/>d) Membri giovani<br \/>I cittadini svizzeri che hanno compiuto 16 anni e che accettano gli obiettivi dell'Alleanza elvetica possono aderire all'Alleanza elvetica come membri della sezione Giovent\u00f9 Alleanza elvetica fino a 25 anni. Sono riconosciuti membri dal Consiglio Esecutivo, possono partecipare alle Assemblee e hanno diritto di voto a partire dai 18 anni.<\/p>\n<p>Art. 5<br \/>Membri attivi, sostenitori, donatori e giovani sono registrati nell'elenco dei membri. I membri attivi, sostenitori, donatori e giovani hanno gli stessi diritti e doveri e sono eleggibili per tutte le posizioni dell'Alleanza Elvetica.<br \/>Art. 6<br \/>Il comportamento di ogni membro deve essere sempre esemplare e non dar luogo a critiche o scandali. Ci\u00f2 presuppone dignit\u00e0, lealt\u00e0, rispetto verso gli organi dell'Alleanza Elvetica, verso gli altri membri e tutte le persone esterne al Partito.<\/p>\n<p>Art. 7<br \/>Ogni membro pu\u00f2 presentare in qualsiasi momento le proprie dimissioni scritte al Consiglio Esecutivo senza preavviso.<\/p>\n<p>Art. 8<br \/>Un membro pu\u00f2 essere espulso dall'Alleanza Elvetica se la sua condotta lo ha reso indegno di farne parte.<br \/>L'espulsione \u00e8 decisa dal Consiglio Esecutivo.<\/p>\n<p><strong>III. Organi dell'Associazione<\/strong><br \/>Art. 9<br \/>Gli organi dell'Alleanza Elvetica sono:<br \/>a) Il Consiglio Esecutivo<br \/>b) Le sezioni cantonali<br \/>c) Sezione della giovent\u00f9<br \/>d) I revisori dei conti<br \/>e) L'Assemblea<br \/>A. Il Consiglio Esecutivo<br \/>Il Consiglio Esecutivo \u00e8 l'organo supremo dell'Alleanza Elvetica e prende tutte le decisioni che non sono espressamente riservate dagli Statuti ad altri organi. Sovrintende in particolare alla gestione delle altre sezioni e dispone del potere di revocare i loro membri per motivi gravi.<br \/>Il Consiglio Esecutivo \u00e8 composto da almeno 2 membri:<br \/>Un Presidente, un Segretario Generale\/Tesoriere.<br \/>Pu\u00f2 ampliare il suo comitato in funzione delle esigenze dell'Alleanza elvetica, della sua evoluzione o di esigenze puntuali.<br \/>Un membro del Consiglio Esecutivo pu\u00f2 cumulare pi\u00f9 funzioni in seno al Consiglio Esecutivo e in seno ad altre sezioni purch\u00e9 queste non siano incompatibili.<br \/>I membri del Consiglio Esecutivo sono eletti per un mandato di 4 anni, rinnovabile tacitamente per la stessa durata salvo dimissioni. Le dimissioni devono pervenire al pi\u00f9 presto 3 mesi prima della fine di un mandato. Un membro dimissionario del Consiglio Esecutivo sar\u00e0 sostituito dalla persona designata dai restanti membri del Consiglio Esecutivo.<br \/>Un membro del Consiglio Esecutivo pu\u00f2 farsi escludere dal Consiglio Esecutivo per colpa grave con l'approvazione della maggioranza dei membri del Consiglio Esecutivo.<br \/>B. Le sezioni cantonali<br \/>Le sezioni cantonali sono gestite da un presidente e un segretario cantonale. La loro nomina \u00e8 coordinata e deve essere approvata dal Consiglio Esecutivo. Sono controllate dal Segretario Generale e sono tenute a rispettare la linea di condotta del Partito, le direttive del Consiglio Esecutivo e i presenti statuti.<br \/>C. Sezione Giovent\u00f9<br \/>Il Partito coinvolge e sostiene, secondo le modalit\u00e0 decise dal Segretario Generale, le attivit\u00e0 svolte dalla Sezione Giovent\u00f9 Alleanza Elvetica, che raggruppa i membri attivi della Lega di et\u00e0 compresa tra 16 e 25 anni.<br \/>Die Sektion Jugend der Helvetischen Allianz wird von einem Pr\u00e4sidenten und einem Sektionssekret\u00e4r geleitet, der vom Exekutivrat gew\u00e4hlt wird und unter der Aufsicht des Generalsekret\u00e4rs steht.<br \/>D. Revisori dei conti<br \/>L'Assemblea nomina due revisori dei conti, che non sono necessariamente membri, che rimangono in carica per quattro anni e sono immediatamente rieleggibili. Non possono essere membri del Consiglio Esecutivo.<br \/>E. L'Assemblea<br \/>L'Assemblea ordinaria \u00e8 convocata dal Consiglio Esecutivo una volta all'anno.<br \/>L'Assemblea delibera sulle questioni proposte dal Consiglio Esecutivo e, in ogni caso, sui punti seguenti:<br \/>\u2022 approvazione dei conti annuali,<br \/>\u2022 approvazione e modifica dello statuto,<br \/>\u2022 nomina dei membri dei comitati,<br \/>\u2022 nomina dei revisori dei conti,<br \/>\u2022 ratifica i nomi dei candidati proposti dal Consiglio esecutivo per le cariche di competenza cantonale,<br \/>\u2022 ratifica ogni alleanza elettorale a livello cantonale e federale proposta dal Consiglio esecutivo.<br \/>\u2022 importo del contributo finanziario di base richiesto ai membri,<br \/>\u2022 l'espulsione di un membro ai sensi dell'art. 8.<\/p>\n<p>Art. 10<br \/>L'assemblea ordinaria dei membri \u00e8 convocata almeno 3 settimane prima della data fissata per la riunione.<br \/>Il parere menzioner\u00e0 i punti all'ordine del giorno. Nessuna risoluzione pu\u00f2 essere presa su questioni che non sono state debitamente annunciate.<br \/>Ogni membro con diritto di voto pu\u00f2 proporre al Consiglio Esecutivo, nei 10 giorni precedenti l'Assemblea, punti da trattare affinch\u00e9 figurino nell'ordine del giorno dell'Assemblea ordinaria.<br \/>Il Consiglio Esecutivo pu\u00f2 convocare i membri ad una riunione straordinaria ogni volta che lo ritenga opportuno, almeno 10 giorni prima della data fissata per la riunione, indicando i punti all'ordine del giorno.<br \/>Allo stesso modo, un quinto dei membri aventi diritto di voto pu\u00f2 chiedere per iscritto al Consiglio Esecutivo la convocazione di un'Assemblea straordinaria, indicando e giustificando nelle richieste le questioni e le proposte iscritte all'ordine del giorno.<\/p>\n<p>Art. 11<br \/>Le convocazioni sono effettuate per posta elettronica.<\/p>\n<p>Art. 12<br \/>Le assemblee generali (ordinarie e straordinarie) sono validamente costituite indipendentemente dal numero dei membri presenti.<\/p>\n<p>Art. 13<br \/>I lavori dell'Assemblea sono diretti dal Segretario generale, che agisce in qualit\u00e0 di presidente della stessa. Dirige l'Assemblea, assicurando lo svolgimento ordinato e regolare delle discussioni e delle votazioni.<br \/>Pu\u00f2 essere assistito da un Segretario per redigere il verbale e, se necessario, da scrutatori designati dall'Assemblea all'inizio della seduta.<\/p>\n<p>Art. 14<br \/>La votazione si svolge per alzata di mano o a scrutinio pubblico.<\/p>\n<p>Art. 15<br \/>Per le nomine ai posti del partito e delle sue sezioni \u00e8 richiesta la maggioranza assoluta dei presenti con diritto di voto. Se ci sono pi\u00f9 di due candidati e nessuno di essi ottiene la maggioranza richiesta al primo turno, sar\u00e0 organizzato un secondo turno e saranno eletti i candidati che hanno ottenuto il maggior numero di voti.<br \/>In caso di parit\u00e0 dei voti, verr\u00e0 effettuato un nuovo spoglio e, se il risultato di questa votazione si ripeter\u00e0, sar\u00e0 convocata un'assemblea straordinaria che si terr\u00e0 entro un termine massimo di 4 settimane per procedere ad una nuova votazione.<br \/>Per modificare lo Statuto \u00e8 richiesta una maggioranza di met\u00e0 pi\u00f9 uno dei membri con diritto di voto presenti all'Assemblea.<br \/>Solo il Consiglio Esecutivo pu\u00f2 prendere la decisione di sciogliere l'Alleanza Elvetica.<br \/>In caso di scioglimento, il Consiglio Esecutivo decider\u00e0 la destinazione dei beni dell'Alleanza Elvetica, esclusa ogni ripartizione tra i soci.<br \/>Tutte le altre risoluzioni dell'Assemblea sono adottate a maggioranza semplice.<\/p>\n<p>Art. 16<br \/>Il Segretario Generale<br \/>La nomina del Segretario Generale dell'Alleanza Elvetica spetta al Consiglio Esecutivo. Il Segretario Generale rimane in carica per un periodo di 4 anni con una tacita rielezione per 4 anni in caso di non dimissioni.<br \/>Il Segretario Generale designa uno o pi\u00f9 Vice Segretari per sezioni. Questi costituiscono il Coordinamento.<\/p>\n<p>Art. 17<br \/>Il Segretario generale beneficia della stretta collaborazione dei membri del Consiglio esecutivo e dei comitati delle sezioni cantonali e della sezione giovent\u00f9 per tutti i suoi compiti.<br \/>\u00c8 responsabile in particolare dei seguenti compiti:<br \/>\u2022 elabora gli obiettivi dell'Alleanza Elvetica, la gestisce e ne determina il programma,<br \/>\u2022 gestisce il patrimonio del partito, prepara i bilanci e i conti annuali,<br \/>\u2022 gestisce le comunicazioni interne ed esterne del partito,<br \/>\u2022 rappresenta il partito nei confronti di terzi, con la firma congiunta di un membro del Consiglio Esecutivo per gli affari importanti,<br \/>\u2022 propone all'Assemblea dei membri per la ratifica i nomi dei candidati ai posti di competenza cantonale e federale (Consiglio di Stato, Gran Consiglio, Consiglio nazionale e Consiglio degli Stati),<br \/>\u2022 gestisce le relazioni con il gruppo parlamentare al Gran Consiglio,<br \/>\u2022 gestisce le relazioni con le Sezioni del Partito, di cui assicura la supervisione con l'appoggio del Presidente.<br \/>Il Segretario Generale pu\u00f2 anche costituire comitati di lavoro per ottimizzare i compiti che gli sono assegnati e migliorare la coesione del Partito, e pu\u00f2 contare su collaboratori esterni.<\/p>\n<p>Art. 18<br \/>Per tutto ci\u00f2 che non \u00e8 espressamente previsto dallo statuto, si applicano le disposizioni di legge sulle associazioni del Codice civile svizzero.<\/p>\n<p>Art. 19<br \/>I presenti Statuti sono stati approvati nella seduta costitutiva del 25 luglio 2025 ed entrano in vigore il 1o agosto 2025, annullano e sostituiscono tutte le versioni precedenti.<br \/>Sion il, 25 luglio 2025<\/p>\n<p>Il Presidente\/ Presidente Sezione Giovent\u00f9 Il Segretario Generale\/ Tesoriere<br \/>Ewan Jacquemin\u00a0 \u00a0 \u00a0 \u00a0 \u00a0 \u00a0 \u00a0 \u00a0 \u00a0 \u00a0 \u00a0 \u00a0 \u00a0 \u00a0 \u00a0 \u00a0 \u00a0 \u00a0 \u00a0 \u00a0 \u00a0 \u00a0 \u00a0 \u00a0 \u00a0 \u00a0 \u00a0 \u00a0 \u00a0 \u00a0 \u00a0 \u00a0 \u00a0 \u00a0 \u00a0 \u00a0 \u00a0 \u00a0 \u00a0 \u00a0 \u00a0 \u00a0 \u00a0 \u00a0 \u00a0 \u00a0 \u00a0 Pierre Burgalassi<\/p>\n<p>[\/et_pb_text][\/et_pb_column][\/et_pb_row][\/et_pb_section]<\/p>","protected":false},"excerpt":{"rendered":"<p>Les StatutsAlliance Helv\u00e9tique \u00a0I. Association et objectifsArt. 1Sous l&rsquo;appellation \u00abAlliance Helv\u00e9tique \u00bb, il est constitu\u00e9 une association, ci-apr\u00e8s d\u00e9nomm\u00e9e Alliance Helv\u00e9tique au sens des articles 60 et suivants du Code civil suisse.Elle est r\u00e9gie par le droit suisse et les pr\u00e9sents statuts.Elle rassemble des organisations politiques et des membres individuels.Son si\u00e8ge est \u00e0 Sion. Art. [&hellip;]<\/p>","protected":false},"author":1,"featured_media":0,"parent":0,"menu_order":0,"comment_status":"closed","ping_status":"closed","template":"","meta":{"_et_pb_use_builder":"on","_et_pb_old_content":"<!-- wp:divi\/placeholder \/-->","_et_gb_content_width":"","footnotes":""},"class_list":["post-35","page","type-page","status-publish","hentry"],"yoast_head":"<!-- This site is optimized with the Yoast SEO plugin v25.7 - https:\/\/yoast.com\/wordpress\/plugins\/seo\/ -->\n<title>Statuts - Alliance Helv\u00e9tique<\/title>\n<meta name=\"robots\" content=\"index, follow, max-snippet:-1, max-image-preview:large, max-video-preview:-1\" \/>\n<link rel=\"canonical\" href=\"https:\/\/alliance-helvetique.ch\/it\/statuts\/\" \/>\n<meta property=\"og:locale\" content=\"it_IT\" \/>\n<meta property=\"og:type\" content=\"article\" \/>\n<meta property=\"og:title\" content=\"Statuts - Alliance Helv\u00e9tique\" \/>\n<meta property=\"og:description\" content=\"Les StatutsAlliance Helv\u00e9tique \u00a0I. Association et objectifsArt. 1Sous l&#039;appellation \u00abAlliance Helv\u00e9tique \u00bb, il est constitu\u00e9 une association, ci-apr\u00e8s d\u00e9nomm\u00e9e Alliance Helv\u00e9tique au sens des articles 60 et suivants du Code civil suisse.Elle est r\u00e9gie par le droit suisse et les pr\u00e9sents statuts.Elle rassemble des organisations politiques et des membres individuels.Son si\u00e8ge est \u00e0 Sion. Art. [&hellip;]\" \/>\n<meta property=\"og:url\" content=\"https:\/\/alliance-helvetique.ch\/it\/statuts\/\" \/>\n<meta property=\"og:site_name\" content=\"Alliance Helv\u00e9tique\" \/>\n<meta property=\"article:modified_time\" content=\"2025-07-25T07:52:10+00:00\" \/>\n<meta name=\"twitter:card\" content=\"summary_large_image\" \/>\n<meta name=\"twitter:label1\" content=\"Tempo di lettura stimato\" \/>\n\t<meta name=\"twitter:data1\" content=\"10 minuti\" \/>\n<script type=\"application\/ld+json\" class=\"yoast-schema-graph\">{\"@context\":\"https:\/\/schema.org\",\"@graph\":[{\"@type\":\"WebPage\",\"@id\":\"https:\/\/alliance-helvetique.ch\/statuts\/\",\"url\":\"https:\/\/alliance-helvetique.ch\/statuts\/\",\"name\":\"Statuts - Alliance Helv\u00e9tique\",\"isPartOf\":{\"@id\":\"https:\/\/alliance-helvetique.ch\/#website\"},\"datePublished\":\"2025-06-16T16:35:22+00:00\",\"dateModified\":\"2025-07-25T07:52:10+00:00\",\"breadcrumb\":{\"@id\":\"https:\/\/alliance-helvetique.ch\/statuts\/#breadcrumb\"},\"inLanguage\":\"it-IT\",\"potentialAction\":[{\"@type\":\"ReadAction\",\"target\":[\"https:\/\/alliance-helvetique.ch\/statuts\/\"]}]},{\"@type\":\"BreadcrumbList\",\"@id\":\"https:\/\/alliance-helvetique.ch\/statuts\/#breadcrumb\",\"itemListElement\":[{\"@type\":\"ListItem\",\"position\":1,\"name\":\"Accueil\",\"item\":\"https:\/\/alliance-helvetique.ch\/\"},{\"@type\":\"ListItem\",\"position\":2,\"name\":\"Statuts\"}]},{\"@type\":\"WebSite\",\"@id\":\"https:\/\/alliance-helvetique.ch\/#website\",\"url\":\"https:\/\/alliance-helvetique.ch\/\",\"name\":\"Alliance Helv\u00e9tique\",\"description\":\"\",\"potentialAction\":[{\"@type\":\"SearchAction\",\"target\":{\"@type\":\"EntryPoint\",\"urlTemplate\":\"https:\/\/alliance-helvetique.ch\/?s={search_term_string}\"},\"query-input\":{\"@type\":\"PropertyValueSpecification\",\"valueRequired\":true,\"valueName\":\"search_term_string\"}}],\"inLanguage\":\"it-IT\"}]}<\/script>\n<!-- \/ Yoast SEO plugin. -->","yoast_head_json":{"title":"Statuts - Alliance Helv\u00e9tique","robots":{"index":"index","follow":"follow","max-snippet":"max-snippet:-1","max-image-preview":"max-image-preview:large","max-video-preview":"max-video-preview:-1"},"canonical":"https:\/\/alliance-helvetique.ch\/it\/statuts\/","og_locale":"it_IT","og_type":"article","og_title":"Statuts - Alliance Helv\u00e9tique","og_description":"Les StatutsAlliance Helv\u00e9tique \u00a0I. Association et objectifsArt. 1Sous l'appellation \u00abAlliance Helv\u00e9tique \u00bb, il est constitu\u00e9 une association, ci-apr\u00e8s d\u00e9nomm\u00e9e Alliance Helv\u00e9tique au sens des articles 60 et suivants du Code civil suisse.Elle est r\u00e9gie par le droit suisse et les pr\u00e9sents statuts.Elle rassemble des organisations politiques et des membres individuels.Son si\u00e8ge est \u00e0 Sion. Art. [&hellip;]","og_url":"https:\/\/alliance-helvetique.ch\/it\/statuts\/","og_site_name":"Alliance Helv\u00e9tique","article_modified_time":"2025-07-25T07:52:10+00:00","twitter_card":"summary_large_image","twitter_misc":{"Tempo di lettura stimato":"10 minuti"},"schema":{"@context":"https:\/\/schema.org","@graph":[{"@type":"WebPage","@id":"https:\/\/alliance-helvetique.ch\/statuts\/","url":"https:\/\/alliance-helvetique.ch\/statuts\/","name":"Statuts - Alliance Helv\u00e9tique","isPartOf":{"@id":"https:\/\/alliance-helvetique.ch\/#website"},"datePublished":"2025-06-16T16:35:22+00:00","dateModified":"2025-07-25T07:52:10+00:00","breadcrumb":{"@id":"https:\/\/alliance-helvetique.ch\/statuts\/#breadcrumb"},"inLanguage":"it-IT","potentialAction":[{"@type":"ReadAction","target":["https:\/\/alliance-helvetique.ch\/statuts\/"]}]},{"@type":"BreadcrumbList","@id":"https:\/\/alliance-helvetique.ch\/statuts\/#breadcrumb","itemListElement":[{"@type":"ListItem","position":1,"name":"Accueil","item":"https:\/\/alliance-helvetique.ch\/"},{"@type":"ListItem","position":2,"name":"Statuts"}]},{"@type":"WebSite","@id":"https:\/\/alliance-helvetique.ch\/#website","url":"https:\/\/alliance-helvetique.ch\/","name":"Alleanza Elvetica","description":"","potentialAction":[{"@type":"SearchAction","target":{"@type":"EntryPoint","urlTemplate":"https:\/\/alliance-helvetique.ch\/?s={search_term_string}"},"query-input":{"@type":"PropertyValueSpecification","valueRequired":true,"valueName":"search_term_string"}}],"inLanguage":"it-IT"}]}},"_links":{"self":[{"href":"https:\/\/alliance-helvetique.ch\/it\/wp-json\/wp\/v2\/pages\/35","targetHints":{"allow":["GET"]}}],"collection":[{"href":"https:\/\/alliance-helvetique.ch\/it\/wp-json\/wp\/v2\/pages"}],"about":[{"href":"https:\/\/alliance-helvetique.ch\/it\/wp-json\/wp\/v2\/types\/page"}],"author":[{"embeddable":true,"href":"https:\/\/alliance-helvetique.ch\/it\/wp-json\/wp\/v2\/users\/1"}],"replies":[{"embeddable":true,"href":"https:\/\/alliance-helvetique.ch\/it\/wp-json\/wp\/v2\/comments?post=35"}],"version-history":[{"count":15,"href":"https:\/\/alliance-helvetique.ch\/it\/wp-json\/wp\/v2\/pages\/35\/revisions"}],"predecessor-version":[{"id":875,"href":"https:\/\/alliance-helvetique.ch\/it\/wp-json\/wp\/v2\/pages\/35\/revisions\/875"}],"wp:attachment":[{"href":"https:\/\/alliance-helvetique.ch\/it\/wp-json\/wp\/v2\/media?parent=35"}],"curies":[{"name":"wp","href":"https:\/\/api.w.org\/{rel}","templated":true}]}}