{"id":1442,"date":"2026-01-24T20:49:20","date_gmt":"2026-01-24T20:49:20","guid":{"rendered":"https:\/\/alliance-helvetique.ch\/?post_type=product&#038;p=1442"},"modified":"2026-01-24T20:49:21","modified_gmt":"2026-01-24T20:49:21","slug":"mug-servir-la-suisse-avec-integrite","status":"publish","type":"product","link":"https:\/\/alliance-helvetique.ch\/de\/produkt\/mug-servir-la-suisse-avec-integrite\/","title":{"rendered":"Mug &#8211; Servir la Suisse avec int\u00e9grit\u00e9"},"content":{"rendered":"<p>Son design \u00e9pur\u00e9 et son message positif en font un compagnon id\u00e9al pour d\u00e9marrer la journ\u00e9e.<br \/>\nQue ce soit au bureau ou \u00e0 la maison, ce mug accompagnera vos moments de pause avec style et chaleur.<\/p>\n<p>Mug en c\u00e9ramique de haute qualit\u00e9, robuste et agr\u00e9able au toucher.<br \/>\nImpression durable qui r\u00e9siste au lave-vaisselle et au micro-ondes.<br \/>\nCapacit\u00e9 parfaite pour votre caf\u00e9, th\u00e9 ou chocolat chaud.<br \/>\nDesign qui \u00e9voque fiert\u00e9 et int\u00e9grit\u00e9, id\u00e9al pour un cadeau plein de sens<\/p>","protected":false},"excerpt":{"rendered":"<p>Offrez ce mug \u00e9l\u00e9gant qui c\u00e9l\u00e8bre l\u2019int\u00e9grit\u00e9 suisse, parfait pour vos pauses caf\u00e9 \u00e0 la maison ou au bureau.<br \/>\nCe mug imprim\u00e9 \u00ab Servir la Suisse avec int\u00e9grit\u00e9 \u00bb est une id\u00e9e cadeau raffin\u00e9e pour ceux qui appr\u00e9cient les valeurs d\u2019honn\u00eatet\u00e9 et de respect.<\/p>","protected":false},"featured_media":1443,"comment_status":"open","ping_status":"closed","template":"","meta":{"_et_pb_use_builder":"","_et_pb_old_content":"","_et_gb_content_width":""},"product_brand":[],"product_cat":[275],"product_tag":[63,64,308,307,278],"class_list":{"0":"post-1442","1":"product","2":"type-product","3":"status-publish","4":"has-post-thumbnail","6":"product_cat-mugs","7":"product_tag-alliance","8":"product_tag-helvetique","9":"product_tag-integrite","10":"product_tag-servir","11":"product_tag-suisse","13":"first","14":"instock","15":"shipping-taxable","16":"purchasable","17":"product-type-simple"},"yoast_head":"<!-- This site is optimized with the Yoast SEO plugin v25.7 - https:\/\/yoast.com\/wordpress\/plugins\/seo\/ -->\n<title>Mug - Servir la Suisse avec int\u00e9grit\u00e9 - Alliance Helv\u00e9tique<\/title>\n<meta name=\"robots\" content=\"index, follow, max-snippet:-1, max-image-preview:large, max-video-preview:-1\" \/>\n<link rel=\"canonical\" href=\"https:\/\/alliance-helvetique.ch\/de\/produkt\/mug-servir-la-suisse-avec-integrite\/\" \/>\n<meta property=\"og:locale\" content=\"de_DE\" \/>\n<meta property=\"og:type\" content=\"article\" \/>\n<meta property=\"og:title\" content=\"Mug - Servir la Suisse avec int\u00e9grit\u00e9 - Alliance Helv\u00e9tique\" \/>\n<meta property=\"og:description\" content=\"Offrez ce mug \u00e9l\u00e9gant qui c\u00e9l\u00e8bre l\u2019int\u00e9grit\u00e9 suisse, parfait pour vos pauses caf\u00e9 \u00e0 la maison ou au bureau. Ce mug imprim\u00e9 \u00ab Servir la Suisse avec int\u00e9grit\u00e9 \u00bb est une id\u00e9e cadeau raffin\u00e9e pour ceux qui appr\u00e9cient les valeurs d\u2019honn\u00eatet\u00e9 et de respect.\" \/>\n<meta property=\"og:url\" content=\"https:\/\/alliance-helvetique.ch\/de\/produkt\/mug-servir-la-suisse-avec-integrite\/\" \/>\n<meta property=\"og:site_name\" content=\"Alliance Helv\u00e9tique\" \/>\n<meta property=\"article:modified_time\" content=\"2026-01-24T20:49:21+00:00\" \/>\n<meta property=\"og:image\" content=\"https:\/\/alliance-helvetique.ch\/wp-content\/uploads\/2026\/01\/00-MUG-Servir-la-Suisse-avec-integrite.jpg\" \/>\n\t<meta property=\"og:image:width\" content=\"1040\" \/>\n\t<meta property=\"og:image:height\" content=\"1040\" \/>\n\t<meta property=\"og:image:type\" content=\"image\/jpeg\" \/>\n<meta name=\"twitter:card\" content=\"summary_large_image\" \/>\n<meta name=\"twitter:label1\" content=\"Gesch\u00e4tzte Lesezeit\" \/>\n\t<meta name=\"twitter:data1\" content=\"1\u00a0Minute\" \/>\n<script type=\"application\/ld+json\" class=\"yoast-schema-graph\">{\"@context\":\"https:\/\/schema.org\",\"@graph\":[{\"@type\":\"WebPage\",\"@id\":\"https:\/\/alliance-helvetique.ch\/produit\/mug-servir-la-suisse-avec-integrite\/\",\"url\":\"https:\/\/alliance-helvetique.ch\/produit\/mug-servir-la-suisse-avec-integrite\/\",\"name\":\"Mug - Servir la Suisse avec int\u00e9grit\u00e9 - Alliance Helv\u00e9tique\",\"isPartOf\":{\"@id\":\"https:\/\/alliance-helvetique.ch\/#website\"},\"primaryImageOfPage\":{\"@id\":\"https:\/\/alliance-helvetique.ch\/produit\/mug-servir-la-suisse-avec-integrite\/#primaryimage\"},\"image\":{\"@id\":\"https:\/\/alliance-helvetique.ch\/produit\/mug-servir-la-suisse-avec-integrite\/#primaryimage\"},\"thumbnailUrl\":\"https:\/\/alliance-helvetique.ch\/wp-content\/uploads\/2026\/01\/00-MUG-Servir-la-Suisse-avec-integrite.jpg\",\"datePublished\":\"2026-01-24T20:49:20+00:00\",\"dateModified\":\"2026-01-24T20:49:21+00:00\",\"breadcrumb\":{\"@id\":\"https:\/\/alliance-helvetique.ch\/produit\/mug-servir-la-suisse-avec-integrite\/#breadcrumb\"},\"inLanguage\":\"de-CH\",\"potentialAction\":[{\"@type\":\"ReadAction\",\"target\":[\"https:\/\/alliance-helvetique.ch\/produit\/mug-servir-la-suisse-avec-integrite\/\"]}]},{\"@type\":\"ImageObject\",\"inLanguage\":\"de-CH\",\"@id\":\"https:\/\/alliance-helvetique.ch\/produit\/mug-servir-la-suisse-avec-integrite\/#primaryimage\",\"url\":\"https:\/\/alliance-helvetique.ch\/wp-content\/uploads\/2026\/01\/00-MUG-Servir-la-Suisse-avec-integrite.jpg\",\"contentUrl\":\"https:\/\/alliance-helvetique.ch\/wp-content\/uploads\/2026\/01\/00-MUG-Servir-la-Suisse-avec-integrite.jpg\",\"width\":1040,\"height\":1040},{\"@type\":\"BreadcrumbList\",\"@id\":\"https:\/\/alliance-helvetique.ch\/produit\/mug-servir-la-suisse-avec-integrite\/#breadcrumb\",\"itemListElement\":[{\"@type\":\"ListItem\",\"position\":1,\"name\":\"Accueil\",\"item\":\"https:\/\/alliance-helvetique.ch\/\"},{\"@type\":\"ListItem\",\"position\":2,\"name\":\"Boutique\",\"item\":\"https:\/\/alliance-helvetique.ch\/boutique\/\"},{\"@type\":\"ListItem\",\"position\":3,\"name\":\"Mug &#8211; Servir la Suisse avec int\u00e9grit\u00e9\"}]},{\"@type\":\"WebSite\",\"@id\":\"https:\/\/alliance-helvetique.ch\/#website\",\"url\":\"https:\/\/alliance-helvetique.ch\/\",\"name\":\"Alliance Helv\u00e9tique\",\"description\":\"\",\"potentialAction\":[{\"@type\":\"SearchAction\",\"target\":{\"@type\":\"EntryPoint\",\"urlTemplate\":\"https:\/\/alliance-helvetique.ch\/?s={search_term_string}\"},\"query-input\":{\"@type\":\"PropertyValueSpecification\",\"valueRequired\":true,\"valueName\":\"search_term_string\"}}],\"inLanguage\":\"de-CH\"}]}<\/script>\n<!-- \/ Yoast SEO plugin. -->","yoast_head_json":{"title":"Mug - Servir la Suisse avec int\u00e9grit\u00e9 - Alliance Helv\u00e9tique","robots":{"index":"index","follow":"follow","max-snippet":"max-snippet:-1","max-image-preview":"max-image-preview:large","max-video-preview":"max-video-preview:-1"},"canonical":"https:\/\/alliance-helvetique.ch\/de\/produkt\/mug-servir-la-suisse-avec-integrite\/","og_locale":"de_DE","og_type":"article","og_title":"Mug - Servir la Suisse avec int\u00e9grit\u00e9 - Alliance Helv\u00e9tique","og_description":"Offrez ce mug \u00e9l\u00e9gant qui c\u00e9l\u00e8bre l\u2019int\u00e9grit\u00e9 suisse, parfait pour vos pauses caf\u00e9 \u00e0 la maison ou au bureau. Ce mug imprim\u00e9 \u00ab Servir la Suisse avec int\u00e9grit\u00e9 \u00bb est une id\u00e9e cadeau raffin\u00e9e pour ceux qui appr\u00e9cient les valeurs d\u2019honn\u00eatet\u00e9 et de respect.","og_url":"https:\/\/alliance-helvetique.ch\/de\/produkt\/mug-servir-la-suisse-avec-integrite\/","og_site_name":"Alliance Helv\u00e9tique","article_modified_time":"2026-01-24T20:49:21+00:00","og_image":[{"width":1040,"height":1040,"url":"https:\/\/alliance-helvetique.ch\/wp-content\/uploads\/2026\/01\/00-MUG-Servir-la-Suisse-avec-integrite.jpg","type":"image\/jpeg"}],"twitter_card":"summary_large_image","twitter_misc":{"Gesch\u00e4tzte Lesezeit":"1\u00a0Minute"},"schema":{"@context":"https:\/\/schema.org","@graph":[{"@type":"WebPage","@id":"https:\/\/alliance-helvetique.ch\/produit\/mug-servir-la-suisse-avec-integrite\/","url":"https:\/\/alliance-helvetique.ch\/produit\/mug-servir-la-suisse-avec-integrite\/","name":"Mug - Servir la Suisse avec int\u00e9grit\u00e9 - Alliance Helv\u00e9tique","isPartOf":{"@id":"https:\/\/alliance-helvetique.ch\/#website"},"primaryImageOfPage":{"@id":"https:\/\/alliance-helvetique.ch\/produit\/mug-servir-la-suisse-avec-integrite\/#primaryimage"},"image":{"@id":"https:\/\/alliance-helvetique.ch\/produit\/mug-servir-la-suisse-avec-integrite\/#primaryimage"},"thumbnailUrl":"https:\/\/alliance-helvetique.ch\/wp-content\/uploads\/2026\/01\/00-MUG-Servir-la-Suisse-avec-integrite.jpg","datePublished":"2026-01-24T20:49:20+00:00","dateModified":"2026-01-24T20:49:21+00:00","breadcrumb":{"@id":"https:\/\/alliance-helvetique.ch\/produit\/mug-servir-la-suisse-avec-integrite\/#breadcrumb"},"inLanguage":"de-CH","potentialAction":[{"@type":"ReadAction","target":["https:\/\/alliance-helvetique.ch\/produit\/mug-servir-la-suisse-avec-integrite\/"]}]},{"@type":"ImageObject","inLanguage":"de-CH","@id":"https:\/\/alliance-helvetique.ch\/produit\/mug-servir-la-suisse-avec-integrite\/#primaryimage","url":"https:\/\/alliance-helvetique.ch\/wp-content\/uploads\/2026\/01\/00-MUG-Servir-la-Suisse-avec-integrite.jpg","contentUrl":"https:\/\/alliance-helvetique.ch\/wp-content\/uploads\/2026\/01\/00-MUG-Servir-la-Suisse-avec-integrite.jpg","width":1040,"height":1040},{"@type":"BreadcrumbList","@id":"https:\/\/alliance-helvetique.ch\/produit\/mug-servir-la-suisse-avec-integrite\/#breadcrumb","itemListElement":[{"@type":"ListItem","position":1,"name":"Accueil","item":"https:\/\/alliance-helvetique.ch\/"},{"@type":"ListItem","position":2,"name":"Boutique","item":"https:\/\/alliance-helvetique.ch\/boutique\/"},{"@type":"ListItem","position":3,"name":"Mug &#8211; Servir la Suisse avec int\u00e9grit\u00e9"}]},{"@type":"WebSite","@id":"https:\/\/alliance-helvetique.ch\/#website","url":"https:\/\/alliance-helvetique.ch\/","name":"Helvetische Allianz","description":"","potentialAction":[{"@type":"SearchAction","target":{"@type":"EntryPoint","urlTemplate":"https:\/\/alliance-helvetique.ch\/?s={search_term_string}"},"query-input":{"@type":"PropertyValueSpecification","valueRequired":true,"valueName":"search_term_string"}}],"inLanguage":"de-CH"}]}},"_links":{"self":[{"href":"https:\/\/alliance-helvetique.ch\/de\/wp-json\/wp\/v2\/product\/1442","targetHints":{"allow":["GET"]}}],"collection":[{"href":"https:\/\/alliance-helvetique.ch\/de\/wp-json\/wp\/v2\/product"}],"about":[{"href":"https:\/\/alliance-helvetique.ch\/de\/wp-json\/wp\/v2\/types\/product"}],"replies":[{"embeddable":true,"href":"https:\/\/alliance-helvetique.ch\/de\/wp-json\/wp\/v2\/comments?post=1442"}],"wp:featuredmedia":[{"embeddable":true,"href":"https:\/\/alliance-helvetique.ch\/de\/wp-json\/wp\/v2\/media\/1443"}],"wp:attachment":[{"href":"https:\/\/alliance-helvetique.ch\/de\/wp-json\/wp\/v2\/media?parent=1442"}],"wp:term":[{"taxonomy":"product_brand","embeddable":true,"href":"https:\/\/alliance-helvetique.ch\/de\/wp-json\/wp\/v2\/product_brand?post=1442"},{"taxonomy":"product_cat","embeddable":true,"href":"https:\/\/alliance-helvetique.ch\/de\/wp-json\/wp\/v2\/product_cat?post=1442"},{"taxonomy":"product_tag","embeddable":true,"href":"https:\/\/alliance-helvetique.ch\/de\/wp-json\/wp\/v2\/product_tag?post=1442"}],"curies":[{"name":"wp","href":"https:\/\/api.w.org\/{rel}","templated":true}]}}