{"id":1438,"date":"2026-01-24T20:41:26","date_gmt":"2026-01-24T20:41:26","guid":{"rendered":"https:\/\/alliance-helvetique.ch\/?post_type=product&#038;p=1438"},"modified":"2026-01-24T20:41:26","modified_gmt":"2026-01-24T20:41:26","slug":"mug-proches-des-realites-suisses","status":"publish","type":"product","link":"https:\/\/alliance-helvetique.ch\/de\/produkt\/mug-proches-des-realites-suisses\/","title":{"rendered":"Mug &#8211; Proches des r\u00e9alit\u00e9s suisses"},"content":{"rendered":"<p>Que ce soit \u00e0 la maison ou au bureau, ce mug accompagne vos pauses caf\u00e9 ou th\u00e9 avec style et simplicit\u00e9.<\/p>\n<p>Id\u00e9e cadeau authentique pour amis, famille ou coll\u00e8gues.<br \/>\nConvient \u00e0 un usage quotidien, matin ou apr\u00e8s-midi.<\/p>\n<p>Mug de haute qualit\u00e9, r\u00e9sistant et confortable \u00e0 tenir Impression durable qui ne s&rsquo;efface pas au lavage.<br \/>\nUn cadeau \u00e0 offrir ou \u00e0 s&rsquo;offrir pour rappeler avec tendresse les petits plaisirs suisses du quotidien.<\/p>","protected":false},"excerpt":{"rendered":"<p>Offrez un mug chaleureux qui c\u00e9l\u00e8bre la vie en Suisse, id\u00e9al pour vos pauses caf\u00e9 quotidiennes.<br \/>\nD\u00e9couvrez ce mug imprim\u00e9 \u00ab Proches des r\u00e9alit\u00e9s suisses \u00bb, parfait pour tous ceux qui aiment savourer un moment convivial autour d&rsquo;une boisson chaude.<\/p>","protected":false},"featured_media":1439,"comment_status":"open","ping_status":"closed","template":"","meta":{"_et_pb_use_builder":"","_et_pb_old_content":"","_et_gb_content_width":""},"product_brand":[],"product_cat":[275],"product_tag":[63,276,304,305,278],"class_list":{"0":"post-1438","1":"product","2":"type-product","3":"status-publish","4":"has-post-thumbnail","6":"product_cat-mugs","7":"product_tag-alliance","8":"product_tag-mug","9":"product_tag-proche","10":"product_tag-realite","11":"product_tag-suisse","13":"first","14":"instock","15":"shipping-taxable","16":"purchasable","17":"product-type-simple"},"yoast_head":"<!-- This site is optimized with the Yoast SEO plugin v25.7 - https:\/\/yoast.com\/wordpress\/plugins\/seo\/ -->\n<title>Mug - Proches des r\u00e9alit\u00e9s suisses - Alliance Helv\u00e9tique<\/title>\n<meta name=\"robots\" content=\"index, follow, max-snippet:-1, max-image-preview:large, max-video-preview:-1\" \/>\n<link rel=\"canonical\" href=\"https:\/\/alliance-helvetique.ch\/de\/produkt\/mug-proches-des-realites-suisses\/\" \/>\n<meta property=\"og:locale\" content=\"de_DE\" \/>\n<meta property=\"og:type\" content=\"article\" \/>\n<meta property=\"og:title\" content=\"Mug - Proches des r\u00e9alit\u00e9s suisses - Alliance Helv\u00e9tique\" \/>\n<meta property=\"og:description\" content=\"Offrez un mug chaleureux qui c\u00e9l\u00e8bre la vie en Suisse, id\u00e9al pour vos pauses caf\u00e9 quotidiennes. D\u00e9couvrez ce mug imprim\u00e9 \u00ab Proches des r\u00e9alit\u00e9s suisses \u00bb, parfait pour tous ceux qui aiment savourer un moment convivial autour d&#039;une boisson chaude.\" \/>\n<meta property=\"og:url\" content=\"https:\/\/alliance-helvetique.ch\/de\/produkt\/mug-proches-des-realites-suisses\/\" \/>\n<meta property=\"og:site_name\" content=\"Alliance Helv\u00e9tique\" \/>\n<meta property=\"og:image\" content=\"https:\/\/alliance-helvetique.ch\/wp-content\/uploads\/2026\/01\/00-MUG-Proches-des-realites-suisses.jpg\" \/>\n\t<meta property=\"og:image:width\" content=\"1040\" \/>\n\t<meta property=\"og:image:height\" content=\"1040\" \/>\n\t<meta property=\"og:image:type\" content=\"image\/jpeg\" \/>\n<meta name=\"twitter:card\" content=\"summary_large_image\" \/>\n<meta name=\"twitter:label1\" content=\"Gesch\u00e4tzte Lesezeit\" \/>\n\t<meta name=\"twitter:data1\" content=\"1\u00a0Minute\" \/>\n<script type=\"application\/ld+json\" class=\"yoast-schema-graph\">{\"@context\":\"https:\/\/schema.org\",\"@graph\":[{\"@type\":\"WebPage\",\"@id\":\"https:\/\/alliance-helvetique.ch\/produit\/mug-proches-des-realites-suisses\/\",\"url\":\"https:\/\/alliance-helvetique.ch\/produit\/mug-proches-des-realites-suisses\/\",\"name\":\"Mug - Proches des r\u00e9alit\u00e9s suisses - Alliance Helv\u00e9tique\",\"isPartOf\":{\"@id\":\"https:\/\/alliance-helvetique.ch\/#website\"},\"primaryImageOfPage\":{\"@id\":\"https:\/\/alliance-helvetique.ch\/produit\/mug-proches-des-realites-suisses\/#primaryimage\"},\"image\":{\"@id\":\"https:\/\/alliance-helvetique.ch\/produit\/mug-proches-des-realites-suisses\/#primaryimage\"},\"thumbnailUrl\":\"https:\/\/alliance-helvetique.ch\/wp-content\/uploads\/2026\/01\/00-MUG-Proches-des-realites-suisses.jpg\",\"datePublished\":\"2026-01-24T20:41:26+00:00\",\"breadcrumb\":{\"@id\":\"https:\/\/alliance-helvetique.ch\/produit\/mug-proches-des-realites-suisses\/#breadcrumb\"},\"inLanguage\":\"de-CH\",\"potentialAction\":[{\"@type\":\"ReadAction\",\"target\":[\"https:\/\/alliance-helvetique.ch\/produit\/mug-proches-des-realites-suisses\/\"]}]},{\"@type\":\"ImageObject\",\"inLanguage\":\"de-CH\",\"@id\":\"https:\/\/alliance-helvetique.ch\/produit\/mug-proches-des-realites-suisses\/#primaryimage\",\"url\":\"https:\/\/alliance-helvetique.ch\/wp-content\/uploads\/2026\/01\/00-MUG-Proches-des-realites-suisses.jpg\",\"contentUrl\":\"https:\/\/alliance-helvetique.ch\/wp-content\/uploads\/2026\/01\/00-MUG-Proches-des-realites-suisses.jpg\",\"width\":1040,\"height\":1040},{\"@type\":\"BreadcrumbList\",\"@id\":\"https:\/\/alliance-helvetique.ch\/produit\/mug-proches-des-realites-suisses\/#breadcrumb\",\"itemListElement\":[{\"@type\":\"ListItem\",\"position\":1,\"name\":\"Accueil\",\"item\":\"https:\/\/alliance-helvetique.ch\/\"},{\"@type\":\"ListItem\",\"position\":2,\"name\":\"Boutique\",\"item\":\"https:\/\/alliance-helvetique.ch\/boutique\/\"},{\"@type\":\"ListItem\",\"position\":3,\"name\":\"Mug &#8211; Proches des r\u00e9alit\u00e9s suisses\"}]},{\"@type\":\"WebSite\",\"@id\":\"https:\/\/alliance-helvetique.ch\/#website\",\"url\":\"https:\/\/alliance-helvetique.ch\/\",\"name\":\"Alliance Helv\u00e9tique\",\"description\":\"\",\"potentialAction\":[{\"@type\":\"SearchAction\",\"target\":{\"@type\":\"EntryPoint\",\"urlTemplate\":\"https:\/\/alliance-helvetique.ch\/?s={search_term_string}\"},\"query-input\":{\"@type\":\"PropertyValueSpecification\",\"valueRequired\":true,\"valueName\":\"search_term_string\"}}],\"inLanguage\":\"de-CH\"}]}<\/script>\n<!-- \/ Yoast SEO plugin. -->","yoast_head_json":{"title":"Mug - Proches des r\u00e9alit\u00e9s suisses - Alliance Helv\u00e9tique","robots":{"index":"index","follow":"follow","max-snippet":"max-snippet:-1","max-image-preview":"max-image-preview:large","max-video-preview":"max-video-preview:-1"},"canonical":"https:\/\/alliance-helvetique.ch\/de\/produkt\/mug-proches-des-realites-suisses\/","og_locale":"de_DE","og_type":"article","og_title":"Mug - Proches des r\u00e9alit\u00e9s suisses - Alliance Helv\u00e9tique","og_description":"Offrez un mug chaleureux qui c\u00e9l\u00e8bre la vie en Suisse, id\u00e9al pour vos pauses caf\u00e9 quotidiennes. D\u00e9couvrez ce mug imprim\u00e9 \u00ab Proches des r\u00e9alit\u00e9s suisses \u00bb, parfait pour tous ceux qui aiment savourer un moment convivial autour d'une boisson chaude.","og_url":"https:\/\/alliance-helvetique.ch\/de\/produkt\/mug-proches-des-realites-suisses\/","og_site_name":"Alliance Helv\u00e9tique","og_image":[{"width":1040,"height":1040,"url":"https:\/\/alliance-helvetique.ch\/wp-content\/uploads\/2026\/01\/00-MUG-Proches-des-realites-suisses.jpg","type":"image\/jpeg"}],"twitter_card":"summary_large_image","twitter_misc":{"Gesch\u00e4tzte Lesezeit":"1\u00a0Minute"},"schema":{"@context":"https:\/\/schema.org","@graph":[{"@type":"WebPage","@id":"https:\/\/alliance-helvetique.ch\/produit\/mug-proches-des-realites-suisses\/","url":"https:\/\/alliance-helvetique.ch\/produit\/mug-proches-des-realites-suisses\/","name":"Mug - Proches des r\u00e9alit\u00e9s suisses - Alliance Helv\u00e9tique","isPartOf":{"@id":"https:\/\/alliance-helvetique.ch\/#website"},"primaryImageOfPage":{"@id":"https:\/\/alliance-helvetique.ch\/produit\/mug-proches-des-realites-suisses\/#primaryimage"},"image":{"@id":"https:\/\/alliance-helvetique.ch\/produit\/mug-proches-des-realites-suisses\/#primaryimage"},"thumbnailUrl":"https:\/\/alliance-helvetique.ch\/wp-content\/uploads\/2026\/01\/00-MUG-Proches-des-realites-suisses.jpg","datePublished":"2026-01-24T20:41:26+00:00","breadcrumb":{"@id":"https:\/\/alliance-helvetique.ch\/produit\/mug-proches-des-realites-suisses\/#breadcrumb"},"inLanguage":"de-CH","potentialAction":[{"@type":"ReadAction","target":["https:\/\/alliance-helvetique.ch\/produit\/mug-proches-des-realites-suisses\/"]}]},{"@type":"ImageObject","inLanguage":"de-CH","@id":"https:\/\/alliance-helvetique.ch\/produit\/mug-proches-des-realites-suisses\/#primaryimage","url":"https:\/\/alliance-helvetique.ch\/wp-content\/uploads\/2026\/01\/00-MUG-Proches-des-realites-suisses.jpg","contentUrl":"https:\/\/alliance-helvetique.ch\/wp-content\/uploads\/2026\/01\/00-MUG-Proches-des-realites-suisses.jpg","width":1040,"height":1040},{"@type":"BreadcrumbList","@id":"https:\/\/alliance-helvetique.ch\/produit\/mug-proches-des-realites-suisses\/#breadcrumb","itemListElement":[{"@type":"ListItem","position":1,"name":"Accueil","item":"https:\/\/alliance-helvetique.ch\/"},{"@type":"ListItem","position":2,"name":"Boutique","item":"https:\/\/alliance-helvetique.ch\/boutique\/"},{"@type":"ListItem","position":3,"name":"Mug &#8211; Proches des r\u00e9alit\u00e9s suisses"}]},{"@type":"WebSite","@id":"https:\/\/alliance-helvetique.ch\/#website","url":"https:\/\/alliance-helvetique.ch\/","name":"Helvetische Allianz","description":"","potentialAction":[{"@type":"SearchAction","target":{"@type":"EntryPoint","urlTemplate":"https:\/\/alliance-helvetique.ch\/?s={search_term_string}"},"query-input":{"@type":"PropertyValueSpecification","valueRequired":true,"valueName":"search_term_string"}}],"inLanguage":"de-CH"}]}},"_links":{"self":[{"href":"https:\/\/alliance-helvetique.ch\/de\/wp-json\/wp\/v2\/product\/1438","targetHints":{"allow":["GET"]}}],"collection":[{"href":"https:\/\/alliance-helvetique.ch\/de\/wp-json\/wp\/v2\/product"}],"about":[{"href":"https:\/\/alliance-helvetique.ch\/de\/wp-json\/wp\/v2\/types\/product"}],"replies":[{"embeddable":true,"href":"https:\/\/alliance-helvetique.ch\/de\/wp-json\/wp\/v2\/comments?post=1438"}],"wp:featuredmedia":[{"embeddable":true,"href":"https:\/\/alliance-helvetique.ch\/de\/wp-json\/wp\/v2\/media\/1439"}],"wp:attachment":[{"href":"https:\/\/alliance-helvetique.ch\/de\/wp-json\/wp\/v2\/media?parent=1438"}],"wp:term":[{"taxonomy":"product_brand","embeddable":true,"href":"https:\/\/alliance-helvetique.ch\/de\/wp-json\/wp\/v2\/product_brand?post=1438"},{"taxonomy":"product_cat","embeddable":true,"href":"https:\/\/alliance-helvetique.ch\/de\/wp-json\/wp\/v2\/product_cat?post=1438"},{"taxonomy":"product_tag","embeddable":true,"href":"https:\/\/alliance-helvetique.ch\/de\/wp-json\/wp\/v2\/product_tag?post=1438"}],"curies":[{"name":"wp","href":"https:\/\/api.w.org\/{rel}","templated":true}]}}