{"id":1436,"date":"2026-01-24T20:37:26","date_gmt":"2026-01-24T20:37:26","guid":{"rendered":"https:\/\/alliance-helvetique.ch\/?post_type=product&#038;p=1436"},"modified":"2026-01-24T20:37:26","modified_gmt":"2026-01-24T20:37:26","slug":"mug-pour-une-suisse-souveraine-et-responsable","status":"publish","type":"product","link":"https:\/\/alliance-helvetique.ch\/de\/produkt\/mug-pour-une-suisse-souveraine-et-responsable\/","title":{"rendered":"Mug &#8211; Pour une Suisse souveraine et responsable"},"content":{"rendered":"<p>Parfait pour accompagner vos pauses caf\u00e9 ou th\u00e9, \u00e0 la maison ou au bureau.<br \/>\nCe mug est un cadeau id\u00e9al qui symbolise fiert\u00e9 et engagement, \u00e0 offrir \u00e0 vos proches ou \u00e0 s&rsquo;offrir \u00e0 soi-m\u00eame.<\/p>\n<p>Qualit\u00e9 c\u00e9ramique robuste pour une longue dur\u00e9e.<br \/>\nImpression r\u00e9sistante aux lavages.<br \/>\nCapacit\u00e9 adapt\u00e9e pour vos boissons chaudes favorites.<br \/>\nDesign au message positif, simple et authentique.<\/p>\n<p>Id\u00e9al pour d\u00e9buter la journ\u00e9e avec un esprit positif et responsable, ce mug vous accompagnera avec douceur dans tous vos moments de d\u00e9tente.<\/p>","protected":false},"excerpt":{"rendered":"<p>Un mug chaleureux pour savourer chaque instant avec fiert\u00e9 et responsabilit\u00e9 suisse.<br \/>\nOffrez un moment de plaisir avec ce mug imprim\u00e9 \u00ab\u00a0Pour une Suisse souveraine et responsable\u00a0\u00bb.<\/p>","protected":false},"featured_media":1437,"comment_status":"open","ping_status":"closed","template":"","meta":{"_et_pb_use_builder":"","_et_pb_old_content":"","_et_gb_content_width":""},"product_brand":[],"product_cat":[275],"product_tag":[63,64,302,303,278],"class_list":{"0":"post-1436","1":"product","2":"type-product","3":"status-publish","4":"has-post-thumbnail","6":"product_cat-mugs","7":"product_tag-alliance","8":"product_tag-helvetique","9":"product_tag-reponsable","10":"product_tag-souveraine","11":"product_tag-suisse","13":"first","14":"instock","15":"shipping-taxable","16":"purchasable","17":"product-type-simple"},"yoast_head":"<!-- This site is optimized with the Yoast SEO plugin v25.7 - https:\/\/yoast.com\/wordpress\/plugins\/seo\/ -->\n<title>Mug - Pour une Suisse souveraine et responsable - Alliance Helv\u00e9tique<\/title>\n<meta name=\"robots\" content=\"index, follow, max-snippet:-1, max-image-preview:large, max-video-preview:-1\" \/>\n<link rel=\"canonical\" href=\"https:\/\/alliance-helvetique.ch\/de\/produkt\/mug-pour-une-suisse-souveraine-et-responsable\/\" \/>\n<meta property=\"og:locale\" content=\"de_DE\" \/>\n<meta property=\"og:type\" content=\"article\" \/>\n<meta property=\"og:title\" content=\"Mug - Pour une Suisse souveraine et responsable - Alliance Helv\u00e9tique\" \/>\n<meta property=\"og:description\" content=\"Un mug chaleureux pour savourer chaque instant avec fiert\u00e9 et responsabilit\u00e9 suisse. Offrez un moment de plaisir avec ce mug imprim\u00e9 &quot;Pour une Suisse souveraine et responsable&quot;.\" \/>\n<meta property=\"og:url\" content=\"https:\/\/alliance-helvetique.ch\/de\/produkt\/mug-pour-une-suisse-souveraine-et-responsable\/\" \/>\n<meta property=\"og:site_name\" content=\"Alliance Helv\u00e9tique\" \/>\n<meta property=\"og:image\" content=\"https:\/\/alliance-helvetique.ch\/wp-content\/uploads\/2026\/01\/00-MUG-Pour-une-Suisse-souveraine-et-responsable.jpg\" \/>\n\t<meta property=\"og:image:width\" content=\"1040\" \/>\n\t<meta property=\"og:image:height\" content=\"1040\" \/>\n\t<meta property=\"og:image:type\" content=\"image\/jpeg\" \/>\n<meta name=\"twitter:card\" content=\"summary_large_image\" \/>\n<meta name=\"twitter:label1\" content=\"Gesch\u00e4tzte Lesezeit\" \/>\n\t<meta name=\"twitter:data1\" content=\"1\u00a0Minute\" \/>\n<script type=\"application\/ld+json\" class=\"yoast-schema-graph\">{\"@context\":\"https:\/\/schema.org\",\"@graph\":[{\"@type\":\"WebPage\",\"@id\":\"https:\/\/alliance-helvetique.ch\/produit\/mug-pour-une-suisse-souveraine-et-responsable\/\",\"url\":\"https:\/\/alliance-helvetique.ch\/produit\/mug-pour-une-suisse-souveraine-et-responsable\/\",\"name\":\"Mug - Pour une Suisse souveraine et responsable - Alliance Helv\u00e9tique\",\"isPartOf\":{\"@id\":\"https:\/\/alliance-helvetique.ch\/#website\"},\"primaryImageOfPage\":{\"@id\":\"https:\/\/alliance-helvetique.ch\/produit\/mug-pour-une-suisse-souveraine-et-responsable\/#primaryimage\"},\"image\":{\"@id\":\"https:\/\/alliance-helvetique.ch\/produit\/mug-pour-une-suisse-souveraine-et-responsable\/#primaryimage\"},\"thumbnailUrl\":\"https:\/\/alliance-helvetique.ch\/wp-content\/uploads\/2026\/01\/00-MUG-Pour-une-Suisse-souveraine-et-responsable.jpg\",\"datePublished\":\"2026-01-24T20:37:26+00:00\",\"breadcrumb\":{\"@id\":\"https:\/\/alliance-helvetique.ch\/produit\/mug-pour-une-suisse-souveraine-et-responsable\/#breadcrumb\"},\"inLanguage\":\"de-CH\",\"potentialAction\":[{\"@type\":\"ReadAction\",\"target\":[\"https:\/\/alliance-helvetique.ch\/produit\/mug-pour-une-suisse-souveraine-et-responsable\/\"]}]},{\"@type\":\"ImageObject\",\"inLanguage\":\"de-CH\",\"@id\":\"https:\/\/alliance-helvetique.ch\/produit\/mug-pour-une-suisse-souveraine-et-responsable\/#primaryimage\",\"url\":\"https:\/\/alliance-helvetique.ch\/wp-content\/uploads\/2026\/01\/00-MUG-Pour-une-Suisse-souveraine-et-responsable.jpg\",\"contentUrl\":\"https:\/\/alliance-helvetique.ch\/wp-content\/uploads\/2026\/01\/00-MUG-Pour-une-Suisse-souveraine-et-responsable.jpg\",\"width\":1040,\"height\":1040},{\"@type\":\"BreadcrumbList\",\"@id\":\"https:\/\/alliance-helvetique.ch\/produit\/mug-pour-une-suisse-souveraine-et-responsable\/#breadcrumb\",\"itemListElement\":[{\"@type\":\"ListItem\",\"position\":1,\"name\":\"Accueil\",\"item\":\"https:\/\/alliance-helvetique.ch\/\"},{\"@type\":\"ListItem\",\"position\":2,\"name\":\"Boutique\",\"item\":\"https:\/\/alliance-helvetique.ch\/boutique\/\"},{\"@type\":\"ListItem\",\"position\":3,\"name\":\"Mug &#8211; Pour une Suisse souveraine et responsable\"}]},{\"@type\":\"WebSite\",\"@id\":\"https:\/\/alliance-helvetique.ch\/#website\",\"url\":\"https:\/\/alliance-helvetique.ch\/\",\"name\":\"Alliance Helv\u00e9tique\",\"description\":\"\",\"potentialAction\":[{\"@type\":\"SearchAction\",\"target\":{\"@type\":\"EntryPoint\",\"urlTemplate\":\"https:\/\/alliance-helvetique.ch\/?s={search_term_string}\"},\"query-input\":{\"@type\":\"PropertyValueSpecification\",\"valueRequired\":true,\"valueName\":\"search_term_string\"}}],\"inLanguage\":\"de-CH\"}]}<\/script>\n<!-- \/ Yoast SEO plugin. -->","yoast_head_json":{"title":"Mug - Pour une Suisse souveraine et responsable - Alliance Helv\u00e9tique","robots":{"index":"index","follow":"follow","max-snippet":"max-snippet:-1","max-image-preview":"max-image-preview:large","max-video-preview":"max-video-preview:-1"},"canonical":"https:\/\/alliance-helvetique.ch\/de\/produkt\/mug-pour-une-suisse-souveraine-et-responsable\/","og_locale":"de_DE","og_type":"article","og_title":"Mug - Pour une Suisse souveraine et responsable - Alliance Helv\u00e9tique","og_description":"Un mug chaleureux pour savourer chaque instant avec fiert\u00e9 et responsabilit\u00e9 suisse. Offrez un moment de plaisir avec ce mug imprim\u00e9 \"Pour une Suisse souveraine et responsable\".","og_url":"https:\/\/alliance-helvetique.ch\/de\/produkt\/mug-pour-une-suisse-souveraine-et-responsable\/","og_site_name":"Alliance Helv\u00e9tique","og_image":[{"width":1040,"height":1040,"url":"https:\/\/alliance-helvetique.ch\/wp-content\/uploads\/2026\/01\/00-MUG-Pour-une-Suisse-souveraine-et-responsable.jpg","type":"image\/jpeg"}],"twitter_card":"summary_large_image","twitter_misc":{"Gesch\u00e4tzte Lesezeit":"1\u00a0Minute"},"schema":{"@context":"https:\/\/schema.org","@graph":[{"@type":"WebPage","@id":"https:\/\/alliance-helvetique.ch\/produit\/mug-pour-une-suisse-souveraine-et-responsable\/","url":"https:\/\/alliance-helvetique.ch\/produit\/mug-pour-une-suisse-souveraine-et-responsable\/","name":"Mug - Pour une Suisse souveraine et responsable - Alliance Helv\u00e9tique","isPartOf":{"@id":"https:\/\/alliance-helvetique.ch\/#website"},"primaryImageOfPage":{"@id":"https:\/\/alliance-helvetique.ch\/produit\/mug-pour-une-suisse-souveraine-et-responsable\/#primaryimage"},"image":{"@id":"https:\/\/alliance-helvetique.ch\/produit\/mug-pour-une-suisse-souveraine-et-responsable\/#primaryimage"},"thumbnailUrl":"https:\/\/alliance-helvetique.ch\/wp-content\/uploads\/2026\/01\/00-MUG-Pour-une-Suisse-souveraine-et-responsable.jpg","datePublished":"2026-01-24T20:37:26+00:00","breadcrumb":{"@id":"https:\/\/alliance-helvetique.ch\/produit\/mug-pour-une-suisse-souveraine-et-responsable\/#breadcrumb"},"inLanguage":"de-CH","potentialAction":[{"@type":"ReadAction","target":["https:\/\/alliance-helvetique.ch\/produit\/mug-pour-une-suisse-souveraine-et-responsable\/"]}]},{"@type":"ImageObject","inLanguage":"de-CH","@id":"https:\/\/alliance-helvetique.ch\/produit\/mug-pour-une-suisse-souveraine-et-responsable\/#primaryimage","url":"https:\/\/alliance-helvetique.ch\/wp-content\/uploads\/2026\/01\/00-MUG-Pour-une-Suisse-souveraine-et-responsable.jpg","contentUrl":"https:\/\/alliance-helvetique.ch\/wp-content\/uploads\/2026\/01\/00-MUG-Pour-une-Suisse-souveraine-et-responsable.jpg","width":1040,"height":1040},{"@type":"BreadcrumbList","@id":"https:\/\/alliance-helvetique.ch\/produit\/mug-pour-une-suisse-souveraine-et-responsable\/#breadcrumb","itemListElement":[{"@type":"ListItem","position":1,"name":"Accueil","item":"https:\/\/alliance-helvetique.ch\/"},{"@type":"ListItem","position":2,"name":"Boutique","item":"https:\/\/alliance-helvetique.ch\/boutique\/"},{"@type":"ListItem","position":3,"name":"Mug &#8211; Pour une Suisse souveraine et responsable"}]},{"@type":"WebSite","@id":"https:\/\/alliance-helvetique.ch\/#website","url":"https:\/\/alliance-helvetique.ch\/","name":"Helvetische Allianz","description":"","potentialAction":[{"@type":"SearchAction","target":{"@type":"EntryPoint","urlTemplate":"https:\/\/alliance-helvetique.ch\/?s={search_term_string}"},"query-input":{"@type":"PropertyValueSpecification","valueRequired":true,"valueName":"search_term_string"}}],"inLanguage":"de-CH"}]}},"_links":{"self":[{"href":"https:\/\/alliance-helvetique.ch\/de\/wp-json\/wp\/v2\/product\/1436","targetHints":{"allow":["GET"]}}],"collection":[{"href":"https:\/\/alliance-helvetique.ch\/de\/wp-json\/wp\/v2\/product"}],"about":[{"href":"https:\/\/alliance-helvetique.ch\/de\/wp-json\/wp\/v2\/types\/product"}],"replies":[{"embeddable":true,"href":"https:\/\/alliance-helvetique.ch\/de\/wp-json\/wp\/v2\/comments?post=1436"}],"wp:featuredmedia":[{"embeddable":true,"href":"https:\/\/alliance-helvetique.ch\/de\/wp-json\/wp\/v2\/media\/1437"}],"wp:attachment":[{"href":"https:\/\/alliance-helvetique.ch\/de\/wp-json\/wp\/v2\/media?parent=1436"}],"wp:term":[{"taxonomy":"product_brand","embeddable":true,"href":"https:\/\/alliance-helvetique.ch\/de\/wp-json\/wp\/v2\/product_brand?post=1436"},{"taxonomy":"product_cat","embeddable":true,"href":"https:\/\/alliance-helvetique.ch\/de\/wp-json\/wp\/v2\/product_cat?post=1436"},{"taxonomy":"product_tag","embeddable":true,"href":"https:\/\/alliance-helvetique.ch\/de\/wp-json\/wp\/v2\/product_tag?post=1436"}],"curies":[{"name":"wp","href":"https:\/\/api.w.org\/{rel}","templated":true}]}}