{"id":1426,"date":"2026-01-24T09:10:47","date_gmt":"2026-01-24T09:10:47","guid":{"rendered":"https:\/\/alliance-helvetique.ch\/?post_type=product&#038;p=1426"},"modified":"2026-01-24T09:10:47","modified_gmt":"2026-01-24T09:10:47","slug":"mug-independance-democratie-et-cohesion","status":"publish","type":"product","link":"https:\/\/alliance-helvetique.ch\/de\/produkt\/mug-independance-democratie-et-cohesion\/","title":{"rendered":"Mug &#8211; Ind\u00e9pendance &#8211; D\u00e9mocratie et Coh\u00e9sion"},"content":{"rendered":"<p>Un cadeau id\u00e9al pour partager ses convictions en douceur.<br \/>\nParfait pour la maison ou le bureau, il accompagne vos matin\u00e9es et vos pauses caf\u00e9 avec style et sens.<\/p>\n<p>Mug en c\u00e9ramique de haute qualit\u00e9 Impression nette et durable r\u00e9sistante au lave-vaisselle<\/p>\n<p>Design sobre et \u00e9l\u00e9gant aux messages f\u00e9d\u00e9rateurs<\/p>\n<p>Capacit\u00e9 id\u00e9ale pour savourer votre boisson pr\u00e9f\u00e9r\u00e9e<\/p>","protected":false},"excerpt":{"rendered":"<p>Un mug \u00e9l\u00e9gant pour c\u00e9l\u00e9brer l&rsquo;ind\u00e9pendance, la d\u00e9mocratie et la coh\u00e9sion, parfait pour vos pauses caf\u00e9.<br \/>\nExprimez vos valeurs avec ce mug imprim\u00e9 aux mots forts : ind\u00e9pendance, d\u00e9mocratie, coh\u00e9sion.<\/p>","protected":false},"featured_media":1427,"comment_status":"open","ping_status":"closed","template":"","meta":{"_et_pb_use_builder":"","_et_pb_old_content":"","_et_gb_content_width":""},"product_brand":[],"product_cat":[275],"product_tag":[282,296,295,294,276],"class_list":{"0":"post-1426","1":"product","2":"type-product","3":"status-publish","4":"has-post-thumbnail","6":"product_cat-mugs","7":"product_tag-cafe","8":"product_tag-cohesion","9":"product_tag-democratie","10":"product_tag-independance","11":"product_tag-mug","13":"first","14":"instock","15":"shipping-taxable","16":"purchasable","17":"product-type-simple"},"yoast_head":"<!-- This site is optimized with the Yoast SEO plugin v25.7 - https:\/\/yoast.com\/wordpress\/plugins\/seo\/ -->\n<title>Mug - Ind\u00e9pendance - D\u00e9mocratie et Coh\u00e9sion - Alliance Helv\u00e9tique<\/title>\n<meta name=\"robots\" content=\"index, follow, max-snippet:-1, max-image-preview:large, max-video-preview:-1\" \/>\n<link rel=\"canonical\" href=\"https:\/\/alliance-helvetique.ch\/de\/produkt\/mug-independance-democratie-et-cohesion\/\" \/>\n<meta property=\"og:locale\" content=\"de_DE\" \/>\n<meta property=\"og:type\" content=\"article\" \/>\n<meta property=\"og:title\" content=\"Mug - Ind\u00e9pendance - D\u00e9mocratie et Coh\u00e9sion - Alliance Helv\u00e9tique\" \/>\n<meta property=\"og:description\" content=\"Un mug \u00e9l\u00e9gant pour c\u00e9l\u00e9brer l&#039;ind\u00e9pendance, la d\u00e9mocratie et la coh\u00e9sion, parfait pour vos pauses caf\u00e9. Exprimez vos valeurs avec ce mug imprim\u00e9 aux mots forts : ind\u00e9pendance, d\u00e9mocratie, coh\u00e9sion.\" \/>\n<meta property=\"og:url\" content=\"https:\/\/alliance-helvetique.ch\/de\/produkt\/mug-independance-democratie-et-cohesion\/\" \/>\n<meta property=\"og:site_name\" content=\"Alliance Helv\u00e9tique\" \/>\n<meta property=\"og:image\" content=\"https:\/\/alliance-helvetique.ch\/wp-content\/uploads\/2026\/01\/Mug-Independance-Democratie-et-Cohesion.jpg\" \/>\n\t<meta property=\"og:image:width\" content=\"1040\" \/>\n\t<meta property=\"og:image:height\" content=\"1040\" \/>\n\t<meta property=\"og:image:type\" content=\"image\/jpeg\" \/>\n<meta name=\"twitter:card\" content=\"summary_large_image\" \/>\n<meta name=\"twitter:label1\" content=\"Gesch\u00e4tzte Lesezeit\" \/>\n\t<meta name=\"twitter:data1\" content=\"1\u00a0Minute\" \/>\n<script type=\"application\/ld+json\" class=\"yoast-schema-graph\">{\"@context\":\"https:\/\/schema.org\",\"@graph\":[{\"@type\":\"WebPage\",\"@id\":\"https:\/\/alliance-helvetique.ch\/produit\/mug-independance-democratie-et-cohesion\/\",\"url\":\"https:\/\/alliance-helvetique.ch\/produit\/mug-independance-democratie-et-cohesion\/\",\"name\":\"Mug - Ind\u00e9pendance - D\u00e9mocratie et Coh\u00e9sion - Alliance Helv\u00e9tique\",\"isPartOf\":{\"@id\":\"https:\/\/alliance-helvetique.ch\/#website\"},\"primaryImageOfPage\":{\"@id\":\"https:\/\/alliance-helvetique.ch\/produit\/mug-independance-democratie-et-cohesion\/#primaryimage\"},\"image\":{\"@id\":\"https:\/\/alliance-helvetique.ch\/produit\/mug-independance-democratie-et-cohesion\/#primaryimage\"},\"thumbnailUrl\":\"https:\/\/alliance-helvetique.ch\/wp-content\/uploads\/2026\/01\/Mug-Independance-Democratie-et-Cohesion.jpg\",\"datePublished\":\"2026-01-24T09:10:47+00:00\",\"breadcrumb\":{\"@id\":\"https:\/\/alliance-helvetique.ch\/produit\/mug-independance-democratie-et-cohesion\/#breadcrumb\"},\"inLanguage\":\"de-CH\",\"potentialAction\":[{\"@type\":\"ReadAction\",\"target\":[\"https:\/\/alliance-helvetique.ch\/produit\/mug-independance-democratie-et-cohesion\/\"]}]},{\"@type\":\"ImageObject\",\"inLanguage\":\"de-CH\",\"@id\":\"https:\/\/alliance-helvetique.ch\/produit\/mug-independance-democratie-et-cohesion\/#primaryimage\",\"url\":\"https:\/\/alliance-helvetique.ch\/wp-content\/uploads\/2026\/01\/Mug-Independance-Democratie-et-Cohesion.jpg\",\"contentUrl\":\"https:\/\/alliance-helvetique.ch\/wp-content\/uploads\/2026\/01\/Mug-Independance-Democratie-et-Cohesion.jpg\",\"width\":1040,\"height\":1040},{\"@type\":\"BreadcrumbList\",\"@id\":\"https:\/\/alliance-helvetique.ch\/produit\/mug-independance-democratie-et-cohesion\/#breadcrumb\",\"itemListElement\":[{\"@type\":\"ListItem\",\"position\":1,\"name\":\"Accueil\",\"item\":\"https:\/\/alliance-helvetique.ch\/\"},{\"@type\":\"ListItem\",\"position\":2,\"name\":\"Boutique\",\"item\":\"https:\/\/alliance-helvetique.ch\/boutique\/\"},{\"@type\":\"ListItem\",\"position\":3,\"name\":\"Mug &#8211; Ind\u00e9pendance &#8211; D\u00e9mocratie et Coh\u00e9sion\"}]},{\"@type\":\"WebSite\",\"@id\":\"https:\/\/alliance-helvetique.ch\/#website\",\"url\":\"https:\/\/alliance-helvetique.ch\/\",\"name\":\"Alliance Helv\u00e9tique\",\"description\":\"\",\"potentialAction\":[{\"@type\":\"SearchAction\",\"target\":{\"@type\":\"EntryPoint\",\"urlTemplate\":\"https:\/\/alliance-helvetique.ch\/?s={search_term_string}\"},\"query-input\":{\"@type\":\"PropertyValueSpecification\",\"valueRequired\":true,\"valueName\":\"search_term_string\"}}],\"inLanguage\":\"de-CH\"}]}<\/script>\n<!-- \/ Yoast SEO plugin. -->","yoast_head_json":{"title":"Mug - Ind\u00e9pendance - D\u00e9mocratie et Coh\u00e9sion - Alliance Helv\u00e9tique","robots":{"index":"index","follow":"follow","max-snippet":"max-snippet:-1","max-image-preview":"max-image-preview:large","max-video-preview":"max-video-preview:-1"},"canonical":"https:\/\/alliance-helvetique.ch\/de\/produkt\/mug-independance-democratie-et-cohesion\/","og_locale":"de_DE","og_type":"article","og_title":"Mug - Ind\u00e9pendance - D\u00e9mocratie et Coh\u00e9sion - Alliance Helv\u00e9tique","og_description":"Un mug \u00e9l\u00e9gant pour c\u00e9l\u00e9brer l'ind\u00e9pendance, la d\u00e9mocratie et la coh\u00e9sion, parfait pour vos pauses caf\u00e9. Exprimez vos valeurs avec ce mug imprim\u00e9 aux mots forts : ind\u00e9pendance, d\u00e9mocratie, coh\u00e9sion.","og_url":"https:\/\/alliance-helvetique.ch\/de\/produkt\/mug-independance-democratie-et-cohesion\/","og_site_name":"Alliance Helv\u00e9tique","og_image":[{"width":1040,"height":1040,"url":"https:\/\/alliance-helvetique.ch\/wp-content\/uploads\/2026\/01\/Mug-Independance-Democratie-et-Cohesion.jpg","type":"image\/jpeg"}],"twitter_card":"summary_large_image","twitter_misc":{"Gesch\u00e4tzte Lesezeit":"1\u00a0Minute"},"schema":{"@context":"https:\/\/schema.org","@graph":[{"@type":"WebPage","@id":"https:\/\/alliance-helvetique.ch\/produit\/mug-independance-democratie-et-cohesion\/","url":"https:\/\/alliance-helvetique.ch\/produit\/mug-independance-democratie-et-cohesion\/","name":"Mug - Ind\u00e9pendance - D\u00e9mocratie et Coh\u00e9sion - Alliance Helv\u00e9tique","isPartOf":{"@id":"https:\/\/alliance-helvetique.ch\/#website"},"primaryImageOfPage":{"@id":"https:\/\/alliance-helvetique.ch\/produit\/mug-independance-democratie-et-cohesion\/#primaryimage"},"image":{"@id":"https:\/\/alliance-helvetique.ch\/produit\/mug-independance-democratie-et-cohesion\/#primaryimage"},"thumbnailUrl":"https:\/\/alliance-helvetique.ch\/wp-content\/uploads\/2026\/01\/Mug-Independance-Democratie-et-Cohesion.jpg","datePublished":"2026-01-24T09:10:47+00:00","breadcrumb":{"@id":"https:\/\/alliance-helvetique.ch\/produit\/mug-independance-democratie-et-cohesion\/#breadcrumb"},"inLanguage":"de-CH","potentialAction":[{"@type":"ReadAction","target":["https:\/\/alliance-helvetique.ch\/produit\/mug-independance-democratie-et-cohesion\/"]}]},{"@type":"ImageObject","inLanguage":"de-CH","@id":"https:\/\/alliance-helvetique.ch\/produit\/mug-independance-democratie-et-cohesion\/#primaryimage","url":"https:\/\/alliance-helvetique.ch\/wp-content\/uploads\/2026\/01\/Mug-Independance-Democratie-et-Cohesion.jpg","contentUrl":"https:\/\/alliance-helvetique.ch\/wp-content\/uploads\/2026\/01\/Mug-Independance-Democratie-et-Cohesion.jpg","width":1040,"height":1040},{"@type":"BreadcrumbList","@id":"https:\/\/alliance-helvetique.ch\/produit\/mug-independance-democratie-et-cohesion\/#breadcrumb","itemListElement":[{"@type":"ListItem","position":1,"name":"Accueil","item":"https:\/\/alliance-helvetique.ch\/"},{"@type":"ListItem","position":2,"name":"Boutique","item":"https:\/\/alliance-helvetique.ch\/boutique\/"},{"@type":"ListItem","position":3,"name":"Mug &#8211; Ind\u00e9pendance &#8211; D\u00e9mocratie et Coh\u00e9sion"}]},{"@type":"WebSite","@id":"https:\/\/alliance-helvetique.ch\/#website","url":"https:\/\/alliance-helvetique.ch\/","name":"Helvetische Allianz","description":"","potentialAction":[{"@type":"SearchAction","target":{"@type":"EntryPoint","urlTemplate":"https:\/\/alliance-helvetique.ch\/?s={search_term_string}"},"query-input":{"@type":"PropertyValueSpecification","valueRequired":true,"valueName":"search_term_string"}}],"inLanguage":"de-CH"}]}},"_links":{"self":[{"href":"https:\/\/alliance-helvetique.ch\/de\/wp-json\/wp\/v2\/product\/1426","targetHints":{"allow":["GET"]}}],"collection":[{"href":"https:\/\/alliance-helvetique.ch\/de\/wp-json\/wp\/v2\/product"}],"about":[{"href":"https:\/\/alliance-helvetique.ch\/de\/wp-json\/wp\/v2\/types\/product"}],"replies":[{"embeddable":true,"href":"https:\/\/alliance-helvetique.ch\/de\/wp-json\/wp\/v2\/comments?post=1426"}],"wp:featuredmedia":[{"embeddable":true,"href":"https:\/\/alliance-helvetique.ch\/de\/wp-json\/wp\/v2\/media\/1427"}],"wp:attachment":[{"href":"https:\/\/alliance-helvetique.ch\/de\/wp-json\/wp\/v2\/media?parent=1426"}],"wp:term":[{"taxonomy":"product_brand","embeddable":true,"href":"https:\/\/alliance-helvetique.ch\/de\/wp-json\/wp\/v2\/product_brand?post=1426"},{"taxonomy":"product_cat","embeddable":true,"href":"https:\/\/alliance-helvetique.ch\/de\/wp-json\/wp\/v2\/product_cat?post=1426"},{"taxonomy":"product_tag","embeddable":true,"href":"https:\/\/alliance-helvetique.ch\/de\/wp-json\/wp\/v2\/product_tag?post=1426"}],"curies":[{"name":"wp","href":"https:\/\/api.w.org\/{rel}","templated":true}]}}