{"id":1422,"date":"2026-01-24T09:06:17","date_gmt":"2026-01-24T09:06:17","guid":{"rendered":"https:\/\/alliance-helvetique.ch\/?post_type=product&#038;p=1422"},"modified":"2026-01-24T09:06:18","modified_gmt":"2026-01-24T09:06:18","slug":"mug-la-suisse-sans-compromis","status":"publish","type":"product","link":"https:\/\/alliance-helvetique.ch\/de\/produkt\/mug-la-suisse-sans-compromis\/","title":{"rendered":"Mug &#8211; La Suisse, sans compromis"},"content":{"rendered":"<p>Parfait pour votre maison ou le bureau, il accompagne agr\u00e9ablement vos matin\u00e9es et pauses caf\u00e9.<br \/>\nMug en c\u00e9ramique de qualit\u00e9 sup\u00e9rieure Impression durable qui r\u00e9siste au lave-vaisselle.<br \/>\nContenance adapt\u00e9e pour savourer votre boisson chaude pr\u00e9f\u00e9r\u00e9e.<br \/>\nDesign \u00e9l\u00e9gant rappelant l&rsquo;esprit suisse.<\/p>\n<p>Un cadeau simple et sinc\u00e8re qui fera plaisir \u00e0 coup s\u00fbr, \u00e0 offrir sans h\u00e9siter pour toutes occasions.<\/p>","protected":false},"excerpt":{"rendered":"<p>Savourez votre caf\u00e9 avec ce mug suisse, un cadeau parfait pour les vrais amateurs de qualit\u00e9 et d&rsquo;authenticit\u00e9.<br \/>\nOffrez un moment de plaisir quotidien avec ce mug imprim\u00e9 \u00ab La Suisse sans compromis \u00bb.<br \/>\nId\u00e9al comme cadeau pour ceux qui appr\u00e9cient l&rsquo;authenticit\u00e9 et la fiabilit\u00e9.<\/p>","protected":false},"featured_media":1423,"comment_status":"open","ping_status":"closed","template":"","meta":{"_et_pb_use_builder":"","_et_pb_old_content":"","_et_gb_content_width":""},"product_brand":[],"product_cat":[275],"product_tag":[292,276,278],"class_list":{"0":"post-1422","1":"product","2":"type-product","3":"status-publish","4":"has-post-thumbnail","6":"product_cat-mugs","7":"product_tag-compromis","8":"product_tag-mug","9":"product_tag-suisse","11":"first","12":"instock","13":"shipping-taxable","14":"purchasable","15":"product-type-simple"},"yoast_head":"<!-- This site is optimized with the Yoast SEO plugin v25.7 - https:\/\/yoast.com\/wordpress\/plugins\/seo\/ -->\n<title>Mug - La Suisse, sans compromis - Alliance Helv\u00e9tique<\/title>\n<meta name=\"robots\" content=\"index, follow, max-snippet:-1, max-image-preview:large, max-video-preview:-1\" \/>\n<link rel=\"canonical\" href=\"https:\/\/alliance-helvetique.ch\/de\/produkt\/mug-la-suisse-sans-compromis\/\" \/>\n<meta property=\"og:locale\" content=\"de_DE\" \/>\n<meta property=\"og:type\" content=\"article\" \/>\n<meta property=\"og:title\" content=\"Mug - La Suisse, sans compromis - Alliance Helv\u00e9tique\" \/>\n<meta property=\"og:description\" content=\"Savourez votre caf\u00e9 avec ce mug suisse, un cadeau parfait pour les vrais amateurs de qualit\u00e9 et d&#039;authenticit\u00e9. Offrez un moment de plaisir quotidien avec ce mug imprim\u00e9 \u00ab La Suisse sans compromis \u00bb. Id\u00e9al comme cadeau pour ceux qui appr\u00e9cient l&#039;authenticit\u00e9 et la fiabilit\u00e9.\" \/>\n<meta property=\"og:url\" content=\"https:\/\/alliance-helvetique.ch\/de\/produkt\/mug-la-suisse-sans-compromis\/\" \/>\n<meta property=\"og:site_name\" content=\"Alliance Helv\u00e9tique\" \/>\n<meta property=\"article:modified_time\" content=\"2026-01-24T09:06:18+00:00\" \/>\n<meta property=\"og:image\" content=\"https:\/\/alliance-helvetique.ch\/wp-content\/uploads\/2026\/01\/Mug-La-Suisse-sans-compromis.jpg\" \/>\n\t<meta property=\"og:image:width\" content=\"1040\" \/>\n\t<meta property=\"og:image:height\" content=\"1040\" \/>\n\t<meta property=\"og:image:type\" content=\"image\/jpeg\" \/>\n<meta name=\"twitter:card\" content=\"summary_large_image\" \/>\n<meta name=\"twitter:label1\" content=\"Gesch\u00e4tzte Lesezeit\" \/>\n\t<meta name=\"twitter:data1\" content=\"1\u00a0Minute\" \/>\n<script type=\"application\/ld+json\" class=\"yoast-schema-graph\">{\"@context\":\"https:\/\/schema.org\",\"@graph\":[{\"@type\":\"WebPage\",\"@id\":\"https:\/\/alliance-helvetique.ch\/produit\/mug-la-suisse-sans-compromis\/\",\"url\":\"https:\/\/alliance-helvetique.ch\/produit\/mug-la-suisse-sans-compromis\/\",\"name\":\"Mug - La Suisse, sans compromis - Alliance Helv\u00e9tique\",\"isPartOf\":{\"@id\":\"https:\/\/alliance-helvetique.ch\/#website\"},\"primaryImageOfPage\":{\"@id\":\"https:\/\/alliance-helvetique.ch\/produit\/mug-la-suisse-sans-compromis\/#primaryimage\"},\"image\":{\"@id\":\"https:\/\/alliance-helvetique.ch\/produit\/mug-la-suisse-sans-compromis\/#primaryimage\"},\"thumbnailUrl\":\"https:\/\/alliance-helvetique.ch\/wp-content\/uploads\/2026\/01\/Mug-La-Suisse-sans-compromis.jpg\",\"datePublished\":\"2026-01-24T09:06:17+00:00\",\"dateModified\":\"2026-01-24T09:06:18+00:00\",\"breadcrumb\":{\"@id\":\"https:\/\/alliance-helvetique.ch\/produit\/mug-la-suisse-sans-compromis\/#breadcrumb\"},\"inLanguage\":\"de-CH\",\"potentialAction\":[{\"@type\":\"ReadAction\",\"target\":[\"https:\/\/alliance-helvetique.ch\/produit\/mug-la-suisse-sans-compromis\/\"]}]},{\"@type\":\"ImageObject\",\"inLanguage\":\"de-CH\",\"@id\":\"https:\/\/alliance-helvetique.ch\/produit\/mug-la-suisse-sans-compromis\/#primaryimage\",\"url\":\"https:\/\/alliance-helvetique.ch\/wp-content\/uploads\/2026\/01\/Mug-La-Suisse-sans-compromis.jpg\",\"contentUrl\":\"https:\/\/alliance-helvetique.ch\/wp-content\/uploads\/2026\/01\/Mug-La-Suisse-sans-compromis.jpg\",\"width\":1040,\"height\":1040},{\"@type\":\"BreadcrumbList\",\"@id\":\"https:\/\/alliance-helvetique.ch\/produit\/mug-la-suisse-sans-compromis\/#breadcrumb\",\"itemListElement\":[{\"@type\":\"ListItem\",\"position\":1,\"name\":\"Accueil\",\"item\":\"https:\/\/alliance-helvetique.ch\/\"},{\"@type\":\"ListItem\",\"position\":2,\"name\":\"Boutique\",\"item\":\"https:\/\/alliance-helvetique.ch\/boutique\/\"},{\"@type\":\"ListItem\",\"position\":3,\"name\":\"Mug &#8211; La Suisse, sans compromis\"}]},{\"@type\":\"WebSite\",\"@id\":\"https:\/\/alliance-helvetique.ch\/#website\",\"url\":\"https:\/\/alliance-helvetique.ch\/\",\"name\":\"Alliance Helv\u00e9tique\",\"description\":\"\",\"potentialAction\":[{\"@type\":\"SearchAction\",\"target\":{\"@type\":\"EntryPoint\",\"urlTemplate\":\"https:\/\/alliance-helvetique.ch\/?s={search_term_string}\"},\"query-input\":{\"@type\":\"PropertyValueSpecification\",\"valueRequired\":true,\"valueName\":\"search_term_string\"}}],\"inLanguage\":\"de-CH\"}]}<\/script>\n<!-- \/ Yoast SEO plugin. -->","yoast_head_json":{"title":"Mug - La Suisse, sans compromis - Alliance Helv\u00e9tique","robots":{"index":"index","follow":"follow","max-snippet":"max-snippet:-1","max-image-preview":"max-image-preview:large","max-video-preview":"max-video-preview:-1"},"canonical":"https:\/\/alliance-helvetique.ch\/de\/produkt\/mug-la-suisse-sans-compromis\/","og_locale":"de_DE","og_type":"article","og_title":"Mug - La Suisse, sans compromis - Alliance Helv\u00e9tique","og_description":"Savourez votre caf\u00e9 avec ce mug suisse, un cadeau parfait pour les vrais amateurs de qualit\u00e9 et d'authenticit\u00e9. Offrez un moment de plaisir quotidien avec ce mug imprim\u00e9 \u00ab La Suisse sans compromis \u00bb. Id\u00e9al comme cadeau pour ceux qui appr\u00e9cient l'authenticit\u00e9 et la fiabilit\u00e9.","og_url":"https:\/\/alliance-helvetique.ch\/de\/produkt\/mug-la-suisse-sans-compromis\/","og_site_name":"Alliance Helv\u00e9tique","article_modified_time":"2026-01-24T09:06:18+00:00","og_image":[{"width":1040,"height":1040,"url":"https:\/\/alliance-helvetique.ch\/wp-content\/uploads\/2026\/01\/Mug-La-Suisse-sans-compromis.jpg","type":"image\/jpeg"}],"twitter_card":"summary_large_image","twitter_misc":{"Gesch\u00e4tzte Lesezeit":"1\u00a0Minute"},"schema":{"@context":"https:\/\/schema.org","@graph":[{"@type":"WebPage","@id":"https:\/\/alliance-helvetique.ch\/produit\/mug-la-suisse-sans-compromis\/","url":"https:\/\/alliance-helvetique.ch\/produit\/mug-la-suisse-sans-compromis\/","name":"Mug - La Suisse, sans compromis - Alliance Helv\u00e9tique","isPartOf":{"@id":"https:\/\/alliance-helvetique.ch\/#website"},"primaryImageOfPage":{"@id":"https:\/\/alliance-helvetique.ch\/produit\/mug-la-suisse-sans-compromis\/#primaryimage"},"image":{"@id":"https:\/\/alliance-helvetique.ch\/produit\/mug-la-suisse-sans-compromis\/#primaryimage"},"thumbnailUrl":"https:\/\/alliance-helvetique.ch\/wp-content\/uploads\/2026\/01\/Mug-La-Suisse-sans-compromis.jpg","datePublished":"2026-01-24T09:06:17+00:00","dateModified":"2026-01-24T09:06:18+00:00","breadcrumb":{"@id":"https:\/\/alliance-helvetique.ch\/produit\/mug-la-suisse-sans-compromis\/#breadcrumb"},"inLanguage":"de-CH","potentialAction":[{"@type":"ReadAction","target":["https:\/\/alliance-helvetique.ch\/produit\/mug-la-suisse-sans-compromis\/"]}]},{"@type":"ImageObject","inLanguage":"de-CH","@id":"https:\/\/alliance-helvetique.ch\/produit\/mug-la-suisse-sans-compromis\/#primaryimage","url":"https:\/\/alliance-helvetique.ch\/wp-content\/uploads\/2026\/01\/Mug-La-Suisse-sans-compromis.jpg","contentUrl":"https:\/\/alliance-helvetique.ch\/wp-content\/uploads\/2026\/01\/Mug-La-Suisse-sans-compromis.jpg","width":1040,"height":1040},{"@type":"BreadcrumbList","@id":"https:\/\/alliance-helvetique.ch\/produit\/mug-la-suisse-sans-compromis\/#breadcrumb","itemListElement":[{"@type":"ListItem","position":1,"name":"Accueil","item":"https:\/\/alliance-helvetique.ch\/"},{"@type":"ListItem","position":2,"name":"Boutique","item":"https:\/\/alliance-helvetique.ch\/boutique\/"},{"@type":"ListItem","position":3,"name":"Mug &#8211; La Suisse, sans compromis"}]},{"@type":"WebSite","@id":"https:\/\/alliance-helvetique.ch\/#website","url":"https:\/\/alliance-helvetique.ch\/","name":"Helvetische Allianz","description":"","potentialAction":[{"@type":"SearchAction","target":{"@type":"EntryPoint","urlTemplate":"https:\/\/alliance-helvetique.ch\/?s={search_term_string}"},"query-input":{"@type":"PropertyValueSpecification","valueRequired":true,"valueName":"search_term_string"}}],"inLanguage":"de-CH"}]}},"_links":{"self":[{"href":"https:\/\/alliance-helvetique.ch\/de\/wp-json\/wp\/v2\/product\/1422","targetHints":{"allow":["GET"]}}],"collection":[{"href":"https:\/\/alliance-helvetique.ch\/de\/wp-json\/wp\/v2\/product"}],"about":[{"href":"https:\/\/alliance-helvetique.ch\/de\/wp-json\/wp\/v2\/types\/product"}],"replies":[{"embeddable":true,"href":"https:\/\/alliance-helvetique.ch\/de\/wp-json\/wp\/v2\/comments?post=1422"}],"wp:featuredmedia":[{"embeddable":true,"href":"https:\/\/alliance-helvetique.ch\/de\/wp-json\/wp\/v2\/media\/1423"}],"wp:attachment":[{"href":"https:\/\/alliance-helvetique.ch\/de\/wp-json\/wp\/v2\/media?parent=1422"}],"wp:term":[{"taxonomy":"product_brand","embeddable":true,"href":"https:\/\/alliance-helvetique.ch\/de\/wp-json\/wp\/v2\/product_brand?post=1422"},{"taxonomy":"product_cat","embeddable":true,"href":"https:\/\/alliance-helvetique.ch\/de\/wp-json\/wp\/v2\/product_cat?post=1422"},{"taxonomy":"product_tag","embeddable":true,"href":"https:\/\/alliance-helvetique.ch\/de\/wp-json\/wp\/v2\/product_tag?post=1422"}],"curies":[{"name":"wp","href":"https:\/\/api.w.org\/{rel}","templated":true}]}}