{"id":1420,"date":"2026-01-24T09:03:14","date_gmt":"2026-01-24T09:03:14","guid":{"rendered":"https:\/\/alliance-helvetique.ch\/?post_type=product&#038;p=1420"},"modified":"2026-01-24T09:03:14","modified_gmt":"2026-01-24T09:03:14","slug":"mug-la-suisse-unie-dans-sa-diversite","status":"publish","type":"product","link":"https:\/\/alliance-helvetique.ch\/de\/produkt\/mug-la-suisse-unie-dans-sa-diversite\/","title":{"rendered":"Mug &#8211; La Suisse, unie dans sa diversit\u00e9"},"content":{"rendered":"<p>Parfait comme cadeau chaleureux et symbolique, il ravira ceux qui appr\u00e9cient les petits moments de partage.<br \/>\nQue ce soit pour commencer la journ\u00e9e, lors d&rsquo;une pause au bureau ou pour savourer un th\u00e9 en soir\u00e9e, ce mug accompagnera chaque instant avec plaisir.<br \/>\nMug en c\u00e9ramique de qualit\u00e9, robuste et confortable \u00e0 tenir Impression nette et durable qui r\u00e9siste au lavage et au temps,<br \/>\nContenance id\u00e9ale pour caf\u00e9, th\u00e9 ou chocolat chaud,<\/p>\n<p>Un cadeau qui touche et fait sourire, pour toutes les occasions<\/p>","protected":false},"excerpt":{"rendered":"<p>Offrez un mug chaleureux qui c\u00e9l\u00e8bre la diversit\u00e9 suisse, id\u00e9al pour vos pauses caf\u00e9 \u00e0 la maison ou au bureau.<br \/>\nD\u00e9couvrez ce mug unique qui c\u00e9l\u00e8bre l&rsquo;unit\u00e9 et la richesse culturelle de la Suisse.<\/p>","protected":false},"featured_media":1421,"comment_status":"open","ping_status":"closed","template":"","meta":{"_et_pb_use_builder":"","_et_pb_old_content":"","_et_gb_content_width":""},"product_brand":[],"product_cat":[275],"product_tag":[291,276,278,290],"class_list":{"0":"post-1420","1":"product","2":"type-product","3":"status-publish","4":"has-post-thumbnail","6":"product_cat-mugs","7":"product_tag-diversite","8":"product_tag-mug","9":"product_tag-suisse","10":"product_tag-unie","12":"first","13":"instock","14":"shipping-taxable","15":"purchasable","16":"product-type-simple"},"yoast_head":"<!-- This site is optimized with the Yoast SEO plugin v25.7 - https:\/\/yoast.com\/wordpress\/plugins\/seo\/ -->\n<title>Mug - La Suisse, unie dans sa diversit\u00e9 - Alliance Helv\u00e9tique<\/title>\n<meta name=\"robots\" content=\"index, follow, max-snippet:-1, max-image-preview:large, max-video-preview:-1\" \/>\n<link rel=\"canonical\" href=\"https:\/\/alliance-helvetique.ch\/de\/produkt\/mug-la-suisse-unie-dans-sa-diversite\/\" \/>\n<meta property=\"og:locale\" content=\"de_DE\" \/>\n<meta property=\"og:type\" content=\"article\" \/>\n<meta property=\"og:title\" content=\"Mug - La Suisse, unie dans sa diversit\u00e9 - Alliance Helv\u00e9tique\" \/>\n<meta property=\"og:description\" content=\"Offrez un mug chaleureux qui c\u00e9l\u00e8bre la diversit\u00e9 suisse, id\u00e9al pour vos pauses caf\u00e9 \u00e0 la maison ou au bureau. D\u00e9couvrez ce mug unique qui c\u00e9l\u00e8bre l&#039;unit\u00e9 et la richesse culturelle de la Suisse.\" \/>\n<meta property=\"og:url\" content=\"https:\/\/alliance-helvetique.ch\/de\/produkt\/mug-la-suisse-unie-dans-sa-diversite\/\" \/>\n<meta property=\"og:site_name\" content=\"Alliance Helv\u00e9tique\" \/>\n<meta property=\"og:image\" content=\"https:\/\/alliance-helvetique.ch\/wp-content\/uploads\/2026\/01\/Mug-La-Suisse-unie-dans-sa-diversite.jpg\" \/>\n\t<meta property=\"og:image:width\" content=\"1040\" \/>\n\t<meta property=\"og:image:height\" content=\"1040\" \/>\n\t<meta property=\"og:image:type\" content=\"image\/jpeg\" \/>\n<meta name=\"twitter:card\" content=\"summary_large_image\" \/>\n<meta name=\"twitter:label1\" content=\"Gesch\u00e4tzte Lesezeit\" \/>\n\t<meta name=\"twitter:data1\" content=\"1\u00a0Minute\" \/>\n<script type=\"application\/ld+json\" class=\"yoast-schema-graph\">{\"@context\":\"https:\/\/schema.org\",\"@graph\":[{\"@type\":\"WebPage\",\"@id\":\"https:\/\/alliance-helvetique.ch\/produit\/mug-la-suisse-unie-dans-sa-diversite\/\",\"url\":\"https:\/\/alliance-helvetique.ch\/produit\/mug-la-suisse-unie-dans-sa-diversite\/\",\"name\":\"Mug - La Suisse, unie dans sa diversit\u00e9 - Alliance Helv\u00e9tique\",\"isPartOf\":{\"@id\":\"https:\/\/alliance-helvetique.ch\/#website\"},\"primaryImageOfPage\":{\"@id\":\"https:\/\/alliance-helvetique.ch\/produit\/mug-la-suisse-unie-dans-sa-diversite\/#primaryimage\"},\"image\":{\"@id\":\"https:\/\/alliance-helvetique.ch\/produit\/mug-la-suisse-unie-dans-sa-diversite\/#primaryimage\"},\"thumbnailUrl\":\"https:\/\/alliance-helvetique.ch\/wp-content\/uploads\/2026\/01\/Mug-La-Suisse-unie-dans-sa-diversite.jpg\",\"datePublished\":\"2026-01-24T09:03:14+00:00\",\"breadcrumb\":{\"@id\":\"https:\/\/alliance-helvetique.ch\/produit\/mug-la-suisse-unie-dans-sa-diversite\/#breadcrumb\"},\"inLanguage\":\"de-CH\",\"potentialAction\":[{\"@type\":\"ReadAction\",\"target\":[\"https:\/\/alliance-helvetique.ch\/produit\/mug-la-suisse-unie-dans-sa-diversite\/\"]}]},{\"@type\":\"ImageObject\",\"inLanguage\":\"de-CH\",\"@id\":\"https:\/\/alliance-helvetique.ch\/produit\/mug-la-suisse-unie-dans-sa-diversite\/#primaryimage\",\"url\":\"https:\/\/alliance-helvetique.ch\/wp-content\/uploads\/2026\/01\/Mug-La-Suisse-unie-dans-sa-diversite.jpg\",\"contentUrl\":\"https:\/\/alliance-helvetique.ch\/wp-content\/uploads\/2026\/01\/Mug-La-Suisse-unie-dans-sa-diversite.jpg\",\"width\":1040,\"height\":1040},{\"@type\":\"BreadcrumbList\",\"@id\":\"https:\/\/alliance-helvetique.ch\/produit\/mug-la-suisse-unie-dans-sa-diversite\/#breadcrumb\",\"itemListElement\":[{\"@type\":\"ListItem\",\"position\":1,\"name\":\"Accueil\",\"item\":\"https:\/\/alliance-helvetique.ch\/\"},{\"@type\":\"ListItem\",\"position\":2,\"name\":\"Boutique\",\"item\":\"https:\/\/alliance-helvetique.ch\/boutique\/\"},{\"@type\":\"ListItem\",\"position\":3,\"name\":\"Mug &#8211; La Suisse, unie dans sa diversit\u00e9\"}]},{\"@type\":\"WebSite\",\"@id\":\"https:\/\/alliance-helvetique.ch\/#website\",\"url\":\"https:\/\/alliance-helvetique.ch\/\",\"name\":\"Alliance Helv\u00e9tique\",\"description\":\"\",\"potentialAction\":[{\"@type\":\"SearchAction\",\"target\":{\"@type\":\"EntryPoint\",\"urlTemplate\":\"https:\/\/alliance-helvetique.ch\/?s={search_term_string}\"},\"query-input\":{\"@type\":\"PropertyValueSpecification\",\"valueRequired\":true,\"valueName\":\"search_term_string\"}}],\"inLanguage\":\"de-CH\"}]}<\/script>\n<!-- \/ Yoast SEO plugin. -->","yoast_head_json":{"title":"Mug - La Suisse, unie dans sa diversit\u00e9 - Alliance Helv\u00e9tique","robots":{"index":"index","follow":"follow","max-snippet":"max-snippet:-1","max-image-preview":"max-image-preview:large","max-video-preview":"max-video-preview:-1"},"canonical":"https:\/\/alliance-helvetique.ch\/de\/produkt\/mug-la-suisse-unie-dans-sa-diversite\/","og_locale":"de_DE","og_type":"article","og_title":"Mug - La Suisse, unie dans sa diversit\u00e9 - Alliance Helv\u00e9tique","og_description":"Offrez un mug chaleureux qui c\u00e9l\u00e8bre la diversit\u00e9 suisse, id\u00e9al pour vos pauses caf\u00e9 \u00e0 la maison ou au bureau. D\u00e9couvrez ce mug unique qui c\u00e9l\u00e8bre l'unit\u00e9 et la richesse culturelle de la Suisse.","og_url":"https:\/\/alliance-helvetique.ch\/de\/produkt\/mug-la-suisse-unie-dans-sa-diversite\/","og_site_name":"Alliance Helv\u00e9tique","og_image":[{"width":1040,"height":1040,"url":"https:\/\/alliance-helvetique.ch\/wp-content\/uploads\/2026\/01\/Mug-La-Suisse-unie-dans-sa-diversite.jpg","type":"image\/jpeg"}],"twitter_card":"summary_large_image","twitter_misc":{"Gesch\u00e4tzte Lesezeit":"1\u00a0Minute"},"schema":{"@context":"https:\/\/schema.org","@graph":[{"@type":"WebPage","@id":"https:\/\/alliance-helvetique.ch\/produit\/mug-la-suisse-unie-dans-sa-diversite\/","url":"https:\/\/alliance-helvetique.ch\/produit\/mug-la-suisse-unie-dans-sa-diversite\/","name":"Mug - La Suisse, unie dans sa diversit\u00e9 - Alliance Helv\u00e9tique","isPartOf":{"@id":"https:\/\/alliance-helvetique.ch\/#website"},"primaryImageOfPage":{"@id":"https:\/\/alliance-helvetique.ch\/produit\/mug-la-suisse-unie-dans-sa-diversite\/#primaryimage"},"image":{"@id":"https:\/\/alliance-helvetique.ch\/produit\/mug-la-suisse-unie-dans-sa-diversite\/#primaryimage"},"thumbnailUrl":"https:\/\/alliance-helvetique.ch\/wp-content\/uploads\/2026\/01\/Mug-La-Suisse-unie-dans-sa-diversite.jpg","datePublished":"2026-01-24T09:03:14+00:00","breadcrumb":{"@id":"https:\/\/alliance-helvetique.ch\/produit\/mug-la-suisse-unie-dans-sa-diversite\/#breadcrumb"},"inLanguage":"de-CH","potentialAction":[{"@type":"ReadAction","target":["https:\/\/alliance-helvetique.ch\/produit\/mug-la-suisse-unie-dans-sa-diversite\/"]}]},{"@type":"ImageObject","inLanguage":"de-CH","@id":"https:\/\/alliance-helvetique.ch\/produit\/mug-la-suisse-unie-dans-sa-diversite\/#primaryimage","url":"https:\/\/alliance-helvetique.ch\/wp-content\/uploads\/2026\/01\/Mug-La-Suisse-unie-dans-sa-diversite.jpg","contentUrl":"https:\/\/alliance-helvetique.ch\/wp-content\/uploads\/2026\/01\/Mug-La-Suisse-unie-dans-sa-diversite.jpg","width":1040,"height":1040},{"@type":"BreadcrumbList","@id":"https:\/\/alliance-helvetique.ch\/produit\/mug-la-suisse-unie-dans-sa-diversite\/#breadcrumb","itemListElement":[{"@type":"ListItem","position":1,"name":"Accueil","item":"https:\/\/alliance-helvetique.ch\/"},{"@type":"ListItem","position":2,"name":"Boutique","item":"https:\/\/alliance-helvetique.ch\/boutique\/"},{"@type":"ListItem","position":3,"name":"Mug &#8211; La Suisse, unie dans sa diversit\u00e9"}]},{"@type":"WebSite","@id":"https:\/\/alliance-helvetique.ch\/#website","url":"https:\/\/alliance-helvetique.ch\/","name":"Helvetische Allianz","description":"","potentialAction":[{"@type":"SearchAction","target":{"@type":"EntryPoint","urlTemplate":"https:\/\/alliance-helvetique.ch\/?s={search_term_string}"},"query-input":{"@type":"PropertyValueSpecification","valueRequired":true,"valueName":"search_term_string"}}],"inLanguage":"de-CH"}]}},"_links":{"self":[{"href":"https:\/\/alliance-helvetique.ch\/de\/wp-json\/wp\/v2\/product\/1420","targetHints":{"allow":["GET"]}}],"collection":[{"href":"https:\/\/alliance-helvetique.ch\/de\/wp-json\/wp\/v2\/product"}],"about":[{"href":"https:\/\/alliance-helvetique.ch\/de\/wp-json\/wp\/v2\/types\/product"}],"replies":[{"embeddable":true,"href":"https:\/\/alliance-helvetique.ch\/de\/wp-json\/wp\/v2\/comments?post=1420"}],"wp:featuredmedia":[{"embeddable":true,"href":"https:\/\/alliance-helvetique.ch\/de\/wp-json\/wp\/v2\/media\/1421"}],"wp:attachment":[{"href":"https:\/\/alliance-helvetique.ch\/de\/wp-json\/wp\/v2\/media?parent=1420"}],"wp:term":[{"taxonomy":"product_brand","embeddable":true,"href":"https:\/\/alliance-helvetique.ch\/de\/wp-json\/wp\/v2\/product_brand?post=1420"},{"taxonomy":"product_cat","embeddable":true,"href":"https:\/\/alliance-helvetique.ch\/de\/wp-json\/wp\/v2\/product_cat?post=1420"},{"taxonomy":"product_tag","embeddable":true,"href":"https:\/\/alliance-helvetique.ch\/de\/wp-json\/wp\/v2\/product_tag?post=1420"}],"curies":[{"name":"wp","href":"https:\/\/api.w.org\/{rel}","templated":true}]}}