{"id":1415,"date":"2026-01-24T08:58:27","date_gmt":"2026-01-24T08:58:27","guid":{"rendered":"https:\/\/alliance-helvetique.ch\/?post_type=product&#038;p=1415"},"modified":"2026-01-24T08:58:27","modified_gmt":"2026-01-24T08:58:27","slug":"mug-pour-une-suisse-forte-et-libre","status":"publish","type":"product","link":"https:\/\/alliance-helvetique.ch\/de\/produkt\/mug-pour-une-suisse-forte-et-libre\/","title":{"rendered":"Mug &#8211; Pour une Suisse forte et libre"},"content":{"rendered":"<p>Id\u00e9al pour un cadeau qui parle au c\u0153ur.<\/p>\n<p>Que ce soit pour votre maison ou au bureau, ce mug accompagnera vos pauses caf\u00e9 ou th\u00e9 avec style.<\/p>\n<p>Mug en c\u00e9ramique de qualit\u00e9, robuste et agr\u00e9able en main Impression durable qui r\u00e9siste au lave-vaisselle et au micro-ondes.<br \/>\nCapacit\u00e9 id\u00e9ale pour vos boissons chaudes du matin ou de l&rsquo;apr\u00e8s-midi.<\/p>\n<p>Un cadeau sinc\u00e8re pour un proche qui partage vos valeurs suisses<\/p>","protected":false},"excerpt":{"rendered":"<p>Offrez ce mug au message fort, parfait pour commencer la journ\u00e9e avec fiert\u00e9 et plaisir.<br \/>\nExprimez votre attachement \u00e0 la Suisse avec ce mug imprim\u00e9 au message \u00ab\u00a0Pour une Suisse forte et libre\u00a0\u00bb.<\/p>","protected":false},"featured_media":1417,"comment_status":"open","ping_status":"closed","template":"","meta":{"_et_pb_use_builder":"","_et_pb_old_content":"","_et_gb_content_width":""},"product_brand":[],"product_cat":[275],"product_tag":[286,287,276,278],"class_list":{"0":"post-1415","1":"product","2":"type-product","3":"status-publish","4":"has-post-thumbnail","6":"product_cat-mugs","7":"product_tag-forte","8":"product_tag-libre","9":"product_tag-mug","10":"product_tag-suisse","12":"first","13":"instock","14":"shipping-taxable","15":"purchasable","16":"product-type-simple"},"yoast_head":"<!-- This site is optimized with the Yoast SEO plugin v25.7 - https:\/\/yoast.com\/wordpress\/plugins\/seo\/ -->\n<title>Mug - Pour une Suisse forte et libre - Alliance Helv\u00e9tique<\/title>\n<meta name=\"robots\" content=\"index, follow, max-snippet:-1, max-image-preview:large, max-video-preview:-1\" \/>\n<link rel=\"canonical\" href=\"https:\/\/alliance-helvetique.ch\/de\/produkt\/mug-pour-une-suisse-forte-et-libre\/\" \/>\n<meta property=\"og:locale\" content=\"de_DE\" \/>\n<meta property=\"og:type\" content=\"article\" \/>\n<meta property=\"og:title\" content=\"Mug - Pour une Suisse forte et libre - Alliance Helv\u00e9tique\" \/>\n<meta property=\"og:description\" content=\"Offrez ce mug au message fort, parfait pour commencer la journ\u00e9e avec fiert\u00e9 et plaisir. Exprimez votre attachement \u00e0 la Suisse avec ce mug imprim\u00e9 au message &quot;Pour une Suisse forte et libre&quot;.\" \/>\n<meta property=\"og:url\" content=\"https:\/\/alliance-helvetique.ch\/de\/produkt\/mug-pour-une-suisse-forte-et-libre\/\" \/>\n<meta property=\"og:site_name\" content=\"Alliance Helv\u00e9tique\" \/>\n<meta property=\"og:image\" content=\"https:\/\/alliance-helvetique.ch\/wp-content\/uploads\/2026\/01\/mug-Pour-une-Suisse-forte-et-libre.jpg\" \/>\n\t<meta property=\"og:image:width\" content=\"1040\" \/>\n\t<meta property=\"og:image:height\" content=\"1040\" \/>\n\t<meta property=\"og:image:type\" content=\"image\/jpeg\" \/>\n<meta name=\"twitter:card\" content=\"summary_large_image\" \/>\n<meta name=\"twitter:label1\" content=\"Gesch\u00e4tzte Lesezeit\" \/>\n\t<meta name=\"twitter:data1\" content=\"1\u00a0Minute\" \/>\n<script type=\"application\/ld+json\" class=\"yoast-schema-graph\">{\"@context\":\"https:\/\/schema.org\",\"@graph\":[{\"@type\":\"WebPage\",\"@id\":\"https:\/\/alliance-helvetique.ch\/produit\/mug-pour-une-suisse-forte-et-libre\/\",\"url\":\"https:\/\/alliance-helvetique.ch\/produit\/mug-pour-une-suisse-forte-et-libre\/\",\"name\":\"Mug - Pour une Suisse forte et libre - Alliance Helv\u00e9tique\",\"isPartOf\":{\"@id\":\"https:\/\/alliance-helvetique.ch\/#website\"},\"primaryImageOfPage\":{\"@id\":\"https:\/\/alliance-helvetique.ch\/produit\/mug-pour-une-suisse-forte-et-libre\/#primaryimage\"},\"image\":{\"@id\":\"https:\/\/alliance-helvetique.ch\/produit\/mug-pour-une-suisse-forte-et-libre\/#primaryimage\"},\"thumbnailUrl\":\"https:\/\/alliance-helvetique.ch\/wp-content\/uploads\/2026\/01\/mug-Pour-une-Suisse-forte-et-libre.jpg\",\"datePublished\":\"2026-01-24T08:58:27+00:00\",\"breadcrumb\":{\"@id\":\"https:\/\/alliance-helvetique.ch\/produit\/mug-pour-une-suisse-forte-et-libre\/#breadcrumb\"},\"inLanguage\":\"de-CH\",\"potentialAction\":[{\"@type\":\"ReadAction\",\"target\":[\"https:\/\/alliance-helvetique.ch\/produit\/mug-pour-une-suisse-forte-et-libre\/\"]}]},{\"@type\":\"ImageObject\",\"inLanguage\":\"de-CH\",\"@id\":\"https:\/\/alliance-helvetique.ch\/produit\/mug-pour-une-suisse-forte-et-libre\/#primaryimage\",\"url\":\"https:\/\/alliance-helvetique.ch\/wp-content\/uploads\/2026\/01\/mug-Pour-une-Suisse-forte-et-libre.jpg\",\"contentUrl\":\"https:\/\/alliance-helvetique.ch\/wp-content\/uploads\/2026\/01\/mug-Pour-une-Suisse-forte-et-libre.jpg\",\"width\":1040,\"height\":1040},{\"@type\":\"BreadcrumbList\",\"@id\":\"https:\/\/alliance-helvetique.ch\/produit\/mug-pour-une-suisse-forte-et-libre\/#breadcrumb\",\"itemListElement\":[{\"@type\":\"ListItem\",\"position\":1,\"name\":\"Accueil\",\"item\":\"https:\/\/alliance-helvetique.ch\/\"},{\"@type\":\"ListItem\",\"position\":2,\"name\":\"Boutique\",\"item\":\"https:\/\/alliance-helvetique.ch\/boutique\/\"},{\"@type\":\"ListItem\",\"position\":3,\"name\":\"Mug &#8211; Pour une Suisse forte et libre\"}]},{\"@type\":\"WebSite\",\"@id\":\"https:\/\/alliance-helvetique.ch\/#website\",\"url\":\"https:\/\/alliance-helvetique.ch\/\",\"name\":\"Alliance Helv\u00e9tique\",\"description\":\"\",\"potentialAction\":[{\"@type\":\"SearchAction\",\"target\":{\"@type\":\"EntryPoint\",\"urlTemplate\":\"https:\/\/alliance-helvetique.ch\/?s={search_term_string}\"},\"query-input\":{\"@type\":\"PropertyValueSpecification\",\"valueRequired\":true,\"valueName\":\"search_term_string\"}}],\"inLanguage\":\"de-CH\"}]}<\/script>\n<!-- \/ Yoast SEO plugin. -->","yoast_head_json":{"title":"Mug - Pour une Suisse forte et libre - Alliance Helv\u00e9tique","robots":{"index":"index","follow":"follow","max-snippet":"max-snippet:-1","max-image-preview":"max-image-preview:large","max-video-preview":"max-video-preview:-1"},"canonical":"https:\/\/alliance-helvetique.ch\/de\/produkt\/mug-pour-une-suisse-forte-et-libre\/","og_locale":"de_DE","og_type":"article","og_title":"Mug - Pour une Suisse forte et libre - Alliance Helv\u00e9tique","og_description":"Offrez ce mug au message fort, parfait pour commencer la journ\u00e9e avec fiert\u00e9 et plaisir. Exprimez votre attachement \u00e0 la Suisse avec ce mug imprim\u00e9 au message \"Pour une Suisse forte et libre\".","og_url":"https:\/\/alliance-helvetique.ch\/de\/produkt\/mug-pour-une-suisse-forte-et-libre\/","og_site_name":"Alliance Helv\u00e9tique","og_image":[{"width":1040,"height":1040,"url":"https:\/\/alliance-helvetique.ch\/wp-content\/uploads\/2026\/01\/mug-Pour-une-Suisse-forte-et-libre.jpg","type":"image\/jpeg"}],"twitter_card":"summary_large_image","twitter_misc":{"Gesch\u00e4tzte Lesezeit":"1\u00a0Minute"},"schema":{"@context":"https:\/\/schema.org","@graph":[{"@type":"WebPage","@id":"https:\/\/alliance-helvetique.ch\/produit\/mug-pour-une-suisse-forte-et-libre\/","url":"https:\/\/alliance-helvetique.ch\/produit\/mug-pour-une-suisse-forte-et-libre\/","name":"Mug - Pour une Suisse forte et libre - Alliance Helv\u00e9tique","isPartOf":{"@id":"https:\/\/alliance-helvetique.ch\/#website"},"primaryImageOfPage":{"@id":"https:\/\/alliance-helvetique.ch\/produit\/mug-pour-une-suisse-forte-et-libre\/#primaryimage"},"image":{"@id":"https:\/\/alliance-helvetique.ch\/produit\/mug-pour-une-suisse-forte-et-libre\/#primaryimage"},"thumbnailUrl":"https:\/\/alliance-helvetique.ch\/wp-content\/uploads\/2026\/01\/mug-Pour-une-Suisse-forte-et-libre.jpg","datePublished":"2026-01-24T08:58:27+00:00","breadcrumb":{"@id":"https:\/\/alliance-helvetique.ch\/produit\/mug-pour-une-suisse-forte-et-libre\/#breadcrumb"},"inLanguage":"de-CH","potentialAction":[{"@type":"ReadAction","target":["https:\/\/alliance-helvetique.ch\/produit\/mug-pour-une-suisse-forte-et-libre\/"]}]},{"@type":"ImageObject","inLanguage":"de-CH","@id":"https:\/\/alliance-helvetique.ch\/produit\/mug-pour-une-suisse-forte-et-libre\/#primaryimage","url":"https:\/\/alliance-helvetique.ch\/wp-content\/uploads\/2026\/01\/mug-Pour-une-Suisse-forte-et-libre.jpg","contentUrl":"https:\/\/alliance-helvetique.ch\/wp-content\/uploads\/2026\/01\/mug-Pour-une-Suisse-forte-et-libre.jpg","width":1040,"height":1040},{"@type":"BreadcrumbList","@id":"https:\/\/alliance-helvetique.ch\/produit\/mug-pour-une-suisse-forte-et-libre\/#breadcrumb","itemListElement":[{"@type":"ListItem","position":1,"name":"Accueil","item":"https:\/\/alliance-helvetique.ch\/"},{"@type":"ListItem","position":2,"name":"Boutique","item":"https:\/\/alliance-helvetique.ch\/boutique\/"},{"@type":"ListItem","position":3,"name":"Mug &#8211; Pour une Suisse forte et libre"}]},{"@type":"WebSite","@id":"https:\/\/alliance-helvetique.ch\/#website","url":"https:\/\/alliance-helvetique.ch\/","name":"Helvetische Allianz","description":"","potentialAction":[{"@type":"SearchAction","target":{"@type":"EntryPoint","urlTemplate":"https:\/\/alliance-helvetique.ch\/?s={search_term_string}"},"query-input":{"@type":"PropertyValueSpecification","valueRequired":true,"valueName":"search_term_string"}}],"inLanguage":"de-CH"}]}},"_links":{"self":[{"href":"https:\/\/alliance-helvetique.ch\/de\/wp-json\/wp\/v2\/product\/1415","targetHints":{"allow":["GET"]}}],"collection":[{"href":"https:\/\/alliance-helvetique.ch\/de\/wp-json\/wp\/v2\/product"}],"about":[{"href":"https:\/\/alliance-helvetique.ch\/de\/wp-json\/wp\/v2\/types\/product"}],"replies":[{"embeddable":true,"href":"https:\/\/alliance-helvetique.ch\/de\/wp-json\/wp\/v2\/comments?post=1415"}],"wp:featuredmedia":[{"embeddable":true,"href":"https:\/\/alliance-helvetique.ch\/de\/wp-json\/wp\/v2\/media\/1417"}],"wp:attachment":[{"href":"https:\/\/alliance-helvetique.ch\/de\/wp-json\/wp\/v2\/media?parent=1415"}],"wp:term":[{"taxonomy":"product_brand","embeddable":true,"href":"https:\/\/alliance-helvetique.ch\/de\/wp-json\/wp\/v2\/product_brand?post=1415"},{"taxonomy":"product_cat","embeddable":true,"href":"https:\/\/alliance-helvetique.ch\/de\/wp-json\/wp\/v2\/product_cat?post=1415"},{"taxonomy":"product_tag","embeddable":true,"href":"https:\/\/alliance-helvetique.ch\/de\/wp-json\/wp\/v2\/product_tag?post=1415"}],"curies":[{"name":"wp","href":"https:\/\/api.w.org\/{rel}","templated":true}]}}