{"id":1413,"date":"2026-01-24T08:51:33","date_gmt":"2026-01-24T08:51:33","guid":{"rendered":"https:\/\/alliance-helvetique.ch\/?post_type=product&#038;p=1413"},"modified":"2026-01-24T09:11:56","modified_gmt":"2026-01-24T09:11:56","slug":"mug-proches-des-citoyens-fideles-aux-valeurs","status":"publish","type":"product","link":"https:\/\/alliance-helvetique.ch\/de\/produkt\/mug-proches-des-citoyens-fideles-aux-valeurs\/","title":{"rendered":"Mug &#8211; Proches des citoyens, fid\u00e8les aux valeurs"},"content":{"rendered":"<p>Parfait pour d\u00e9marrer la journ\u00e9e ou lors de pauses caf\u00e9 au bureau ou \u00e0 la maison, il accompagne chaque moment avec chaleur et style.<\/p>\n<p>Mug en c\u00e9ramique de qualit\u00e9, r\u00e9sistant et agr\u00e9able en main.<br \/>\nImpression durable qui ne s&rsquo;efface pas au lavage.<br \/>\nConvient au micro-ondes et au lave-vaisselle pour un usage facile.<\/p>","protected":false},"excerpt":{"rendered":"<p>Un mug chaleureux pour c\u00e9l\u00e9brer l&rsquo;attachement aux valeurs suisses, id\u00e9al pour savourer vos pauses caf\u00e9.<br \/>\nOffrez ce mug imprim\u00e9 qui c\u00e9l\u00e8bre la fid\u00e9lit\u00e9 aux valeurs suisses, un cadeau parfait pour proches et amis sensibles \u00e0 l&rsquo;authenticit\u00e9.<\/p>","protected":false},"featured_media":1414,"comment_status":"open","ping_status":"closed","template":"","meta":{"_et_pb_use_builder":"","_et_pb_old_content":"","_et_gb_content_width":""},"product_brand":[],"product_cat":[275],"product_tag":[282,284,276,283,278],"class_list":{"0":"post-1413","1":"product","2":"type-product","3":"status-publish","4":"has-post-thumbnail","6":"product_cat-mugs","7":"product_tag-cafe","8":"product_tag-citoyens","9":"product_tag-mug","10":"product_tag-proches","11":"product_tag-suisse","13":"first","14":"instock","15":"shipping-taxable","16":"purchasable","17":"product-type-simple"},"yoast_head":"<!-- This site is optimized with the Yoast SEO plugin v25.7 - https:\/\/yoast.com\/wordpress\/plugins\/seo\/ -->\n<title>Mug - Proches des citoyens, fid\u00e8les aux valeurs - Alliance Helv\u00e9tique<\/title>\n<meta name=\"robots\" content=\"index, follow, max-snippet:-1, max-image-preview:large, max-video-preview:-1\" \/>\n<link rel=\"canonical\" href=\"https:\/\/alliance-helvetique.ch\/de\/produkt\/mug-proches-des-citoyens-fideles-aux-valeurs\/\" \/>\n<meta property=\"og:locale\" content=\"de_DE\" \/>\n<meta property=\"og:type\" content=\"article\" \/>\n<meta property=\"og:title\" content=\"Mug - Proches des citoyens, fid\u00e8les aux valeurs - Alliance Helv\u00e9tique\" \/>\n<meta property=\"og:description\" content=\"Un mug chaleureux pour c\u00e9l\u00e9brer l&#039;attachement aux valeurs suisses, id\u00e9al pour savourer vos pauses caf\u00e9. Offrez ce mug imprim\u00e9 qui c\u00e9l\u00e8bre la fid\u00e9lit\u00e9 aux valeurs suisses, un cadeau parfait pour proches et amis sensibles \u00e0 l&#039;authenticit\u00e9.\" \/>\n<meta property=\"og:url\" content=\"https:\/\/alliance-helvetique.ch\/de\/produkt\/mug-proches-des-citoyens-fideles-aux-valeurs\/\" \/>\n<meta property=\"og:site_name\" content=\"Alliance Helv\u00e9tique\" \/>\n<meta property=\"article:modified_time\" content=\"2026-01-24T09:11:56+00:00\" \/>\n<meta property=\"og:image\" content=\"https:\/\/alliance-helvetique.ch\/wp-content\/uploads\/2026\/01\/mug-Mug-Proches-des-citoyens-fideles-aux-valeurs.jpg\" \/>\n\t<meta property=\"og:image:width\" content=\"1440\" \/>\n\t<meta property=\"og:image:height\" content=\"1440\" \/>\n\t<meta property=\"og:image:type\" content=\"image\/jpeg\" \/>\n<meta name=\"twitter:card\" content=\"summary_large_image\" \/>\n<meta name=\"twitter:label1\" content=\"Gesch\u00e4tzte Lesezeit\" \/>\n\t<meta name=\"twitter:data1\" content=\"1\u00a0Minute\" \/>\n<script type=\"application\/ld+json\" class=\"yoast-schema-graph\">{\"@context\":\"https:\/\/schema.org\",\"@graph\":[{\"@type\":\"WebPage\",\"@id\":\"https:\/\/alliance-helvetique.ch\/produit\/mug-proches-des-citoyens-fideles-aux-valeurs\/\",\"url\":\"https:\/\/alliance-helvetique.ch\/produit\/mug-proches-des-citoyens-fideles-aux-valeurs\/\",\"name\":\"Mug - Proches des citoyens, fid\u00e8les aux valeurs - Alliance Helv\u00e9tique\",\"isPartOf\":{\"@id\":\"https:\/\/alliance-helvetique.ch\/#website\"},\"primaryImageOfPage\":{\"@id\":\"https:\/\/alliance-helvetique.ch\/produit\/mug-proches-des-citoyens-fideles-aux-valeurs\/#primaryimage\"},\"image\":{\"@id\":\"https:\/\/alliance-helvetique.ch\/produit\/mug-proches-des-citoyens-fideles-aux-valeurs\/#primaryimage\"},\"thumbnailUrl\":\"https:\/\/alliance-helvetique.ch\/wp-content\/uploads\/2026\/01\/mug-Mug-Proches-des-citoyens-fideles-aux-valeurs.jpg\",\"datePublished\":\"2026-01-24T08:51:33+00:00\",\"dateModified\":\"2026-01-24T09:11:56+00:00\",\"breadcrumb\":{\"@id\":\"https:\/\/alliance-helvetique.ch\/produit\/mug-proches-des-citoyens-fideles-aux-valeurs\/#breadcrumb\"},\"inLanguage\":\"de-CH\",\"potentialAction\":[{\"@type\":\"ReadAction\",\"target\":[\"https:\/\/alliance-helvetique.ch\/produit\/mug-proches-des-citoyens-fideles-aux-valeurs\/\"]}]},{\"@type\":\"ImageObject\",\"inLanguage\":\"de-CH\",\"@id\":\"https:\/\/alliance-helvetique.ch\/produit\/mug-proches-des-citoyens-fideles-aux-valeurs\/#primaryimage\",\"url\":\"https:\/\/alliance-helvetique.ch\/wp-content\/uploads\/2026\/01\/mug-Mug-Proches-des-citoyens-fideles-aux-valeurs.jpg\",\"contentUrl\":\"https:\/\/alliance-helvetique.ch\/wp-content\/uploads\/2026\/01\/mug-Mug-Proches-des-citoyens-fideles-aux-valeurs.jpg\",\"width\":1440,\"height\":1440},{\"@type\":\"BreadcrumbList\",\"@id\":\"https:\/\/alliance-helvetique.ch\/produit\/mug-proches-des-citoyens-fideles-aux-valeurs\/#breadcrumb\",\"itemListElement\":[{\"@type\":\"ListItem\",\"position\":1,\"name\":\"Accueil\",\"item\":\"https:\/\/alliance-helvetique.ch\/\"},{\"@type\":\"ListItem\",\"position\":2,\"name\":\"Boutique\",\"item\":\"https:\/\/alliance-helvetique.ch\/boutique\/\"},{\"@type\":\"ListItem\",\"position\":3,\"name\":\"Mug &#8211; Proches des citoyens, fid\u00e8les aux valeurs\"}]},{\"@type\":\"WebSite\",\"@id\":\"https:\/\/alliance-helvetique.ch\/#website\",\"url\":\"https:\/\/alliance-helvetique.ch\/\",\"name\":\"Alliance Helv\u00e9tique\",\"description\":\"\",\"potentialAction\":[{\"@type\":\"SearchAction\",\"target\":{\"@type\":\"EntryPoint\",\"urlTemplate\":\"https:\/\/alliance-helvetique.ch\/?s={search_term_string}\"},\"query-input\":{\"@type\":\"PropertyValueSpecification\",\"valueRequired\":true,\"valueName\":\"search_term_string\"}}],\"inLanguage\":\"de-CH\"}]}<\/script>\n<!-- \/ Yoast SEO plugin. -->","yoast_head_json":{"title":"Mug - Proches des citoyens, fid\u00e8les aux valeurs - Alliance Helv\u00e9tique","robots":{"index":"index","follow":"follow","max-snippet":"max-snippet:-1","max-image-preview":"max-image-preview:large","max-video-preview":"max-video-preview:-1"},"canonical":"https:\/\/alliance-helvetique.ch\/de\/produkt\/mug-proches-des-citoyens-fideles-aux-valeurs\/","og_locale":"de_DE","og_type":"article","og_title":"Mug - Proches des citoyens, fid\u00e8les aux valeurs - Alliance Helv\u00e9tique","og_description":"Un mug chaleureux pour c\u00e9l\u00e9brer l'attachement aux valeurs suisses, id\u00e9al pour savourer vos pauses caf\u00e9. Offrez ce mug imprim\u00e9 qui c\u00e9l\u00e8bre la fid\u00e9lit\u00e9 aux valeurs suisses, un cadeau parfait pour proches et amis sensibles \u00e0 l'authenticit\u00e9.","og_url":"https:\/\/alliance-helvetique.ch\/de\/produkt\/mug-proches-des-citoyens-fideles-aux-valeurs\/","og_site_name":"Alliance Helv\u00e9tique","article_modified_time":"2026-01-24T09:11:56+00:00","og_image":[{"width":1440,"height":1440,"url":"https:\/\/alliance-helvetique.ch\/wp-content\/uploads\/2026\/01\/mug-Mug-Proches-des-citoyens-fideles-aux-valeurs.jpg","type":"image\/jpeg"}],"twitter_card":"summary_large_image","twitter_misc":{"Gesch\u00e4tzte Lesezeit":"1\u00a0Minute"},"schema":{"@context":"https:\/\/schema.org","@graph":[{"@type":"WebPage","@id":"https:\/\/alliance-helvetique.ch\/produit\/mug-proches-des-citoyens-fideles-aux-valeurs\/","url":"https:\/\/alliance-helvetique.ch\/produit\/mug-proches-des-citoyens-fideles-aux-valeurs\/","name":"Mug - Proches des citoyens, fid\u00e8les aux valeurs - Alliance Helv\u00e9tique","isPartOf":{"@id":"https:\/\/alliance-helvetique.ch\/#website"},"primaryImageOfPage":{"@id":"https:\/\/alliance-helvetique.ch\/produit\/mug-proches-des-citoyens-fideles-aux-valeurs\/#primaryimage"},"image":{"@id":"https:\/\/alliance-helvetique.ch\/produit\/mug-proches-des-citoyens-fideles-aux-valeurs\/#primaryimage"},"thumbnailUrl":"https:\/\/alliance-helvetique.ch\/wp-content\/uploads\/2026\/01\/mug-Mug-Proches-des-citoyens-fideles-aux-valeurs.jpg","datePublished":"2026-01-24T08:51:33+00:00","dateModified":"2026-01-24T09:11:56+00:00","breadcrumb":{"@id":"https:\/\/alliance-helvetique.ch\/produit\/mug-proches-des-citoyens-fideles-aux-valeurs\/#breadcrumb"},"inLanguage":"de-CH","potentialAction":[{"@type":"ReadAction","target":["https:\/\/alliance-helvetique.ch\/produit\/mug-proches-des-citoyens-fideles-aux-valeurs\/"]}]},{"@type":"ImageObject","inLanguage":"de-CH","@id":"https:\/\/alliance-helvetique.ch\/produit\/mug-proches-des-citoyens-fideles-aux-valeurs\/#primaryimage","url":"https:\/\/alliance-helvetique.ch\/wp-content\/uploads\/2026\/01\/mug-Mug-Proches-des-citoyens-fideles-aux-valeurs.jpg","contentUrl":"https:\/\/alliance-helvetique.ch\/wp-content\/uploads\/2026\/01\/mug-Mug-Proches-des-citoyens-fideles-aux-valeurs.jpg","width":1440,"height":1440},{"@type":"BreadcrumbList","@id":"https:\/\/alliance-helvetique.ch\/produit\/mug-proches-des-citoyens-fideles-aux-valeurs\/#breadcrumb","itemListElement":[{"@type":"ListItem","position":1,"name":"Accueil","item":"https:\/\/alliance-helvetique.ch\/"},{"@type":"ListItem","position":2,"name":"Boutique","item":"https:\/\/alliance-helvetique.ch\/boutique\/"},{"@type":"ListItem","position":3,"name":"Mug &#8211; Proches des citoyens, fid\u00e8les aux valeurs"}]},{"@type":"WebSite","@id":"https:\/\/alliance-helvetique.ch\/#website","url":"https:\/\/alliance-helvetique.ch\/","name":"Helvetische Allianz","description":"","potentialAction":[{"@type":"SearchAction","target":{"@type":"EntryPoint","urlTemplate":"https:\/\/alliance-helvetique.ch\/?s={search_term_string}"},"query-input":{"@type":"PropertyValueSpecification","valueRequired":true,"valueName":"search_term_string"}}],"inLanguage":"de-CH"}]}},"_links":{"self":[{"href":"https:\/\/alliance-helvetique.ch\/de\/wp-json\/wp\/v2\/product\/1413","targetHints":{"allow":["GET"]}}],"collection":[{"href":"https:\/\/alliance-helvetique.ch\/de\/wp-json\/wp\/v2\/product"}],"about":[{"href":"https:\/\/alliance-helvetique.ch\/de\/wp-json\/wp\/v2\/types\/product"}],"replies":[{"embeddable":true,"href":"https:\/\/alliance-helvetique.ch\/de\/wp-json\/wp\/v2\/comments?post=1413"}],"wp:featuredmedia":[{"embeddable":true,"href":"https:\/\/alliance-helvetique.ch\/de\/wp-json\/wp\/v2\/media\/1414"}],"wp:attachment":[{"href":"https:\/\/alliance-helvetique.ch\/de\/wp-json\/wp\/v2\/media?parent=1413"}],"wp:term":[{"taxonomy":"product_brand","embeddable":true,"href":"https:\/\/alliance-helvetique.ch\/de\/wp-json\/wp\/v2\/product_brand?post=1413"},{"taxonomy":"product_cat","embeddable":true,"href":"https:\/\/alliance-helvetique.ch\/de\/wp-json\/wp\/v2\/product_cat?post=1413"},{"taxonomy":"product_tag","embeddable":true,"href":"https:\/\/alliance-helvetique.ch\/de\/wp-json\/wp\/v2\/product_tag?post=1413"}],"curies":[{"name":"wp","href":"https:\/\/api.w.org\/{rel}","templated":true}]}}