{"id":1411,"date":"2026-01-24T08:48:04","date_gmt":"2026-01-24T08:48:04","guid":{"rendered":"https:\/\/alliance-helvetique.ch\/?post_type=product&#038;p=1411"},"modified":"2026-01-24T08:51:54","modified_gmt":"2026-01-24T08:51:54","slug":"mug-tradition-debats-et-cafe-serre","status":"publish","type":"product","link":"https:\/\/alliance-helvetique.ch\/de\/produkt\/mug-tradition-debats-et-cafe-serre\/","title":{"rendered":"Mug &#8211; Tradition, d\u00e9bats et caf\u00e9 serr\u00e9"},"content":{"rendered":"<p>Que ce soit au bureau, \u00e0 la maison, le matin ou pendant une pause bien m\u00e9rit\u00e9e, ce mug accompagne vos instants pr\u00e9cieux avec chaleur et convivialit\u00e9.<br \/>\nQualit\u00e9 en c\u00e9ramique robuste Impression durable r\u00e9sistante au lave-vaisselle et micro-ondes.<br \/>\nCapacit\u00e9 id\u00e9ale pour un caf\u00e9 intense.<\/p>\n<p>Design pens\u00e9 pour les amateurs de d\u00e9bats et traditions.<br \/>\nUn cadeau authentique et chaleureux, qui ravira tous ceux qui appr\u00e9cient un bon caf\u00e9 et les \u00e9changes passionn\u00e9s.<\/p>","protected":false},"excerpt":{"rendered":"<p>Savourez chaque instant de pause avec ce mug imprim\u00e9, id\u00e9al pour les amateurs de d\u00e9bats et caf\u00e9 intense.<br \/>\nOffrez ou offrez-vous ce mug unique, parfait pour les moments de r\u00e9flexion et les conversations anim\u00e9es autour d&rsquo;un caf\u00e9 serr\u00e9.<\/p>","protected":false},"featured_media":1412,"comment_status":"open","ping_status":"closed","template":"","meta":{"_et_pb_use_builder":"","_et_pb_old_content":"","_et_gb_content_width":""},"product_brand":[],"product_cat":[275],"product_tag":[282,281,276,280],"class_list":{"0":"post-1411","1":"product","2":"type-product","3":"status-publish","4":"has-post-thumbnail","6":"product_cat-mugs","7":"product_tag-cafe","8":"product_tag-debats","9":"product_tag-mug","10":"product_tag-tradition","12":"first","13":"instock","14":"shipping-taxable","15":"purchasable","16":"product-type-simple"},"yoast_head":"<!-- This site is optimized with the Yoast SEO plugin v25.7 - https:\/\/yoast.com\/wordpress\/plugins\/seo\/ -->\n<title>Mug - Tradition, d\u00e9bats et caf\u00e9 serr\u00e9 - Alliance Helv\u00e9tique<\/title>\n<meta name=\"robots\" content=\"index, follow, max-snippet:-1, max-image-preview:large, max-video-preview:-1\" \/>\n<link rel=\"canonical\" href=\"https:\/\/alliance-helvetique.ch\/de\/produkt\/mug-tradition-debats-et-cafe-serre\/\" \/>\n<meta property=\"og:locale\" content=\"de_DE\" \/>\n<meta property=\"og:type\" content=\"article\" \/>\n<meta property=\"og:title\" content=\"Mug - Tradition, d\u00e9bats et caf\u00e9 serr\u00e9 - Alliance Helv\u00e9tique\" \/>\n<meta property=\"og:description\" content=\"Savourez chaque instant de pause avec ce mug imprim\u00e9, id\u00e9al pour les amateurs de d\u00e9bats et caf\u00e9 intense. Offrez ou offrez-vous ce mug unique, parfait pour les moments de r\u00e9flexion et les conversations anim\u00e9es autour d&#039;un caf\u00e9 serr\u00e9.\" \/>\n<meta property=\"og:url\" content=\"https:\/\/alliance-helvetique.ch\/de\/produkt\/mug-tradition-debats-et-cafe-serre\/\" \/>\n<meta property=\"og:site_name\" content=\"Alliance Helv\u00e9tique\" \/>\n<meta property=\"article:modified_time\" content=\"2026-01-24T08:51:54+00:00\" \/>\n<meta property=\"og:image\" content=\"https:\/\/alliance-helvetique.ch\/wp-content\/uploads\/2026\/01\/mug-Tradition-debats-et-cafe-serre.jpg\" \/>\n\t<meta property=\"og:image:width\" content=\"1440\" \/>\n\t<meta property=\"og:image:height\" content=\"1440\" \/>\n\t<meta property=\"og:image:type\" content=\"image\/jpeg\" \/>\n<meta name=\"twitter:card\" content=\"summary_large_image\" \/>\n<meta name=\"twitter:label1\" content=\"Gesch\u00e4tzte Lesezeit\" \/>\n\t<meta name=\"twitter:data1\" content=\"1\u00a0Minute\" \/>\n<script type=\"application\/ld+json\" class=\"yoast-schema-graph\">{\"@context\":\"https:\/\/schema.org\",\"@graph\":[{\"@type\":\"WebPage\",\"@id\":\"https:\/\/alliance-helvetique.ch\/produit\/mug-tradition-debats-et-cafe-serre\/\",\"url\":\"https:\/\/alliance-helvetique.ch\/produit\/mug-tradition-debats-et-cafe-serre\/\",\"name\":\"Mug - Tradition, d\u00e9bats et caf\u00e9 serr\u00e9 - Alliance Helv\u00e9tique\",\"isPartOf\":{\"@id\":\"https:\/\/alliance-helvetique.ch\/#website\"},\"primaryImageOfPage\":{\"@id\":\"https:\/\/alliance-helvetique.ch\/produit\/mug-tradition-debats-et-cafe-serre\/#primaryimage\"},\"image\":{\"@id\":\"https:\/\/alliance-helvetique.ch\/produit\/mug-tradition-debats-et-cafe-serre\/#primaryimage\"},\"thumbnailUrl\":\"https:\/\/alliance-helvetique.ch\/wp-content\/uploads\/2026\/01\/mug-Tradition-debats-et-cafe-serre.jpg\",\"datePublished\":\"2026-01-24T08:48:04+00:00\",\"dateModified\":\"2026-01-24T08:51:54+00:00\",\"breadcrumb\":{\"@id\":\"https:\/\/alliance-helvetique.ch\/produit\/mug-tradition-debats-et-cafe-serre\/#breadcrumb\"},\"inLanguage\":\"de-CH\",\"potentialAction\":[{\"@type\":\"ReadAction\",\"target\":[\"https:\/\/alliance-helvetique.ch\/produit\/mug-tradition-debats-et-cafe-serre\/\"]}]},{\"@type\":\"ImageObject\",\"inLanguage\":\"de-CH\",\"@id\":\"https:\/\/alliance-helvetique.ch\/produit\/mug-tradition-debats-et-cafe-serre\/#primaryimage\",\"url\":\"https:\/\/alliance-helvetique.ch\/wp-content\/uploads\/2026\/01\/mug-Tradition-debats-et-cafe-serre.jpg\",\"contentUrl\":\"https:\/\/alliance-helvetique.ch\/wp-content\/uploads\/2026\/01\/mug-Tradition-debats-et-cafe-serre.jpg\",\"width\":1440,\"height\":1440},{\"@type\":\"BreadcrumbList\",\"@id\":\"https:\/\/alliance-helvetique.ch\/produit\/mug-tradition-debats-et-cafe-serre\/#breadcrumb\",\"itemListElement\":[{\"@type\":\"ListItem\",\"position\":1,\"name\":\"Accueil\",\"item\":\"https:\/\/alliance-helvetique.ch\/\"},{\"@type\":\"ListItem\",\"position\":2,\"name\":\"Boutique\",\"item\":\"https:\/\/alliance-helvetique.ch\/boutique\/\"},{\"@type\":\"ListItem\",\"position\":3,\"name\":\"Mug &#8211; Tradition, d\u00e9bats et caf\u00e9 serr\u00e9\"}]},{\"@type\":\"WebSite\",\"@id\":\"https:\/\/alliance-helvetique.ch\/#website\",\"url\":\"https:\/\/alliance-helvetique.ch\/\",\"name\":\"Alliance Helv\u00e9tique\",\"description\":\"\",\"potentialAction\":[{\"@type\":\"SearchAction\",\"target\":{\"@type\":\"EntryPoint\",\"urlTemplate\":\"https:\/\/alliance-helvetique.ch\/?s={search_term_string}\"},\"query-input\":{\"@type\":\"PropertyValueSpecification\",\"valueRequired\":true,\"valueName\":\"search_term_string\"}}],\"inLanguage\":\"de-CH\"}]}<\/script>\n<!-- \/ Yoast SEO plugin. -->","yoast_head_json":{"title":"Mug - Tradition, d\u00e9bats et caf\u00e9 serr\u00e9 - Alliance Helv\u00e9tique","robots":{"index":"index","follow":"follow","max-snippet":"max-snippet:-1","max-image-preview":"max-image-preview:large","max-video-preview":"max-video-preview:-1"},"canonical":"https:\/\/alliance-helvetique.ch\/de\/produkt\/mug-tradition-debats-et-cafe-serre\/","og_locale":"de_DE","og_type":"article","og_title":"Mug - Tradition, d\u00e9bats et caf\u00e9 serr\u00e9 - Alliance Helv\u00e9tique","og_description":"Savourez chaque instant de pause avec ce mug imprim\u00e9, id\u00e9al pour les amateurs de d\u00e9bats et caf\u00e9 intense. Offrez ou offrez-vous ce mug unique, parfait pour les moments de r\u00e9flexion et les conversations anim\u00e9es autour d'un caf\u00e9 serr\u00e9.","og_url":"https:\/\/alliance-helvetique.ch\/de\/produkt\/mug-tradition-debats-et-cafe-serre\/","og_site_name":"Alliance Helv\u00e9tique","article_modified_time":"2026-01-24T08:51:54+00:00","og_image":[{"width":1440,"height":1440,"url":"https:\/\/alliance-helvetique.ch\/wp-content\/uploads\/2026\/01\/mug-Tradition-debats-et-cafe-serre.jpg","type":"image\/jpeg"}],"twitter_card":"summary_large_image","twitter_misc":{"Gesch\u00e4tzte Lesezeit":"1\u00a0Minute"},"schema":{"@context":"https:\/\/schema.org","@graph":[{"@type":"WebPage","@id":"https:\/\/alliance-helvetique.ch\/produit\/mug-tradition-debats-et-cafe-serre\/","url":"https:\/\/alliance-helvetique.ch\/produit\/mug-tradition-debats-et-cafe-serre\/","name":"Mug - Tradition, d\u00e9bats et caf\u00e9 serr\u00e9 - Alliance Helv\u00e9tique","isPartOf":{"@id":"https:\/\/alliance-helvetique.ch\/#website"},"primaryImageOfPage":{"@id":"https:\/\/alliance-helvetique.ch\/produit\/mug-tradition-debats-et-cafe-serre\/#primaryimage"},"image":{"@id":"https:\/\/alliance-helvetique.ch\/produit\/mug-tradition-debats-et-cafe-serre\/#primaryimage"},"thumbnailUrl":"https:\/\/alliance-helvetique.ch\/wp-content\/uploads\/2026\/01\/mug-Tradition-debats-et-cafe-serre.jpg","datePublished":"2026-01-24T08:48:04+00:00","dateModified":"2026-01-24T08:51:54+00:00","breadcrumb":{"@id":"https:\/\/alliance-helvetique.ch\/produit\/mug-tradition-debats-et-cafe-serre\/#breadcrumb"},"inLanguage":"de-CH","potentialAction":[{"@type":"ReadAction","target":["https:\/\/alliance-helvetique.ch\/produit\/mug-tradition-debats-et-cafe-serre\/"]}]},{"@type":"ImageObject","inLanguage":"de-CH","@id":"https:\/\/alliance-helvetique.ch\/produit\/mug-tradition-debats-et-cafe-serre\/#primaryimage","url":"https:\/\/alliance-helvetique.ch\/wp-content\/uploads\/2026\/01\/mug-Tradition-debats-et-cafe-serre.jpg","contentUrl":"https:\/\/alliance-helvetique.ch\/wp-content\/uploads\/2026\/01\/mug-Tradition-debats-et-cafe-serre.jpg","width":1440,"height":1440},{"@type":"BreadcrumbList","@id":"https:\/\/alliance-helvetique.ch\/produit\/mug-tradition-debats-et-cafe-serre\/#breadcrumb","itemListElement":[{"@type":"ListItem","position":1,"name":"Accueil","item":"https:\/\/alliance-helvetique.ch\/"},{"@type":"ListItem","position":2,"name":"Boutique","item":"https:\/\/alliance-helvetique.ch\/boutique\/"},{"@type":"ListItem","position":3,"name":"Mug &#8211; Tradition, d\u00e9bats et caf\u00e9 serr\u00e9"}]},{"@type":"WebSite","@id":"https:\/\/alliance-helvetique.ch\/#website","url":"https:\/\/alliance-helvetique.ch\/","name":"Helvetische Allianz","description":"","potentialAction":[{"@type":"SearchAction","target":{"@type":"EntryPoint","urlTemplate":"https:\/\/alliance-helvetique.ch\/?s={search_term_string}"},"query-input":{"@type":"PropertyValueSpecification","valueRequired":true,"valueName":"search_term_string"}}],"inLanguage":"de-CH"}]}},"_links":{"self":[{"href":"https:\/\/alliance-helvetique.ch\/de\/wp-json\/wp\/v2\/product\/1411","targetHints":{"allow":["GET"]}}],"collection":[{"href":"https:\/\/alliance-helvetique.ch\/de\/wp-json\/wp\/v2\/product"}],"about":[{"href":"https:\/\/alliance-helvetique.ch\/de\/wp-json\/wp\/v2\/types\/product"}],"replies":[{"embeddable":true,"href":"https:\/\/alliance-helvetique.ch\/de\/wp-json\/wp\/v2\/comments?post=1411"}],"wp:featuredmedia":[{"embeddable":true,"href":"https:\/\/alliance-helvetique.ch\/de\/wp-json\/wp\/v2\/media\/1412"}],"wp:attachment":[{"href":"https:\/\/alliance-helvetique.ch\/de\/wp-json\/wp\/v2\/media?parent=1411"}],"wp:term":[{"taxonomy":"product_brand","embeddable":true,"href":"https:\/\/alliance-helvetique.ch\/de\/wp-json\/wp\/v2\/product_brand?post=1411"},{"taxonomy":"product_cat","embeddable":true,"href":"https:\/\/alliance-helvetique.ch\/de\/wp-json\/wp\/v2\/product_cat?post=1411"},{"taxonomy":"product_tag","embeddable":true,"href":"https:\/\/alliance-helvetique.ch\/de\/wp-json\/wp\/v2\/product_tag?post=1411"}],"curies":[{"name":"wp","href":"https:\/\/api.w.org\/{rel}","templated":true}]}}