{"id":751,"date":"2025-07-18T13:27:23","date_gmt":"2025-07-18T13:27:23","guid":{"rendered":"https:\/\/alliance-helvetique.ch\/?page_id=751"},"modified":"2025-08-03T09:37:59","modified_gmt":"2025-08-03T09:37:59","slug":"section-jeunesse","status":"publish","type":"page","link":"https:\/\/alliance-helvetique.ch\/de\/section-jeunesse\/","title":{"rendered":"Jugendabteilung"},"content":{"rendered":"<p>[et_pb_section fb_built=\u00a0\u00bb1&Prime; _builder_version=\u00a0\u00bb4.27.4&Prime; _module_preset=\u00a0\u00bbdefault\u00a0\u00bb background_color=\u00a0\u00bbrgba(0,0,0,0.65)\u00a0\u00bb background_image=\u00a0\u00bbhttps:\/\/alliance-helvetique.ch\/wp-content\/uploads\/2025\/07\/sectjeunes.jpg\u00a0\u00bb background_blend=\u00a0\u00bbmultiply\u00a0\u00bb custom_padding=\u00a0\u00bb110px||110px||true|\u00a0\u00bb global_colors_info=\u00a0\u00bb{}\u00a0\u00bb][et_pb_row _builder_version=\u00a0\u00bb4.27.4&Prime; _module_preset=\u00a0\u00bbdefault\u00a0\u00bb global_colors_info=\u00a0\u00bb{}\u00a0\u00bb][et_pb_column type=\u00a0\u00bb4_4&Prime; _builder_version=\u00a0\u00bb4.27.4&Prime; _module_preset=\u00a0\u00bbdefault\u00a0\u00bb global_colors_info=\u00a0\u00bb{}\u00a0\u00bb][et_pb_text content_tablet=\u00a0\u00bb<\/p>\n<h1 style=\"%22text-align:\" center;%22>Helvetische<\/h1>\n<h2 style=\"%22text-align:\" center;%22>Allianz<\/h2>\n<p>\u00a0\u00bb content_phone=\u00a0\u00bb<\/p>\n<h1 style=\"%22text-align:\" center;%22>Helvetische<\/h1>\n<h2 style=\"%22text-align:\" center;%22>Allianz<\/h2>\n<p>\u00a0\u00bb content_last_edited=\u00a0\u00bbon|phone\u00a0\u00bb _builder_version=\u00a0\u00bb4.27.4&Prime; _module_preset=\u00a0\u00bbdefault\u00a0\u00bb header_text_color=\u00a0\u00bb#FFFFFF\u00a0\u00bb header_font_size=\u00a0\u00bb70px\u00a0\u00bb header_2_text_color=\u00a0\u00bb#E02B20&Prime; header_2_font_size=\u00a0\u00bb55px\u00a0\u00bb global_colors_info=\u00a0\u00bb{}\u00a0\u00bb]<\/p>\n<h1 style=\"text-align: center;\">Helvetische<\/h1>\n<h2 style=\"text-align: center;\">Allianz<\/h2>\n<p>[\/et_pb_text][\/et_pb_column][\/et_pb_row][\/et_pb_section][et_pb_section fb_built=\u00a0\u00bb1&Prime; _builder_version=\u00a0\u00bb4.27.4&Prime; _module_preset=\u00a0\u00bbdefault\u00a0\u00bb custom_padding=\u00a0\u00bb||17px|||\u00a0\u00bb global_colors_info=\u00a0\u00bb{}\u00a0\u00bb][et_pb_row _builder_version=\u00a0\u00bb4.27.4&Prime; _module_preset=\u00a0\u00bbdefault\u00a0\u00bb global_colors_info=\u00a0\u00bb{}\u00a0\u00bb][et_pb_column type=\u00a0\u00bb4_4&Prime; _builder_version=\u00a0\u00bb4.27.4&Prime; _module_preset=\u00a0\u00bbdefault\u00a0\u00bb global_colors_info=\u00a0\u00bb{}\u00a0\u00bb][et_pb_text _builder_version=\u00a0\u00bb4.27.4&Prime; _module_preset=\u00a0\u00bbdefault\u00a0\u00bb header_font_size=\u00a0\u00bb54px\u00a0\u00bb header_2_font_size=\u00a0\u00bb42px\u00a0\u00bb header_3_font=\u00a0\u00bb|700|||||||\u00a0\u00bb header_3_text_color=\u00a0\u00bb#E02B20&Prime; header_3_font_size=\u00a0\u00bb33px\u00a0\u00bb global_colors_info=\u00a0\u00bb{}\u00a0\u00bb]<\/p>\n<h3 style=\"text-align: center;\">Jugendabteilung<\/h3>\n<p>[\/et_pb_text][\/et_pb_column][\/et_pb_row][et_pb_row _builder_version=\u00a0\u00bb4.27.4&Prime; _module_preset=\u00a0\u00bbdefault\u00a0\u00bb global_colors_info=\u00a0\u00bb{}\u00a0\u00bb][et_pb_column type=\u00a0\u00bb4_4&Prime; _builder_version=\u00a0\u00bb4.27.4&Prime; _module_preset=\u00a0\u00bbdefault\u00a0\u00bb global_colors_info=\u00a0\u00bb{}\u00a0\u00bb][et_pb_text _builder_version=\u00a0\u00bb4.27.4&Prime; _module_preset=\u00a0\u00bbdefault\u00a0\u00bb hover_enabled=\u00a0\u00bb0&Prime; global_colors_info=\u00a0\u00bb{}\u00a0\u00bb sticky_enabled=\u00a0\u00bb0&Prime;]<\/p>\n<h4><strong>Die Jugend der Helvetischen Allianz setzt sich f\u00fcr eine gerechte, souver\u00e4ne und solidarische Schweiz ein.<\/strong><\/h4>\n<p>Du bist zwischen 16 und 25 Jahre alt und interessierst dich f\u00fcr die Zukunft deines Landes?<br \/>Dann treten Sie der Jugendsektion des Helvetischen B\u00fcndnisses bei, um die Interessen von Arbeitern, Lehrlingen, Studenten, Arbeitslosen und all jener zu verteidigen, die - durch ihre Anstrengungen, ihr Know-how oder ihren Einsatz - dazu beitragen, dieses Land am Leben zu erhalten.<\/p>\n<p>Gegen die prek\u00e4re Lage, f\u00fcr soziale Gerechtigkeit.<br \/>Gegen die Pl\u00fcnderung der Ressourcen, f\u00fcr einen wirklichen Schutz unserer Umwelt und unserer gemeinsamen Zukunft.<br \/>Gegen den Verzicht auf unsere Souver\u00e4nit\u00e4t, f\u00fcr eine starke Demokratie im Dienste des Volkes.<br \/>Gegen den Liberalismus, f\u00fcr die Erhaltung unserer Kultur und Ordnung.<br \/>Gegen die Ausw\u00fcchse des Kapitalismus und des Kommunismus, f\u00fcr ein Wirtschaftssystem, das den Schweizern dient.<br \/>Gegen den Klassenkampf, f\u00fcr eine nationale Hilfe.<\/p>\n<p><strong>Warum sollten Sie sich uns anschlie\u00dfen ?<\/strong><br \/>Weil du etwas bewegen willst, hier und jetzt.<br \/>Weil du wei\u00dft, dass Jammern nicht ausreicht.<br \/>Weil die Schweiz junge Menschen braucht, die es wagen, zu sagen, was sie denken und zu handeln.<\/p>\n<p>Bei Alliance Helv\u00e9tique verlangen wir nicht, dass man Sciences Po gemacht hat oder wie in Bern spricht. Wir wollen echte Menschen, die ihr Land, ihren Kanton, ihre Region lieben und sich Geh\u00f6r verschaffen wollen.<\/p>\n<p>Tritt einer jungen, engagierten, popul\u00e4ren Bewegung bei - im Dienst des Gemeinwohls.<br \/>Was du heute tust, um dir eine bessere Zukunft zu sichern.<\/p>\n<p>[\/et_pb_text][\/et_pb_column][\/et_pb_row][et_pb_row column_structure=\u00a0\u00bb1_2,1_2&Prime; _builder_version=\u00a0\u00bb4.27.4&Prime; _module_preset=\u00a0\u00bbdefault\u00a0\u00bb global_colors_info=\u00a0\u00bb{}\u00a0\u00bb][et_pb_column type=\u00a0\u00bb1_2&Prime; _builder_version=\u00a0\u00bb4.27.4&Prime; _module_preset=\u00a0\u00bbdefault\u00a0\u00bb global_colors_info=\u00a0\u00bb{}\u00a0\u00bb][et_pb_image src=\u00a0\u00bbhttps:\/\/alliance-helvetique.ch\/wp-content\/uploads\/2025\/07\/jeunes2-scaled.jpg\u00a0\u00bb title_text=\u00a0\u00bbjeunes2&Prime; _builder_version=\u00a0\u00bb4.27.4&Prime; _module_preset=\u00a0\u00bbdefault\u00a0\u00bb global_colors_info=\u00a0\u00bb{}\u00a0\u00bb][\/et_pb_image][\/et_pb_column][et_pb_column type=\u00a0\u00bb1_2&Prime; _builder_version=\u00a0\u00bb4.27.4&Prime; _module_preset=\u00a0\u00bbdefault\u00a0\u00bb global_colors_info=\u00a0\u00bb{}\u00a0\u00bb][et_pb_text _builder_version=\u00a0\u00bb4.27.4&Prime; _module_preset=\u00a0\u00bbdefault\u00a0\u00bb global_colors_info=\u00a0\u00bb{}\u00a0\u00bb]<\/p>\n<p><strong>1. Sich engagieren, um etwas zu ver\u00e4ndern<\/strong><br \/>Du musst dich nicht den Entscheidungen von oben unterziehen. Du kannst mitmachen. Deine Zukunft geh\u00f6rt dir.<br \/>Die Aufgabe der Jugendabteilung besteht darin, sich f\u00fcr Themen einzusetzen, die die Jugend direkt betreffen, und gleichzeitig die gesamte Partei zu unterst\u00fctzen.<\/p>\n<p>[\/et_pb_text][\/et_pb_column][\/et_pb_row][et_pb_row column_structure=\u00a0\u00bb1_2,1_2&Prime; _builder_version=\u00a0\u00bb4.27.4&Prime; _module_preset=\u00a0\u00bbdefault\u00a0\u00bb global_colors_info=\u00a0\u00bb{}\u00a0\u00bb][et_pb_column type=\u00a0\u00bb1_2&Prime; _builder_version=\u00a0\u00bb4.27.4&Prime; _module_preset=\u00a0\u00bbdefault\u00a0\u00bb global_colors_info=\u00a0\u00bb{}\u00a0\u00bb][et_pb_text _builder_version=\u00a0\u00bb4.27.4&Prime; _module_preset=\u00a0\u00bbdefault\u00a0\u00bb global_colors_info=\u00a0\u00bb{}\u00a0\u00bb]<\/p>\n<p><strong>2. Eine starke Gemeinschaft schaffen<\/strong><br \/>Eines der Ziele der Jugendabteilung ist es, eine echte Gemeinschaft im Dienste der Schweiz und der Schweizerinnen und Schweizer zu schaffen. Denn f\u00fcr uns beschr\u00e4nkt sich der Patriotismus nicht darauf, \"sein Land zu lieben\", er muss auch und vor allem das Volk seines Landes lieben, es vor die Interessen des Gro\u00dfkapitals und vor internationalistische Interessen stellen.<\/p>\n<p>Wenn auch du willst, dass sich die Dinge \u00e4ndern, dass die Schweiz wirklich f\u00fcr diejenigen da ist, die sie leben lassen, dann komm zu uns.<\/p>\n<p>Du bist nicht der Einzige, der das \u00e4ndern will. Gemeinsam sind wir st\u00e4rker.<\/p>\n<p>[\/et_pb_text][\/et_pb_column][et_pb_column type=\u00a0\u00bb1_2&Prime; _builder_version=\u00a0\u00bb4.27.4&Prime; _module_preset=\u00a0\u00bbdefault\u00a0\u00bb global_colors_info=\u00a0\u00bb{}\u00a0\u00bb][et_pb_image src=\u00a0\u00bbhttps:\/\/alliance-helvetique.ch\/wp-content\/uploads\/2025\/07\/jeunes1-scaled.jpg\u00a0\u00bb title_text=\u00a0\u00bbjeunes1&Prime; _builder_version=\u00a0\u00bb4.27.4&Prime; _module_preset=\u00a0\u00bbdefault\u00a0\u00bb global_colors_info=\u00a0\u00bb{}\u00a0\u00bb][\/et_pb_image][\/et_pb_column][\/et_pb_row][et_pb_row column_structure=\u00a0\u00bb1_2,1_2&Prime; _builder_version=\u00a0\u00bb4.27.4&Prime; _module_preset=\u00a0\u00bbdefault\u00a0\u00bb global_colors_info=\u00a0\u00bb{}\u00a0\u00bb][et_pb_column type=\u00a0\u00bb1_2&Prime; _builder_version=\u00a0\u00bb4.27.4&Prime; _module_preset=\u00a0\u00bbdefault\u00a0\u00bb global_colors_info=\u00a0\u00bb{}\u00a0\u00bb][et_pb_image src=\u00a0\u00bbhttps:\/\/alliance-helvetique.ch\/wp-content\/uploads\/2025\/07\/jeunes3-scaled.jpg\u00a0\u00bb title_text=\u00a0\u00bbjeunes3&Prime; _builder_version=\u00a0\u00bb4.27.4&Prime; _module_preset=\u00a0\u00bbdefault\u00a0\u00bb global_colors_info=\u00a0\u00bb{}\u00a0\u00bb][\/et_pb_image][\/et_pb_column][et_pb_column type=\u00a0\u00bb1_2&Prime; _builder_version=\u00a0\u00bb4.27.4&Prime; _module_preset=\u00a0\u00bbdefault\u00a0\u00bb global_colors_info=\u00a0\u00bb{}\u00a0\u00bb][et_pb_text _builder_version=\u00a0\u00bb4.27.4&Prime; _module_preset=\u00a0\u00bbdefault\u00a0\u00bb global_colors_info=\u00a0\u00bb{}\u00a0\u00bb]<\/p>\n<p><strong>3. Konkrete Ma\u00dfnahmen vorschlagen, nicht nur eine Rede<\/strong><br \/>Man muss nicht nur reden, sondern zeigen, dass es sich bewegt.<br \/>Bei uns bist du kein Statist. Du agierst, bietest, organisierst. Der Mensch ist das Herzst\u00fcck unserer Partei, wir wollen einen Ehrenpunkt auf die Koordination und Sozialisierung unseres Volkes setzen.<\/p>\n<p>Das Helvetische B\u00fcndnis ist keine einfache Struktur, die Menschen mit \u00e4hnlichen politischen Ansichten umgibt. Nein, wir wollen eine echte Gemeinschaft schaffen, organisiert, zusammengehalten und vor allem engagiert.<br \/>Wir wollen nicht Politik machen, um zu gefallen, sondern um uns zu \u00e4ndern. Heute werden alle Parteien liberalisiert, um m\u00f6glichst vielen zu gefallen. So w\u00e4hlen sie die Einfachheit, indem sie auf das setzen, was funktioniert, anstatt ihren klaren Kurs zu verfolgen und ihre Interessen zu vertreten, wie es eine Partei tun sollte.<br \/>Einige greifen nur die Einwanderung an, und andere nutzen den Humanismus der Jugend aus einem einzigen Ziel: zu gefallen, um nicht zu versagen.<br \/>Bei Alliance Helv\u00e9tique haben wir keine Angst vor dem Scheitern, wir wollen unsere \u00dcberzeugungen bis zum Ende zeigen, wir wollen nicht nur Berufspolitiker werden, sondern echte und ehrliche Akteure des politischen Lebens.<\/p>\n<p>[\/et_pb_text][\/et_pb_column][\/et_pb_row][et_pb_row _builder_version=\u00a0\u00bb4.27.4&Prime; _module_preset=\u00a0\u00bbdefault\u00a0\u00bb global_colors_info=\u00a0\u00bb{}\u00a0\u00bb][et_pb_column type=\u00a0\u00bb4_4&Prime; _builder_version=\u00a0\u00bb4.27.4&Prime; _module_preset=\u00a0\u00bbdefault\u00a0\u00bb global_colors_info=\u00a0\u00bb{}\u00a0\u00bb][et_pb_text _builder_version=\u00a0\u00bb4.27.4&Prime; _module_preset=\u00a0\u00bbdefault\u00a0\u00bb global_colors_info=\u00a0\u00bb{}\u00a0\u00bb]<\/p>\n<p><strong>Das, wof\u00fcr die Helvetische Allianz steht<\/strong><br \/>\u00b0 Respekt vor den schweizerischen und christlichen Traditionen und Wurzeln - sie werden nicht verleugnet, sondern gesch\u00fctzt.<br \/>\u00b0 Echte Unterst\u00fctzung f\u00fcr Bauern, Handwerker, KMU - nicht nur leere Versprechungen.<br \/>\u00b0 Eine souver\u00e4ne und unabh\u00e4ngige Schweiz - die f\u00fcr sich selbst entscheidet, nicht nach EU oder NATO.<br \/>\u00b0 Die Stimme der Jugend und des l\u00e4ndlichen Raums - oft vergessen, selten geh\u00f6rt.<br \/>\u00b0 Eine nationale Wirtschaft im Dienste ihrer B\u00fcrger.<br \/>\u00b0 Unterst\u00fctzung f\u00fcr Geburten und Familien.<br \/>\u00b0 Ein echter Kontakt zwischen der Bev\u00f6lkerung und der politischen Welt.<br \/>\u00b0 Eine politische Linie, die keiner etablierten Ideologie folgt - wir m\u00fcssen auf die spezifischen Bed\u00fcrfnisse unserer Zeit und unseres Landes eingehen.<\/p>\n<p><strong>Deine Zukunft. Deine Schweiz. Deine Partei<\/strong><br \/>Die Helvetische Allianz ist keine gew\u00f6hnliche Partei.<br \/>Es ist eine Bewegung, die mit dir beginnt.<\/p>\n<p><strong>Gestalten Sie mit uns die Schweiz von morgen<\/strong><\/p>\n<p>[\/et_pb_text][\/et_pb_column][\/et_pb_row][et_pb_row _builder_version=\u00a0\u00bb4.27.4&Prime; _module_preset=\u00a0\u00bbdefault\u00a0\u00bb global_colors_info=\u00a0\u00bb{}\u00a0\u00bb][et_pb_column type=\u00a0\u00bb4_4&Prime; _builder_version=\u00a0\u00bb4.27.4&Prime; _module_preset=\u00a0\u00bbdefault\u00a0\u00bb global_colors_info=\u00a0\u00bb{}\u00a0\u00bb][et_pb_image src=\u00a0\u00bbhttps:\/\/alliance-helvetique.ch\/wp-content\/uploads\/2025\/07\/devenir-membre-jeunes-FR.jpg\u00a0\u00bb title_text=\u00a0\u00bbdevenir membre jeunes FR\u00a0\u00bb url=\u00a0\u00bb@ET-DC@eyJkeW5hbWljIjp0cnVlLCJjb250ZW50IjoicG9zdF9saW5rX3VybF9wYWdlIiwic2V0dGluZ3MiOnsicG9zdF9pZCI6IjM4In19@\u00a0\u00bb _builder_version=\u00a0\u00bb4.27.4&Prime; _dynamic_attributes=\u00a0\u00bburl\u00a0\u00bb _module_preset=\u00a0\u00bbdefault\u00a0\u00bb global_colors_info=\u00a0\u00bb{}\u00a0\u00bb][\/et_pb_image][\/et_pb_column][\/et_pb_row][\/et_pb_section][et_pb_section fb_built=\u00a0\u00bb1&Prime; _builder_version=\u00a0\u00bb4.27.4&Prime; _module_preset=\u00a0\u00bbdefault\u00a0\u00bb custom_padding=\u00a0\u00bb0px||31px|||\u00a0\u00bb global_colors_info=\u00a0\u00bb{}\u00a0\u00bb][et_pb_row _builder_version=\u00a0\u00bb4.27.4&Prime; _module_preset=\u00a0\u00bbdefault\u00a0\u00bb global_colors_info=\u00a0\u00bb{}\u00a0\u00bb][et_pb_column type=\u00a0\u00bb4_4&Prime; _builder_version=\u00a0\u00bb4.27.4&Prime; _module_preset=\u00a0\u00bbdefault\u00a0\u00bb global_colors_info=\u00a0\u00bb{}\u00a0\u00bb][et_pb_text _builder_version=\u00a0\u00bb4.27.4&Prime; _module_preset=\u00a0\u00bbdefault\u00a0\u00bb text_text_color=\u00a0\u00bb#000000&Prime; header_text_color=\u00a0\u00bb#FFFFFF\u00a0\u00bb header_2_text_color=\u00a0\u00bb#FFFFFF\u00a0\u00bb header_3_text_color=\u00a0\u00bb#E02B20&Prime; global_colors_info=\u00a0\u00bb{}\u00a0\u00bb]<\/p>\n<h3>\ud83d\udcac Eine Frage?<\/h3>\n<p>Bitte wenden Sie sich an: <span style=\"color: #ff0000;\"><a href=\"mailto:jeunesse@alliance-helvetique.ch\" style=\"color: #ff0000;\">jeunesse@alliance-helvetique.ch<\/a><\/span><\/p>\n<p>[\/et_pb_text][\/et_pb_column][\/et_pb_row][\/et_pb_section][et_pb_section fb_built=\u00a0\u00bb1&Prime; prev_background_color=\u00a0\u00bb#ffffff\u00a0\u00bb _builder_version=\u00a0\u00bb4.27.4&Prime; _module_preset=\u00a0\u00bbdefault\u00a0\u00bb background_color=\u00a0\u00bb#E02B20&Prime; custom_margin=\u00a0\u00bb28px|||||\u00a0\u00bb top_divider_style=\u00a0\u00bbasymmetric2&Prime; global_colors_info=\u00a0\u00bb{}\u00a0\u00bb][et_pb_row _builder_version=\u00a0\u00bb4.27.4&Prime; _module_preset=\u00a0\u00bbdefault\u00a0\u00bb min_height=\u00a0\u00bb152.8px\u00a0\u00bb custom_padding=\u00a0\u00bb97px|||||\u00a0\u00bb global_colors_info=\u00a0\u00bb{}\u00a0\u00bb][et_pb_column type=\u00a0\u00bb4_4&Prime; _builder_version=\u00a0\u00bb4.27.4&Prime; _module_preset=\u00a0\u00bbdefault\u00a0\u00bb global_colors_info=\u00a0\u00bb{}\u00a0\u00bb][et_pb_text _builder_version=\u00a0\u00bb4.27.4&Prime; _module_preset=\u00a0\u00bbdefault\u00a0\u00bb text_font=\u00a0\u00bb||on||||||\u00a0\u00bb text_text_color=\u00a0\u00bb#FFFFFF\u00a0\u00bb text_font_size=\u00a0\u00bb31px\u00a0\u00bb text_orientation=\u00a0\u00bbcenter\u00a0\u00bb global_colors_info=\u00a0\u00bb{}\u00a0\u00bb]<\/p>\n<p>Engagieren wir uns gemeinsam f\u00fcr die Schweiz.<\/p>\n<p>[\/et_pb_text][\/et_pb_column][\/et_pb_row][\/et_pb_section]<\/p>","protected":false},"excerpt":{"rendered":"<p>Alliance Helv\u00e9tiqueSection JeunesseLes Jeunes de l\u2019Alliance Helv\u00e9tique s\u2019engagent pour une Suisse juste, souveraine et solidaire. Tu as entre 16 et 25 ans et tu te sens concern\u00e9 par l&rsquo;avenir de ton pays\u00a0 ?Alors rejoins la Section Jeunesse de l&rsquo;Alliance Helv\u00e9tique pour d\u00e9fendre les int\u00e9r\u00eats des travailleuses et travailleurs, des apprentis, des \u00e9tudiants, des ch\u00f4meurs et [&hellip;]<\/p>","protected":false},"author":1,"featured_media":0,"parent":0,"menu_order":0,"comment_status":"closed","ping_status":"closed","template":"","meta":{"_et_pb_use_builder":"on","_et_pb_old_content":"<!-- wp:divi\/placeholder \/-->","_et_gb_content_width":"","footnotes":""},"class_list":["post-751","page","type-page","status-publish","hentry"],"yoast_head":"<!-- This site is optimized with the Yoast SEO plugin v25.7 - https:\/\/yoast.com\/wordpress\/plugins\/seo\/ -->\n<title>Section Jeunesse - Alliance Helv\u00e9tique<\/title>\n<meta name=\"robots\" content=\"index, follow, max-snippet:-1, max-image-preview:large, max-video-preview:-1\" \/>\n<link rel=\"canonical\" href=\"https:\/\/alliance-helvetique.ch\/de\/section-jeunesse\/\" \/>\n<meta property=\"og:locale\" content=\"de_DE\" \/>\n<meta property=\"og:type\" content=\"article\" \/>\n<meta property=\"og:title\" content=\"Section Jeunesse - Alliance Helv\u00e9tique\" \/>\n<meta property=\"og:description\" content=\"Alliance Helv\u00e9tiqueSection JeunesseLes Jeunes de l\u2019Alliance Helv\u00e9tique s\u2019engagent pour une Suisse juste, souveraine et solidaire. Tu as entre 16 et 25 ans et tu te sens concern\u00e9 par l&#039;avenir de ton pays\u00a0 ?Alors rejoins la Section Jeunesse de l&#039;Alliance Helv\u00e9tique pour d\u00e9fendre les int\u00e9r\u00eats des travailleuses et travailleurs, des apprentis, des \u00e9tudiants, des ch\u00f4meurs et [&hellip;]\" \/>\n<meta property=\"og:url\" content=\"https:\/\/alliance-helvetique.ch\/de\/section-jeunesse\/\" \/>\n<meta property=\"og:site_name\" content=\"Alliance Helv\u00e9tique\" \/>\n<meta property=\"article:modified_time\" content=\"2025-08-03T09:37:59+00:00\" \/>\n<meta name=\"twitter:card\" content=\"summary_large_image\" \/>\n<meta name=\"twitter:label1\" content=\"Gesch\u00e4tzte Lesezeit\" \/>\n\t<meta name=\"twitter:data1\" content=\"8\u00a0Minuten\" \/>\n<script type=\"application\/ld+json\" class=\"yoast-schema-graph\">{\"@context\":\"https:\/\/schema.org\",\"@graph\":[{\"@type\":\"WebPage\",\"@id\":\"https:\/\/alliance-helvetique.ch\/section-jeunesse\/\",\"url\":\"https:\/\/alliance-helvetique.ch\/section-jeunesse\/\",\"name\":\"Section Jeunesse - Alliance Helv\u00e9tique\",\"isPartOf\":{\"@id\":\"https:\/\/alliance-helvetique.ch\/#website\"},\"datePublished\":\"2025-07-18T13:27:23+00:00\",\"dateModified\":\"2025-08-03T09:37:59+00:00\",\"breadcrumb\":{\"@id\":\"https:\/\/alliance-helvetique.ch\/section-jeunesse\/#breadcrumb\"},\"inLanguage\":\"de-CH\",\"potentialAction\":[{\"@type\":\"ReadAction\",\"target\":[\"https:\/\/alliance-helvetique.ch\/section-jeunesse\/\"]}]},{\"@type\":\"BreadcrumbList\",\"@id\":\"https:\/\/alliance-helvetique.ch\/section-jeunesse\/#breadcrumb\",\"itemListElement\":[{\"@type\":\"ListItem\",\"position\":1,\"name\":\"Accueil\",\"item\":\"https:\/\/alliance-helvetique.ch\/\"},{\"@type\":\"ListItem\",\"position\":2,\"name\":\"Section Jeunesse\"}]},{\"@type\":\"WebSite\",\"@id\":\"https:\/\/alliance-helvetique.ch\/#website\",\"url\":\"https:\/\/alliance-helvetique.ch\/\",\"name\":\"Alliance Helv\u00e9tique\",\"description\":\"\",\"potentialAction\":[{\"@type\":\"SearchAction\",\"target\":{\"@type\":\"EntryPoint\",\"urlTemplate\":\"https:\/\/alliance-helvetique.ch\/?s={search_term_string}\"},\"query-input\":{\"@type\":\"PropertyValueSpecification\",\"valueRequired\":true,\"valueName\":\"search_term_string\"}}],\"inLanguage\":\"de-CH\"}]}<\/script>\n<!-- \/ Yoast SEO plugin. -->","yoast_head_json":{"title":"Section Jeunesse - Alliance Helv\u00e9tique","robots":{"index":"index","follow":"follow","max-snippet":"max-snippet:-1","max-image-preview":"max-image-preview:large","max-video-preview":"max-video-preview:-1"},"canonical":"https:\/\/alliance-helvetique.ch\/de\/section-jeunesse\/","og_locale":"de_DE","og_type":"article","og_title":"Section Jeunesse - Alliance Helv\u00e9tique","og_description":"Alliance Helv\u00e9tiqueSection JeunesseLes Jeunes de l\u2019Alliance Helv\u00e9tique s\u2019engagent pour une Suisse juste, souveraine et solidaire. Tu as entre 16 et 25 ans et tu te sens concern\u00e9 par l'avenir de ton pays\u00a0 ?Alors rejoins la Section Jeunesse de l'Alliance Helv\u00e9tique pour d\u00e9fendre les int\u00e9r\u00eats des travailleuses et travailleurs, des apprentis, des \u00e9tudiants, des ch\u00f4meurs et [&hellip;]","og_url":"https:\/\/alliance-helvetique.ch\/de\/section-jeunesse\/","og_site_name":"Alliance Helv\u00e9tique","article_modified_time":"2025-08-03T09:37:59+00:00","twitter_card":"summary_large_image","twitter_misc":{"Gesch\u00e4tzte Lesezeit":"8\u00a0Minuten"},"schema":{"@context":"https:\/\/schema.org","@graph":[{"@type":"WebPage","@id":"https:\/\/alliance-helvetique.ch\/section-jeunesse\/","url":"https:\/\/alliance-helvetique.ch\/section-jeunesse\/","name":"Section Jeunesse - Alliance Helv\u00e9tique","isPartOf":{"@id":"https:\/\/alliance-helvetique.ch\/#website"},"datePublished":"2025-07-18T13:27:23+00:00","dateModified":"2025-08-03T09:37:59+00:00","breadcrumb":{"@id":"https:\/\/alliance-helvetique.ch\/section-jeunesse\/#breadcrumb"},"inLanguage":"de-CH","potentialAction":[{"@type":"ReadAction","target":["https:\/\/alliance-helvetique.ch\/section-jeunesse\/"]}]},{"@type":"BreadcrumbList","@id":"https:\/\/alliance-helvetique.ch\/section-jeunesse\/#breadcrumb","itemListElement":[{"@type":"ListItem","position":1,"name":"Accueil","item":"https:\/\/alliance-helvetique.ch\/"},{"@type":"ListItem","position":2,"name":"Section Jeunesse"}]},{"@type":"WebSite","@id":"https:\/\/alliance-helvetique.ch\/#website","url":"https:\/\/alliance-helvetique.ch\/","name":"Helvetische Allianz","description":"","potentialAction":[{"@type":"SearchAction","target":{"@type":"EntryPoint","urlTemplate":"https:\/\/alliance-helvetique.ch\/?s={search_term_string}"},"query-input":{"@type":"PropertyValueSpecification","valueRequired":true,"valueName":"search_term_string"}}],"inLanguage":"de-CH"}]}},"_links":{"self":[{"href":"https:\/\/alliance-helvetique.ch\/de\/wp-json\/wp\/v2\/pages\/751","targetHints":{"allow":["GET"]}}],"collection":[{"href":"https:\/\/alliance-helvetique.ch\/de\/wp-json\/wp\/v2\/pages"}],"about":[{"href":"https:\/\/alliance-helvetique.ch\/de\/wp-json\/wp\/v2\/types\/page"}],"author":[{"embeddable":true,"href":"https:\/\/alliance-helvetique.ch\/de\/wp-json\/wp\/v2\/users\/1"}],"replies":[{"embeddable":true,"href":"https:\/\/alliance-helvetique.ch\/de\/wp-json\/wp\/v2\/comments?post=751"}],"version-history":[{"count":33,"href":"https:\/\/alliance-helvetique.ch\/de\/wp-json\/wp\/v2\/pages\/751\/revisions"}],"predecessor-version":[{"id":1017,"href":"https:\/\/alliance-helvetique.ch\/de\/wp-json\/wp\/v2\/pages\/751\/revisions\/1017"}],"wp:attachment":[{"href":"https:\/\/alliance-helvetique.ch\/de\/wp-json\/wp\/v2\/media?parent=751"}],"curies":[{"name":"wp","href":"https:\/\/api.w.org\/{rel}","templated":true}]}}