{"id":542,"date":"2025-06-25T14:22:56","date_gmt":"2025-06-25T14:22:56","guid":{"rendered":"https:\/\/alliance-helvetique.ch\/?page_id=542"},"modified":"2025-07-21T16:15:55","modified_gmt":"2025-07-21T16:15:55","slug":"politique-de-confidentialite","status":"publish","type":"page","link":"https:\/\/alliance-helvetique.ch\/de\/politique-de-confidentialite\/","title":{"rendered":"Datenschutzerkl\u00e4rung"},"content":{"rendered":"<p>[et_pb_section fb_built=\u00a0\u00bb1&Prime; _builder_version=\u00a0\u00bb4.27.4&Prime; _module_preset=\u00a0\u00bbdefault\u00a0\u00bb background_image=\u00a0\u00bbhttps:\/\/alliance-helvetique.ch\/wp-content\/uploads\/2025\/06\/drapeau.jpg\u00a0\u00bb global_colors_info=\u00a0\u00bb{}\u00a0\u00bb][et_pb_row _builder_version=\u00a0\u00bb4.27.4&Prime; _module_preset=\u00a0\u00bbdefault\u00a0\u00bb global_colors_info=\u00a0\u00bb{}\u00a0\u00bb][et_pb_column type=\u00a0\u00bb4_4&Prime; _builder_version=\u00a0\u00bb4.27.4&Prime; _module_preset=\u00a0\u00bbdefault\u00a0\u00bb global_colors_info=\u00a0\u00bb{}\u00a0\u00bb][\/et_pb_column][\/et_pb_row][\/et_pb_section][et_pb_section fb_built=\u00a0\u00bb1&Prime; _builder_version=\u00a0\u00bb4.27.4&Prime; _module_preset=\u00a0\u00bbdefault\u00a0\u00bb global_colors_info=\u00a0\u00bb{}\u00a0\u00bb][et_pb_row _builder_version=\u00a0\u00bb4.27.4&Prime; _module_preset=\u00a0\u00bbdefault\u00a0\u00bb global_colors_info=\u00a0\u00bb{}\u00a0\u00bb][et_pb_column type=\u00a0\u00bb4_4&Prime; _builder_version=\u00a0\u00bb4.27.4&Prime; _module_preset=\u00a0\u00bbdefault\u00a0\u00bb global_colors_info=\u00a0\u00bb{}\u00a0\u00bb][et_pb_text _builder_version=\u00a0\u00bb4.27.4&Prime; _module_preset=\u00a0\u00bbdefault\u00a0\u00bb hover_enabled=\u00a0\u00bb0&Prime; global_colors_info=\u00a0\u00bb{}\u00a0\u00bb sticky_enabled=\u00a0\u00bb0&Prime;]<\/p>\n<h1 style=\"text-align: center;\">Datenschutzerkl\u00e4rung<br \/>Helvetische Allianz<\/h1>\n<p>Schutz der Daten<br \/>Als Betreiber dieser Website ist uns der Schutz Ihrer pers\u00f6nlichen Daten ein wichtiges Anliegen. Wir behandeln Daten, die sich auf Ihre Person beziehen, vertraulich und unter Beachtung der gesetzlichen Datenschutzvorschriften gem\u00e4\u00df dieser Datenschutzerkl\u00e4rung.<br \/>Die Nutzung dieser Website ist in der Regel ohne Angabe personenbezogener Daten m\u00f6glich. Soweit auf unseren Seiten personenbezogene Daten (beispielsweise Name, Anschrift oder E-Mail-Adressen) erhoben werden, erfolgt dies, soweit m\u00f6glich, stets auf freiwilliger Basis.<br \/>Gem\u00e4\u00df dieser Datenschutzerkl\u00e4rung werden diese Informationen zum Teil an Dritte innerhalb der Helvetischen Allianz weitergegeben, und zwar ausschlie\u00dflich f\u00fcr interne Zwecke.<br \/>Wir weisen Sie jedoch darauf hin, dass die Sicherheit der Daten\u00fcbertragung im Internet (z.B. bei der \u00dcbertragung von E-Mails) l\u00fcckenhaft ist. Ein l\u00fcckenloser Schutz vor dem Zugriff Dritter auf diese Daten ist nicht m\u00f6glich.<\/p>\n<p>Kontaktformeln<br \/>Mit dem Ausf\u00fcllen eines Kontaktformulars auf dieser Website erkl\u00e4ren Sie sich damit einverstanden, dass Ihre Angaben und Daten elektronisch erfasst und gespeichert werden, um Ihre Anfrage beantworten zu k\u00f6nnen. Sie k\u00f6nnen Ihre Einwilligung jederzeit widerrufen, indem Sie eine E-Mail senden an <a href=\"mailto:info@alliance-helvetique.ch\">info@alliance-helvetique.ch<\/a>.<\/p>\n<p>Cookies<br \/>Internetseiten setzen h\u00e4ufig sogenannte \u201eCookies\u201c ein. Diese dienen dazu, das Internetangebot nutzerfreundlicher, effektiver und sicherer zu machen. Cookies richten auf Ihrem Computer keinen Schaden an. Die meisten der von uns verwendeten Cookies sind so genannte \u201eSession-Cookies\u201c. Sie werden am Ende Ihres Besuchs automatisch gel\u00f6scht. Andere Cookies bleiben auf Ihrem Endger\u00e4t gespeichert, bis Sie sie l\u00f6schen. Sie erm\u00f6glichen es uns, Ihren Computer bei Ihrem n\u00e4chsten Besuch wiederzuerkennen. Sie k\u00f6nnen Ihren Internetbrowser so einstellen, dass er Sie \u00fcber den Zugriff von Cookies informiert und deren Installation nur in Ausnahmef\u00e4llen zul\u00e4sst, sie im Einzelfall ausschlie\u00dft oder sie generell ausschlie\u00dft. Sie k\u00f6nnen auch die Funktion aktivieren, die Cookies automatisch l\u00f6scht, sobald Sie den Browser schlie\u00dfen.<\/p>\n<p>Anmeldung als Mitglied oder Spender<br \/>Die von Ihnen auf dem Beitrittsformular \u00fcber unsere Website oder durch Ausf\u00fcllen eines Papiercoupons oder anderer Anmeldeformulare \u00fcbermittelten Informationen sind ausschlie\u00dflich f\u00fcr den internen Gebrauch bestimmt und nur den Mitgliedern bekannt, die Zugang zu ihnen haben m\u00fcssen, d.h. dem Exekutivrat oder den Vorsitzenden und Sekret\u00e4ren der Sektionen. Diese Informationen werden unter keinen Umst\u00e4nden an Dritte au\u00dferhalb der Partei weitergegeben.<\/p>\n<p>Personen in verantwortlichen oder politischen Positionen werden mit Foto, Vor- und Nachname und Position auf der Website der Partei oder Werbematerial (Flyer, Flugbl\u00e4tter etc.) erscheinen.<br \/>Im Rahmen unserer Dienstleistungen verarbeiten wir die folgenden Informationen \u00fcber Sie: Name, Vorname, Geburtsdatum, Adressen, E-Mail-Adressen, Telefonnummern, Beruf, Aktivit\u00e4ten und Registrierungen auf unseren Websites und Ihre Interaktion mit uns in sozialen Netzwerken. Aber auch statistische Daten und Modelldaten \u00fcber potenzielle Interessen, Beteiligung und Abstimmungsverhalten.<br \/>F\u00fcr die Nutzungs- und Datenschutzrichtlinien von Dritten wie Meta oder Twitter usw. beachten Sie bitte die nachstehenden zus\u00e4tzlichen Bestimmungen sowie die eigenen Bestimmungen von Meta und Twitter.<\/p>\n<p>[\/et_pb_text][\/et_pb_column][\/et_pb_row][\/et_pb_section]<\/p>","protected":false},"excerpt":{"rendered":"<p>Politique de confidentialit\u00e9Alliance Helv\u00e9tique Protection des donn\u00e9esComme exploitant de ce site internet, nous attachons une grande importance \u00e0 la protection de vos donn\u00e9es personnelles. Nous traitons les donn\u00e9es, qui concernent votre personne, de mani\u00e8re confidentielle et en respectant les prescriptions l\u00e9gales sur la protection des donn\u00e9es conform\u00e9ment \u00e0 cette d\u00e9claration sur la protection des donn\u00e9es.L&rsquo;utilisation [&hellip;]<\/p>","protected":false},"author":1,"featured_media":0,"parent":0,"menu_order":0,"comment_status":"closed","ping_status":"closed","template":"","meta":{"_et_pb_use_builder":"on","_et_pb_old_content":"<!-- wp:divi\/placeholder \/-->","_et_gb_content_width":"","footnotes":""},"class_list":["post-542","page","type-page","status-publish","hentry"],"yoast_head":"<!-- This site is optimized with the Yoast SEO plugin v25.7 - https:\/\/yoast.com\/wordpress\/plugins\/seo\/ -->\n<title>Politique de confidentialit\u00e9 - Alliance Helv\u00e9tique<\/title>\n<meta name=\"robots\" content=\"index, follow, max-snippet:-1, max-image-preview:large, max-video-preview:-1\" \/>\n<link rel=\"canonical\" href=\"https:\/\/alliance-helvetique.ch\/de\/politique-de-confidentialite\/\" \/>\n<meta property=\"og:locale\" content=\"de_DE\" \/>\n<meta property=\"og:type\" content=\"article\" \/>\n<meta property=\"og:title\" content=\"Politique de confidentialit\u00e9 - Alliance Helv\u00e9tique\" \/>\n<meta property=\"og:description\" content=\"Politique de confidentialit\u00e9Alliance Helv\u00e9tique Protection des donn\u00e9esComme exploitant de ce site internet, nous attachons une grande importance \u00e0 la protection de vos donn\u00e9es personnelles. Nous traitons les donn\u00e9es, qui concernent votre personne, de mani\u00e8re confidentielle et en respectant les prescriptions l\u00e9gales sur la protection des donn\u00e9es conform\u00e9ment \u00e0 cette d\u00e9claration sur la protection des donn\u00e9es.L&#039;utilisation [&hellip;]\" \/>\n<meta property=\"og:url\" content=\"https:\/\/alliance-helvetique.ch\/de\/politique-de-confidentialite\/\" \/>\n<meta property=\"og:site_name\" content=\"Alliance Helv\u00e9tique\" \/>\n<meta property=\"article:modified_time\" content=\"2025-07-21T16:15:55+00:00\" \/>\n<meta name=\"twitter:card\" content=\"summary_large_image\" \/>\n<meta name=\"twitter:label1\" content=\"Gesch\u00e4tzte Lesezeit\" \/>\n\t<meta name=\"twitter:data1\" content=\"4\u00a0Minuten\" \/>\n<script type=\"application\/ld+json\" class=\"yoast-schema-graph\">{\"@context\":\"https:\/\/schema.org\",\"@graph\":[{\"@type\":\"WebPage\",\"@id\":\"https:\/\/alliance-helvetique.ch\/politique-de-confidentialite\/\",\"url\":\"https:\/\/alliance-helvetique.ch\/politique-de-confidentialite\/\",\"name\":\"Politique de confidentialit\u00e9 - Alliance Helv\u00e9tique\",\"isPartOf\":{\"@id\":\"https:\/\/alliance-helvetique.ch\/#website\"},\"datePublished\":\"2025-06-25T14:22:56+00:00\",\"dateModified\":\"2025-07-21T16:15:55+00:00\",\"breadcrumb\":{\"@id\":\"https:\/\/alliance-helvetique.ch\/politique-de-confidentialite\/#breadcrumb\"},\"inLanguage\":\"de-CH\",\"potentialAction\":[{\"@type\":\"ReadAction\",\"target\":[\"https:\/\/alliance-helvetique.ch\/politique-de-confidentialite\/\"]}]},{\"@type\":\"BreadcrumbList\",\"@id\":\"https:\/\/alliance-helvetique.ch\/politique-de-confidentialite\/#breadcrumb\",\"itemListElement\":[{\"@type\":\"ListItem\",\"position\":1,\"name\":\"Accueil\",\"item\":\"https:\/\/alliance-helvetique.ch\/\"},{\"@type\":\"ListItem\",\"position\":2,\"name\":\"Politique de confidentialit\u00e9\"}]},{\"@type\":\"WebSite\",\"@id\":\"https:\/\/alliance-helvetique.ch\/#website\",\"url\":\"https:\/\/alliance-helvetique.ch\/\",\"name\":\"Alliance Helv\u00e9tique\",\"description\":\"\",\"potentialAction\":[{\"@type\":\"SearchAction\",\"target\":{\"@type\":\"EntryPoint\",\"urlTemplate\":\"https:\/\/alliance-helvetique.ch\/?s={search_term_string}\"},\"query-input\":{\"@type\":\"PropertyValueSpecification\",\"valueRequired\":true,\"valueName\":\"search_term_string\"}}],\"inLanguage\":\"de-CH\"}]}<\/script>\n<!-- \/ Yoast SEO plugin. -->","yoast_head_json":{"title":"Politique de confidentialit\u00e9 - Alliance Helv\u00e9tique","robots":{"index":"index","follow":"follow","max-snippet":"max-snippet:-1","max-image-preview":"max-image-preview:large","max-video-preview":"max-video-preview:-1"},"canonical":"https:\/\/alliance-helvetique.ch\/de\/politique-de-confidentialite\/","og_locale":"de_DE","og_type":"article","og_title":"Politique de confidentialit\u00e9 - Alliance Helv\u00e9tique","og_description":"Politique de confidentialit\u00e9Alliance Helv\u00e9tique Protection des donn\u00e9esComme exploitant de ce site internet, nous attachons une grande importance \u00e0 la protection de vos donn\u00e9es personnelles. Nous traitons les donn\u00e9es, qui concernent votre personne, de mani\u00e8re confidentielle et en respectant les prescriptions l\u00e9gales sur la protection des donn\u00e9es conform\u00e9ment \u00e0 cette d\u00e9claration sur la protection des donn\u00e9es.L'utilisation [&hellip;]","og_url":"https:\/\/alliance-helvetique.ch\/de\/politique-de-confidentialite\/","og_site_name":"Alliance Helv\u00e9tique","article_modified_time":"2025-07-21T16:15:55+00:00","twitter_card":"summary_large_image","twitter_misc":{"Gesch\u00e4tzte Lesezeit":"4\u00a0Minuten"},"schema":{"@context":"https:\/\/schema.org","@graph":[{"@type":"WebPage","@id":"https:\/\/alliance-helvetique.ch\/politique-de-confidentialite\/","url":"https:\/\/alliance-helvetique.ch\/politique-de-confidentialite\/","name":"Politique de confidentialit\u00e9 - Alliance Helv\u00e9tique","isPartOf":{"@id":"https:\/\/alliance-helvetique.ch\/#website"},"datePublished":"2025-06-25T14:22:56+00:00","dateModified":"2025-07-21T16:15:55+00:00","breadcrumb":{"@id":"https:\/\/alliance-helvetique.ch\/politique-de-confidentialite\/#breadcrumb"},"inLanguage":"de-CH","potentialAction":[{"@type":"ReadAction","target":["https:\/\/alliance-helvetique.ch\/politique-de-confidentialite\/"]}]},{"@type":"BreadcrumbList","@id":"https:\/\/alliance-helvetique.ch\/politique-de-confidentialite\/#breadcrumb","itemListElement":[{"@type":"ListItem","position":1,"name":"Accueil","item":"https:\/\/alliance-helvetique.ch\/"},{"@type":"ListItem","position":2,"name":"Politique de confidentialit\u00e9"}]},{"@type":"WebSite","@id":"https:\/\/alliance-helvetique.ch\/#website","url":"https:\/\/alliance-helvetique.ch\/","name":"Helvetische Allianz","description":"","potentialAction":[{"@type":"SearchAction","target":{"@type":"EntryPoint","urlTemplate":"https:\/\/alliance-helvetique.ch\/?s={search_term_string}"},"query-input":{"@type":"PropertyValueSpecification","valueRequired":true,"valueName":"search_term_string"}}],"inLanguage":"de-CH"}]}},"_links":{"self":[{"href":"https:\/\/alliance-helvetique.ch\/de\/wp-json\/wp\/v2\/pages\/542","targetHints":{"allow":["GET"]}}],"collection":[{"href":"https:\/\/alliance-helvetique.ch\/de\/wp-json\/wp\/v2\/pages"}],"about":[{"href":"https:\/\/alliance-helvetique.ch\/de\/wp-json\/wp\/v2\/types\/page"}],"author":[{"embeddable":true,"href":"https:\/\/alliance-helvetique.ch\/de\/wp-json\/wp\/v2\/users\/1"}],"replies":[{"embeddable":true,"href":"https:\/\/alliance-helvetique.ch\/de\/wp-json\/wp\/v2\/comments?post=542"}],"version-history":[{"count":5,"href":"https:\/\/alliance-helvetique.ch\/de\/wp-json\/wp\/v2\/pages\/542\/revisions"}],"predecessor-version":[{"id":806,"href":"https:\/\/alliance-helvetique.ch\/de\/wp-json\/wp\/v2\/pages\/542\/revisions\/806"}],"wp:attachment":[{"href":"https:\/\/alliance-helvetique.ch\/de\/wp-json\/wp\/v2\/media?parent=542"}],"curies":[{"name":"wp","href":"https:\/\/api.w.org\/{rel}","templated":true}]}}