{"id":35,"date":"2025-06-16T16:35:22","date_gmt":"2025-06-16T16:35:22","guid":{"rendered":"https:\/\/alliance-helvetique.ch\/?page_id=35"},"modified":"2025-07-25T07:52:10","modified_gmt":"2025-07-25T07:52:10","slug":"statuts","status":"publish","type":"page","link":"https:\/\/alliance-helvetique.ch\/de\/statuts\/","title":{"rendered":"Statuten"},"content":{"rendered":"<p>[et_pb_section fb_built=\u00a0\u00bb1&Prime; _builder_version=\u00a0\u00bb4.27.4&Prime; _module_preset=\u00a0\u00bbdefault\u00a0\u00bb background_image=\u00a0\u00bbhttps:\/\/alliance-helvetique.ch\/wp-content\/uploads\/2025\/06\/drapeau.jpg\u00a0\u00bb global_colors_info=\u00a0\u00bb{}\u00a0\u00bb][et_pb_row _builder_version=\u00a0\u00bb4.27.4&Prime; _module_preset=\u00a0\u00bbdefault\u00a0\u00bb global_colors_info=\u00a0\u00bb{}\u00a0\u00bb][et_pb_column type=\u00a0\u00bb4_4&Prime; _builder_version=\u00a0\u00bb4.27.4&Prime; _module_preset=\u00a0\u00bbdefault\u00a0\u00bb global_colors_info=\u00a0\u00bb{}\u00a0\u00bb][\/et_pb_column][\/et_pb_row][\/et_pb_section][et_pb_section fb_built=\u00a0\u00bb1&Prime; _builder_version=\u00a0\u00bb4.27.4&Prime; _module_preset=\u00a0\u00bbdefault\u00a0\u00bb global_colors_info=\u00a0\u00bb{}\u00a0\u00bb][et_pb_row _builder_version=\u00a0\u00bb4.27.4&Prime; _module_preset=\u00a0\u00bbdefault\u00a0\u00bb global_colors_info=\u00a0\u00bb{}\u00a0\u00bb][et_pb_column type=\u00a0\u00bb4_4&Prime; _builder_version=\u00a0\u00bb4.27.4&Prime; _module_preset=\u00a0\u00bbdefault\u00a0\u00bb global_colors_info=\u00a0\u00bb{}\u00a0\u00bb][et_pb_text _builder_version=\u00a0\u00bb4.27.4&Prime; _module_preset=\u00a0\u00bbdefault\u00a0\u00bb hover_enabled=\u00a0\u00bb0&Prime; global_colors_info=\u00a0\u00bb{}\u00a0\u00bb sticky_enabled=\u00a0\u00bb0&Prime;]<\/p>\n<h1 style=\"text-align: center;\"><strong>Die Statuten<\/strong><br \/>Helvetische Allianz<\/h1>\n<p><strong>\u00a0I. Assoziierung und Ziele<\/strong><br \/>Art. 1<br \/>Unter der Bezeichnung \u00abHelvetische Allianz\u00bb wird ein Verein, im Folgenden als Helvetische Allianz im Sinne von Artikel 60 ff. des Schweizerischen Zivilgesetzbuchs bezeichnet, gegr\u00fcndet.<br \/>Sie unterliegt schweizerischem Recht und dieser Satzung.<br \/>Sie setzt sich aus politischen Organisationen und einzelnen Mitgliedern zusammen.<br \/>Sein Sitz ist in Sion.<\/p>\n<p>Art. 2<br \/>Das Ziel der Helvetischen Allianz ist die F\u00f6rderung einer demokratischen B\u00fcrgerbewegung.<\/p>\n<p>Art. 3<br \/>Die Helvetische Allianz erf\u00fcllt ihre Verpflichtungen nur mit ihrem sozialen Erbe. Jede pers\u00f6nliche Haftung der Mitglieder, der Pr\u00e4sidenten, des Generalsekret\u00e4rs, der Sekret\u00e4re und der Ausschussmitglieder ist ausgeschlossen.<br \/>Der Verein ist durch die individuelle Unterschrift eines einzelnen Mitglieds des Exekutivrats f\u00fcr alle Verwaltungspunkte der Partei und f\u00fcr alle Beschl\u00fcsse, die eine finanzielle Investition von nicht mehr als CHF 500.- nicht \u00fcberschreiten, rechtswirksam verpflichtet. -. F\u00fcr Entscheidungen \u00fcber die \u00c4nderung oder L\u00f6schung der Association Alliance Helv\u00e9tique oder jede Verpflichtung von mehr als CHF 500. -, die gemeinsame Unterschrift von zwei Mitgliedern des Exekutivrats ist erforderlich.<br \/>Die finanziellen Mittel der Helvetischen Allianz setzen sich aus Beitr\u00e4gen, Zusch\u00fcssen, Spenden und den Erl\u00f6sen aus den Aktivit\u00e4ten des Vereins zusammen.<br \/>Die von den Mitgliedern verlangten finanziellen Beitr\u00e4ge werden vom Exekutivrat beschlossen.<\/p>\n<p><strong>II. Mitglieder<\/strong><br \/>Art. 4<br \/>Die Mitglieder sind unterteilt in :<br \/>a) Aktive Mitglieder<br \/>Als aktives Mitglied gilt jede Person, die das 18. Lebensjahr vollendet hat, vom Exekutivrat angenommen wurde und ihren Mitgliedsbeitrag gezahlt hat. Sie k\u00f6nnen an den Versammlungen teilnehmen und haben das Stimmrecht.<br \/>b) Unterst\u00fctzende Mitglieder<br \/>Unterst\u00fctzende Mitglieder sind diejenigen, die einen finanziellen Beitrag an die Helvetische Allianz leisten. Sie d\u00fcrfen nicht an der Versammlung teilnehmen und haben kein Stimmrecht.<br \/>c) Spendermitglieder<br \/>Die spendenden Mitglieder sind diejenigen, die die Helvetische Allianz mit einer oder mehreren j\u00e4hrlichen Spenden von mindestens CHF 200. - unterst\u00fctzen. Sie k\u00f6nnen an der Versammlung teilnehmen und haben das Stimmrecht.<br \/>d) Mitglieder Jugend<br \/>Schweizerinnen und Schweizer, die das 16. Lebensjahr vollendet haben und die Ziele der Helvetischen Allianz akzeptieren, k\u00f6nnen bis zum 25. Lebensjahr als Mitglieder der Sektion Jeunesse Alliance Helv\u00e9tique beitreten. Sie werden vom Exekutivrat als Mitglieder anerkannt, k\u00f6nnen an den Versammlungen teilnehmen und haben ab dem 18. Lebensjahr das Stimmrecht.<\/p>\n<p>Art. 5<br \/>Aktive Mitglieder, Unterst\u00fctzer, Spender und Jugendliche werden in das Mitgliederverzeichnis aufgenommen. Aktive Mitglieder, F\u00f6rderer, Spender und Jugendliche haben die gleichen Rechte und Pflichten und sind f\u00fcr alle Positionen des B\u00fcndnisses teilnahmeberechtigt.<br \/>Art. 6<br \/>Das Verhalten jedes Mitglieds muss jederzeit vorbildlich sein und darf nicht zu Kritik oder Skandalen f\u00fchren. Dies setzt W\u00fcrde, Loyalit\u00e4t und Respekt gegen\u00fcber den Organen der Helvetischen Allianz, anderen Mitgliedern und allen Personen au\u00dferhalb der Partei voraus.<\/p>\n<p>Art. 7<br \/>Jedes Mitglied kann dem Exekutivrat jederzeit schriftlich und ohne vorherige Ank\u00fcndigung seinen R\u00fccktritt mitteilen.<\/p>\n<p>Art. 8<br \/>Ein Mitglied kann aus der Helvetischen Allianz ausgeschlossen werden, wenn sein Verhalten ihn unw\u00fcrdig gemacht hat.<br \/>Die R\u00e4umung wird vom Exekutivrat beschlossen.<\/p>\n<p><strong>III. Organe der Vereinigung<\/strong><br \/>Art. 9<br \/>Die Organe der Helvetischen Allianz sind:<br \/>a) Der Exekutivrat<br \/>b) Kantonale Sektionen<br \/>c) Die Jugendabteilung<br \/>d) Die Rechnungspr\u00fcfer<br \/>e) Die Versammlung<br \/>A. Der Exekutivrat<br \/>Der Exekutivrat ist das oberste Organ der Helvetischen Allianz und trifft alle Entscheidungen, die in den Statuten nicht ausdr\u00fccklich anderen Organen vorbehalten sind. Er beaufsichtigt insbesondere die Leitung der anderen Sektionen und ist befugt, deren Mitglieder aus schwerwiegenden Gr\u00fcnden abzuberufen.<br \/>Der Exekutivrat besteht aus mindestens 2 Mitgliedern:<br \/>Ein Pr\u00e4sident, ein Generalsekret\u00e4r\/ Schatzmeister.<br \/>Er kann seinen Ausschuss je nach den Bed\u00fcrfnissen der Helvetischen Allianz, ihrer Entwicklung oder punktuellen Erfordernissen erweitern.<br \/>Ein Mitglied des Exekutivrats kann mehrere Funktionen im Exekutivrat sowie in anderen Sektionen haben, sofern diese nicht miteinander unvereinbar sind.<br \/>Die Mitglieder des Exekutivrats werden f\u00fcr eine Amtszeit von 4 Jahren gew\u00e4hlt, die stillschweigend um dieselbe Dauer verl\u00e4ngert wird, au\u00dfer im Falle eines R\u00fccktritts. Der R\u00fccktritt muss fr\u00fchestens 3 Monate vor dem Ende einer Amtszeit erfolgen. Ein zur\u00fccktretendes Mitglied des Exekutivrats wird durch die von den verbleibenden Mitgliedern des Exekutivrats benannte Person ersetzt.<br \/>Ein Mitglied des Exekutivrats kann wegen eines schwerwiegenden Fehlverhaltens aus dem Exekutivrat ausgeschlossen werden, wenn die Mehrheit der Mitglieder des Exekutivrats zustimmt.<br \/>B. Die kantonalen Sektionen<br \/>Die kantonalen Sektionen werden von einem Pr\u00e4sidenten und einem Sekret\u00e4r geleitet. Ihre Ernennung wird koordiniert und muss vom Exekutivrat genehmigt werden. Sie werden vom Generalsekret\u00e4r beaufsichtigt und sind verpflichtet, die Richtlinien der Partei, die Anweisungen des Exekutivrats und diese Statuten einzuhalten.<br \/>C. Die Jugendabteilung<br \/>Die Partei bezieht die Aktivit\u00e4ten, die von der Die Partei beteiligt und unterst\u00fctzt, nach den vom Generalsekret\u00e4r beschlossenen Modalit\u00e4ten, die Aktivit\u00e4ten der Sektion Jeunesse Alliance Helv\u00e9tique, die aktive Mitglieder der Liga im Alter von 16 bis 25 Jahren umfasst.<br \/>Die Sektion Jugend der Helvetischen Allianz wird von einem Pr\u00e4sidenten und einem Sektionssekret\u00e4r geleitet, der vom Exekutivrat gew\u00e4hlt wird und unter der Aufsicht des Generalsekret\u00e4rs steht.<br \/>D. Die Rechnungspr\u00fcfer<br \/>Die Versammlung ernennt zwei Rechnungspr\u00fcfer, die nicht unbedingt Mitglieder sind, vier Jahre lang im Amt bleiben und sofort wiedergew\u00e4hlt werden k\u00f6nnen. Sie d\u00fcrfen nicht Mitglied des Exekutivrats sein.<br \/>E. Die Versammlung<br \/>Die ordentliche Versammlung wird einmal im Jahr vom Exekutivrat einberufen.<br \/>Die Versammlung ber\u00e4t \u00fcber die vom Exekutivrat vorgeschlagenen Fragen und auf jeden Fall \u00fcber folgende Punkte:<br \/>- Genehmigung des Jahresabschlusses,<br \/>- Genehmigung und \u00c4nderungen der Satzung,<br \/>- Ernennung der Mitglieder der Aussch\u00fcsse,<br \/>- Ernennung der Rechnungspr\u00fcfer,<br \/>- ratifiziert die Namen der Kandidaten, die vom Exekutivrat f\u00fcr \u00c4mter mit kantonaler Zust\u00e4ndigkeit vorgeschlagen wurden,<br \/>- ratifiziert alle Wahlb\u00fcndnisse auf kantonaler und eidgen\u00f6ssischer Ebene, die vom Exekutivrat vorgeschlagen werden.<br \/>- H\u00f6he des finanziellen Grundbeitrags, der von den Mitgliedern verlangt wird,<br \/>- der Ausschluss eines Mitglieds gem\u00e4\u00df Art. 8.<\/p>\n<p>Art. 10<br \/>Die ordentliche Mitgliederversammlung wird mindestens drei Wochen vor dem f\u00fcr die Sitzung festgesetzten Termin einberufen.<br \/>In der Stellungnahme werden die Tagesordnungspunkte genannt. Es k\u00f6nnen keine Beschl\u00fcsse zu Fragen gefasst werden, die nicht ordnungsgem\u00e4\u00df angek\u00fcndigt wurden.<br \/>Jedes stimmberechtigte Mitglied kann dem Exekutivrat innerhalb von 10 Tagen vor der Vollversammlung Punkte vorschlagen, die auf die Tagesordnung der ordentlichen Vollversammlung gesetzt werden sollen.<br \/>Der Exekutivrat kann die Mitglieder zu einer au\u00dferordentlichen Sitzung einberufen, wann immer er es f\u00fcr angemessen h\u00e4lt, mindestens 10 Tage vor dem f\u00fcr die Sitzung festgesetzten Termin, wobei er die Tagesordnungspunkte angibt.<br \/>Ebenso kann ein F\u00fcnftel der stimmberechtigten Mitglieder schriftlich beim Exekutivrat die Einberufung einer au\u00dferordentlichen Versammlung beantragen, wobei in den Antr\u00e4gen die auf der Tagesordnung stehenden Fragen und Vorschl\u00e4ge anzugeben und zu begr\u00fcnden sind.<\/p>\n<p>Art. 11<br \/>Die Einberufung erfolgt per E-Mail.<\/p>\n<p>Art. 12<br \/>Die Generalversammlungen (ordentliche und au\u00dferordentliche) sind unabh\u00e4ngig von der Anzahl der anwesenden Mitglieder g\u00fcltig.<\/p>\n<p>Art. 13<br \/>Die Arbeiten der Versammlung werden vom Generalsekret\u00e4r geleitet, der als Vorsitzender fungiert. Er leitet die Versammlung und sorgt f\u00fcr einen geordneten und regelm\u00e4\u00dfigen Ablauf der Beratungen und Abstimmungen.<br \/>Er kann bei der Erstellung des Protokolls von einem Sekret\u00e4r und erforderlichenfalls von Stimmenz\u00e4hlern, die von der Versammlung zu Beginn der Sitzung benannt werden, unterst\u00fctzt werden.<\/p>\n<p>Art. 14<br \/>Die Abstimmung erfolgt durch Handzeichen oder Stimmzettel.<\/p>\n<p>Art. 15<br \/>Die absolute Mehrheit der stimmberechtigten Anwesenden ist f\u00fcr Ernennungen zu den \u00c4mtern der Partei und ihrer Sektionen erforderlich. Wenn es mehr als zwei Kandidaten gibt und keiner von ihnen im ersten Wahlgang die erforderliche Mehrheit erreicht, wird ein zweiter Wahlgang durchgef\u00fchrt und der oder die Kandidaten mit den meisten Stimmen werden gew\u00e4hlt.<br \/>Bei Stimmengleichheit wird eine erneute Stimmenz\u00e4hlung durchgef\u00fchrt und wenn sich das Ergebnis dieser Abstimmung wiederholt, wird eine au\u00dferordentliche Versammlung einberufen, die innerhalb von maximal 4 Wochen abgehalten wird, um eine neue Abstimmung durchzuf\u00fchren.<br \/>Zur \u00c4nderung der Satzung ist eine Mehrheit von 50 % plus einem stimmberechtigten Mitglied der Versammlung erforderlich.<br \/>Die Aufl\u00f6sung der Helvetischen Allianz kann nur vom Exekutivrat beschlossen werden.<br \/>Im Falle einer Aufl\u00f6sung entscheidet der Exekutivrat \u00fcber die Bestimmung des Verm\u00f6gens der Helvetischen Allianz unter Ausschluss jeglicher Aufteilung auf die Gesellschafter.<br \/>Alle anderen Beschl\u00fcsse der Versammlung werden mit einfacher Mehrheit gefasst.<\/p>\n<p>Art. 16<br \/>Der Generalsekret\u00e4r<br \/>Die Ernennung des Generalsekret\u00e4rs der Helvetischen Allianz obliegt dem Exekutivrat. Der Generalsekret\u00e4r bleibt f\u00fcr eine Amtszeit von 4 Jahren mit stillschweigender Wiederwahl f\u00fcr 4 Jahre im Falle eines nicht erfolgten R\u00fccktritts.<br \/>Der Generalsekret\u00e4r ernennt einen oder mehrere stellvertretende Sekret\u00e4re pro Sektion. Diese bilden die Koordination.<\/p>\n<p>Art. 17<br \/>Der Generalsekret\u00e4r arbeitet bei allen seinen Aufgaben eng mit den Mitgliedern des Exekutivrats und den Aussch\u00fcssen der kantonalen Sektionen und der Jugendsektion zusammen.<br \/>Er ist insbesondere f\u00fcr folgende Aufgaben zust\u00e4ndig:<br \/>- erarbeitet die Ziele der Helvetischen Allianz, verwaltet sie und legt ihr Programm fest,<br \/>- verwaltet das Parteiverm\u00f6gen, erstellt den Haushaltsplan und den Jahresabschluss,<br \/>- verwaltet die interne und externe Kommunikation der Partei,<br \/>\u2022 vertritt die Partei gegen\u00fcber Dritten, mit der gemeinsamen Unterschrift eines Mitglieds des Exekutivrats f\u00fcr wichtige Angelegenheiten,<br \/>\u2022 schl\u00e4gt der Mitgliederversammlung zur Ratifizierung die Namen der Kandidaten f\u00fcr die kantonalen und f\u00f6deralen \u00c4mter vor (Staatsrat, Grossrat, Nationalrat und St\u00e4nderat),<br \/>- pflegt die Beziehungen zur Fraktion im Gro\u00dfen Rat,<br \/>- pflegt die Beziehungen zu den Parteisektionen, die er mit Unterst\u00fctzung des Vorsitzenden beaufsichtigt.<br \/>Der Generalsekret\u00e4r kann auch Arbeitsaussch\u00fcsse bilden, um die ihm zugewiesenen Aufgaben zu optimieren und den Zusammenhalt der Partei zu verbessern, und er kann sich auf externe Mitarbeiter st\u00fctzen.<\/p>\n<p>Art. 18<br \/>F\u00fcr alles, was nicht ausdr\u00fccklich in den Statuten vorgesehen ist, gelten die gesetzlichen Bestimmungen \u00fcber Vereine des Schweizerischen Zivilgesetzbuches.<\/p>\n<p>Art. 19<br \/>Diese Satzung wurde auf der konstituierenden Sitzung vom 25. Juli 2025 genehmigt und tritt am 1. August 2025 in Kraft; sie hebt alle fr\u00fcheren Fassungen auf und ersetzt sie.<br \/>Sion am, 25. Juli 2025<\/p>\n<p>Der Pr\u00e4sident\/ Pr\u00e4sident Sektion Jugend Der Generalsekret\u00e4r\/ Schatzmeister<br \/>Ewan Jacquemin\u00a0 \u00a0 \u00a0 \u00a0 \u00a0 \u00a0 \u00a0 \u00a0 \u00a0 \u00a0 \u00a0 \u00a0 \u00a0 \u00a0 \u00a0 \u00a0 \u00a0 \u00a0 \u00a0 \u00a0 \u00a0 \u00a0 \u00a0 \u00a0 \u00a0 \u00a0 \u00a0 \u00a0 \u00a0 \u00a0 \u00a0 \u00a0 \u00a0 \u00a0 \u00a0 \u00a0 \u00a0 \u00a0 \u00a0 \u00a0 \u00a0 \u00a0 \u00a0 \u00a0 \u00a0 \u00a0 \u00a0 Pierre Burgalassi<\/p>\n<p>[\/et_pb_text][\/et_pb_column][\/et_pb_row][\/et_pb_section]<\/p>","protected":false},"excerpt":{"rendered":"<p>Les StatutsAlliance Helv\u00e9tique \u00a0I. Association et objectifsArt. 1Sous l&rsquo;appellation \u00abAlliance Helv\u00e9tique \u00bb, il est constitu\u00e9 une association, ci-apr\u00e8s d\u00e9nomm\u00e9e Alliance Helv\u00e9tique au sens des articles 60 et suivants du Code civil suisse.Elle est r\u00e9gie par le droit suisse et les pr\u00e9sents statuts.Elle rassemble des organisations politiques et des membres individuels.Son si\u00e8ge est \u00e0 Sion. Art. [&hellip;]<\/p>","protected":false},"author":1,"featured_media":0,"parent":0,"menu_order":0,"comment_status":"closed","ping_status":"closed","template":"","meta":{"_et_pb_use_builder":"on","_et_pb_old_content":"<!-- wp:divi\/placeholder \/-->","_et_gb_content_width":"","footnotes":""},"class_list":["post-35","page","type-page","status-publish","hentry"],"yoast_head":"<!-- This site is optimized with the Yoast SEO plugin v25.7 - https:\/\/yoast.com\/wordpress\/plugins\/seo\/ -->\n<title>Statuts - Alliance Helv\u00e9tique<\/title>\n<meta name=\"robots\" content=\"index, follow, max-snippet:-1, max-image-preview:large, max-video-preview:-1\" \/>\n<link rel=\"canonical\" href=\"https:\/\/alliance-helvetique.ch\/de\/statuts\/\" \/>\n<meta property=\"og:locale\" content=\"de_DE\" \/>\n<meta property=\"og:type\" content=\"article\" \/>\n<meta property=\"og:title\" content=\"Statuts - Alliance Helv\u00e9tique\" \/>\n<meta property=\"og:description\" content=\"Les StatutsAlliance Helv\u00e9tique \u00a0I. Association et objectifsArt. 1Sous l&#039;appellation \u00abAlliance Helv\u00e9tique \u00bb, il est constitu\u00e9 une association, ci-apr\u00e8s d\u00e9nomm\u00e9e Alliance Helv\u00e9tique au sens des articles 60 et suivants du Code civil suisse.Elle est r\u00e9gie par le droit suisse et les pr\u00e9sents statuts.Elle rassemble des organisations politiques et des membres individuels.Son si\u00e8ge est \u00e0 Sion. Art. [&hellip;]\" \/>\n<meta property=\"og:url\" content=\"https:\/\/alliance-helvetique.ch\/de\/statuts\/\" \/>\n<meta property=\"og:site_name\" content=\"Alliance Helv\u00e9tique\" \/>\n<meta property=\"article:modified_time\" content=\"2025-07-25T07:52:10+00:00\" \/>\n<meta name=\"twitter:card\" content=\"summary_large_image\" \/>\n<meta name=\"twitter:label1\" content=\"Gesch\u00e4tzte Lesezeit\" \/>\n\t<meta name=\"twitter:data1\" content=\"10\u00a0Minuten\" \/>\n<script type=\"application\/ld+json\" class=\"yoast-schema-graph\">{\"@context\":\"https:\/\/schema.org\",\"@graph\":[{\"@type\":\"WebPage\",\"@id\":\"https:\/\/alliance-helvetique.ch\/statuts\/\",\"url\":\"https:\/\/alliance-helvetique.ch\/statuts\/\",\"name\":\"Statuts - Alliance Helv\u00e9tique\",\"isPartOf\":{\"@id\":\"https:\/\/alliance-helvetique.ch\/#website\"},\"datePublished\":\"2025-06-16T16:35:22+00:00\",\"dateModified\":\"2025-07-25T07:52:10+00:00\",\"breadcrumb\":{\"@id\":\"https:\/\/alliance-helvetique.ch\/statuts\/#breadcrumb\"},\"inLanguage\":\"de-CH\",\"potentialAction\":[{\"@type\":\"ReadAction\",\"target\":[\"https:\/\/alliance-helvetique.ch\/statuts\/\"]}]},{\"@type\":\"BreadcrumbList\",\"@id\":\"https:\/\/alliance-helvetique.ch\/statuts\/#breadcrumb\",\"itemListElement\":[{\"@type\":\"ListItem\",\"position\":1,\"name\":\"Accueil\",\"item\":\"https:\/\/alliance-helvetique.ch\/\"},{\"@type\":\"ListItem\",\"position\":2,\"name\":\"Statuts\"}]},{\"@type\":\"WebSite\",\"@id\":\"https:\/\/alliance-helvetique.ch\/#website\",\"url\":\"https:\/\/alliance-helvetique.ch\/\",\"name\":\"Alliance Helv\u00e9tique\",\"description\":\"\",\"potentialAction\":[{\"@type\":\"SearchAction\",\"target\":{\"@type\":\"EntryPoint\",\"urlTemplate\":\"https:\/\/alliance-helvetique.ch\/?s={search_term_string}\"},\"query-input\":{\"@type\":\"PropertyValueSpecification\",\"valueRequired\":true,\"valueName\":\"search_term_string\"}}],\"inLanguage\":\"de-CH\"}]}<\/script>\n<!-- \/ Yoast SEO plugin. -->","yoast_head_json":{"title":"Statuts - Alliance Helv\u00e9tique","robots":{"index":"index","follow":"follow","max-snippet":"max-snippet:-1","max-image-preview":"max-image-preview:large","max-video-preview":"max-video-preview:-1"},"canonical":"https:\/\/alliance-helvetique.ch\/de\/statuts\/","og_locale":"de_DE","og_type":"article","og_title":"Statuts - Alliance Helv\u00e9tique","og_description":"Les StatutsAlliance Helv\u00e9tique \u00a0I. Association et objectifsArt. 1Sous l'appellation \u00abAlliance Helv\u00e9tique \u00bb, il est constitu\u00e9 une association, ci-apr\u00e8s d\u00e9nomm\u00e9e Alliance Helv\u00e9tique au sens des articles 60 et suivants du Code civil suisse.Elle est r\u00e9gie par le droit suisse et les pr\u00e9sents statuts.Elle rassemble des organisations politiques et des membres individuels.Son si\u00e8ge est \u00e0 Sion. Art. [&hellip;]","og_url":"https:\/\/alliance-helvetique.ch\/de\/statuts\/","og_site_name":"Alliance Helv\u00e9tique","article_modified_time":"2025-07-25T07:52:10+00:00","twitter_card":"summary_large_image","twitter_misc":{"Gesch\u00e4tzte Lesezeit":"10\u00a0Minuten"},"schema":{"@context":"https:\/\/schema.org","@graph":[{"@type":"WebPage","@id":"https:\/\/alliance-helvetique.ch\/statuts\/","url":"https:\/\/alliance-helvetique.ch\/statuts\/","name":"Statuts - Alliance Helv\u00e9tique","isPartOf":{"@id":"https:\/\/alliance-helvetique.ch\/#website"},"datePublished":"2025-06-16T16:35:22+00:00","dateModified":"2025-07-25T07:52:10+00:00","breadcrumb":{"@id":"https:\/\/alliance-helvetique.ch\/statuts\/#breadcrumb"},"inLanguage":"de-CH","potentialAction":[{"@type":"ReadAction","target":["https:\/\/alliance-helvetique.ch\/statuts\/"]}]},{"@type":"BreadcrumbList","@id":"https:\/\/alliance-helvetique.ch\/statuts\/#breadcrumb","itemListElement":[{"@type":"ListItem","position":1,"name":"Accueil","item":"https:\/\/alliance-helvetique.ch\/"},{"@type":"ListItem","position":2,"name":"Statuts"}]},{"@type":"WebSite","@id":"https:\/\/alliance-helvetique.ch\/#website","url":"https:\/\/alliance-helvetique.ch\/","name":"Helvetische Allianz","description":"","potentialAction":[{"@type":"SearchAction","target":{"@type":"EntryPoint","urlTemplate":"https:\/\/alliance-helvetique.ch\/?s={search_term_string}"},"query-input":{"@type":"PropertyValueSpecification","valueRequired":true,"valueName":"search_term_string"}}],"inLanguage":"de-CH"}]}},"_links":{"self":[{"href":"https:\/\/alliance-helvetique.ch\/de\/wp-json\/wp\/v2\/pages\/35","targetHints":{"allow":["GET"]}}],"collection":[{"href":"https:\/\/alliance-helvetique.ch\/de\/wp-json\/wp\/v2\/pages"}],"about":[{"href":"https:\/\/alliance-helvetique.ch\/de\/wp-json\/wp\/v2\/types\/page"}],"author":[{"embeddable":true,"href":"https:\/\/alliance-helvetique.ch\/de\/wp-json\/wp\/v2\/users\/1"}],"replies":[{"embeddable":true,"href":"https:\/\/alliance-helvetique.ch\/de\/wp-json\/wp\/v2\/comments?post=35"}],"version-history":[{"count":15,"href":"https:\/\/alliance-helvetique.ch\/de\/wp-json\/wp\/v2\/pages\/35\/revisions"}],"predecessor-version":[{"id":875,"href":"https:\/\/alliance-helvetique.ch\/de\/wp-json\/wp\/v2\/pages\/35\/revisions\/875"}],"wp:attachment":[{"href":"https:\/\/alliance-helvetique.ch\/de\/wp-json\/wp\/v2\/media?parent=35"}],"curies":[{"name":"wp","href":"https:\/\/api.w.org\/{rel}","templated":true}]}}