{"id":275,"date":"2025-06-21T06:41:51","date_gmt":"2025-06-21T06:41:51","guid":{"rendered":"https:\/\/alliance-helvetique.ch\/?page_id=275"},"modified":"2025-08-03T12:54:02","modified_gmt":"2025-08-03T12:54:02","slug":"programme","status":"publish","type":"page","link":"https:\/\/alliance-helvetique.ch\/de\/programme\/","title":{"rendered":"Programm"},"content":{"rendered":"<p>[et_pb_section fb_built=\u00a0\u00bb1&Prime; _builder_version=\u00a0\u00bb4.27.4&Prime; _module_preset=\u00a0\u00bbdefault\u00a0\u00bb background_color=\u00a0\u00bbrgba(0,0,0,0.65)\u00a0\u00bb background_image=\u00a0\u00bbhttps:\/\/alliance-helvetique.ch\/wp-content\/uploads\/2025\/06\/230186086.jpg\u00a0\u00bb background_blend=\u00a0\u00bbmultiply\u00a0\u00bb custom_padding=\u00a0\u00bb110px||110px||true|\u00a0\u00bb global_colors_info=\u00a0\u00bb{}\u00a0\u00bb][et_pb_row _builder_version=\u00a0\u00bb4.27.4&Prime; _module_preset=\u00a0\u00bbdefault\u00a0\u00bb global_colors_info=\u00a0\u00bb{}\u00a0\u00bb][et_pb_column type=\u00a0\u00bb4_4&Prime; _builder_version=\u00a0\u00bb4.27.4&Prime; _module_preset=\u00a0\u00bbdefault\u00a0\u00bb global_colors_info=\u00a0\u00bb{}\u00a0\u00bb][et_pb_text _builder_version=\u00a0\u00bb4.27.4&Prime; _module_preset=\u00a0\u00bbdefault\u00a0\u00bb header_text_color=\u00a0\u00bb#FFFFFF\u00a0\u00bb header_font_size=\u00a0\u00bb70px\u00a0\u00bb header_2_text_color=\u00a0\u00bb#E02B20&Prime; header_2_font_size=\u00a0\u00bb70px\u00a0\u00bb header_2_font_size_tablet=\u00a0\u00bb70px\u00a0\u00bb header_2_font_size_phone=\u00a0\u00bb52px\u00a0\u00bb header_2_font_size_last_edited=\u00a0\u00bbon|phone\u00a0\u00bb global_colors_info=\u00a0\u00bb{}\u00a0\u00bb]<\/p>\n<h1 style=\"text-align: center;\">Helvetische<\/h1>\n<h2 style=\"text-align: center;\">Allianz<\/h2>\n<p>[\/et_pb_text][\/et_pb_column][\/et_pb_row][\/et_pb_section][et_pb_section fb_built=\u00a0\u00bb1&Prime; _builder_version=\u00a0\u00bb4.27.4&Prime; _module_preset=\u00a0\u00bbdefault\u00a0\u00bb global_colors_info=\u00a0\u00bb{}\u00a0\u00bb][et_pb_row _builder_version=\u00a0\u00bb4.27.4&Prime; _module_preset=\u00a0\u00bbdefault\u00a0\u00bb global_colors_info=\u00a0\u00bb{}\u00a0\u00bb][et_pb_column type=\u00a0\u00bb4_4&Prime; _builder_version=\u00a0\u00bb4.27.4&Prime; _module_preset=\u00a0\u00bbdefault\u00a0\u00bb global_colors_info=\u00a0\u00bb{}\u00a0\u00bb][et_pb_text _builder_version=\u00a0\u00bb4.27.4&Prime; _module_preset=\u00a0\u00bbdefault\u00a0\u00bb header_font_size=\u00a0\u00bb54px\u00a0\u00bb header_2_font_size=\u00a0\u00bb42px\u00a0\u00bb header_3_font=\u00a0\u00bb|700|||||||\u00a0\u00bb header_3_text_color=\u00a0\u00bb#E02B20&Prime; header_3_font_size=\u00a0\u00bb33px\u00a0\u00bb global_colors_info=\u00a0\u00bb{}\u00a0\u00bb]<\/p>\n<h3 style=\"text-align: center;\"><span style=\"font-weight: 400;\">Schweizerische\nAllianz Programm 2025<\/span><\/h3>\n<p>[\/et_pb_text][\/et_pb_column][\/et_pb_row][\/et_pb_section][et_pb_section fb_built=\u00a0\u00bb1&Prime; _builder_version=\u00a0\u00bb4.27.4&Prime; _module_preset=\u00a0\u00bbdefault\u00a0\u00bb background_color=\u00a0\u00bb#f7f7f7&Prime; global_colors_info=\u00a0\u00bb{}\u00a0\u00bb][et_pb_row column_structure=\u00a0\u00bb1_4,1_4,1_4,1_4&Prime; _builder_version=\u00a0\u00bb4.27.4&Prime; _module_preset=\u00a0\u00bbdefault\u00a0\u00bb max_width=\u00a0\u00bb1980px\u00a0\u00bb global_colors_info=\u00a0\u00bb{}\u00a0\u00bb][et_pb_column type=\u00a0\u00bb1_4&Prime; _builder_version=\u00a0\u00bb4.27.4&Prime; _module_preset=\u00a0\u00bbdefault\u00a0\u00bb global_colors_info=\u00a0\u00bb{}\u00a0\u00bb][et_pb_text _builder_version=\u00a0\u00bb4.27.4&Prime; _dynamic_attributes=\u00a0\u00bblink_option_url\u00a0\u00bb _module_preset=\u00a0\u00bbdefault\u00a0\u00bb link_option_url=\u00a0\u00bb@ET-DC@eyJkeW5hbWljIjp0cnVlLCJjb250ZW50IjoicG9zdF9saW5rX3VybF9wYWdlIiwic2V0dGluZ3MiOnsicG9zdF9pZCI6IjMxMyJ9fQ==@\u00a0\u00bb global_colors_info=\u00a0\u00bb{}\u00a0\u00bb]<\/p>\n<p><b><img loading=\"lazy\" decoding=\"async\" src=\"https:\/\/alliance-helvetique.ch\/wp-content\/uploads\/2025\/06\/SECURITE-SOC-300x169.jpg\" width=\"300\" height=\"169\" alt=\"\" class=\"wp-image-328 alignnone size-medium\" \/><\/b><b>Soziale Sicherheit<\/b><\/p>\n<p>[\/et_pb_text][\/et_pb_column][et_pb_column type=\u00a0\u00bb1_4&Prime; _builder_version=\u00a0\u00bb4.27.4&Prime; _module_preset=\u00a0\u00bbdefault\u00a0\u00bb global_colors_info=\u00a0\u00bb{}\u00a0\u00bb][et_pb_text _builder_version=\u00a0\u00bb4.27.4&Prime; _dynamic_attributes=\u00a0\u00bblink_option_url\u00a0\u00bb _module_preset=\u00a0\u00bbdefault\u00a0\u00bb link_option_url=\u00a0\u00bb@ET-DC@eyJkeW5hbWljIjp0cnVlLCJjb250ZW50IjoicG9zdF9saW5rX3VybF9wYWdlIiwic2V0dGluZ3MiOnsicG9zdF9pZCI6IjQxMSJ9fQ==@\u00a0\u00bb global_colors_info=\u00a0\u00bb{}\u00a0\u00bb]<\/p>\n<p><b><img loading=\"lazy\" decoding=\"async\" src=\"https:\/\/alliance-helvetique.ch\/wp-content\/uploads\/2025\/06\/ECONO-300x169.jpg\" width=\"300\" height=\"169\" alt=\"\" class=\"wp-image-329 alignnone size-medium\" \/>Wirtschaft<\/b><\/p>\n<p>[\/et_pb_text][\/et_pb_column][et_pb_column type=\u00a0\u00bb1_4&Prime; _builder_version=\u00a0\u00bb4.27.4&Prime; _module_preset=\u00a0\u00bbdefault\u00a0\u00bb global_colors_info=\u00a0\u00bb{}\u00a0\u00bb][et_pb_text _builder_version=\u00a0\u00bb4.27.4&Prime; _dynamic_attributes=\u00a0\u00bblink_option_url\u00a0\u00bb _module_preset=\u00a0\u00bbdefault\u00a0\u00bb link_option_url=\u00a0\u00bb@ET-DC@eyJkeW5hbWljIjp0cnVlLCJjb250ZW50IjoicG9zdF9saW5rX3VybF9wYWdlIiwic2V0dGluZ3MiOnsicG9zdF9pZCI6IjY2NyJ9fQ==@\u00a0\u00bb global_colors_info=\u00a0\u00bb{}\u00a0\u00bb]<\/p>\n<p><b><img loading=\"lazy\" decoding=\"async\" src=\"https:\/\/alliance-helvetique.ch\/wp-content\/uploads\/2025\/06\/SANT-300x169.jpg\" width=\"300\" height=\"169\" alt=\"\" class=\"wp-image-331 alignnone size-medium\" \/>Gesundheit<\/b><\/p>\n<p>[\/et_pb_text][\/et_pb_column][et_pb_column type=\u00a0\u00bb1_4&Prime; _builder_version=\u00a0\u00bb4.27.4&Prime; _module_preset=\u00a0\u00bbdefault\u00a0\u00bb global_colors_info=\u00a0\u00bb{}\u00a0\u00bb][et_pb_text _builder_version=\u00a0\u00bb4.27.4&Prime; _dynamic_attributes=\u00a0\u00bblink_option_url\u00a0\u00bb _module_preset=\u00a0\u00bbdefault\u00a0\u00bb link_option_url=\u00a0\u00bb@ET-DC@eyJkeW5hbWljIjp0cnVlLCJjb250ZW50IjoicG9zdF9saW5rX3VybF9wYWdlIiwic2V0dGluZ3MiOnsicG9zdF9pZCI6IjY2MSJ9fQ==@\u00a0\u00bb global_colors_info=\u00a0\u00bb{}\u00a0\u00bb]<\/p>\n<p><b><img loading=\"lazy\" decoding=\"async\" src=\"https:\/\/alliance-helvetique.ch\/wp-content\/uploads\/2025\/06\/RELIG-300x169.jpg\" width=\"300\" height=\"169\" alt=\"\" class=\"wp-image-332 alignnone size-medium\" \/>Gesellschaft und Religion<\/b><\/p>\n<p>[\/et_pb_text][\/et_pb_column][\/et_pb_row][et_pb_row column_structure=\u00a0\u00bb1_4,1_4,1_4,1_4&Prime; _builder_version=\u00a0\u00bb4.27.4&Prime; _module_preset=\u00a0\u00bbdefault\u00a0\u00bb max_width=\u00a0\u00bb1980px\u00a0\u00bb global_colors_info=\u00a0\u00bb{}\u00a0\u00bb][et_pb_column type=\u00a0\u00bb1_4&Prime; _builder_version=\u00a0\u00bb4.27.4&Prime; _module_preset=\u00a0\u00bbdefault\u00a0\u00bb global_colors_info=\u00a0\u00bb{}\u00a0\u00bb][et_pb_text _builder_version=\u00a0\u00bb4.27.4&Prime; _dynamic_attributes=\u00a0\u00bblink_option_url\u00a0\u00bb _module_preset=\u00a0\u00bbdefault\u00a0\u00bb link_option_url=\u00a0\u00bb@ET-DC@eyJkeW5hbWljIjp0cnVlLCJjb250ZW50IjoicG9zdF9saW5rX3VybF9wYWdlIiwic2V0dGluZ3MiOnsicG9zdF9pZCI6IjQxOSJ9fQ==@\u00a0\u00bb global_colors_info=\u00a0\u00bb{}\u00a0\u00bb]<\/p>\n<p><b><img loading=\"lazy\" decoding=\"async\" src=\"https:\/\/alliance-helvetique.ch\/wp-content\/uploads\/2025\/06\/EDUC-300x169.jpg\" width=\"300\" height=\"169\" alt=\"\" class=\"wp-image-333 alignnone size-medium\" \/> Bildung<\/b><\/p>\n<p>[\/et_pb_text][\/et_pb_column][et_pb_column type=\u00a0\u00bb1_4&Prime; _builder_version=\u00a0\u00bb4.27.4&Prime; _module_preset=\u00a0\u00bbdefault\u00a0\u00bb global_colors_info=\u00a0\u00bb{}\u00a0\u00bb][et_pb_text _builder_version=\u00a0\u00bb4.27.4&Prime; _dynamic_attributes=\u00a0\u00bblink_option_url\u00a0\u00bb _module_preset=\u00a0\u00bbdefault\u00a0\u00bb link_option_url=\u00a0\u00bb@ET-DC@eyJkeW5hbWljIjp0cnVlLCJjb250ZW50IjoicG9zdF9saW5rX3VybF9wYWdlIiwic2V0dGluZ3MiOnsicG9zdF9pZCI6IjQzNCJ9fQ==@\u00a0\u00bb global_colors_info=\u00a0\u00bb{}\u00a0\u00bb]<\/p>\n<p><span style=\"font-weight: 400;\"><b><img loading=\"lazy\" decoding=\"async\" src=\"https:\/\/alliance-helvetique.ch\/wp-content\/uploads\/2025\/06\/AGRI-300x169.jpg\" width=\"300\" height=\"169\" alt=\"\" class=\"wp-image-334 alignnone size-medium\" \/>Landwirtschaft<\/b><\/span><\/p>\n<p>[\/et_pb_text][\/et_pb_column][et_pb_column type=\u00a0\u00bb1_4&Prime; _builder_version=\u00a0\u00bb4.27.4&Prime; _module_preset=\u00a0\u00bbdefault\u00a0\u00bb global_colors_info=\u00a0\u00bb{}\u00a0\u00bb][et_pb_text _builder_version=\u00a0\u00bb4.27.4&Prime; _dynamic_attributes=\u00a0\u00bblink_option_url\u00a0\u00bb _module_preset=\u00a0\u00bbdefault\u00a0\u00bb link_option_url=\u00a0\u00bb@ET-DC@eyJkeW5hbWljIjp0cnVlLCJjb250ZW50IjoicG9zdF9saW5rX3VybF9wYWdlIiwic2V0dGluZ3MiOnsicG9zdF9pZCI6IjQyNCJ9fQ==@\u00a0\u00bb global_colors_info=\u00a0\u00bb{}\u00a0\u00bb]<\/p>\n<p><b><img loading=\"lazy\" decoding=\"async\" src=\"https:\/\/alliance-helvetique.ch\/wp-content\/uploads\/2025\/06\/ENER-1-300x169.jpg\" width=\"300\" height=\"169\" alt=\"\" class=\"wp-image-335 alignnone size-medium\" \/>Umwelt und Energie<\/b><\/p>\n<p>[\/et_pb_text][\/et_pb_column][et_pb_column type=\u00a0\u00bb1_4&Prime; _builder_version=\u00a0\u00bb4.27.4&Prime; _module_preset=\u00a0\u00bbdefault\u00a0\u00bb global_colors_info=\u00a0\u00bb{}\u00a0\u00bb][et_pb_text _builder_version=\u00a0\u00bb4.27.4&Prime; _dynamic_attributes=\u00a0\u00bblink_option_url\u00a0\u00bb _module_preset=\u00a0\u00bbdefault\u00a0\u00bb link_option_url=\u00a0\u00bb@ET-DC@eyJkeW5hbWljIjp0cnVlLCJjb250ZW50IjoicG9zdF9saW5rX3VybF9wYWdlIiwic2V0dGluZ3MiOnsicG9zdF9pZCI6IjQyOSJ9fQ==@\u00a0\u00bb global_colors_info=\u00a0\u00bb{}\u00a0\u00bb]<\/p>\n<p><b><img loading=\"lazy\" decoding=\"async\" src=\"https:\/\/alliance-helvetique.ch\/wp-content\/uploads\/2025\/06\/SECU-ET-JUST-300x169.jpg\" width=\"300\" height=\"169\" alt=\"\" class=\"wp-image-336 alignnone size-medium\" \/>Sicherheit und Justiz<\/b><\/p>\n<p>[\/et_pb_text][\/et_pb_column][\/et_pb_row][et_pb_row column_structure=\u00a0\u00bb1_4,1_4,1_4,1_4&Prime; _builder_version=\u00a0\u00bb4.27.4&Prime; _module_preset=\u00a0\u00bbdefault\u00a0\u00bb max_width=\u00a0\u00bb1980px\u00a0\u00bb global_colors_info=\u00a0\u00bb{}\u00a0\u00bb][et_pb_column type=\u00a0\u00bb1_4&Prime; _builder_version=\u00a0\u00bb4.27.4&Prime; _module_preset=\u00a0\u00bbdefault\u00a0\u00bb global_colors_info=\u00a0\u00bb{}\u00a0\u00bb][et_pb_text _builder_version=\u00a0\u00bb4.27.4&Prime; _module_preset=\u00a0\u00bbdefault\u00a0\u00bb hover_enabled=\u00a0\u00bb0&Prime; global_colors_info=\u00a0\u00bb{}\u00a0\u00bb link_option_url=\u00a0\u00bb@ET-DC@eyJkeW5hbWljIjp0cnVlLCJjb250ZW50IjoicG9zdF9saW5rX3VybF9wYWdlIiwic2V0dGluZ3MiOnsicG9zdF9pZCI6IjEwMjgifX0=@\u00a0\u00bb _dynamic_attributes=\u00a0\u00bblink_option_url\u00a0\u00bb sticky_enabled=\u00a0\u00bb0&Prime;]<\/p>\n<p><b><img loading=\"lazy\" decoding=\"async\" src=\"https:\/\/alliance-helvetique.ch\/wp-content\/uploads\/2025\/06\/RELATIONS-INTERNAT-300x169.jpg\" width=\"300\" height=\"169\" alt=\"\" class=\"wp-image-337 alignnone size-medium\" \/>Internationale Beziehungen<\/b><\/p>\n<p>[\/et_pb_text][\/et_pb_column][et_pb_column type=\u00a0\u00bb1_4&Prime; _builder_version=\u00a0\u00bb4.27.4&Prime; _module_preset=\u00a0\u00bbdefault\u00a0\u00bb global_colors_info=\u00a0\u00bb{}\u00a0\u00bb][et_pb_text _builder_version=\u00a0\u00bb4.27.4&Prime; _dynamic_attributes=\u00a0\u00bblink_option_url\u00a0\u00bb _module_preset=\u00a0\u00bbdefault\u00a0\u00bb link_option_url=\u00a0\u00bb@ET-DC@eyJkeW5hbWljIjp0cnVlLCJjb250ZW50IjoicG9zdF9saW5rX3VybF9wYWdlIiwic2V0dGluZ3MiOnsicG9zdF9pZCI6IjY1MCJ9fQ==@\u00a0\u00bb global_colors_info=\u00a0\u00bb{}\u00a0\u00bb]<\/p>\n<p><b><img loading=\"lazy\" decoding=\"async\" src=\"https:\/\/alliance-helvetique.ch\/wp-content\/uploads\/2025\/07\/IMMIGRAT-300x169.jpg\" width=\"300\" height=\"169\" alt=\"\" class=\"wp-image-658 alignnone size-medium\" \/>Einwanderung<\/b><\/p>\n<p>[\/et_pb_text][\/et_pb_column][et_pb_column type=\u00a0\u00bb1_4&Prime; _builder_version=\u00a0\u00bb4.27.4&Prime; _module_preset=\u00a0\u00bbdefault\u00a0\u00bb global_colors_info=\u00a0\u00bb{}\u00a0\u00bb][\/et_pb_column][et_pb_column type=\u00a0\u00bb1_4&Prime; _builder_version=\u00a0\u00bb4.27.4&Prime; _module_preset=\u00a0\u00bbdefault\u00a0\u00bb global_colors_info=\u00a0\u00bb{}\u00a0\u00bb][\/et_pb_column][\/et_pb_row][\/et_pb_section]<\/p>","protected":false},"excerpt":{"rendered":"<p>Alliance Helv\u00e9tiqueProgramme Alliance Helv\u00e9tique 2025S\u00e9curit\u00e9 Sociale\u00c9conomieSant\u00e9Soci\u00e9t\u00e9 et religion \u00c9ducationAgricultureEnvironnement et \u00e9nergiesS\u00e9curit\u00e9 et justiceRelations InternationalesImmigration<\/p>","protected":false},"author":1,"featured_media":0,"parent":0,"menu_order":0,"comment_status":"closed","ping_status":"closed","template":"","meta":{"_et_pb_use_builder":"on","_et_pb_old_content":"","_et_gb_content_width":"","footnotes":""},"class_list":["post-275","page","type-page","status-publish","hentry"],"yoast_head":"<!-- This site is optimized with the Yoast SEO plugin v25.7 - https:\/\/yoast.com\/wordpress\/plugins\/seo\/ -->\n<title>Programme - Alliance Helv\u00e9tique<\/title>\n<meta name=\"robots\" content=\"index, follow, max-snippet:-1, max-image-preview:large, max-video-preview:-1\" \/>\n<link rel=\"canonical\" href=\"https:\/\/alliance-helvetique.ch\/de\/programme\/\" \/>\n<meta property=\"og:locale\" content=\"de_DE\" \/>\n<meta property=\"og:type\" content=\"article\" \/>\n<meta property=\"og:title\" content=\"Programme - Alliance Helv\u00e9tique\" \/>\n<meta property=\"og:description\" content=\"Alliance Helv\u00e9tiqueProgramme Alliance Helv\u00e9tique 2025S\u00e9curit\u00e9 Sociale\u00c9conomieSant\u00e9Soci\u00e9t\u00e9 et religion \u00c9ducationAgricultureEnvironnement et \u00e9nergiesS\u00e9curit\u00e9 et justiceRelations InternationalesImmigration\" \/>\n<meta property=\"og:url\" content=\"https:\/\/alliance-helvetique.ch\/de\/programme\/\" \/>\n<meta property=\"og:site_name\" content=\"Alliance Helv\u00e9tique\" \/>\n<meta property=\"article:modified_time\" content=\"2025-08-03T12:54:02+00:00\" \/>\n<meta property=\"og:image\" content=\"https:\/\/alliance-helvetique.ch\/wp-content\/uploads\/2025\/06\/SECURITE-SOC.jpg\" \/>\n\t<meta property=\"og:image:width\" content=\"1280\" \/>\n\t<meta property=\"og:image:height\" content=\"720\" \/>\n\t<meta property=\"og:image:type\" content=\"image\/jpeg\" \/>\n<meta name=\"twitter:card\" content=\"summary_large_image\" \/>\n<meta name=\"twitter:label1\" content=\"Gesch\u00e4tzte Lesezeit\" \/>\n\t<meta name=\"twitter:data1\" content=\"4\u00a0Minuten\" \/>\n<script type=\"application\/ld+json\" class=\"yoast-schema-graph\">{\"@context\":\"https:\/\/schema.org\",\"@graph\":[{\"@type\":\"WebPage\",\"@id\":\"https:\/\/alliance-helvetique.ch\/programme\/\",\"url\":\"https:\/\/alliance-helvetique.ch\/programme\/\",\"name\":\"Programme - Alliance Helv\u00e9tique\",\"isPartOf\":{\"@id\":\"https:\/\/alliance-helvetique.ch\/#website\"},\"primaryImageOfPage\":{\"@id\":\"https:\/\/alliance-helvetique.ch\/programme\/#primaryimage\"},\"image\":{\"@id\":\"https:\/\/alliance-helvetique.ch\/programme\/#primaryimage\"},\"thumbnailUrl\":\"https:\/\/alliance-helvetique.ch\/wp-content\/uploads\/2025\/06\/SECURITE-SOC-300x169.jpg\",\"datePublished\":\"2025-06-21T06:41:51+00:00\",\"dateModified\":\"2025-08-03T12:54:02+00:00\",\"breadcrumb\":{\"@id\":\"https:\/\/alliance-helvetique.ch\/programme\/#breadcrumb\"},\"inLanguage\":\"de-CH\",\"potentialAction\":[{\"@type\":\"ReadAction\",\"target\":[\"https:\/\/alliance-helvetique.ch\/programme\/\"]}]},{\"@type\":\"ImageObject\",\"inLanguage\":\"de-CH\",\"@id\":\"https:\/\/alliance-helvetique.ch\/programme\/#primaryimage\",\"url\":\"https:\/\/alliance-helvetique.ch\/wp-content\/uploads\/2025\/06\/SECURITE-SOC-300x169.jpg\",\"contentUrl\":\"https:\/\/alliance-helvetique.ch\/wp-content\/uploads\/2025\/06\/SECURITE-SOC-300x169.jpg\"},{\"@type\":\"BreadcrumbList\",\"@id\":\"https:\/\/alliance-helvetique.ch\/programme\/#breadcrumb\",\"itemListElement\":[{\"@type\":\"ListItem\",\"position\":1,\"name\":\"Accueil\",\"item\":\"https:\/\/alliance-helvetique.ch\/\"},{\"@type\":\"ListItem\",\"position\":2,\"name\":\"Programme\"}]},{\"@type\":\"WebSite\",\"@id\":\"https:\/\/alliance-helvetique.ch\/#website\",\"url\":\"https:\/\/alliance-helvetique.ch\/\",\"name\":\"Alliance Helv\u00e9tique\",\"description\":\"\",\"potentialAction\":[{\"@type\":\"SearchAction\",\"target\":{\"@type\":\"EntryPoint\",\"urlTemplate\":\"https:\/\/alliance-helvetique.ch\/?s={search_term_string}\"},\"query-input\":{\"@type\":\"PropertyValueSpecification\",\"valueRequired\":true,\"valueName\":\"search_term_string\"}}],\"inLanguage\":\"de-CH\"}]}<\/script>\n<!-- \/ Yoast SEO plugin. -->","yoast_head_json":{"title":"Programme - Alliance Helv\u00e9tique","robots":{"index":"index","follow":"follow","max-snippet":"max-snippet:-1","max-image-preview":"max-image-preview:large","max-video-preview":"max-video-preview:-1"},"canonical":"https:\/\/alliance-helvetique.ch\/de\/programme\/","og_locale":"de_DE","og_type":"article","og_title":"Programme - Alliance Helv\u00e9tique","og_description":"Alliance Helv\u00e9tiqueProgramme Alliance Helv\u00e9tique 2025S\u00e9curit\u00e9 Sociale\u00c9conomieSant\u00e9Soci\u00e9t\u00e9 et religion \u00c9ducationAgricultureEnvironnement et \u00e9nergiesS\u00e9curit\u00e9 et justiceRelations InternationalesImmigration","og_url":"https:\/\/alliance-helvetique.ch\/de\/programme\/","og_site_name":"Alliance Helv\u00e9tique","article_modified_time":"2025-08-03T12:54:02+00:00","og_image":[{"width":1280,"height":720,"url":"https:\/\/alliance-helvetique.ch\/wp-content\/uploads\/2025\/06\/SECURITE-SOC.jpg","type":"image\/jpeg"}],"twitter_card":"summary_large_image","twitter_misc":{"Gesch\u00e4tzte Lesezeit":"4\u00a0Minuten"},"schema":{"@context":"https:\/\/schema.org","@graph":[{"@type":"WebPage","@id":"https:\/\/alliance-helvetique.ch\/programme\/","url":"https:\/\/alliance-helvetique.ch\/programme\/","name":"Programme - Alliance Helv\u00e9tique","isPartOf":{"@id":"https:\/\/alliance-helvetique.ch\/#website"},"primaryImageOfPage":{"@id":"https:\/\/alliance-helvetique.ch\/programme\/#primaryimage"},"image":{"@id":"https:\/\/alliance-helvetique.ch\/programme\/#primaryimage"},"thumbnailUrl":"https:\/\/alliance-helvetique.ch\/wp-content\/uploads\/2025\/06\/SECURITE-SOC-300x169.jpg","datePublished":"2025-06-21T06:41:51+00:00","dateModified":"2025-08-03T12:54:02+00:00","breadcrumb":{"@id":"https:\/\/alliance-helvetique.ch\/programme\/#breadcrumb"},"inLanguage":"de-CH","potentialAction":[{"@type":"ReadAction","target":["https:\/\/alliance-helvetique.ch\/programme\/"]}]},{"@type":"ImageObject","inLanguage":"de-CH","@id":"https:\/\/alliance-helvetique.ch\/programme\/#primaryimage","url":"https:\/\/alliance-helvetique.ch\/wp-content\/uploads\/2025\/06\/SECURITE-SOC-300x169.jpg","contentUrl":"https:\/\/alliance-helvetique.ch\/wp-content\/uploads\/2025\/06\/SECURITE-SOC-300x169.jpg"},{"@type":"BreadcrumbList","@id":"https:\/\/alliance-helvetique.ch\/programme\/#breadcrumb","itemListElement":[{"@type":"ListItem","position":1,"name":"Accueil","item":"https:\/\/alliance-helvetique.ch\/"},{"@type":"ListItem","position":2,"name":"Programme"}]},{"@type":"WebSite","@id":"https:\/\/alliance-helvetique.ch\/#website","url":"https:\/\/alliance-helvetique.ch\/","name":"Helvetische Allianz","description":"","potentialAction":[{"@type":"SearchAction","target":{"@type":"EntryPoint","urlTemplate":"https:\/\/alliance-helvetique.ch\/?s={search_term_string}"},"query-input":{"@type":"PropertyValueSpecification","valueRequired":true,"valueName":"search_term_string"}}],"inLanguage":"de-CH"}]}},"_links":{"self":[{"href":"https:\/\/alliance-helvetique.ch\/de\/wp-json\/wp\/v2\/pages\/275","targetHints":{"allow":["GET"]}}],"collection":[{"href":"https:\/\/alliance-helvetique.ch\/de\/wp-json\/wp\/v2\/pages"}],"about":[{"href":"https:\/\/alliance-helvetique.ch\/de\/wp-json\/wp\/v2\/types\/page"}],"author":[{"embeddable":true,"href":"https:\/\/alliance-helvetique.ch\/de\/wp-json\/wp\/v2\/users\/1"}],"replies":[{"embeddable":true,"href":"https:\/\/alliance-helvetique.ch\/de\/wp-json\/wp\/v2\/comments?post=275"}],"version-history":[{"count":36,"href":"https:\/\/alliance-helvetique.ch\/de\/wp-json\/wp\/v2\/pages\/275\/revisions"}],"predecessor-version":[{"id":1034,"href":"https:\/\/alliance-helvetique.ch\/de\/wp-json\/wp\/v2\/pages\/275\/revisions\/1034"}],"wp:attachment":[{"href":"https:\/\/alliance-helvetique.ch\/de\/wp-json\/wp\/v2\/media?parent=275"}],"curies":[{"name":"wp","href":"https:\/\/api.w.org\/{rel}","templated":true}]}}